{"id":13969,"date":"2022-11-04T11:16:19","date_gmt":"2022-11-04T11:16:19","guid":{"rendered":"https:\/\/transformiran.com\/don-hors-ligne-ou-par-virement-bancaire\/"},"modified":"2025-04-02T11:05:21","modified_gmt":"2025-04-02T10:05:21","slug":"don-hors-ligne-ou-par-virement-bancaire","status":"publish","type":"page","link":"https:\/\/transformiran.com\/fr\/donate\/don-hors-ligne-ou-par-virement-bancaire\/","title":{"rendered":"Don hors ligne ou par virement bancaire"},"content":{"rendered":"\n<p>Merci d&#8217;avoir choisi de vous associer \u00e0 nous !<\/p>\n\n<p>Nous pouvons recevoir des ch\u00e8ques en USD et en GBP. Nous pouvons \u00e9galement recevoir des virements bancaires en euros et en livres sterling.<\/p>\n\n<h2 class=\"wp-block-heading\">Veuillez envoyer les ch\u00e8ques en dollars am\u00e9ricains \u00e0 l&#8217;adresse suivante<\/h2>\n\n<p>Transform Iran<br\/>PO Box 1926<br\/>Glendale, CA 91209 USA<\/p>\n\n<p>Faites votre ch\u00e8que \u00e0 l&#8217;ordre de &#8220;Transform Iran&#8221;.<\/p>\n\n<h2 class=\"wp-block-heading\">Veuillez envoyer les ch\u00e8ques en livres sterling \u00e0 l&#8217;adresse suivante :<\/h2>\n\n<p>Transform Iran<br\/>PO Box 890<br\/>Camberley, Surrey<br\/>GU15 9AU, UK<\/p>\n\n<p>Faites votre ch\u00e8que \u00e0 l&#8217;ordre de &#8220;222 Ministries International&#8221;.<\/p>\n\n<h2 class=\"wp-block-heading\">Pour les virements bancaires vers un compte en euros :<\/h2>\n\n<p>Nom du compte : Stichting 222 Ministry<br\/>Num\u00e9ro de compte : 0251875296<br\/>IBAN : NL 39 ABNA 0251875296<br\/>SWIFT \/ BIC : ABNANL2A<br\/>Adresse de la banque : Bordes5, 1315TN Almere, Pays-Bas<\/p>\n\n<p>Monnaie : Euro<\/p>\n\n<h2 class=\"wp-block-heading\">Pour les virements bancaires vers un compte au Royaume-Uni :<\/h2>\n\n<p>Nom du compte : 222 Ministries International<br\/>Num\u00e9ro de compte : 03310419<br\/>Code de tri : 30-91-53<br\/>IBAN : GB86 LOYD 3091 5303 3104 19<br\/>SWIFT \/ BIC : LOYDGB21141<br\/>Adresse de la banque : Lloyds Bank plc, 18 Prince of Wales Walk, Camberley GU15 3SJ, Royaume-Uni<\/p>\n\n<p>Monnaie : Livre sterling<\/p>\n\n<p><\/p>\n\n<p>Malheureusement, nous ne sommes pas en mesure de recevoir des dons en d&#8217;autres devises par ce biais.<\/p>\n","protected":false},"excerpt":{"rendered":"<p>Merci d&#8217;avoir choisi de vous associer \u00e0 nous ! Nous pouvons recevoir des ch\u00e8ques en USD et en GBP. Nous pouvons \u00e9galement recevoir des virements bancaires en euros et en livres sterling. Veuillez envoyer les ch\u00e8ques en dollars am\u00e9ricains \u00e0 l&#8217;adresse suivante Transform IranPO Box 1926Glendale, CA 91209 USA Faites votre ch\u00e8que \u00e0 l&#8217;ordre de [&hellip;]<\/p>\n","protected":false},"author":1,"featured_media":0,"parent":13972,"menu_order":0,"comment_status":"closed","ping_status":"closed","template":"page-basic.php","meta":{"_acf_changed":false,"give_campaign_id":0,"om_disable_all_campaigns":false,"_mi_skip_tracking":false,"footnotes":""},"class_list":["post-13969","page","type-page","status-publish","hentry"],"acf":[],"yoast_head":"<!-- This site is optimized with the Yoast SEO plugin v27.2 - https:\/\/yoast.com\/product\/yoast-seo-wordpress\/ -->\n<title>Don hors ligne ou par virement bancaire - Transform Iran<\/title>\n<meta name=\"robots\" content=\"index, follow, max-snippet:-1, max-image-preview:large, max-video-preview:-1\" \/>\n<link rel=\"canonical\" href=\"https:\/\/transformiran.com\/fr\/donate\/don-hors-ligne-ou-par-virement-bancaire\/\" \/>\n<meta property=\"og:locale\" content=\"fr_FR\" \/>\n<meta property=\"og:type\" content=\"article\" \/>\n<meta property=\"og:title\" content=\"Don hors ligne ou par virement bancaire - Transform Iran\" \/>\n<meta property=\"og:description\" content=\"Merci d&#8217;avoir choisi de vous associer \u00e0 nous ! Nous pouvons recevoir des ch\u00e8ques en USD et en GBP. Nous pouvons \u00e9galement recevoir des virements bancaires en euros et en livres sterling. Veuillez envoyer les ch\u00e8ques en dollars am\u00e9ricains \u00e0 l&#8217;adresse suivante Transform IranPO Box 1926Glendale, CA 91209 USA Faites votre ch\u00e8que \u00e0 l&#8217;ordre de [&hellip;]\" \/>\n<meta property=\"og:url\" content=\"https:\/\/transformiran.com\/fr\/donate\/don-hors-ligne-ou-par-virement-bancaire\/\" \/>\n<meta property=\"og:site_name\" content=\"Transform Iran\" \/>\n<meta property=\"article:publisher\" content=\"https:\/\/www.facebook.com\/222MinistriesUSAInc\" \/>\n<meta property=\"article:modified_time\" content=\"2025-04-02T10:05:21+00:00\" \/>\n<meta name=\"twitter:card\" content=\"summary_large_image\" \/>\n<meta name=\"twitter:site\" content=\"@222minint\" \/>\n<meta name=\"twitter:label1\" content=\"Est. reading time\" \/>\n\t<meta name=\"twitter:data1\" content=\"1 minute\" \/>\n<script type=\"application\/ld+json\" class=\"yoast-schema-graph\">{\"@context\":\"https:\/\/schema.org\",\"@graph\":[{\"@type\":\"WebPage\",\"@id\":\"https:\/\/transformiran.com\/fr\/donate\/don-hors-ligne-ou-par-virement-bancaire\/\",\"url\":\"https:\/\/transformiran.com\/fr\/donate\/don-hors-ligne-ou-par-virement-bancaire\/\",\"name\":\"Don hors ligne ou par virement bancaire - Transform Iran\",\"isPartOf\":{\"@id\":\"https:\/\/transformiran.com\/fr\/#website\"},\"datePublished\":\"2022-11-04T11:16:19+00:00\",\"dateModified\":\"2025-04-02T10:05:21+00:00\",\"breadcrumb\":{\"@id\":\"https:\/\/transformiran.com\/fr\/donate\/don-hors-ligne-ou-par-virement-bancaire\/#breadcrumb\"},\"inLanguage\":\"fr-FR\",\"potentialAction\":[{\"@type\":\"ReadAction\",\"target\":[\"https:\/\/transformiran.com\/fr\/donate\/don-hors-ligne-ou-par-virement-bancaire\/\"]}]},{\"@type\":\"BreadcrumbList\",\"@id\":\"https:\/\/transformiran.com\/fr\/donate\/don-hors-ligne-ou-par-virement-bancaire\/#breadcrumb\",\"itemListElement\":[{\"@type\":\"ListItem\",\"position\":1,\"name\":\"Home\",\"item\":\"https:\/\/transformiran.com\/fr\/home\/\"},{\"@type\":\"ListItem\",\"position\":2,\"name\":\"Faire un don\",\"item\":\"https:\/\/transformiran.com\/fr\/donate\/\"},{\"@type\":\"ListItem\",\"position\":3,\"name\":\"Don hors ligne ou par virement bancaire\"}]},{\"@type\":\"WebSite\",\"@id\":\"https:\/\/transformiran.com\/fr\/#website\",\"url\":\"https:\/\/transformiran.com\/fr\/\",\"name\":\"Transform Iran\",\"description\":\"Bringing the love and power of Christ to Iran - and beyond\",\"publisher\":{\"@id\":\"https:\/\/transformiran.com\/fr\/#organization\"},\"potentialAction\":[{\"@type\":\"SearchAction\",\"target\":{\"@type\":\"EntryPoint\",\"urlTemplate\":\"https:\/\/transformiran.com\/fr\/?s={search_term_string}\"},\"query-input\":{\"@type\":\"PropertyValueSpecification\",\"valueRequired\":true,\"valueName\":\"search_term_string\"}}],\"inLanguage\":\"fr-FR\"},{\"@type\":\"Organization\",\"@id\":\"https:\/\/transformiran.com\/fr\/#organization\",\"name\":\"Transform Iran\",\"url\":\"https:\/\/transformiran.com\/fr\/\",\"logo\":{\"@type\":\"ImageObject\",\"inLanguage\":\"fr-FR\",\"@id\":\"https:\/\/transformiran.com\/fr\/#\/schema\/logo\/image\/\",\"url\":\"https:\/\/transformiran.com\/app\/uploads\/2022\/11\/logo_grey.jpg\",\"contentUrl\":\"https:\/\/transformiran.com\/app\/uploads\/2022\/11\/logo_grey.jpg\",\"width\":528,\"height\":90,\"caption\":\"Transform Iran\"},\"image\":{\"@id\":\"https:\/\/transformiran.com\/fr\/#\/schema\/logo\/image\/\"},\"sameAs\":[\"https:\/\/www.facebook.com\/222MinistriesUSAInc\",\"https:\/\/x.com\/222minint\",\"https:\/\/www.instagram.com\/222ministriesinternational\/\"]}]}<\/script>\n<!-- \/ Yoast SEO plugin. -->","yoast_head_json":{"title":"Don hors ligne ou par virement bancaire - Transform Iran","robots":{"index":"index","follow":"follow","max-snippet":"max-snippet:-1","max-image-preview":"max-image-preview:large","max-video-preview":"max-video-preview:-1"},"canonical":"https:\/\/transformiran.com\/fr\/donate\/don-hors-ligne-ou-par-virement-bancaire\/","og_locale":"fr_FR","og_type":"article","og_title":"Don hors ligne ou par virement bancaire - Transform Iran","og_description":"Merci d&#8217;avoir choisi de vous associer \u00e0 nous ! Nous pouvons recevoir des ch\u00e8ques en USD et en GBP. Nous pouvons \u00e9galement recevoir des virements bancaires en euros et en livres sterling. Veuillez envoyer les ch\u00e8ques en dollars am\u00e9ricains \u00e0 l&#8217;adresse suivante Transform IranPO Box 1926Glendale, CA 91209 USA Faites votre ch\u00e8que \u00e0 l&#8217;ordre de [&hellip;]","og_url":"https:\/\/transformiran.com\/fr\/donate\/don-hors-ligne-ou-par-virement-bancaire\/","og_site_name":"Transform Iran","article_publisher":"https:\/\/www.facebook.com\/222MinistriesUSAInc","article_modified_time":"2025-04-02T10:05:21+00:00","twitter_card":"summary_large_image","twitter_site":"@222minint","twitter_misc":{"Est. reading time":"1 minute"},"schema":{"@context":"https:\/\/schema.org","@graph":[{"@type":"WebPage","@id":"https:\/\/transformiran.com\/fr\/donate\/don-hors-ligne-ou-par-virement-bancaire\/","url":"https:\/\/transformiran.com\/fr\/donate\/don-hors-ligne-ou-par-virement-bancaire\/","name":"Don hors ligne ou par virement bancaire - Transform Iran","isPartOf":{"@id":"https:\/\/transformiran.com\/fr\/#website"},"datePublished":"2022-11-04T11:16:19+00:00","dateModified":"2025-04-02T10:05:21+00:00","breadcrumb":{"@id":"https:\/\/transformiran.com\/fr\/donate\/don-hors-ligne-ou-par-virement-bancaire\/#breadcrumb"},"inLanguage":"fr-FR","potentialAction":[{"@type":"ReadAction","target":["https:\/\/transformiran.com\/fr\/donate\/don-hors-ligne-ou-par-virement-bancaire\/"]}]},{"@type":"BreadcrumbList","@id":"https:\/\/transformiran.com\/fr\/donate\/don-hors-ligne-ou-par-virement-bancaire\/#breadcrumb","itemListElement":[{"@type":"ListItem","position":1,"name":"Home","item":"https:\/\/transformiran.com\/fr\/home\/"},{"@type":"ListItem","position":2,"name":"Faire un don","item":"https:\/\/transformiran.com\/fr\/donate\/"},{"@type":"ListItem","position":3,"name":"Don hors ligne ou par virement bancaire"}]},{"@type":"WebSite","@id":"https:\/\/transformiran.com\/fr\/#website","url":"https:\/\/transformiran.com\/fr\/","name":"Transform Iran","description":"Bringing the love and power of Christ to Iran - and beyond","publisher":{"@id":"https:\/\/transformiran.com\/fr\/#organization"},"potentialAction":[{"@type":"SearchAction","target":{"@type":"EntryPoint","urlTemplate":"https:\/\/transformiran.com\/fr\/?s={search_term_string}"},"query-input":{"@type":"PropertyValueSpecification","valueRequired":true,"valueName":"search_term_string"}}],"inLanguage":"fr-FR"},{"@type":"Organization","@id":"https:\/\/transformiran.com\/fr\/#organization","name":"Transform Iran","url":"https:\/\/transformiran.com\/fr\/","logo":{"@type":"ImageObject","inLanguage":"fr-FR","@id":"https:\/\/transformiran.com\/fr\/#\/schema\/logo\/image\/","url":"https:\/\/transformiran.com\/app\/uploads\/2022\/11\/logo_grey.jpg","contentUrl":"https:\/\/transformiran.com\/app\/uploads\/2022\/11\/logo_grey.jpg","width":528,"height":90,"caption":"Transform Iran"},"image":{"@id":"https:\/\/transformiran.com\/fr\/#\/schema\/logo\/image\/"},"sameAs":["https:\/\/www.facebook.com\/222MinistriesUSAInc","https:\/\/x.com\/222minint","https:\/\/www.instagram.com\/222ministriesinternational\/"]}]}},"campaignId":"","_links":{"self":[{"href":"https:\/\/transformiran.com\/fr\/wp-json\/wp\/v2\/pages\/13969","targetHints":{"allow":["GET"]}}],"collection":[{"href":"https:\/\/transformiran.com\/fr\/wp-json\/wp\/v2\/pages"}],"about":[{"href":"https:\/\/transformiran.com\/fr\/wp-json\/wp\/v2\/types\/page"}],"author":[{"embeddable":true,"href":"https:\/\/transformiran.com\/fr\/wp-json\/wp\/v2\/users\/1"}],"replies":[{"embeddable":true,"href":"https:\/\/transformiran.com\/fr\/wp-json\/wp\/v2\/comments?post=13969"}],"version-history":[{"count":0,"href":"https:\/\/transformiran.com\/fr\/wp-json\/wp\/v2\/pages\/13969\/revisions"}],"up":[{"embeddable":true,"href":"https:\/\/transformiran.com\/fr\/wp-json\/wp\/v2\/pages\/13972"}],"wp:attachment":[{"href":"https:\/\/transformiran.com\/fr\/wp-json\/wp\/v2\/media?parent=13969"}],"curies":[{"name":"wp","href":"https:\/\/api.w.org\/{rel}","templated":true}]}}