{"id":13975,"date":"2022-10-17T12:04:29","date_gmt":"2022-10-17T11:04:29","guid":{"rendered":"https:\/\/transformiran.com\/home\/"},"modified":"2026-04-07T16:50:38","modified_gmt":"2026-04-07T15:50:38","slug":"home","status":"publish","type":"page","link":"https:\/\/transformiran.com\/fr\/","title":{"rendered":"Accueil"},"content":{"rendered":"","protected":false},"excerpt":{"rendered":"","protected":false},"author":1,"featured_media":0,"parent":0,"menu_order":0,"comment_status":"closed","ping_status":"closed","template":"","meta":{"_acf_changed":false,"give_campaign_id":0,"om_disable_all_campaigns":false,"_mi_skip_tracking":false,"footnotes":""},"class_list":["post-13975","page","type-page","status-publish","hentry"],"acf":[],"yoast_head":"<!-- This site is optimized with the Yoast SEO plugin v27.3 - https:\/\/yoast.com\/product\/yoast-seo-wordpress\/ -->\n<title>Transform Iran - Apporter l&#039;amour et la puissance du Christ \u00e0 l&#039;Iran - et au-del\u00e0<\/title>\n<meta name=\"description\" content=\"Transform Iran atteint les perdus, forme des disciples convertis et d\u00e9veloppe des leaders qui transforment la nation.\" \/>\n<meta name=\"robots\" content=\"index, follow, max-snippet:-1, max-image-preview:large, max-video-preview:-1\" \/>\n<link rel=\"canonical\" href=\"https:\/\/transformiran.com\/fr\/\" \/>\n<meta property=\"og:locale\" content=\"fr_FR\" \/>\n<meta property=\"og:type\" content=\"article\" \/>\n<meta property=\"og:title\" content=\"Transform Iran - Apporter l&#039;amour et la puissance du Christ \u00e0 l&#039;Iran - et au-del\u00e0\" \/>\n<meta property=\"og:description\" content=\"Transform Iran atteint les perdus, forme des disciples convertis et d\u00e9veloppe des leaders qui transforment la nation.\" \/>\n<meta property=\"og:url\" content=\"https:\/\/transformiran.com\/fr\/\" \/>\n<meta property=\"og:site_name\" content=\"Transform Iran\" \/>\n<meta property=\"article:publisher\" content=\"https:\/\/www.facebook.com\/222MinistriesUSAInc\" \/>\n<meta property=\"article:modified_time\" content=\"2026-04-07T15:50:38+00:00\" \/>\n<meta name=\"twitter:card\" content=\"summary_large_image\" \/>\n<meta name=\"twitter:site\" content=\"@222minint\" \/>\n<script type=\"application\/ld+json\" class=\"yoast-schema-graph\">{\"@context\":\"https:\\\/\\\/schema.org\",\"@graph\":[{\"@type\":\"WebPage\",\"@id\":\"https:\\\/\\\/transformiran.com\\\/fr\\\/\",\"url\":\"https:\\\/\\\/transformiran.com\\\/fr\\\/\",\"name\":\"Transform Iran - Apporter l'amour et la puissance du Christ \u00e0 l'Iran - et au-del\u00e0\",\"isPartOf\":{\"@id\":\"https:\\\/\\\/transformiran.com\\\/fr\\\/#website\"},\"datePublished\":\"2022-10-17T11:04:29+00:00\",\"dateModified\":\"2026-04-07T15:50:38+00:00\",\"description\":\"Transform Iran atteint les perdus, forme des disciples convertis et d\u00e9veloppe des leaders qui transforment la nation.\",\"breadcrumb\":{\"@id\":\"https:\\\/\\\/transformiran.com\\\/fr\\\/#breadcrumb\"},\"inLanguage\":\"fr-FR\",\"potentialAction\":[{\"@type\":\"ReadAction\",\"target\":[\"https:\\\/\\\/transformiran.com\\\/fr\\\/\"]}]},{\"@type\":\"BreadcrumbList\",\"@id\":\"https:\\\/\\\/transformiran.com\\\/fr\\\/#breadcrumb\",\"itemListElement\":[{\"@type\":\"ListItem\",\"position\":1,\"name\":\"Home\",\"item\":\"https:\\\/\\\/transformiran.com\\\/fr\\\/home\\\/\"},{\"@type\":\"ListItem\",\"position\":2,\"name\":\"Accueil\"}]},{\"@type\":\"WebSite\",\"@id\":\"https:\\\/\\\/transformiran.com\\\/fr\\\/#website\",\"url\":\"https:\\\/\\\/transformiran.com\\\/fr\\\/\",\"name\":\"Transform Iran\",\"description\":\"Bringing the love and power of Christ to Iran - and beyond\",\"publisher\":{\"@id\":\"https:\\\/\\\/transformiran.com\\\/fr\\\/#organization\"},\"potentialAction\":[{\"@type\":\"SearchAction\",\"target\":{\"@type\":\"EntryPoint\",\"urlTemplate\":\"https:\\\/\\\/transformiran.com\\\/fr\\\/?s={search_term_string}\"},\"query-input\":{\"@type\":\"PropertyValueSpecification\",\"valueRequired\":true,\"valueName\":\"search_term_string\"}}],\"inLanguage\":\"fr-FR\"},{\"@type\":\"Organization\",\"@id\":\"https:\\\/\\\/transformiran.com\\\/fr\\\/#organization\",\"name\":\"Transform Iran\",\"url\":\"https:\\\/\\\/transformiran.com\\\/fr\\\/\",\"logo\":{\"@type\":\"ImageObject\",\"inLanguage\":\"fr-FR\",\"@id\":\"https:\\\/\\\/transformiran.com\\\/fr\\\/#\\\/schema\\\/logo\\\/image\\\/\",\"url\":\"https:\\\/\\\/transformiran.com\\\/app\\\/uploads\\\/2022\\\/11\\\/logo_grey.jpg\",\"contentUrl\":\"https:\\\/\\\/transformiran.com\\\/app\\\/uploads\\\/2022\\\/11\\\/logo_grey.jpg\",\"width\":528,\"height\":90,\"caption\":\"Transform Iran\"},\"image\":{\"@id\":\"https:\\\/\\\/transformiran.com\\\/fr\\\/#\\\/schema\\\/logo\\\/image\\\/\"},\"sameAs\":[\"https:\\\/\\\/www.facebook.com\\\/222MinistriesUSAInc\",\"https:\\\/\\\/x.com\\\/222minint\",\"https:\\\/\\\/www.instagram.com\\\/222ministriesinternational\\\/\"]}]}<\/script>\n<!-- \/ Yoast SEO plugin. -->","yoast_head_json":{"title":"Transform Iran - Apporter l'amour et la puissance du Christ \u00e0 l'Iran - et au-del\u00e0","description":"Transform Iran atteint les perdus, forme des disciples convertis et d\u00e9veloppe des leaders qui transforment la nation.","robots":{"index":"index","follow":"follow","max-snippet":"max-snippet:-1","max-image-preview":"max-image-preview:large","max-video-preview":"max-video-preview:-1"},"canonical":"https:\/\/transformiran.com\/fr\/","og_locale":"fr_FR","og_type":"article","og_title":"Transform Iran - Apporter l'amour et la puissance du Christ \u00e0 l'Iran - et au-del\u00e0","og_description":"Transform Iran atteint les perdus, forme des disciples convertis et d\u00e9veloppe des leaders qui transforment la nation.","og_url":"https:\/\/transformiran.com\/fr\/","og_site_name":"Transform Iran","article_publisher":"https:\/\/www.facebook.com\/222MinistriesUSAInc","article_modified_time":"2026-04-07T15:50:38+00:00","twitter_card":"summary_large_image","twitter_site":"@222minint","schema":{"@context":"https:\/\/schema.org","@graph":[{"@type":"WebPage","@id":"https:\/\/transformiran.com\/fr\/","url":"https:\/\/transformiran.com\/fr\/","name":"Transform Iran - Apporter l'amour et la puissance du Christ \u00e0 l'Iran - et au-del\u00e0","isPartOf":{"@id":"https:\/\/transformiran.com\/fr\/#website"},"datePublished":"2022-10-17T11:04:29+00:00","dateModified":"2026-04-07T15:50:38+00:00","description":"Transform Iran atteint les perdus, forme des disciples convertis et d\u00e9veloppe des leaders qui transforment la nation.","breadcrumb":{"@id":"https:\/\/transformiran.com\/fr\/#breadcrumb"},"inLanguage":"fr-FR","potentialAction":[{"@type":"ReadAction","target":["https:\/\/transformiran.com\/fr\/"]}]},{"@type":"BreadcrumbList","@id":"https:\/\/transformiran.com\/fr\/#breadcrumb","itemListElement":[{"@type":"ListItem","position":1,"name":"Home","item":"https:\/\/transformiran.com\/fr\/home\/"},{"@type":"ListItem","position":2,"name":"Accueil"}]},{"@type":"WebSite","@id":"https:\/\/transformiran.com\/fr\/#website","url":"https:\/\/transformiran.com\/fr\/","name":"Transform Iran","description":"Bringing the love and power of Christ to Iran - and beyond","publisher":{"@id":"https:\/\/transformiran.com\/fr\/#organization"},"potentialAction":[{"@type":"SearchAction","target":{"@type":"EntryPoint","urlTemplate":"https:\/\/transformiran.com\/fr\/?s={search_term_string}"},"query-input":{"@type":"PropertyValueSpecification","valueRequired":true,"valueName":"search_term_string"}}],"inLanguage":"fr-FR"},{"@type":"Organization","@id":"https:\/\/transformiran.com\/fr\/#organization","name":"Transform Iran","url":"https:\/\/transformiran.com\/fr\/","logo":{"@type":"ImageObject","inLanguage":"fr-FR","@id":"https:\/\/transformiran.com\/fr\/#\/schema\/logo\/image\/","url":"https:\/\/transformiran.com\/app\/uploads\/2022\/11\/logo_grey.jpg","contentUrl":"https:\/\/transformiran.com\/app\/uploads\/2022\/11\/logo_grey.jpg","width":528,"height":90,"caption":"Transform Iran"},"image":{"@id":"https:\/\/transformiran.com\/fr\/#\/schema\/logo\/image\/"},"sameAs":["https:\/\/www.facebook.com\/222MinistriesUSAInc","https:\/\/x.com\/222minint","https:\/\/www.instagram.com\/222ministriesinternational\/"]}]}},"campaignId":"","_links":{"self":[{"href":"https:\/\/transformiran.com\/fr\/wp-json\/wp\/v2\/pages\/13975","targetHints":{"allow":["GET"]}}],"collection":[{"href":"https:\/\/transformiran.com\/fr\/wp-json\/wp\/v2\/pages"}],"about":[{"href":"https:\/\/transformiran.com\/fr\/wp-json\/wp\/v2\/types\/page"}],"author":[{"embeddable":true,"href":"https:\/\/transformiran.com\/fr\/wp-json\/wp\/v2\/users\/1"}],"replies":[{"embeddable":true,"href":"https:\/\/transformiran.com\/fr\/wp-json\/wp\/v2\/comments?post=13975"}],"version-history":[{"count":1,"href":"https:\/\/transformiran.com\/fr\/wp-json\/wp\/v2\/pages\/13975\/revisions"}],"predecessor-version":[{"id":32513,"href":"https:\/\/transformiran.com\/fr\/wp-json\/wp\/v2\/pages\/13975\/revisions\/32513"}],"wp:attachment":[{"href":"https:\/\/transformiran.com\/fr\/wp-json\/wp\/v2\/media?parent=13975"}],"curies":[{"name":"wp","href":"https:\/\/api.w.org\/{rel}","templated":true}]}}