{"id":13985,"date":"2022-11-04T11:16:59","date_gmt":"2022-11-04T11:16:59","guid":{"rendered":"https:\/\/transformiran.com\/donate\/don-dheritage\/"},"modified":"2025-04-02T11:05:23","modified_gmt":"2025-04-02T10:05:23","slug":"don-dheritage","status":"publish","type":"page","link":"https:\/\/transformiran.com\/fr\/donate\/don-dheritage\/","title":{"rendered":"Don d&#8217;h\u00e9ritage"},"content":{"rendered":"\n<p>Si vous envisagez d&#8217;investir dans la mission en Iran, vous n&#8217;avez peut-\u00eatre pas pens\u00e9 aux dons par h\u00e9ritage et \u00e0 la puissante b\u00e9n\u00e9diction qu&#8217;ils peuvent repr\u00e9senter.<\/p>\n\n<p><\/p>\n\n<p>Un <strong> don &#8220;aujourd&#8217;hui&#8221; nous b\u00e9nit imm\u00e9diatement<\/strong>. Qu&#8217;il s&#8217;agisse d&#8217;argent liquide, d&#8217;actions, de biens immobiliers ou de tout autre titre, les fruits peuvent \u00eatre imm\u00e9diatement visibles.<\/p>\n\n<p>Mais un <strong>don en h\u00e9ritage est un don futur qui construira le Royaume bien au-del\u00e0 de votre vie<\/strong>.<\/p>\n\n<p>Le don par h\u00e9ritage d\u00e9signe les dons que les sympathisants pr\u00e9voient de faire \u00e0 une organisation \u00e0 but non lucratif apr\u00e8s leur d\u00e9c\u00e8s. On parle \u00e9galement de dons planifi\u00e9s, car les donateurs planifient souvent ces dons des ann\u00e9es avant qu&#8217;ils ne soient distribu\u00e9s aux personnes d\u00e9sign\u00e9es.<\/p>\n\n<p>Le legs ou le don planifi\u00e9 peut \u00eatre mon\u00e9taire ou prendre la forme d&#8217;actifs, voire d&#8217;une rente ou d&#8217;une fiducie de bienfaisance.<\/p>\n\n<p>Les sp\u00e9cificit\u00e9s de chaque don vous sont propres et peuvent m\u00eame inclure des stipulations sur l&#8217;utilisation du don. Les dons en h\u00e9ritage peuvent soutenir la mission d&#8217;une organisation \u00e0 but non lucratif pour les ann\u00e9es \u00e0 venir et honorer l&#8217;h\u00e9ritage du donateur qui a fait la contribution.<\/p>\n\n<p>Si l&#8217;int\u00e9r\u00eat pour l&#8217;association est \u00e9vident, les donateurs en retirent \u00e9galement des avantages, notamment l&#8217;h\u00e9ritage qu&#8217;ils laissent et les nombreux avantages fiscaux dont leurs familles peuvent b\u00e9n\u00e9ficier en participant \u00e0 l&#8217;association.<\/p>\n\n<p>Les dons par h\u00e9ritage sont \u00e9tablis avec votre avocat et sont li\u00e9s \u00e0 votre testament. Elle peut prendre de nombreuses formes. Nous serions honor\u00e9s que vous envisagiez de soutenir la mission en Iran de cette mani\u00e8re.<\/p>\n\n<p><strong>Exemples de legs ou de dons planifi\u00e9s<\/strong><\/p>\n\n<ol class=\"wp-block-list\">\n<li>Le <strong>testament<\/strong>. Il s&#8217;agit du dernier document juridique garantissant que vos biens seront distribu\u00e9s conform\u00e9ment \u00e0 vos souhaits. Dans votre testament, tout en veillant \u00e0 ce que vos proches soient pris en charge, vous pouvez d\u00e9signer un don au minist\u00e8re (souvent appel\u00e9 legs).<\/li>\n\n\n\n<li><strong>La confiance<\/strong>. Cet arrangement juridique pr\u00e9voit la d\u00e9signation d&#8217;un fiduciaire qui assumera la responsabilit\u00e9 de la gestion de vos actifs apr\u00e8s votre d\u00e9c\u00e8s. Les trusts peuvent prendre de nombreuses formes (r\u00e9vocables et irr\u00e9vocables, unitrusts, annuity trusts, charitable lead trusts) et ne sont pas soumis \u00e0 l&#8217;homologation.<\/li>\n\n\n\n<li><strong>Dons en nature<\/strong>. De nombreux actifs non mon\u00e9taires peuvent \u00eatre donn\u00e9s pour soutenir le minist\u00e8re. Les dons sont d\u00e9ductibles des imp\u00f4ts. Les v\u00e9hicules, les bijoux en or et les m\u00e9taux pr\u00e9cieux en sont des exemples.<\/li>\n\n\n\n<li><strong>Actions et titres.<\/strong>  Lorsque vous donnez des actions, des obligations ou des fonds communs de placement \u00e0 un minist\u00e8re, celui-ci re\u00e7oit la juste valeur marchande des titres. Vous pouvez \u00e9galement \u00e9viter l&#8217;imposition des plus-values sur les actifs transf\u00e9r\u00e9s.<\/li>\n\n\n\n<li><strong>Rentes de bienfaisance<\/strong>. Cela vous permet de d\u00e9signer un don futur au minist\u00e8re tout en continuant \u00e0 recevoir des paiements fixes provenant de ce don, aujourd&#8217;hui ou \u00e0 l&#8217;avenir. Il y a des avantages fiscaux pour l&#8217;ann\u00e9e o\u00f9 le don est effectu\u00e9 et une partie des paiements peut \u00e9galement \u00eatre exon\u00e9r\u00e9e d&#8217;imp\u00f4t.<\/li>\n\n\n\n<li><strong>Actifs de retraite<\/strong>. Il s&#8217;agit notamment des comptes de retraite \u00e0 imposition diff\u00e9r\u00e9e, des IRA, des 401(k), des 301(b) et des r\u00e9gimes de retraite et de Keogh. Un pourcentage quelconque de vos avoirs de retraite peut \u00eatre affect\u00e9 au minist\u00e8re. Vous pouvez le faire par le biais de votre testament ou de la d\u00e9signation d&#8217;un b\u00e9n\u00e9ficiaire. Contrairement \u00e0 la d\u00e9signation de personnes comme b\u00e9n\u00e9ficiaires de votre plan traditionnel \u00e0 imposition diff\u00e9r\u00e9e, la d\u00e9signation d&#8217;organismes de bienfaisance signifie que le b\u00e9n\u00e9ficiaire de votre don n&#8217;est pas impos\u00e9.<\/li>\n\n\n\n<li><strong>Immobilier<\/strong>. Tout type de bien immobilier commercialisable et appr\u00e9ci\u00e9 peut \u00eatre donn\u00e9 au minist\u00e8re.<\/li>\n\n\n\n<li><strong>Assurance vie<\/strong>. Il est possible d&#8217;ajouter un minist\u00e8re comme b\u00e9n\u00e9ficiaire de votre police d&#8217;assurance vie. Vous pouvez \u00e9galement attribuer des dividendes annuels au minist\u00e8re ou simplement faire don de la valeur de rachat de votre police.<\/li>\n\n\n\n<li><strong>Comptes payables en cas de d\u00e9c\u00e8s<\/strong>. Ils fonctionnent comme les trusts, c&#8217;est-\u00e0-dire qu&#8217;ils ne sont pas soumis \u00e0 l&#8217;homologation. Gr\u00e2ce \u00e0 votre POD, vous pouvez d\u00e9signer la personne qui recevra le solde de votre compte bancaire, de votre certificat de d\u00e9p\u00f4t, de votre pension, de votre compte d&#8217;investissement ou de votre fonds de retraite \u00e0 votre d\u00e9c\u00e8s.<\/li>\n<\/ol>\n\n<p><\/p>\n\n<p>Les dons par h\u00e9ritage sont un excellent moyen de continuer \u00e0 b\u00e9nir un minist\u00e8re au-del\u00e0 du moment o\u00f9 le Seigneur vous appellera \u00e0 rentrer chez vous. Nous vous remercions de votre attention dans la pri\u00e8re.<\/p>\n\n<p>Si vous \u00eates pr\u00eat \u00e0 envisager cette option, nous serions ravis de vous rencontrer.\nVeuillez <a href=\"https:\/\/transformiran.com\/fr\/contact\/\">contacter votre bureau local Transform Iran <\/a>. <\/p>\n\n<div class=\"wp-block-columns is-layout-flex wp-container-core-columns-is-layout-9d6595d7 wp-block-columns-is-layout-flex\">\n<div class=\"wp-block-column is-layout-flow wp-block-column-is-layout-flow\">\n<div class=\"wp-block-columns is-layout-flex wp-container-core-columns-is-layout-9d6595d7 wp-block-columns-is-layout-flex\">\n<div class=\"wp-block-column is-layout-flow wp-block-column-is-layout-flow\">\n<p class=\"has-light-gold-background-color has-background\"><strong>Cette page est traduite automatiquement dans les diff\u00e9rentes langues de notre site web.<\/strong> Pour des conseils en mati\u00e8re d&#8217;h\u00e9ritage, notamment en ce qui concerne nos partenaires n\u00e9erlandais, veuillez consulter <a href=\"https:\/\/transformiran.com\/app\/uploads\/2025\/02\/TI-Legacy-Giving-Dutch.pdf\">ce PDF.<\/a><\/p>\n<\/div>\n<\/div>\n<\/div>\n<\/div>\n\n<p class=\"has-white-background-color has-background\"><\/p>\n","protected":false},"excerpt":{"rendered":"<p>Si vous envisagez d&#8217;investir dans la mission en Iran, vous n&#8217;avez peut-\u00eatre pas pens\u00e9 aux dons par h\u00e9ritage et \u00e0 la puissante b\u00e9n\u00e9diction qu&#8217;ils peuvent repr\u00e9senter. Un don &#8220;aujourd&#8217;hui&#8221; nous b\u00e9nit imm\u00e9diatement. Qu&#8217;il s&#8217;agisse d&#8217;argent liquide, d&#8217;actions, de biens immobiliers ou de tout autre titre, les fruits peuvent \u00eatre imm\u00e9diatement visibles. Mais un don en [&hellip;]<\/p>\n","protected":false},"author":1,"featured_media":0,"parent":13972,"menu_order":0,"comment_status":"closed","ping_status":"closed","template":"page-basic.php","meta":{"_acf_changed":false,"give_campaign_id":0,"om_disable_all_campaigns":false,"_mi_skip_tracking":false,"footnotes":""},"class_list":["post-13985","page","type-page","status-publish","hentry"],"acf":[],"yoast_head":"<!-- This site is optimized with the Yoast SEO plugin v27.3 - https:\/\/yoast.com\/product\/yoast-seo-wordpress\/ -->\n<title>Don d&#039;h\u00e9ritage - Transform Iran<\/title>\n<meta name=\"robots\" content=\"index, follow, max-snippet:-1, max-image-preview:large, max-video-preview:-1\" \/>\n<link rel=\"canonical\" href=\"https:\/\/transformiran.com\/fr\/donate\/don-dheritage\/\" \/>\n<meta property=\"og:locale\" content=\"fr_FR\" \/>\n<meta property=\"og:type\" content=\"article\" \/>\n<meta property=\"og:title\" content=\"Don d&#039;h\u00e9ritage - Transform Iran\" \/>\n<meta property=\"og:description\" content=\"Si vous envisagez d&#8217;investir dans la mission en Iran, vous n&#8217;avez peut-\u00eatre pas pens\u00e9 aux dons par h\u00e9ritage et \u00e0 la puissante b\u00e9n\u00e9diction qu&#8217;ils peuvent repr\u00e9senter. Un don &#8220;aujourd&#8217;hui&#8221; nous b\u00e9nit imm\u00e9diatement. Qu&#8217;il s&#8217;agisse d&#8217;argent liquide, d&#8217;actions, de biens immobiliers ou de tout autre titre, les fruits peuvent \u00eatre imm\u00e9diatement visibles. Mais un don en [&hellip;]\" \/>\n<meta property=\"og:url\" content=\"https:\/\/transformiran.com\/fr\/donate\/don-dheritage\/\" \/>\n<meta property=\"og:site_name\" content=\"Transform Iran\" \/>\n<meta property=\"article:publisher\" content=\"https:\/\/www.facebook.com\/222MinistriesUSAInc\" \/>\n<meta property=\"article:modified_time\" content=\"2025-04-02T10:05:23+00:00\" \/>\n<meta name=\"twitter:card\" content=\"summary_large_image\" \/>\n<meta name=\"twitter:site\" content=\"@222minint\" \/>\n<meta name=\"twitter:label1\" content=\"Est. reading time\" \/>\n\t<meta name=\"twitter:data1\" content=\"4 minutes\" \/>\n<script type=\"application\/ld+json\" class=\"yoast-schema-graph\">{\"@context\":\"https:\\\/\\\/schema.org\",\"@graph\":[{\"@type\":\"WebPage\",\"@id\":\"https:\\\/\\\/transformiran.com\\\/fr\\\/donate\\\/don-dheritage\\\/\",\"url\":\"https:\\\/\\\/transformiran.com\\\/fr\\\/donate\\\/don-dheritage\\\/\",\"name\":\"Don d'h\u00e9ritage - Transform Iran\",\"isPartOf\":{\"@id\":\"https:\\\/\\\/transformiran.com\\\/fr\\\/#website\"},\"datePublished\":\"2022-11-04T11:16:59+00:00\",\"dateModified\":\"2025-04-02T10:05:23+00:00\",\"breadcrumb\":{\"@id\":\"https:\\\/\\\/transformiran.com\\\/fr\\\/donate\\\/don-dheritage\\\/#breadcrumb\"},\"inLanguage\":\"fr-FR\",\"potentialAction\":[{\"@type\":\"ReadAction\",\"target\":[\"https:\\\/\\\/transformiran.com\\\/fr\\\/donate\\\/don-dheritage\\\/\"]}]},{\"@type\":\"BreadcrumbList\",\"@id\":\"https:\\\/\\\/transformiran.com\\\/fr\\\/donate\\\/don-dheritage\\\/#breadcrumb\",\"itemListElement\":[{\"@type\":\"ListItem\",\"position\":1,\"name\":\"Home\",\"item\":\"https:\\\/\\\/transformiran.com\\\/fr\\\/home\\\/\"},{\"@type\":\"ListItem\",\"position\":2,\"name\":\"Faire un don\",\"item\":\"https:\\\/\\\/transformiran.com\\\/fr\\\/donate\\\/\"},{\"@type\":\"ListItem\",\"position\":3,\"name\":\"Don d&#8217;h\u00e9ritage\"}]},{\"@type\":\"WebSite\",\"@id\":\"https:\\\/\\\/transformiran.com\\\/fr\\\/#website\",\"url\":\"https:\\\/\\\/transformiran.com\\\/fr\\\/\",\"name\":\"Transform Iran\",\"description\":\"Bringing the love and power of Christ to Iran - and beyond\",\"publisher\":{\"@id\":\"https:\\\/\\\/transformiran.com\\\/fr\\\/#organization\"},\"potentialAction\":[{\"@type\":\"SearchAction\",\"target\":{\"@type\":\"EntryPoint\",\"urlTemplate\":\"https:\\\/\\\/transformiran.com\\\/fr\\\/?s={search_term_string}\"},\"query-input\":{\"@type\":\"PropertyValueSpecification\",\"valueRequired\":true,\"valueName\":\"search_term_string\"}}],\"inLanguage\":\"fr-FR\"},{\"@type\":\"Organization\",\"@id\":\"https:\\\/\\\/transformiran.com\\\/fr\\\/#organization\",\"name\":\"Transform Iran\",\"url\":\"https:\\\/\\\/transformiran.com\\\/fr\\\/\",\"logo\":{\"@type\":\"ImageObject\",\"inLanguage\":\"fr-FR\",\"@id\":\"https:\\\/\\\/transformiran.com\\\/fr\\\/#\\\/schema\\\/logo\\\/image\\\/\",\"url\":\"https:\\\/\\\/transformiran.com\\\/app\\\/uploads\\\/2022\\\/11\\\/logo_grey.jpg\",\"contentUrl\":\"https:\\\/\\\/transformiran.com\\\/app\\\/uploads\\\/2022\\\/11\\\/logo_grey.jpg\",\"width\":528,\"height\":90,\"caption\":\"Transform Iran\"},\"image\":{\"@id\":\"https:\\\/\\\/transformiran.com\\\/fr\\\/#\\\/schema\\\/logo\\\/image\\\/\"},\"sameAs\":[\"https:\\\/\\\/www.facebook.com\\\/222MinistriesUSAInc\",\"https:\\\/\\\/x.com\\\/222minint\",\"https:\\\/\\\/www.instagram.com\\\/222ministriesinternational\\\/\"]}]}<\/script>\n<!-- \/ Yoast SEO plugin. -->","yoast_head_json":{"title":"Don d'h\u00e9ritage - Transform Iran","robots":{"index":"index","follow":"follow","max-snippet":"max-snippet:-1","max-image-preview":"max-image-preview:large","max-video-preview":"max-video-preview:-1"},"canonical":"https:\/\/transformiran.com\/fr\/donate\/don-dheritage\/","og_locale":"fr_FR","og_type":"article","og_title":"Don d'h\u00e9ritage - Transform Iran","og_description":"Si vous envisagez d&#8217;investir dans la mission en Iran, vous n&#8217;avez peut-\u00eatre pas pens\u00e9 aux dons par h\u00e9ritage et \u00e0 la puissante b\u00e9n\u00e9diction qu&#8217;ils peuvent repr\u00e9senter. Un don &#8220;aujourd&#8217;hui&#8221; nous b\u00e9nit imm\u00e9diatement. Qu&#8217;il s&#8217;agisse d&#8217;argent liquide, d&#8217;actions, de biens immobiliers ou de tout autre titre, les fruits peuvent \u00eatre imm\u00e9diatement visibles. Mais un don en [&hellip;]","og_url":"https:\/\/transformiran.com\/fr\/donate\/don-dheritage\/","og_site_name":"Transform Iran","article_publisher":"https:\/\/www.facebook.com\/222MinistriesUSAInc","article_modified_time":"2025-04-02T10:05:23+00:00","twitter_card":"summary_large_image","twitter_site":"@222minint","twitter_misc":{"Est. reading time":"4 minutes"},"schema":{"@context":"https:\/\/schema.org","@graph":[{"@type":"WebPage","@id":"https:\/\/transformiran.com\/fr\/donate\/don-dheritage\/","url":"https:\/\/transformiran.com\/fr\/donate\/don-dheritage\/","name":"Don d'h\u00e9ritage - Transform Iran","isPartOf":{"@id":"https:\/\/transformiran.com\/fr\/#website"},"datePublished":"2022-11-04T11:16:59+00:00","dateModified":"2025-04-02T10:05:23+00:00","breadcrumb":{"@id":"https:\/\/transformiran.com\/fr\/donate\/don-dheritage\/#breadcrumb"},"inLanguage":"fr-FR","potentialAction":[{"@type":"ReadAction","target":["https:\/\/transformiran.com\/fr\/donate\/don-dheritage\/"]}]},{"@type":"BreadcrumbList","@id":"https:\/\/transformiran.com\/fr\/donate\/don-dheritage\/#breadcrumb","itemListElement":[{"@type":"ListItem","position":1,"name":"Home","item":"https:\/\/transformiran.com\/fr\/home\/"},{"@type":"ListItem","position":2,"name":"Faire un don","item":"https:\/\/transformiran.com\/fr\/donate\/"},{"@type":"ListItem","position":3,"name":"Don d&#8217;h\u00e9ritage"}]},{"@type":"WebSite","@id":"https:\/\/transformiran.com\/fr\/#website","url":"https:\/\/transformiran.com\/fr\/","name":"Transform Iran","description":"Bringing the love and power of Christ to Iran - and beyond","publisher":{"@id":"https:\/\/transformiran.com\/fr\/#organization"},"potentialAction":[{"@type":"SearchAction","target":{"@type":"EntryPoint","urlTemplate":"https:\/\/transformiran.com\/fr\/?s={search_term_string}"},"query-input":{"@type":"PropertyValueSpecification","valueRequired":true,"valueName":"search_term_string"}}],"inLanguage":"fr-FR"},{"@type":"Organization","@id":"https:\/\/transformiran.com\/fr\/#organization","name":"Transform Iran","url":"https:\/\/transformiran.com\/fr\/","logo":{"@type":"ImageObject","inLanguage":"fr-FR","@id":"https:\/\/transformiran.com\/fr\/#\/schema\/logo\/image\/","url":"https:\/\/transformiran.com\/app\/uploads\/2022\/11\/logo_grey.jpg","contentUrl":"https:\/\/transformiran.com\/app\/uploads\/2022\/11\/logo_grey.jpg","width":528,"height":90,"caption":"Transform Iran"},"image":{"@id":"https:\/\/transformiran.com\/fr\/#\/schema\/logo\/image\/"},"sameAs":["https:\/\/www.facebook.com\/222MinistriesUSAInc","https:\/\/x.com\/222minint","https:\/\/www.instagram.com\/222ministriesinternational\/"]}]}},"campaignId":"","_links":{"self":[{"href":"https:\/\/transformiran.com\/fr\/wp-json\/wp\/v2\/pages\/13985","targetHints":{"allow":["GET"]}}],"collection":[{"href":"https:\/\/transformiran.com\/fr\/wp-json\/wp\/v2\/pages"}],"about":[{"href":"https:\/\/transformiran.com\/fr\/wp-json\/wp\/v2\/types\/page"}],"author":[{"embeddable":true,"href":"https:\/\/transformiran.com\/fr\/wp-json\/wp\/v2\/users\/1"}],"replies":[{"embeddable":true,"href":"https:\/\/transformiran.com\/fr\/wp-json\/wp\/v2\/comments?post=13985"}],"version-history":[{"count":0,"href":"https:\/\/transformiran.com\/fr\/wp-json\/wp\/v2\/pages\/13985\/revisions"}],"up":[{"embeddable":true,"href":"https:\/\/transformiran.com\/fr\/wp-json\/wp\/v2\/pages\/13972"}],"wp:attachment":[{"href":"https:\/\/transformiran.com\/fr\/wp-json\/wp\/v2\/media?parent=13985"}],"curies":[{"name":"wp","href":"https:\/\/api.w.org\/{rel}","templated":true}]}}