{"id":13995,"date":"2022-11-03T12:23:11","date_gmt":"2022-11-03T12:23:11","guid":{"rendered":"https:\/\/transformiran.com\/afghanistan\/"},"modified":"2025-04-02T10:55:59","modified_gmt":"2025-04-02T09:55:59","slug":"afghanistan","status":"publish","type":"page","link":"https:\/\/transformiran.com\/fr\/notre-travail\/afghanistan\/","title":{"rendered":"Afghanistan"},"content":{"rendered":"\n<p>Pourquoi une organisation centr\u00e9e sur l&#8217;Iran se soucierait-elle de ce qui se passe en Afghanistan ?  <\/p>\n\n<p>L&#8217;Iran compte plus de deux millions d&#8217;Afghans, dont beaucoup sont des r\u00e9fugi\u00e9s. En fait, l&#8217;Iran accueille l&#8217;une des plus grandes populations de r\u00e9fugi\u00e9s au monde et la grande majorit\u00e9 d&#8217;entre eux sont originaires d&#8217;Afghanistan. Quelque 800 000 r\u00e9fugi\u00e9s afghans sont enregistr\u00e9s, mais plus de deux millions sont sans papiers.  <\/p>\n\n<p>Les Afghans constituent une part importante de la diversit\u00e9 ethnique de l&#8217;Iran. Leur langue, le dari, est tr\u00e8s proche du farsi. Avec une langue commune et un si grand nombre de personnes vivant parmi nous, les Afghans font absolument partie de notre vocation. En outre, les Afghans sont tr\u00e8s maltrait\u00e9s en Iran. Exode 22:21 avertit le peuple de Dieu de ne pas maltraiter ou opprimer les \u00e9trangers vivant sur son territoire. Amnesty International a recueilli de nombreux exemples de mauvais traitements inflig\u00e9s aux Afghans par les autorit\u00e9s iraniennes. L&#8217;\u00c9glise doit \u00eatre diff\u00e9rente.  <\/p>\n\n<p>Renforcer l&#8217;\u00c9glise afghane, c&#8217;est non seulement soutenir une belle communaut\u00e9 de croyants en Afghanistan, mais c&#8217;est aussi, nous le savons, renforcer \u00e0 terme l&#8217;\u00c9glise iranienne. Nous voyons le jour o\u00f9 des Iraniens iront en Afghanistan comme missionnaires et o\u00f9 des croyants afghans feront de m\u00eame en Iran. Nos communaut\u00e9s sont \u00e9troitement li\u00e9es.  <\/p>\n\n<p>Transform Iran transmet l&#8217;\u00c9vangile aux Afghans, soutient les victimes de pers\u00e9cutions qui se sont \u00e9chapp\u00e9es, forme de nouveaux convertis et d\u00e9veloppe des leaders. Notre famille en Afghanistan se compose de sept \u00e9glises r\u00e9parties dans diff\u00e9rents districts.  <\/p>\n\n<p>En f\u00e9vrier 2021, les dirigeants de Transform Iran ont re\u00e7u une parole proph\u00e9tique les avertissant de la chute imminente de Kaboul. Gr\u00e2ce \u00e0 cet avertissement six mois avant les \u00e9v\u00e9nements, nous avons pu nous pr\u00e9parer. La plupart des membres de notre \u00e9quipe n&#8217;avaient pas de passeport. Nous avons eu le temps de mettre en place les documents n\u00e9cessaires pour reloger en toute s\u00e9curit\u00e9 ceux qui voulaient partir. Certains voulaient absolument rester et \u00eatre une lumi\u00e8re dans l&#8217;obscurit\u00e9 qui s&#8217;annon\u00e7ait. Nous avons pu pr\u00e9parer leur s\u00e9curit\u00e9 en les d\u00e9pla\u00e7ant \u00e0 l&#8217;int\u00e9rieur du pays si n\u00e9cessaire, en leur fournissant de meilleurs \u00e9quipements de communication et en nous pr\u00e9parant \u00e0 leur apporter une aide alimentaire. Apr\u00e8s le retrait des troupes et le quasi-isolement des talibans, les licenciements et les faillites se sont multipli\u00e9s. La pauvret\u00e9 est impitoyable (m\u00eame pour les familles \u00e9duqu\u00e9es, qui gagnent normalement bien leur vie). Les femmes qui \u00e9taient les principaux soutiens de famille dans de nombreux foyers sont confin\u00e9es \u00e0 la maison et toute la famille en souffre.  <\/p>\n\n<p>Depuis l&#8217;effondrement d&#8217;ao\u00fbt 2021, nous soutenons l&#8217;\u00c9glise en Afghanistan, ainsi que les familles chr\u00e9tiennes d\u00e9plac\u00e9es et les demandeurs d&#8217;asile musulmans qui leur sont li\u00e9s. Notre mission imm\u00e9diate est de soutenir les chr\u00e9tiens afghans dispers\u00e9s et cach\u00e9s, \u00e0 l&#8217;int\u00e9rieur et \u00e0 l&#8217;ext\u00e9rieur de l&#8217;Afghanistan, en leur apportant une aide humanitaire essentielle qui leur permette de survivre, de se remettre sur pied, de retrouver l&#8217;espoir et de se remobiliser pour apporter le Christ \u00e0 leur pays. Dans la mesure du possible, nous soutenons \u00e9galement les amis non chr\u00e9tiens des chr\u00e9tiens afghans en difficult\u00e9, en leur montrant la puissance de l&#8217;amour inconditionnel du Christ, et en les voyant parvenir au salut et \u00eatre form\u00e9s.  <\/p>\n\n<p>Transform Iran a fourni une aide humanitaire \u00e0 pr\u00e8s de 1 700 Afghans, dont plus de 1 000 dans le pays m\u00eame. Cela comprend la nourriture, le mat\u00e9riel d&#8217;hygi\u00e8ne, le chauffage d&#8217;hiver, le loyer, les frais d&#8217;\u00e9vacuation, les urgences m\u00e9dicales, les m\u00e9dicaments et le transport.  <\/p>\n\n<blockquote class=\"wp-block-quote is-layout-flow wp-block-quote-is-layout-flow\"><p>Depuis le jour o\u00f9 votre aide nous est parvenue, je peux honn\u00eatement dire qu&#8217;il y a eu dans ma vie un r\u00e9veil, un renouveau m\u00eame. Ma famille est constamment remplie de joie. Louons Dieu, car c&#8217;est ainsi qu&#8217;il nous apporte toujours de l&#8217;aide au bon moment. Tout comme le berger conduit son troupeau \u00e0 travers le dessert et veille sur chacune de ses brebis, de la m\u00eame mani\u00e8re, nous avons l&#8217;humilit\u00e9 de dire qu&#8217;en Afghanistan, dans ces circonstances difficiles, Dieu ne nous abandonne pas.  <\/p><p>Auparavant, ma femme \u00e9tait malade et nous \u00e9tions tous tr\u00e8s angoiss\u00e9s. Notre \u00e9tat de vie n&#8217;\u00e9tait vraiment pas bon. Nous \u00e9tions tous dans une profonde tristesse, mais depuis le jour o\u00f9 nous avons cru au Christ et o\u00f9 Dieu nous a tenu la main, m\u00eame l&#8217;anxi\u00e9t\u00e9 s\u00e9v\u00e8re de ma femme a \u00e9t\u00e9 calm\u00e9e et ses maladies physiques ont \u00e9galement \u00e9t\u00e9 gu\u00e9ries.<\/p><\/blockquote>\n","protected":false},"excerpt":{"rendered":"<p>Pourquoi une organisation centr\u00e9e sur l&#8217;Iran se soucierait-elle de ce qui se passe en Afghanistan ? L&#8217;Iran compte plus de deux millions d&#8217;Afghans, dont beaucoup sont des r\u00e9fugi\u00e9s. En fait, l&#8217;Iran accueille l&#8217;une des plus grandes populations de r\u00e9fugi\u00e9s au monde et la grande majorit\u00e9 d&#8217;entre eux sont originaires d&#8217;Afghanistan. Quelque 800 000 r\u00e9fugi\u00e9s afghans [&hellip;]<\/p>\n","protected":false},"author":1,"featured_media":0,"parent":14016,"menu_order":0,"comment_status":"closed","ping_status":"closed","template":"page-work.php","meta":{"_acf_changed":false,"give_campaign_id":0,"om_disable_all_campaigns":false,"_mi_skip_tracking":false,"footnotes":""},"class_list":["post-13995","page","type-page","status-publish","hentry"],"acf":[],"yoast_head":"<!-- This site is optimized with the Yoast SEO plugin v27.3 - https:\/\/yoast.com\/product\/yoast-seo-wordpress\/ -->\n<title>Afghanistan - Transform Iran<\/title>\n<meta name=\"robots\" content=\"index, follow, max-snippet:-1, max-image-preview:large, max-video-preview:-1\" \/>\n<link rel=\"canonical\" href=\"https:\/\/transformiran.com\/fr\/notre-travail\/afghanistan\/\" \/>\n<meta property=\"og:locale\" content=\"fr_FR\" \/>\n<meta property=\"og:type\" content=\"article\" \/>\n<meta property=\"og:title\" content=\"Afghanistan - Transform Iran\" \/>\n<meta property=\"og:description\" content=\"Pourquoi une organisation centr\u00e9e sur l&#8217;Iran se soucierait-elle de ce qui se passe en Afghanistan ? L&#8217;Iran compte plus de deux millions d&#8217;Afghans, dont beaucoup sont des r\u00e9fugi\u00e9s. En fait, l&#8217;Iran accueille l&#8217;une des plus grandes populations de r\u00e9fugi\u00e9s au monde et la grande majorit\u00e9 d&#8217;entre eux sont originaires d&#8217;Afghanistan. Quelque 800 000 r\u00e9fugi\u00e9s afghans [&hellip;]\" \/>\n<meta property=\"og:url\" content=\"https:\/\/transformiran.com\/fr\/notre-travail\/afghanistan\/\" \/>\n<meta property=\"og:site_name\" content=\"Transform Iran\" \/>\n<meta property=\"article:publisher\" content=\"https:\/\/www.facebook.com\/222MinistriesUSAInc\" \/>\n<meta property=\"article:modified_time\" content=\"2025-04-02T09:55:59+00:00\" \/>\n<meta name=\"twitter:card\" content=\"summary_large_image\" \/>\n<meta name=\"twitter:site\" content=\"@222minint\" \/>\n<meta name=\"twitter:label1\" content=\"Est. reading time\" \/>\n\t<meta name=\"twitter:data1\" content=\"4 minutes\" \/>\n<script type=\"application\/ld+json\" class=\"yoast-schema-graph\">{\"@context\":\"https:\\\/\\\/schema.org\",\"@graph\":[{\"@type\":\"WebPage\",\"@id\":\"https:\\\/\\\/transformiran.com\\\/fr\\\/notre-travail\\\/afghanistan\\\/\",\"url\":\"https:\\\/\\\/transformiran.com\\\/fr\\\/notre-travail\\\/afghanistan\\\/\",\"name\":\"Afghanistan - Transform Iran\",\"isPartOf\":{\"@id\":\"https:\\\/\\\/transformiran.com\\\/fr\\\/#website\"},\"datePublished\":\"2022-11-03T12:23:11+00:00\",\"dateModified\":\"2025-04-02T09:55:59+00:00\",\"breadcrumb\":{\"@id\":\"https:\\\/\\\/transformiran.com\\\/fr\\\/notre-travail\\\/afghanistan\\\/#breadcrumb\"},\"inLanguage\":\"fr-FR\",\"potentialAction\":[{\"@type\":\"ReadAction\",\"target\":[\"https:\\\/\\\/transformiran.com\\\/fr\\\/notre-travail\\\/afghanistan\\\/\"]}]},{\"@type\":\"BreadcrumbList\",\"@id\":\"https:\\\/\\\/transformiran.com\\\/fr\\\/notre-travail\\\/afghanistan\\\/#breadcrumb\",\"itemListElement\":[{\"@type\":\"ListItem\",\"position\":1,\"name\":\"Home\",\"item\":\"https:\\\/\\\/transformiran.com\\\/fr\\\/home\\\/\"},{\"@type\":\"ListItem\",\"position\":2,\"name\":\"Notre travail\",\"item\":\"https:\\\/\\\/transformiran.com\\\/fr\\\/notre-travail\\\/\"},{\"@type\":\"ListItem\",\"position\":3,\"name\":\"Afghanistan\"}]},{\"@type\":\"WebSite\",\"@id\":\"https:\\\/\\\/transformiran.com\\\/fr\\\/#website\",\"url\":\"https:\\\/\\\/transformiran.com\\\/fr\\\/\",\"name\":\"Transform Iran\",\"description\":\"Bringing the love and power of Christ to Iran - and beyond\",\"publisher\":{\"@id\":\"https:\\\/\\\/transformiran.com\\\/fr\\\/#organization\"},\"potentialAction\":[{\"@type\":\"SearchAction\",\"target\":{\"@type\":\"EntryPoint\",\"urlTemplate\":\"https:\\\/\\\/transformiran.com\\\/fr\\\/?s={search_term_string}\"},\"query-input\":{\"@type\":\"PropertyValueSpecification\",\"valueRequired\":true,\"valueName\":\"search_term_string\"}}],\"inLanguage\":\"fr-FR\"},{\"@type\":\"Organization\",\"@id\":\"https:\\\/\\\/transformiran.com\\\/fr\\\/#organization\",\"name\":\"Transform Iran\",\"url\":\"https:\\\/\\\/transformiran.com\\\/fr\\\/\",\"logo\":{\"@type\":\"ImageObject\",\"inLanguage\":\"fr-FR\",\"@id\":\"https:\\\/\\\/transformiran.com\\\/fr\\\/#\\\/schema\\\/logo\\\/image\\\/\",\"url\":\"https:\\\/\\\/transformiran.com\\\/app\\\/uploads\\\/2022\\\/11\\\/logo_grey.jpg\",\"contentUrl\":\"https:\\\/\\\/transformiran.com\\\/app\\\/uploads\\\/2022\\\/11\\\/logo_grey.jpg\",\"width\":528,\"height\":90,\"caption\":\"Transform Iran\"},\"image\":{\"@id\":\"https:\\\/\\\/transformiran.com\\\/fr\\\/#\\\/schema\\\/logo\\\/image\\\/\"},\"sameAs\":[\"https:\\\/\\\/www.facebook.com\\\/222MinistriesUSAInc\",\"https:\\\/\\\/x.com\\\/222minint\",\"https:\\\/\\\/www.instagram.com\\\/222ministriesinternational\\\/\"]}]}<\/script>\n<!-- \/ Yoast SEO plugin. -->","yoast_head_json":{"title":"Afghanistan - Transform Iran","robots":{"index":"index","follow":"follow","max-snippet":"max-snippet:-1","max-image-preview":"max-image-preview:large","max-video-preview":"max-video-preview:-1"},"canonical":"https:\/\/transformiran.com\/fr\/notre-travail\/afghanistan\/","og_locale":"fr_FR","og_type":"article","og_title":"Afghanistan - Transform Iran","og_description":"Pourquoi une organisation centr\u00e9e sur l&#8217;Iran se soucierait-elle de ce qui se passe en Afghanistan ? L&#8217;Iran compte plus de deux millions d&#8217;Afghans, dont beaucoup sont des r\u00e9fugi\u00e9s. En fait, l&#8217;Iran accueille l&#8217;une des plus grandes populations de r\u00e9fugi\u00e9s au monde et la grande majorit\u00e9 d&#8217;entre eux sont originaires d&#8217;Afghanistan. Quelque 800 000 r\u00e9fugi\u00e9s afghans [&hellip;]","og_url":"https:\/\/transformiran.com\/fr\/notre-travail\/afghanistan\/","og_site_name":"Transform Iran","article_publisher":"https:\/\/www.facebook.com\/222MinistriesUSAInc","article_modified_time":"2025-04-02T09:55:59+00:00","twitter_card":"summary_large_image","twitter_site":"@222minint","twitter_misc":{"Est. reading time":"4 minutes"},"schema":{"@context":"https:\/\/schema.org","@graph":[{"@type":"WebPage","@id":"https:\/\/transformiran.com\/fr\/notre-travail\/afghanistan\/","url":"https:\/\/transformiran.com\/fr\/notre-travail\/afghanistan\/","name":"Afghanistan - Transform Iran","isPartOf":{"@id":"https:\/\/transformiran.com\/fr\/#website"},"datePublished":"2022-11-03T12:23:11+00:00","dateModified":"2025-04-02T09:55:59+00:00","breadcrumb":{"@id":"https:\/\/transformiran.com\/fr\/notre-travail\/afghanistan\/#breadcrumb"},"inLanguage":"fr-FR","potentialAction":[{"@type":"ReadAction","target":["https:\/\/transformiran.com\/fr\/notre-travail\/afghanistan\/"]}]},{"@type":"BreadcrumbList","@id":"https:\/\/transformiran.com\/fr\/notre-travail\/afghanistan\/#breadcrumb","itemListElement":[{"@type":"ListItem","position":1,"name":"Home","item":"https:\/\/transformiran.com\/fr\/home\/"},{"@type":"ListItem","position":2,"name":"Notre travail","item":"https:\/\/transformiran.com\/fr\/notre-travail\/"},{"@type":"ListItem","position":3,"name":"Afghanistan"}]},{"@type":"WebSite","@id":"https:\/\/transformiran.com\/fr\/#website","url":"https:\/\/transformiran.com\/fr\/","name":"Transform Iran","description":"Bringing the love and power of Christ to Iran - and beyond","publisher":{"@id":"https:\/\/transformiran.com\/fr\/#organization"},"potentialAction":[{"@type":"SearchAction","target":{"@type":"EntryPoint","urlTemplate":"https:\/\/transformiran.com\/fr\/?s={search_term_string}"},"query-input":{"@type":"PropertyValueSpecification","valueRequired":true,"valueName":"search_term_string"}}],"inLanguage":"fr-FR"},{"@type":"Organization","@id":"https:\/\/transformiran.com\/fr\/#organization","name":"Transform Iran","url":"https:\/\/transformiran.com\/fr\/","logo":{"@type":"ImageObject","inLanguage":"fr-FR","@id":"https:\/\/transformiran.com\/fr\/#\/schema\/logo\/image\/","url":"https:\/\/transformiran.com\/app\/uploads\/2022\/11\/logo_grey.jpg","contentUrl":"https:\/\/transformiran.com\/app\/uploads\/2022\/11\/logo_grey.jpg","width":528,"height":90,"caption":"Transform Iran"},"image":{"@id":"https:\/\/transformiran.com\/fr\/#\/schema\/logo\/image\/"},"sameAs":["https:\/\/www.facebook.com\/222MinistriesUSAInc","https:\/\/x.com\/222minint","https:\/\/www.instagram.com\/222ministriesinternational\/"]}]}},"campaignId":"","_links":{"self":[{"href":"https:\/\/transformiran.com\/fr\/wp-json\/wp\/v2\/pages\/13995","targetHints":{"allow":["GET"]}}],"collection":[{"href":"https:\/\/transformiran.com\/fr\/wp-json\/wp\/v2\/pages"}],"about":[{"href":"https:\/\/transformiran.com\/fr\/wp-json\/wp\/v2\/types\/page"}],"author":[{"embeddable":true,"href":"https:\/\/transformiran.com\/fr\/wp-json\/wp\/v2\/users\/1"}],"replies":[{"embeddable":true,"href":"https:\/\/transformiran.com\/fr\/wp-json\/wp\/v2\/comments?post=13995"}],"version-history":[{"count":0,"href":"https:\/\/transformiran.com\/fr\/wp-json\/wp\/v2\/pages\/13995\/revisions"}],"up":[{"embeddable":true,"href":"https:\/\/transformiran.com\/fr\/wp-json\/wp\/v2\/pages\/14016"}],"wp:attachment":[{"href":"https:\/\/transformiran.com\/fr\/wp-json\/wp\/v2\/media?parent=13995"}],"curies":[{"name":"wp","href":"https:\/\/api.w.org\/{rel}","templated":true}]}}