{"id":14002,"date":"2022-11-03T12:17:33","date_gmt":"2022-11-03T12:17:33","guid":{"rendered":"https:\/\/transformiran.com\/transformation\/"},"modified":"2025-04-02T10:57:03","modified_gmt":"2025-04-02T09:57:03","slug":"transformation","status":"publish","type":"page","link":"https:\/\/transformiran.com\/fr\/notre-travail\/transformation\/","title":{"rendered":"Transformation"},"content":{"rendered":"\n<p>L&#8217;objectif n&#8217;est pas de cr\u00e9er une vaste \u00c9glise s\u00e9par\u00e9e du reste de la population. Nous voulons une \u00c9glise pleinement int\u00e9gr\u00e9e dans la soci\u00e9t\u00e9, qui atteigne chaque groupe de population dans la langue de son c\u0153ur et chaque personne, des universitaires les plus respect\u00e9s aux chefs d&#8217;entreprise influents et aux enseignants religieux, en passant par les pauvres, les laiss\u00e9s-pour-compte et les analphab\u00e8tes. Une \u00c9glise qui transmet le pouvoir de transformation et de gu\u00e9rison de l&#8217;\u00c9vangile dans tout le pays et qui change v\u00e9ritablement des vies et une nation enti\u00e8re &#8211; l&#8217;Iran &#8211; pour le Christ. De l\u00e0, nous croyons que l&#8217;Iran aura un impact sur toute cette r\u00e9gion avec l&#8217;amour et la puissance de J\u00e9sus-Christ. Un changement durable et transformateur.<\/p>\n\n<div class=\"wp-block-buttons is-content-justification-center is-layout-flex wp-container-core-buttons-is-layout-16018d1d wp-block-buttons-is-layout-flex\">\n<div class=\"wp-block-button\"><a class=\"wp-block-button__link has-white-color has-vivid-red-background-color has-text-color has-background wp-element-button\" href=\"https:\/\/transformiran.com\/fr\/donate\/\">Rejoignez-nous dans la mission pour voir l&#8217;Iran transform\u00e9<\/a><\/div>\n<\/div>\n\n<p>Les initiatives du site Transform Iran sont ax\u00e9es sur la vision \u00e0 long terme d&#8217;une nation restaur\u00e9e. Nous envisageons toutes les possibilit\u00e9s et tous les sc\u00e9narios, nous \u00e9coutons la direction de l&#8217;Esprit Saint et nous innovons sans cesse pour faire \u0153uvre de pionniers dans le domaine du minist\u00e8re en Iran. Nous nous effor\u00e7ons de tirer le meilleur parti de chaque d\u00e9veloppement technologique, de r\u00e9pondre \u00e0 chaque changement du paysage sociopolitique et de construire strat\u00e9giquement. L&#8217;avenir d&#8217;une nation est en jeu.  <\/p>\n\n<p>Cette vision de la transformation est reproduite dans les centaines d&#8217;\u00e9glises clandestines que nous avons implant\u00e9es en Iran. Des \u00c9glises qui cherchent activement \u00e0 avoir un impact dans leurs communaut\u00e9s et dans l&#8217;ensemble de leur territoire.<\/p>\n\n<div class=\"wp-block-buttons is-content-justification-center is-layout-flex wp-container-core-buttons-is-layout-16018d1d wp-block-buttons-is-layout-flex\">\n<div class=\"wp-block-button\"><a class=\"wp-block-button__link has-white-color has-vivid-red-background-color has-text-color has-background wp-element-button\" href=\"https:\/\/transformiran.com\/fr\/inscription-au-bulletin-dinformation\/\">Recevez des mises \u00e0 jour mensuelles pour vous aider \u00e0 prier efficacement<\/a><\/div>\n<\/div>\n\n<p>Nous nous pr\u00e9parons \u00e9galement \u00e0 l&#8217;ouverture des portes en Iran, afin que l&#8217;\u00c9glise soit pr\u00eate, dot\u00e9e des ressources n\u00e9cessaires et capable de r\u00e9colter la moisson pour le Christ. Cela commence par le d\u00e9veloppement du leadership. Les personnes sont la monnaie du ciel ! Transform Iran s&#8217;efforce de former des dirigeants dot\u00e9s d&#8217;un large \u00e9ventail de comp\u00e9tences, de passions et de vocations, qui seront pr\u00eats \u00e0 prendre leur place lorsque les portes s&#8217;ouvriront \u00e0 nouveau. La mission est d&#8217;\u00e9quiper et de pr\u00e9parer des leaders serviteurs avec les niveaux n\u00e9cessaires d&#8217;influence, d&#8217;autorit\u00e9 et d&#8217;onction qui apportent un changement transformateur durable.  <\/p>\n\n<p>Les initiatives strat\u00e9giques tiennent compte des diff\u00e9rents groupes de population en Iran. Des bibles dans toutes les langues du c\u0153ur, de l&#8217;aide pour ceux qui sont dans le besoin, des solutions sociopolitiques, des conseillers pour ceux qui sont bris\u00e9s, des enseignants et du mat\u00e9riel \u00e9ducatif pour les enfants, des chefs d&#8217;entreprise, des personnes influentes dans les m\u00e9dias et les arts, des \u00e9rudits et des universitaires et des \u00e9vang\u00e9listes.  <\/p>\n\n<blockquote class=\"wp-block-quote is-layout-flow wp-block-quote-is-layout-flow\">\n<p>Je suis venu comme un \u00e9tranger parmi les membres de ma famille, vide d&#8217;\u00e9motion et de col\u00e8re, vide de moi-m\u00eame et confus, entre \u00eatre et ne pas \u00eatre. Je me suis vu comme un d\u00e9sert essayant de crier et de lutter contre la s\u00e9cheresse de son silence. Je me vois maintenant comme un sol vivant qui peut respirer. J&#8217;ai d\u00e9couvert comment vivre la vie et la transmettre aux autres. Aujourd&#8217;hui, je suis capable de vivre sans col\u00e8re et sans ressentiment, sans peur et sans rejet. Je suis n\u00e9 de nouveau.<\/p>\n<\/blockquote>\n","protected":false},"excerpt":{"rendered":"<p>L&#8217;objectif n&#8217;est pas de cr\u00e9er une vaste \u00c9glise s\u00e9par\u00e9e du reste de la population. Nous voulons une \u00c9glise pleinement int\u00e9gr\u00e9e dans la soci\u00e9t\u00e9, qui atteigne chaque groupe de population dans la langue de son c\u0153ur et chaque personne, des universitaires les plus respect\u00e9s aux chefs d&#8217;entreprise influents et aux enseignants religieux, en passant par les [&hellip;]<\/p>\n","protected":false},"author":1,"featured_media":0,"parent":14016,"menu_order":0,"comment_status":"closed","ping_status":"closed","template":"page-work.php","meta":{"_acf_changed":false,"give_campaign_id":0,"om_disable_all_campaigns":false,"_mi_skip_tracking":false,"footnotes":""},"class_list":["post-14002","page","type-page","status-publish","hentry"],"acf":[],"yoast_head":"<!-- This site is optimized with the Yoast SEO plugin v27.3 - https:\/\/yoast.com\/product\/yoast-seo-wordpress\/ -->\n<title>Transformation - Transform Iran<\/title>\n<meta name=\"robots\" content=\"index, follow, max-snippet:-1, max-image-preview:large, max-video-preview:-1\" \/>\n<link rel=\"canonical\" href=\"https:\/\/transformiran.com\/fr\/notre-travail\/transformation\/\" \/>\n<meta property=\"og:locale\" content=\"fr_FR\" \/>\n<meta property=\"og:type\" content=\"article\" \/>\n<meta property=\"og:title\" content=\"Transformation - Transform Iran\" \/>\n<meta property=\"og:description\" content=\"L&#8217;objectif n&#8217;est pas de cr\u00e9er une vaste \u00c9glise s\u00e9par\u00e9e du reste de la population. Nous voulons une \u00c9glise pleinement int\u00e9gr\u00e9e dans la soci\u00e9t\u00e9, qui atteigne chaque groupe de population dans la langue de son c\u0153ur et chaque personne, des universitaires les plus respect\u00e9s aux chefs d&#8217;entreprise influents et aux enseignants religieux, en passant par les [&hellip;]\" \/>\n<meta property=\"og:url\" content=\"https:\/\/transformiran.com\/fr\/notre-travail\/transformation\/\" \/>\n<meta property=\"og:site_name\" content=\"Transform Iran\" \/>\n<meta property=\"article:publisher\" content=\"https:\/\/www.facebook.com\/222MinistriesUSAInc\" \/>\n<meta property=\"article:modified_time\" content=\"2025-04-02T09:57:03+00:00\" \/>\n<meta name=\"twitter:card\" content=\"summary_large_image\" \/>\n<meta name=\"twitter:site\" content=\"@222minint\" \/>\n<meta name=\"twitter:label1\" content=\"Est. reading time\" \/>\n\t<meta name=\"twitter:data1\" content=\"3 minutes\" \/>\n<script type=\"application\/ld+json\" class=\"yoast-schema-graph\">{\"@context\":\"https:\\\/\\\/schema.org\",\"@graph\":[{\"@type\":\"WebPage\",\"@id\":\"https:\\\/\\\/transformiran.com\\\/fr\\\/notre-travail\\\/transformation\\\/\",\"url\":\"https:\\\/\\\/transformiran.com\\\/fr\\\/notre-travail\\\/transformation\\\/\",\"name\":\"Transformation - Transform Iran\",\"isPartOf\":{\"@id\":\"https:\\\/\\\/transformiran.com\\\/fr\\\/#website\"},\"datePublished\":\"2022-11-03T12:17:33+00:00\",\"dateModified\":\"2025-04-02T09:57:03+00:00\",\"breadcrumb\":{\"@id\":\"https:\\\/\\\/transformiran.com\\\/fr\\\/notre-travail\\\/transformation\\\/#breadcrumb\"},\"inLanguage\":\"fr-FR\",\"potentialAction\":[{\"@type\":\"ReadAction\",\"target\":[\"https:\\\/\\\/transformiran.com\\\/fr\\\/notre-travail\\\/transformation\\\/\"]}]},{\"@type\":\"BreadcrumbList\",\"@id\":\"https:\\\/\\\/transformiran.com\\\/fr\\\/notre-travail\\\/transformation\\\/#breadcrumb\",\"itemListElement\":[{\"@type\":\"ListItem\",\"position\":1,\"name\":\"Home\",\"item\":\"https:\\\/\\\/transformiran.com\\\/fr\\\/home\\\/\"},{\"@type\":\"ListItem\",\"position\":2,\"name\":\"Notre travail\",\"item\":\"https:\\\/\\\/transformiran.com\\\/fr\\\/notre-travail\\\/\"},{\"@type\":\"ListItem\",\"position\":3,\"name\":\"Transformation\"}]},{\"@type\":\"WebSite\",\"@id\":\"https:\\\/\\\/transformiran.com\\\/fr\\\/#website\",\"url\":\"https:\\\/\\\/transformiran.com\\\/fr\\\/\",\"name\":\"Transform Iran\",\"description\":\"Bringing the love and power of Christ to Iran - and beyond\",\"publisher\":{\"@id\":\"https:\\\/\\\/transformiran.com\\\/fr\\\/#organization\"},\"potentialAction\":[{\"@type\":\"SearchAction\",\"target\":{\"@type\":\"EntryPoint\",\"urlTemplate\":\"https:\\\/\\\/transformiran.com\\\/fr\\\/?s={search_term_string}\"},\"query-input\":{\"@type\":\"PropertyValueSpecification\",\"valueRequired\":true,\"valueName\":\"search_term_string\"}}],\"inLanguage\":\"fr-FR\"},{\"@type\":\"Organization\",\"@id\":\"https:\\\/\\\/transformiran.com\\\/fr\\\/#organization\",\"name\":\"Transform Iran\",\"url\":\"https:\\\/\\\/transformiran.com\\\/fr\\\/\",\"logo\":{\"@type\":\"ImageObject\",\"inLanguage\":\"fr-FR\",\"@id\":\"https:\\\/\\\/transformiran.com\\\/fr\\\/#\\\/schema\\\/logo\\\/image\\\/\",\"url\":\"https:\\\/\\\/transformiran.com\\\/app\\\/uploads\\\/2022\\\/11\\\/logo_grey.jpg\",\"contentUrl\":\"https:\\\/\\\/transformiran.com\\\/app\\\/uploads\\\/2022\\\/11\\\/logo_grey.jpg\",\"width\":528,\"height\":90,\"caption\":\"Transform Iran\"},\"image\":{\"@id\":\"https:\\\/\\\/transformiran.com\\\/fr\\\/#\\\/schema\\\/logo\\\/image\\\/\"},\"sameAs\":[\"https:\\\/\\\/www.facebook.com\\\/222MinistriesUSAInc\",\"https:\\\/\\\/x.com\\\/222minint\",\"https:\\\/\\\/www.instagram.com\\\/222ministriesinternational\\\/\"]}]}<\/script>\n<!-- \/ Yoast SEO plugin. -->","yoast_head_json":{"title":"Transformation - Transform Iran","robots":{"index":"index","follow":"follow","max-snippet":"max-snippet:-1","max-image-preview":"max-image-preview:large","max-video-preview":"max-video-preview:-1"},"canonical":"https:\/\/transformiran.com\/fr\/notre-travail\/transformation\/","og_locale":"fr_FR","og_type":"article","og_title":"Transformation - Transform Iran","og_description":"L&#8217;objectif n&#8217;est pas de cr\u00e9er une vaste \u00c9glise s\u00e9par\u00e9e du reste de la population. Nous voulons une \u00c9glise pleinement int\u00e9gr\u00e9e dans la soci\u00e9t\u00e9, qui atteigne chaque groupe de population dans la langue de son c\u0153ur et chaque personne, des universitaires les plus respect\u00e9s aux chefs d&#8217;entreprise influents et aux enseignants religieux, en passant par les [&hellip;]","og_url":"https:\/\/transformiran.com\/fr\/notre-travail\/transformation\/","og_site_name":"Transform Iran","article_publisher":"https:\/\/www.facebook.com\/222MinistriesUSAInc","article_modified_time":"2025-04-02T09:57:03+00:00","twitter_card":"summary_large_image","twitter_site":"@222minint","twitter_misc":{"Est. reading time":"3 minutes"},"schema":{"@context":"https:\/\/schema.org","@graph":[{"@type":"WebPage","@id":"https:\/\/transformiran.com\/fr\/notre-travail\/transformation\/","url":"https:\/\/transformiran.com\/fr\/notre-travail\/transformation\/","name":"Transformation - Transform Iran","isPartOf":{"@id":"https:\/\/transformiran.com\/fr\/#website"},"datePublished":"2022-11-03T12:17:33+00:00","dateModified":"2025-04-02T09:57:03+00:00","breadcrumb":{"@id":"https:\/\/transformiran.com\/fr\/notre-travail\/transformation\/#breadcrumb"},"inLanguage":"fr-FR","potentialAction":[{"@type":"ReadAction","target":["https:\/\/transformiran.com\/fr\/notre-travail\/transformation\/"]}]},{"@type":"BreadcrumbList","@id":"https:\/\/transformiran.com\/fr\/notre-travail\/transformation\/#breadcrumb","itemListElement":[{"@type":"ListItem","position":1,"name":"Home","item":"https:\/\/transformiran.com\/fr\/home\/"},{"@type":"ListItem","position":2,"name":"Notre travail","item":"https:\/\/transformiran.com\/fr\/notre-travail\/"},{"@type":"ListItem","position":3,"name":"Transformation"}]},{"@type":"WebSite","@id":"https:\/\/transformiran.com\/fr\/#website","url":"https:\/\/transformiran.com\/fr\/","name":"Transform Iran","description":"Bringing the love and power of Christ to Iran - and beyond","publisher":{"@id":"https:\/\/transformiran.com\/fr\/#organization"},"potentialAction":[{"@type":"SearchAction","target":{"@type":"EntryPoint","urlTemplate":"https:\/\/transformiran.com\/fr\/?s={search_term_string}"},"query-input":{"@type":"PropertyValueSpecification","valueRequired":true,"valueName":"search_term_string"}}],"inLanguage":"fr-FR"},{"@type":"Organization","@id":"https:\/\/transformiran.com\/fr\/#organization","name":"Transform Iran","url":"https:\/\/transformiran.com\/fr\/","logo":{"@type":"ImageObject","inLanguage":"fr-FR","@id":"https:\/\/transformiran.com\/fr\/#\/schema\/logo\/image\/","url":"https:\/\/transformiran.com\/app\/uploads\/2022\/11\/logo_grey.jpg","contentUrl":"https:\/\/transformiran.com\/app\/uploads\/2022\/11\/logo_grey.jpg","width":528,"height":90,"caption":"Transform Iran"},"image":{"@id":"https:\/\/transformiran.com\/fr\/#\/schema\/logo\/image\/"},"sameAs":["https:\/\/www.facebook.com\/222MinistriesUSAInc","https:\/\/x.com\/222minint","https:\/\/www.instagram.com\/222ministriesinternational\/"]}]}},"campaignId":"","_links":{"self":[{"href":"https:\/\/transformiran.com\/fr\/wp-json\/wp\/v2\/pages\/14002","targetHints":{"allow":["GET"]}}],"collection":[{"href":"https:\/\/transformiran.com\/fr\/wp-json\/wp\/v2\/pages"}],"about":[{"href":"https:\/\/transformiran.com\/fr\/wp-json\/wp\/v2\/types\/page"}],"author":[{"embeddable":true,"href":"https:\/\/transformiran.com\/fr\/wp-json\/wp\/v2\/users\/1"}],"replies":[{"embeddable":true,"href":"https:\/\/transformiran.com\/fr\/wp-json\/wp\/v2\/comments?post=14002"}],"version-history":[{"count":0,"href":"https:\/\/transformiran.com\/fr\/wp-json\/wp\/v2\/pages\/14002\/revisions"}],"up":[{"embeddable":true,"href":"https:\/\/transformiran.com\/fr\/wp-json\/wp\/v2\/pages\/14016"}],"wp:attachment":[{"href":"https:\/\/transformiran.com\/fr\/wp-json\/wp\/v2\/media?parent=14002"}],"curies":[{"name":"wp","href":"https:\/\/api.w.org\/{rel}","templated":true}]}}