{"id":23638,"date":"2024-06-03T23:45:38","date_gmt":"2024-06-03T22:45:38","guid":{"rendered":"https:\/\/transformiran.com\/notre-travail\/atteindre-les-enfants\/"},"modified":"2025-04-25T22:08:50","modified_gmt":"2025-04-25T21:08:50","slug":"atteindre-les-enfants","status":"publish","type":"page","link":"https:\/\/transformiran.com\/fr\/notre-travail\/atteindre-les-enfants\/","title":{"rendered":"Atteindre les enfants"},"content":{"rendered":"\n<p><strong><em>J\u00e9sus dit : &#8220;Laissez venir \u00e0 moi les petits enfants et ne les emp\u00eachez pas, car le royaume des cieux est pour ceux qui leur ressemblent&#8221;.<\/em><\/strong> Matthieu 19:14<\/p>\n\n<p><\/p>\n\n<h2 class=\"wp-block-heading\">Donner du pouvoir \u00e0 la nouvelle g\u00e9n\u00e9ration iranienne<\/h2>\n\n<h3 class=\"wp-block-heading\">L&#8217;importance d&#8217;atteindre les enfants d&#8217;Iran<\/h3>\n\n<p><\/p>\n\n<p>Les enfants d&#8217;Iran sont confront\u00e9s \u00e0 d&#8217;immenses d\u00e9fis : r\u00e9gimes oppressifs, pauvret\u00e9, guerre et crise croissante de la sant\u00e9 mentale. Nombre d&#8217;entre eux sont expos\u00e9s \u00e0 des adultes qui luttent contre la d\u00e9pression, l&#8217;anxi\u00e9t\u00e9 ou la toxicomanie, ce qui les expose \u00e0 un risque \u00e9lev\u00e9 de traumatisme. Ces enfants sont \u00e0 un \u00e2ge critique, o\u00f9 ils forment leur vision du monde, font des choix pour leur avenir et d\u00e9couvrent leur identit\u00e9.  <\/p>\n\n<p><\/p>\n\n<blockquote class=\"wp-block-quote has-black-color has-text-color has-link-color wp-elements-a3e857cdef115c138d9a3221f120b85a is-layout-flow wp-block-quote-is-layout-flow\">\n<p class=\"has-black-color has-text-color has-link-color has-medium-font-size wp-elements-3aa9f9307a6d5b72d8112a248bdfb29a\">Sur Transform Iran, nous nous engageons \u00e0 soutenir les enfants chr\u00e9tiens d&#8217;Iran en leur apportant de l&#8217;espoir, des ressources et une communaut\u00e9 pour les aider non seulement \u00e0 survivre, mais aussi \u00e0 s&#8217;\u00e9panouir. Nous leur donnons les moyens de rester forts dans leur foi et d&#8217;embrasser avec confiance leur identit\u00e9 en Christ. Notre vision est de les \u00e9quiper pour qu&#8217;ils soient des t\u00e9moins puissants aupr\u00e8s de leurs pairs, partageant l&#8217;Evangile avec ceux qui les entourent.  <\/p>\n<\/blockquote>\n\n<p><\/p>\n\n<h2 class=\"wp-block-heading\">Pourquoi est-il essentiel d&#8217;atteindre les enfants d&#8217;Iran ?<\/h2>\n\n<p>Ces enfants sont l&#8217;avenir de l&#8217;Iran. Il est imp\u00e9ratif de leur transmettre le message de l&#8217;\u00c9vangile pendant qu&#8217;ils sont jeunes afin d&#8217;atteindre efficacement l&#8217;ensemble de notre nation pour le Christ. C&#8217;est \u00e0 cet \u00e2ge que se forment les visions du monde ; c&#8217;est aussi l&#8217;\u00e2ge auquel les enfants font des choix qui influencent leur avenir et leur compr\u00e9hension de leur valeur et de leur identit\u00e9.<\/p>\n\n<p><\/p>\n\n<h3 class=\"wp-block-heading\">Les dangers des faux enseignements et de l&#8217;oppression<\/h3>\n\n<p><\/p>\n\n<p>Le gouvernement iranien enseigne aux enfants que leur voix ne compte pas, que leur avenir peut et doit \u00eatre d\u00e9cid\u00e9 par leur parent masculin le plus proche, que les femmes doivent \u00eatre couvertes, soumises aux hommes, trait\u00e9es comme des objets, utilis\u00e9es pour le plaisir et jet\u00e9es \u00e0 volont\u00e9, et que les enfants n\u00e9s de relations abusives sont ill\u00e9gitimes et ont moins de valeur pour la soci\u00e9t\u00e9.<\/p>\n\n<p><\/p>\n\n<p>Les enfants se voient inculquer une image de Dieu impr\u00e9visible, sujet \u00e0 la col\u00e8re, regardant toujours les actes (plut\u00f4t que le c\u0153ur), exigeant l&#8217;ob\u00e9issance et pr\u00eat \u00e0 punir ceux qui lui font d\u00e9faut. On leur enseigne qu&#8217;ils ne peuvent pas remettre Dieu en question, qu&#8217;ils doivent privil\u00e9gier leur routine religieuse et leur d\u00e9votion par-dessus tout, que le djihad est honorable et que les juifs et les chr\u00e9tiens doivent \u00eatre \u00e9limin\u00e9s.<\/p>\n\n<p><\/p>\n\n<p><a href=\"https:\/\/transformiran.com\/fr\/apprendre\/les-defis-auxquels-sont-confrontes-les-enfants-iraniens-aujourdhui\/\">En savoir plus sur les d\u00e9fis auxquels les enfants iraniens sont confront\u00e9s aujourd&#8217;hui<\/a><\/p>\n\n<p><\/p>\n\n<p class=\"has-medium-font-size\"><strong>Dans ces circonstances difficiles, les communaut\u00e9s chr\u00e9tiennes ont un besoin urgent de soutien, d&#8217;encouragement et d&#8217;orientation.<\/strong><\/p>\n\n<figure class=\"wp-block-embed is-type-video is-provider-youtube wp-block-embed-youtube wp-embed-aspect-16-9 wp-has-aspect-ratio\"><div class=\"wp-block-embed__wrapper\">\n<iframe title=\"Bringing Hope to Iran&#039;s Children\" width=\"500\" height=\"281\" src=\"https:\/\/www.youtube.com\/embed\/UqlVFgh2xqQ?feature=oembed\" frameborder=\"0\" allow=\"accelerometer; autoplay; clipboard-write; encrypted-media; gyroscope; picture-in-picture; web-share\" referrerpolicy=\"strict-origin-when-cross-origin\" allowfullscreen><\/iframe>\n<\/div><\/figure>\n\n<blockquote class=\"wp-block-quote is-layout-flow wp-block-quote-is-layout-flow\">\n<p>Nous voulons transmettre \u00e0 ces enfants l&#8217;espoir de J\u00e9sus, en leur donnant les moyens de surmonter la pers\u00e9cution quotidienne et de reconna\u00eetre les faux enseignements avant qu&#8217;ils ne s&#8217;enracinent. En les prot\u00e9geant des visions du monde n\u00e9fastes et des id\u00e9es fausses sur leur P\u00e8re c\u00e9leste aimant, nous leur permettons de mieux comprendre le message du Christ et leur identit\u00e9 en lui.<\/p>\n<\/blockquote>\n\n<h2 class=\"wp-block-heading\">Comment le site Transform Iran atteint-il les enfants d&#8217;Iran ?<\/h2>\n\n<p><\/p>\n\n<p><\/p>\n\n<h3 class=\"wp-block-heading has-black-color has-text-color has-link-color wp-elements-a17f3a4f7b7d5ffa07ec822eb5294e1d\">Utiliser les m\u00e9dias pour transmettre l&#8217;\u00c9vangile aux enfants d&#8217;Iran<\/h3>\n\n<p><\/p>\n\n<p class=\"has-black-color has-text-color has-link-color wp-elements-fc41789f987473a01fc7371912fc44bd\">Gr\u00e2ce \u00e0 des m\u00e9dias sp\u00e9cialement cr\u00e9\u00e9s \u00e0 cet effet et soutenus par des ministres de l&#8217;enfance qualifi\u00e9s, nous pouvons faire en sorte que le message de l&#8217;\u00c9vangile soit entendu et compris par les enfants d&#8217;Iran et que ceux qui y r\u00e9pondent soient form\u00e9s et encadr\u00e9s afin qu&#8217;ils puissent grandir dans une foi personnelle significative en J\u00e9sus-Christ.<\/p>\n\n<p><\/p>\n\n<p><strong>D\u00e9veloppement d&#8217;une ic\u00f4ne nationale :<\/strong> depuis plus de 20 ans, les enfants iraniens adorent une marionnette t\u00e9l\u00e9vis\u00e9e insolente et curieuse appel\u00e9e &#8220;Chera&#8221; (=Pourquoi). Les statistiques de la t\u00e9l\u00e9vision nationale iranienne indiquent que 10 millions d&#8217;enfants ont regard\u00e9 les programmes de Chera.<\/p>\n\n<p>En 2014, le producteur et marionnettiste de cette ic\u00f4ne nationale s&#8217;est associ\u00e9 \u00e0 Transform Iran et a contribu\u00e9 \u00e0 cr\u00e9er une r\u00e9ponse directe : &#8216;Chonke&#8217; (=Cause). Chonke utilise la voix originale de la marionnette Chera. Une centaine d&#8217;\u00e9pisodes ont \u00e9t\u00e9 cr\u00e9\u00e9s et ont \u00e9t\u00e9 diffus\u00e9s \u00e0 de nombreuses reprises depuis, avec des r\u00e9actions extr\u00eamement positives. Nous nous pr\u00e9parons actuellement \u00e0 relancer l&#8217;\u00e9mission Chonke, bien-aim\u00e9e, en la faisant passer \u00e0 l&#8217;animation.<\/p>\n\n<div class=\"wp-block-columns is-layout-flex wp-container-core-columns-is-layout-9d6595d7 wp-block-columns-is-layout-flex\">\n<div class=\"wp-block-column is-layout-flow wp-block-column-is-layout-flow\">\n<figure class=\"wp-block-image size-large\"><img decoding=\"async\" width=\"1024\" height=\"790\" src=\"https:\/\/transformiran.com\/app\/uploads\/2024\/06\/222TV-Chonke-lite-1024x790.jpeg\" alt=\"Transform IranChonke Puppet\" class=\"wp-image-23623\" srcset=\"https:\/\/transformiran.com\/app\/uploads\/2024\/06\/222TV-Chonke-lite-1024x790.jpeg 1024w, https:\/\/transformiran.com\/app\/uploads\/2024\/06\/222TV-Chonke-lite-300x231.jpeg 300w, https:\/\/transformiran.com\/app\/uploads\/2024\/06\/222TV-Chonke-lite-768x592.jpeg 768w, https:\/\/transformiran.com\/app\/uploads\/2024\/06\/222TV-Chonke-lite-1536x1185.jpeg 1536w, https:\/\/transformiran.com\/app\/uploads\/2024\/06\/222TV-Chonke-lite-2048x1579.jpeg 2048w\" sizes=\"(max-width: 1024px) 100vw, 1024px\" \/><figcaption class=\"wp-element-caption\">2014 Marionnette Chonke cr\u00e9\u00e9e par Transform Iran<\/figcaption><\/figure>\n<\/div>\n\n\n\n<div class=\"wp-block-column is-layout-flow wp-block-column-is-layout-flow\">\n<figure class=\"wp-block-image size-large\"><img decoding=\"async\" width=\"1024\" height=\"791\" src=\"https:\/\/transformiran.com\/app\/uploads\/2024\/11\/CheraChonke-website-homepage-Nov-2024-lite-1-1024x791.jpg\" alt=\"Page d'accueil de CheraChonke\" class=\"wp-image-27060\" srcset=\"https:\/\/transformiran.com\/app\/uploads\/2024\/11\/CheraChonke-website-homepage-Nov-2024-lite-1-1024x791.jpg 1024w, https:\/\/transformiran.com\/app\/uploads\/2024\/11\/CheraChonke-website-homepage-Nov-2024-lite-1-300x232.jpg 300w, https:\/\/transformiran.com\/app\/uploads\/2024\/11\/CheraChonke-website-homepage-Nov-2024-lite-1-768x593.jpg 768w, https:\/\/transformiran.com\/app\/uploads\/2024\/11\/CheraChonke-website-homepage-Nov-2024-lite-1-1536x1186.jpg 1536w, https:\/\/transformiran.com\/app\/uploads\/2024\/11\/CheraChonke-website-homepage-Nov-2024-lite-1.jpg 1861w\" sizes=\"(max-width: 1024px) 100vw, 1024px\" \/><figcaption class=\"wp-element-caption\">Site web chr\u00e9tien sur mesure pour les enfants iraniens<\/figcaption><\/figure>\n<\/div>\n<\/div>\n\n<h3 class=\"wp-block-heading\">Ressources chr\u00e9tiennes interactives pour les enfants iraniens<\/h3>\n\n<p><\/p>\n\n<p><strong>D\u00e9veloppement d&#8217;un centre de ressources num\u00e9riques :<\/strong> gr\u00e2ce \u00e0 l&#8217;investissement g\u00e9n\u00e9reux de partenaires strat\u00e9giques, nous avons cr\u00e9\u00e9 un site web pour enfants sur mesure avec une richesse croissante de ressources pour les parents, les pasteurs d&#8217;enfants et les enseignants, ainsi que des pr\u00e9sentations de l&#8217;\u00c9vangile pour les enfants, des jeux interactifs, des programmes chr\u00e9tiens t\u00e9l\u00e9vis\u00e9s et audio pour les enfants et plus encore. <a href=\"http:\/\/www.cherachonke.com\/\" target=\"_blank\" rel=\"noreferrer noopener\">www.cherachonke.com<\/a> est un outil d&#8217;\u00e9vang\u00e9lisation r\u00e9volutionnaire pour les enfants d&#8217;Iran.  <\/p>\n\n<p><\/p>\n\n<h3 class=\"wp-block-heading has-black-color has-text-color has-link-color wp-elements-1b3292d820017183fbe1519f406a279f\">Sensibilisation de la communaut\u00e9 et soutien en personne<\/h3>\n\n<p><\/p>\n\n<p>Gr\u00e2ce \u00e0 une s\u00e9rie de programmes hebdomadaires de sensibilisation de la communaut\u00e9 (OCJ), les enfants chr\u00e9tiens &#8211; et ceux qu&#8217;ils atteignent &#8211; sont r\u00e9unis pour construire une communaut\u00e9, s&#8217;engager dans des activit\u00e9s r\u00e9cr\u00e9atives \u00e9ducatives, apprendre \u00e0 conna\u00eetre J\u00e9sus, et grandir dans leur propre identit\u00e9 et leur foi. La camaraderie entre pairs renforce les enfants dans leur compr\u00e9hension de l&#8217;\u00c9vangile et leur confiance dans l&#8217;\u00e9vang\u00e9lisation.   <\/p>\n\n<p><\/p>\n\n<p>L&#8217;aide humanitaire r\u00e9pond \u00e0 leurs besoins physiques : repas nutritifs, v\u00eatements d&#8217;hiver, cadeaux personnalis\u00e9s. La pri\u00e8re et le soutien spirituel s&#8217;adressent \u00e0 toute la famille. <\/p>\n\n<p><\/p>\n\n<blockquote class=\"wp-block-quote is-layout-flow wp-block-quote-is-layout-flow\">\n<p>C&#8217;est une fa\u00e7on passionnante de donner aux enfants l&#8217;occasion de vraiment comprendre qui est J\u00e9sus, ce qu&#8217;il a fait pour eux, et de le rencontrer en personne.<\/p>\n<\/blockquote>\n\n<p><\/p>\n\n<p>Dans les pays ferm\u00e9s comme l&#8217;Iran et l&#8217;Afghanistan, nous le faisons en groupes beaucoup plus restreints, dans les maisons, en veillant soigneusement \u00e0 leur s\u00e9curit\u00e9. Dans ce cas, il est imp\u00e9ratif de disposer de m\u00e9dias num\u00e9riques de qualit\u00e9 sur le <a href=\"http:\/\/www.cherachonke.com\" target=\"_blank\" rel=\"noreferrer noopener\">site www.cherachonke.com<\/a>. <\/p>\n\n<p><a href=\"https:\/\/transformiran.com\/fr\/notre-travail\/operation-noel-joyeux\/\">Plus d&#8217;informations sur Operation Christmas Joy (OCJ)<\/a><\/p>\n\n<p><\/p>\n\n<h3 class=\"wp-block-heading has-black-color has-text-color has-link-color wp-elements-488ac05d0b0829dbc54f43307e4db2c9\">Former des pasteurs d&#8217;enfants et des \u00e9vang\u00e9listes<\/h3>\n\n<p><\/p>\n\n<p>Transform Iran offre une formation approfondie et en personne afin de susciter des pasteurs et des \u00e9vang\u00e9listes pour enfants qui veilleront \u00e0 ce que le message de l&#8217;\u00c9vangile soit pr\u00e9sent\u00e9 aux enfants d&#8217;une mani\u00e8re qui puisse \u00eatre facilement dig\u00e9r\u00e9e et qui r\u00e9sonne dans leur c\u0153ur.<\/p>\n\n<p><\/p>\n\n<div class=\"wp-block-group has-blue-background-color has-background\"><div class=\"wp-block-group__inner-container is-layout-constrained wp-block-group-is-layout-constrained\">\n<h2 class=\"wp-block-heading has-white-color has-text-color has-link-color wp-elements-1ceb71e369531185a6c0ef2ad23d4ee5\">Allez-vous contribuer \u00e0 donner aux enfants chr\u00e9tiens les moyens de vaincre ?<\/h2>\n\n\n\n<p>Les enfants d&#8217;Iran ont besoin de notre aide pour surmonter les d\u00e9fis auxquels ils sont confront\u00e9s et pour rester fermes dans leur foi. Votre soutien peut faire une diff\u00e9rence dans la vie des enfants iraniens, en les aidant \u00e0 construire des relations durables avec J\u00e9sus et \u00e0 devenir des t\u00e9moins audacieux du Christ dans leurs communaut\u00e9s. <\/p>\n\n\n\n<div class=\"wp-block-buttons is-layout-flex wp-block-buttons-is-layout-flex\">\n<div class=\"wp-block-button\"><a class=\"wp-block-button__link wp-element-button\" href=\"https:\/\/transformiran.com\/fr\/donate\/\">Faire un don<\/a><\/div>\n<\/div>\n<\/div><\/div>\n\n<p><\/p>\n","protected":false},"excerpt":{"rendered":"<p>J\u00e9sus dit : &#8220;Laissez venir \u00e0 moi les petits enfants et ne les emp\u00eachez pas, car le royaume des cieux est pour ceux qui leur ressemblent&#8221;. Matthieu 19:14 Donner du pouvoir \u00e0 la nouvelle g\u00e9n\u00e9ration iranienne L&#8217;importance d&#8217;atteindre les enfants d&#8217;Iran Les enfants d&#8217;Iran sont confront\u00e9s \u00e0 d&#8217;immenses d\u00e9fis : r\u00e9gimes oppressifs, pauvret\u00e9, guerre et [&hellip;]<\/p>\n","protected":false},"author":4,"featured_media":23444,"parent":14016,"menu_order":0,"comment_status":"closed","ping_status":"closed","template":"page-work.php","meta":{"_acf_changed":false,"give_campaign_id":0,"om_disable_all_campaigns":false,"_mi_skip_tracking":false,"footnotes":""},"class_list":["post-23638","page","type-page","status-publish","has-post-thumbnail","hentry"],"acf":[],"yoast_head":"<!-- This site is optimized with the Yoast SEO plugin v27.3 - https:\/\/yoast.com\/product\/yoast-seo-wordpress\/ -->\n<title>Atteindre les enfants - Transform Iran<\/title>\n<meta name=\"robots\" content=\"index, follow, max-snippet:-1, max-image-preview:large, max-video-preview:-1\" \/>\n<link rel=\"canonical\" href=\"https:\/\/transformiran.com\/fr\/notre-travail\/atteindre-les-enfants\/\" \/>\n<meta property=\"og:locale\" content=\"fr_FR\" \/>\n<meta property=\"og:type\" content=\"article\" \/>\n<meta property=\"og:title\" content=\"Atteindre les enfants - Transform Iran\" \/>\n<meta property=\"og:description\" content=\"J\u00e9sus dit : &#8220;Laissez venir \u00e0 moi les petits enfants et ne les emp\u00eachez pas, car le royaume des cieux est pour ceux qui leur ressemblent&#8221;. Matthieu 19:14 Donner du pouvoir \u00e0 la nouvelle g\u00e9n\u00e9ration iranienne L&#8217;importance d&#8217;atteindre les enfants d&#8217;Iran Les enfants d&#8217;Iran sont confront\u00e9s \u00e0 d&#8217;immenses d\u00e9fis : r\u00e9gimes oppressifs, pauvret\u00e9, guerre et [&hellip;]\" \/>\n<meta property=\"og:url\" content=\"https:\/\/transformiran.com\/fr\/notre-travail\/atteindre-les-enfants\/\" \/>\n<meta property=\"og:site_name\" content=\"Transform Iran\" \/>\n<meta property=\"article:publisher\" content=\"https:\/\/www.facebook.com\/222MinistriesUSAInc\" \/>\n<meta property=\"article:modified_time\" content=\"2025-04-25T21:08:50+00:00\" \/>\n<meta property=\"og:image\" content=\"https:\/\/transformiran.com\/app\/uploads\/2024\/06\/child-looking-up-landscape-scaled.jpg\" \/>\n\t<meta property=\"og:image:width\" content=\"3000\" \/>\n\t<meta property=\"og:image:height\" content=\"2369\" \/>\n\t<meta property=\"og:image:type\" content=\"image\/jpeg\" \/>\n<meta name=\"twitter:card\" content=\"summary_large_image\" \/>\n<meta name=\"twitter:site\" content=\"@222minint\" \/>\n<meta name=\"twitter:label1\" content=\"Est. reading time\" \/>\n\t<meta name=\"twitter:data1\" content=\"6 minutes\" \/>\n<script type=\"application\/ld+json\" class=\"yoast-schema-graph\">{\"@context\":\"https:\\\/\\\/schema.org\",\"@graph\":[{\"@type\":\"WebPage\",\"@id\":\"https:\\\/\\\/transformiran.com\\\/fr\\\/notre-travail\\\/atteindre-les-enfants\\\/\",\"url\":\"https:\\\/\\\/transformiran.com\\\/fr\\\/notre-travail\\\/atteindre-les-enfants\\\/\",\"name\":\"Atteindre les enfants - Transform Iran\",\"isPartOf\":{\"@id\":\"https:\\\/\\\/transformiran.com\\\/fr\\\/#website\"},\"primaryImageOfPage\":{\"@id\":\"https:\\\/\\\/transformiran.com\\\/fr\\\/notre-travail\\\/atteindre-les-enfants\\\/#primaryimage\"},\"image\":{\"@id\":\"https:\\\/\\\/transformiran.com\\\/fr\\\/notre-travail\\\/atteindre-les-enfants\\\/#primaryimage\"},\"thumbnailUrl\":\"https:\\\/\\\/transformiran.com\\\/app\\\/uploads\\\/2024\\\/06\\\/child-looking-up-landscape-scaled.jpg\",\"datePublished\":\"2024-06-03T22:45:38+00:00\",\"dateModified\":\"2025-04-25T21:08:50+00:00\",\"breadcrumb\":{\"@id\":\"https:\\\/\\\/transformiran.com\\\/fr\\\/notre-travail\\\/atteindre-les-enfants\\\/#breadcrumb\"},\"inLanguage\":\"fr-FR\",\"potentialAction\":[{\"@type\":\"ReadAction\",\"target\":[\"https:\\\/\\\/transformiran.com\\\/fr\\\/notre-travail\\\/atteindre-les-enfants\\\/\"]}]},{\"@type\":\"ImageObject\",\"inLanguage\":\"fr-FR\",\"@id\":\"https:\\\/\\\/transformiran.com\\\/fr\\\/notre-travail\\\/atteindre-les-enfants\\\/#primaryimage\",\"url\":\"https:\\\/\\\/transformiran.com\\\/app\\\/uploads\\\/2024\\\/06\\\/child-looking-up-landscape-scaled.jpg\",\"contentUrl\":\"https:\\\/\\\/transformiran.com\\\/app\\\/uploads\\\/2024\\\/06\\\/child-looking-up-landscape-scaled.jpg\",\"width\":3000,\"height\":2369},{\"@type\":\"BreadcrumbList\",\"@id\":\"https:\\\/\\\/transformiran.com\\\/fr\\\/notre-travail\\\/atteindre-les-enfants\\\/#breadcrumb\",\"itemListElement\":[{\"@type\":\"ListItem\",\"position\":1,\"name\":\"Home\",\"item\":\"https:\\\/\\\/transformiran.com\\\/fr\\\/home\\\/\"},{\"@type\":\"ListItem\",\"position\":2,\"name\":\"Notre travail\",\"item\":\"https:\\\/\\\/transformiran.com\\\/fr\\\/notre-travail\\\/\"},{\"@type\":\"ListItem\",\"position\":3,\"name\":\"Atteindre les enfants\"}]},{\"@type\":\"WebSite\",\"@id\":\"https:\\\/\\\/transformiran.com\\\/fr\\\/#website\",\"url\":\"https:\\\/\\\/transformiran.com\\\/fr\\\/\",\"name\":\"Transform Iran\",\"description\":\"Bringing the love and power of Christ to Iran - and beyond\",\"publisher\":{\"@id\":\"https:\\\/\\\/transformiran.com\\\/fr\\\/#organization\"},\"potentialAction\":[{\"@type\":\"SearchAction\",\"target\":{\"@type\":\"EntryPoint\",\"urlTemplate\":\"https:\\\/\\\/transformiran.com\\\/fr\\\/?s={search_term_string}\"},\"query-input\":{\"@type\":\"PropertyValueSpecification\",\"valueRequired\":true,\"valueName\":\"search_term_string\"}}],\"inLanguage\":\"fr-FR\"},{\"@type\":\"Organization\",\"@id\":\"https:\\\/\\\/transformiran.com\\\/fr\\\/#organization\",\"name\":\"Transform Iran\",\"url\":\"https:\\\/\\\/transformiran.com\\\/fr\\\/\",\"logo\":{\"@type\":\"ImageObject\",\"inLanguage\":\"fr-FR\",\"@id\":\"https:\\\/\\\/transformiran.com\\\/fr\\\/#\\\/schema\\\/logo\\\/image\\\/\",\"url\":\"https:\\\/\\\/transformiran.com\\\/app\\\/uploads\\\/2022\\\/11\\\/logo_grey.jpg\",\"contentUrl\":\"https:\\\/\\\/transformiran.com\\\/app\\\/uploads\\\/2022\\\/11\\\/logo_grey.jpg\",\"width\":528,\"height\":90,\"caption\":\"Transform Iran\"},\"image\":{\"@id\":\"https:\\\/\\\/transformiran.com\\\/fr\\\/#\\\/schema\\\/logo\\\/image\\\/\"},\"sameAs\":[\"https:\\\/\\\/www.facebook.com\\\/222MinistriesUSAInc\",\"https:\\\/\\\/x.com\\\/222minint\",\"https:\\\/\\\/www.instagram.com\\\/222ministriesinternational\\\/\"]}]}<\/script>\n<!-- \/ Yoast SEO plugin. -->","yoast_head_json":{"title":"Atteindre les enfants - Transform Iran","robots":{"index":"index","follow":"follow","max-snippet":"max-snippet:-1","max-image-preview":"max-image-preview:large","max-video-preview":"max-video-preview:-1"},"canonical":"https:\/\/transformiran.com\/fr\/notre-travail\/atteindre-les-enfants\/","og_locale":"fr_FR","og_type":"article","og_title":"Atteindre les enfants - Transform Iran","og_description":"J\u00e9sus dit : &#8220;Laissez venir \u00e0 moi les petits enfants et ne les emp\u00eachez pas, car le royaume des cieux est pour ceux qui leur ressemblent&#8221;. Matthieu 19:14 Donner du pouvoir \u00e0 la nouvelle g\u00e9n\u00e9ration iranienne L&#8217;importance d&#8217;atteindre les enfants d&#8217;Iran Les enfants d&#8217;Iran sont confront\u00e9s \u00e0 d&#8217;immenses d\u00e9fis : r\u00e9gimes oppressifs, pauvret\u00e9, guerre et [&hellip;]","og_url":"https:\/\/transformiran.com\/fr\/notre-travail\/atteindre-les-enfants\/","og_site_name":"Transform Iran","article_publisher":"https:\/\/www.facebook.com\/222MinistriesUSAInc","article_modified_time":"2025-04-25T21:08:50+00:00","og_image":[{"width":3000,"height":2369,"url":"https:\/\/transformiran.com\/app\/uploads\/2024\/06\/child-looking-up-landscape-scaled.jpg","type":"image\/jpeg"}],"twitter_card":"summary_large_image","twitter_site":"@222minint","twitter_misc":{"Est. reading time":"6 minutes"},"schema":{"@context":"https:\/\/schema.org","@graph":[{"@type":"WebPage","@id":"https:\/\/transformiran.com\/fr\/notre-travail\/atteindre-les-enfants\/","url":"https:\/\/transformiran.com\/fr\/notre-travail\/atteindre-les-enfants\/","name":"Atteindre les enfants - Transform Iran","isPartOf":{"@id":"https:\/\/transformiran.com\/fr\/#website"},"primaryImageOfPage":{"@id":"https:\/\/transformiran.com\/fr\/notre-travail\/atteindre-les-enfants\/#primaryimage"},"image":{"@id":"https:\/\/transformiran.com\/fr\/notre-travail\/atteindre-les-enfants\/#primaryimage"},"thumbnailUrl":"https:\/\/transformiran.com\/app\/uploads\/2024\/06\/child-looking-up-landscape-scaled.jpg","datePublished":"2024-06-03T22:45:38+00:00","dateModified":"2025-04-25T21:08:50+00:00","breadcrumb":{"@id":"https:\/\/transformiran.com\/fr\/notre-travail\/atteindre-les-enfants\/#breadcrumb"},"inLanguage":"fr-FR","potentialAction":[{"@type":"ReadAction","target":["https:\/\/transformiran.com\/fr\/notre-travail\/atteindre-les-enfants\/"]}]},{"@type":"ImageObject","inLanguage":"fr-FR","@id":"https:\/\/transformiran.com\/fr\/notre-travail\/atteindre-les-enfants\/#primaryimage","url":"https:\/\/transformiran.com\/app\/uploads\/2024\/06\/child-looking-up-landscape-scaled.jpg","contentUrl":"https:\/\/transformiran.com\/app\/uploads\/2024\/06\/child-looking-up-landscape-scaled.jpg","width":3000,"height":2369},{"@type":"BreadcrumbList","@id":"https:\/\/transformiran.com\/fr\/notre-travail\/atteindre-les-enfants\/#breadcrumb","itemListElement":[{"@type":"ListItem","position":1,"name":"Home","item":"https:\/\/transformiran.com\/fr\/home\/"},{"@type":"ListItem","position":2,"name":"Notre travail","item":"https:\/\/transformiran.com\/fr\/notre-travail\/"},{"@type":"ListItem","position":3,"name":"Atteindre les enfants"}]},{"@type":"WebSite","@id":"https:\/\/transformiran.com\/fr\/#website","url":"https:\/\/transformiran.com\/fr\/","name":"Transform Iran","description":"Bringing the love and power of Christ to Iran - and beyond","publisher":{"@id":"https:\/\/transformiran.com\/fr\/#organization"},"potentialAction":[{"@type":"SearchAction","target":{"@type":"EntryPoint","urlTemplate":"https:\/\/transformiran.com\/fr\/?s={search_term_string}"},"query-input":{"@type":"PropertyValueSpecification","valueRequired":true,"valueName":"search_term_string"}}],"inLanguage":"fr-FR"},{"@type":"Organization","@id":"https:\/\/transformiran.com\/fr\/#organization","name":"Transform Iran","url":"https:\/\/transformiran.com\/fr\/","logo":{"@type":"ImageObject","inLanguage":"fr-FR","@id":"https:\/\/transformiran.com\/fr\/#\/schema\/logo\/image\/","url":"https:\/\/transformiran.com\/app\/uploads\/2022\/11\/logo_grey.jpg","contentUrl":"https:\/\/transformiran.com\/app\/uploads\/2022\/11\/logo_grey.jpg","width":528,"height":90,"caption":"Transform Iran"},"image":{"@id":"https:\/\/transformiran.com\/fr\/#\/schema\/logo\/image\/"},"sameAs":["https:\/\/www.facebook.com\/222MinistriesUSAInc","https:\/\/x.com\/222minint","https:\/\/www.instagram.com\/222ministriesinternational\/"]}]}},"campaignId":"","_links":{"self":[{"href":"https:\/\/transformiran.com\/fr\/wp-json\/wp\/v2\/pages\/23638","targetHints":{"allow":["GET"]}}],"collection":[{"href":"https:\/\/transformiran.com\/fr\/wp-json\/wp\/v2\/pages"}],"about":[{"href":"https:\/\/transformiran.com\/fr\/wp-json\/wp\/v2\/types\/page"}],"author":[{"embeddable":true,"href":"https:\/\/transformiran.com\/fr\/wp-json\/wp\/v2\/users\/4"}],"replies":[{"embeddable":true,"href":"https:\/\/transformiran.com\/fr\/wp-json\/wp\/v2\/comments?post=23638"}],"version-history":[{"count":0,"href":"https:\/\/transformiran.com\/fr\/wp-json\/wp\/v2\/pages\/23638\/revisions"}],"up":[{"embeddable":true,"href":"https:\/\/transformiran.com\/fr\/wp-json\/wp\/v2\/pages\/14016"}],"wp:featuredmedia":[{"embeddable":true,"href":"https:\/\/transformiran.com\/fr\/wp-json\/wp\/v2\/media\/23444"}],"wp:attachment":[{"href":"https:\/\/transformiran.com\/fr\/wp-json\/wp\/v2\/media?parent=23638"}],"curies":[{"name":"wp","href":"https:\/\/api.w.org\/{rel}","templated":true}]}}