{"id":9727,"date":"2022-11-03T12:21:27","date_gmt":"2022-11-03T12:21:27","guid":{"rendered":"https:\/\/transformiran.com\/parel-van-perzie\/"},"modified":"2026-04-27T18:20:42","modified_gmt":"2026-04-27T17:20:42","slug":"parel-van-perzie","status":"publish","type":"page","link":"https:\/\/transformiran.com\/nl\/ons-werk\/parel-van-perzie\/","title":{"rendered":"Parel van Perzi\u00eb"},"content":{"rendered":"\n<p><\/p>\n\n<h3 class=\"wp-block-heading\">Het gebrokene herstellen. De wederopbouw van het gezin.<\/h3>\n\n<p class=\"has-medium-font-size\">Parel van Perzi\u00eb is er om de meest gebrokenen in Iran te bereiken met de liefde en kracht van het evangelie &#8211; om genezing, herstel en transformatie te brengen aan hen die vastzitten in verslaving, misbruik en uitbuiting.<\/p>\n\n<p>Veel Irani\u00ebrs leven onder zware sociale, emotionele en spirituele druk die hoop, waardigheid en gezinsleven heeft aangetast. Zowel vrouwen als mannen dragen ongeziene lasten &#8211; verslaving, trauma&#8217;s, isolement en wanhoop &#8211; die vaak onuitgesproken blijven. Pearl wil aan de zijde staan van hen die het gevoel hebben dat ze hun stem zijn kwijtgeraakt en biedt mededogen, waarheid en de belofte van vernieuwing die in Christus te vinden is.  <\/p>\n\n<div class=\"wp-block-buttons is-content-justification-center is-layout-flex wp-container-core-buttons-is-layout-16018d1d wp-block-buttons-is-layout-flex\">\n<div class=\"wp-block-button\"><a class=\"wp-block-button__link has-white-color has-vivid-red-background-color has-text-color has-background has-link-color wp-element-button\" href=\"https:\/\/transformiran.com\/nl\/doneer\/\">Help vandaag een leven te herstellen<\/a><\/div>\n<\/div>\n\n<h2 class=\"wp-block-heading has-gold-color has-text-color has-link-color wp-elements-571b8cb1d88ebd7d06f95f795ab69960\">De crisis die we niet kunnen negeren<\/h2>\n\n<p>Hoewel Iran een opmerkelijke geestelijke honger, grootschalige opwekking en kerkgroei doormaakt, zitten miljoenen mensen gevangen in verwoestende cycli van trauma&#8217;s, verslaving en misbruik &#8211; levend in hopeloze omstandigheden met weinig toegang tot echte hulp. De kerk is nog niet toegerust om te reageren op de diepte en omvang van deze crisis.<\/p>\n\n<p><strong>Als we Iran getransformeerd willen zien, kunnen we de gebroken mensen niet negeren.<\/strong><\/p>\n\n<p><\/p>\n\n<h3 class=\"wp-block-heading\">Een natie in diepe gebrokenheid<\/h3>\n\n<p>Dit is geen marginaal probleem. Het is een nationale crisis die gezinnen, vrouwen en kinderen in alle lagen van de samenleving treft. <\/p>\n\n<p>Prostitutie, misbruik, verslaving en depressie zijn verweven in gezinnen en huwelijken. Ze zijn het weefsel van het gezin binnengedrongen en verwoesten levens, ongeacht opleiding of sociale status.<\/p>\n\n<p><\/p>\n\n<p>Het AIDS Research Center van de Iraanse welzijnsorganisatie beweert dat 50% van de vrouwen in de prostitutie huisvrouwen zijn. Elk jaar worden duizenden meisjes tussen de 5 en 14 jaar tot een huwelijk gedwongen, waarbij zwangerschappen op 10-jarige leeftijd al worden gemeld. In Ahvaz wordt gemeld dat er elke dag tussen de \u00e9\u00e9n en drie meisjes onder de 15 jaar worden uitgehuwelijkt. Volgens het hoofd van het vrouwencomit\u00e9 in de provincie Ahvaz (Pooneh Pilram): <strong><em>&#8220;Wanneer families niet voor hun kinderen kunnen zorgen, raken ze eerst hun dochter kwijt.&#8221; <\/em><\/strong>  <\/p>\n\n<p><\/p>\n\n<h3 class=\"wp-block-heading\">De omvang van de crisis<\/h3>\n\n<p>Er zijn geen betrouwbare statistieken over het aantal getroffenen, maar de verschillende onderzoeken geven een verwoestend beeld van een gebroken volk:<\/p>\n\n<ul class=\"wp-block-list\">\n<li>Meer dan <strong>1 miljoen <\/strong>vrouwen en meisjes zitten vast in prostitutie &#8211; sommigen al vanaf 12 jaar.<\/li>\n<\/ul>\n\n<ul class=\"wp-block-list\">\n<li>Sighe&#8217; tijdelijke huwelijken legaliseren misbruik voor meisjes van elke leeftijd<\/li>\n\n\n\n<li><strong>1 op de 5 huwelijken<\/strong> wordt gesloten door kinderen, met meisjes vanaf vijf jaar<\/li>\n\n\n\n<li>Elk jaar worden honderden baby&#8217;s geboren bij moeders van 10-14 jaar<\/li>\n\n\n\n<li>Ongeveer 700.000 kinderen in <strong>dwangarbeid<\/strong>, plus 100.000 achtergelaten op straat<\/li>\n\n\n\n<li>Meer dan <strong>4,4 miljoen Irani\u00ebrs<\/strong> zijn verslaafd aan drugs<\/li>\n\n\n\n<li><strong>18-22 miljoen mensen<\/strong> lijden aan geestelijke gezondheidsproblemen of ontwikkelingsstoornissen, vooral depressie en angststoornissen<\/li>\n\n\n\n<li>Het aantal zelfmoorden is in 20 jaar met 44% gestegen, met <strong>15 zelfmoorden per dag<\/strong>, meestal van 15-35 jaar (pogingen tot zelfdoding zijn ongeveer 20 keer zo hoog).<\/li>\n<\/ul>\n\n<blockquote class=\"wp-block-quote is-layout-flow wp-block-quote-is-layout-flow\">\n<p>Irani\u00ebrs zijn een diep getraumatiseerd volk dat hoop en genezing nodig heeft. Achter elk nummer schuilt een leven getekend door trauma, schaamte en hopeloosheid.<\/p>\n<\/blockquote>\n\n<p>In 2021 kondigde de Iraanse minister van Volksgezondheid aan dat 25% van de Irani\u00ebrs klinisch depressief is. Op 3 september 2023 verklaarde Ahmad Jalili, het hoofd van de Iraanse Psychiatrische Associatie, dat &#8220;volgens uitgevoerd onderzoek het percentage depressies onder burgers die in Teheran wonen bijna 34 procent is&#8221;.<\/p>\n\n<p><a href=\"https:\/\/transformiran.com\/nl\/leer\/prostitutie-huwelijken-onder-de-leeftijd-en-verslaving-in-iran\/\" target=\"_blank\" rel=\"noreferrer noopener\">Lees de verwoestende realiteit van prostitutie, minderjarige huwelijken en verslaving in Iran<\/a><\/p>\n\n<p><a href=\"https:\/\/transformiran.com\/nl\/leer\/de-werkende-kinderen-van-iran\/\" target=\"_blank\" rel=\"noreferrer noopener\">Lees over de harde realiteit voor de werkende kinderen in Iran<\/a><\/p>\n\n<div class=\"wp-block-columns is-layout-flex wp-container-core-columns-is-layout-9d6595d7 wp-block-columns-is-layout-flex\">\n<div class=\"wp-block-column is-layout-flow wp-block-column-is-layout-flow\">\n<figure class=\"wp-block-image size-large\"><img loading=\"lazy\" decoding=\"async\" width=\"1024\" height=\"1024\" src=\"https:\/\/transformiran.com\/app\/uploads\/2026\/04\/4-1-1024x1024.jpg\" alt=\"\" class=\"wp-image-37545\" srcset=\"https:\/\/transformiran.com\/app\/uploads\/2026\/04\/4-1-1024x1024.jpg 1024w, https:\/\/transformiran.com\/app\/uploads\/2026\/04\/4-1-300x300.jpg 300w, https:\/\/transformiran.com\/app\/uploads\/2026\/04\/4-1-150x150.jpg 150w, https:\/\/transformiran.com\/app\/uploads\/2026\/04\/4-1-768x768.jpg 768w, https:\/\/transformiran.com\/app\/uploads\/2026\/04\/4-1.jpg 1080w\" sizes=\"auto, (max-width: 1024px) 100vw, 1024px\" \/><\/figure>\n<\/div>\n\n\n\n<div class=\"wp-block-column is-layout-flow wp-block-column-is-layout-flow\">\n<figure class=\"wp-block-image size-large\"><img loading=\"lazy\" decoding=\"async\" width=\"1024\" height=\"1024\" src=\"https:\/\/transformiran.com\/app\/uploads\/2026\/04\/5-1024x1024.jpg\" alt=\"\" class=\"wp-image-37552\" srcset=\"https:\/\/transformiran.com\/app\/uploads\/2026\/04\/5-1024x1024.jpg 1024w, https:\/\/transformiran.com\/app\/uploads\/2026\/04\/5-300x300.jpg 300w, https:\/\/transformiran.com\/app\/uploads\/2026\/04\/5-150x150.jpg 150w, https:\/\/transformiran.com\/app\/uploads\/2026\/04\/5-768x768.jpg 768w, https:\/\/transformiran.com\/app\/uploads\/2026\/04\/5.jpg 1080w\" sizes=\"auto, (max-width: 1024px) 100vw, 1024px\" \/><\/figure>\n<\/div>\n<\/div>\n\n<h3 class=\"wp-block-heading\">De diepere kwestie: Een crisis in het gezin<\/h3>\n\n<p>Dit gaat niet alleen over individuen. Prostitutie, verslaving, misbruik en depressie verscheuren het gezinsweefsel in Iran. Veel vrouwen in de prostitutie zijn getrouwd. Jonge meisjes worden gedwongen tot een vroeg huwelijk en worden in de steek gelaten. Trauma&#8217;s worden van generatie op generatie doorgegeven.      <\/p>\n\n<p><strong>Zonder ingrijpen gaat de cyclus door.<\/strong> <strong>Pearl bestaat om die cyclus te doorbreken.<\/strong><\/p>\n\n<h2 class=\"wp-block-heading\">Hoe Parel van Perzi\u00eb voor Transformatie zorgt<\/h2>\n\n<p><strong>Parel van Perzi\u00eb brengt een boodschap van hoop, gespecialiseerde begeleiding en praktische ondersteuning voor mensen die op zoek zijn naar vrijheid van verslaving en zelfdestructie. De kern van de missie is het herstel van het gezin. <\/strong><\/p>\n\n<p>Parel van Perzi\u00eb is opgericht om de kerk in Iran toe te rusten om te reageren met zowel waarheid als mededogen &#8211; om mensen op hun diepste punt van nood te ontmoeten en met hen naar vrijheid te wandelen. Dit omvat zowel mensen die Jezus voor het eerst ontmoeten als een uitweg uit de hopeloosheid, als gelovigen die nog steeds steun nodig hebben om echte genezing te ervaren van het trauma uit hun verleden.  Pearl biedt een veilige ruimte voor eerlijke gesprekken over diepgewortelde worstelingen, waaronder identiteit, wonden uit het verleden en gebroken gezinnen, altijd met het doel van genezing en herstel. De kern van dit werk is het verlangen om levens opnieuw op te bouwen, gezinnen te herstellen en hoop terug te winnen door de liefde van Jezus. <\/p>\n\n<p>Via Pearl, individuen:<\/p>\n\n<ul class=\"wp-block-list\">\n<li>Ontmoet Jezus op een persoonlijke, levensveranderende manier<\/li>\n\n\n\n<li>Ontvang \u00e9\u00e9n-op-\u00e9\u00e9n begeleiding voor trauma, verslaving en misbruik<\/li>\n\n\n\n<li>Destructieve cycli doorbreken en hun identiteit opnieuw opbouwen<\/li>\n\n\n\n<li>Praktische vaardigheden aanleren om waardigheid, stabiliteit en onafhankelijkheid te herstellen<\/li>\n\n\n\n<li>Hun leven weer op te bouwen en te beginnen met het herstel van huwelijken, gezinnen en gemeenschappen<\/li>\n<\/ul>\n\n<p><strong>Dit gaat niet alleen over redden. Het gaat over blijvende Transformatie. <\/strong><\/p>\n\n<p><a href=\"https:\/\/transformiran.com\/nl\/impact-nl\/hoe-een-instagram-post-mijn-huwelijk-redde\/\" target=\"_blank\" rel=\"noreferrer noopener\">Lees hoe een &#8216;Parel van Perzi\u00eb&#8217;-post op sociale media een huwelijk redde en een stel naar verlossing leidde<\/a><\/p>\n\n<p><\/p>\n\n<blockquote class=\"wp-block-quote is-layout-flow wp-block-quote-is-layout-flow\">\n<p>Het is tijd dat de kerk een betere weg wijst, de jeugd van Iran herstelt en de integriteit van de familie-eenheid in Iran herstelt. We delen het goede nieuws op een manier die deze sector van de samenleving direct aanspreekt, we bieden gespecialiseerde begeleiding en ondersteuning op praktische manieren.<\/p>\n<\/blockquote>\n\n<div class=\"wp-block-columns is-layout-flex wp-container-core-columns-is-layout-9d6595d7 wp-block-columns-is-layout-flex\">\n<div class=\"wp-block-column is-layout-flow wp-block-column-is-layout-flow\">\n<figure class=\"wp-block-image size-large\"><img loading=\"lazy\" decoding=\"async\" width=\"1024\" height=\"1024\" src=\"https:\/\/transformiran.com\/app\/uploads\/2026\/04\/Pearl-of-Persia-1-2-1024x1024.jpg\" alt=\"\" class=\"wp-image-37594\" srcset=\"https:\/\/transformiran.com\/app\/uploads\/2026\/04\/Pearl-of-Persia-1-2-1024x1024.jpg 1024w, https:\/\/transformiran.com\/app\/uploads\/2026\/04\/Pearl-of-Persia-1-2-300x300.jpg 300w, https:\/\/transformiran.com\/app\/uploads\/2026\/04\/Pearl-of-Persia-1-2-150x150.jpg 150w, https:\/\/transformiran.com\/app\/uploads\/2026\/04\/Pearl-of-Persia-1-2-768x768.jpg 768w, https:\/\/transformiran.com\/app\/uploads\/2026\/04\/Pearl-of-Persia-1-2.jpg 1080w\" sizes=\"auto, (max-width: 1024px) 100vw, 1024px\" \/><\/figure>\n<\/div>\n\n\n\n<div class=\"wp-block-column is-layout-flow wp-block-column-is-layout-flow\">\n<figure class=\"wp-block-image size-large\"><img loading=\"lazy\" decoding=\"async\" width=\"1024\" height=\"1024\" src=\"https:\/\/transformiran.com\/app\/uploads\/2026\/04\/Pearl-Posts-August-2023-1024x1024.jpg\" alt=\"\" class=\"wp-image-37587\" srcset=\"https:\/\/transformiran.com\/app\/uploads\/2026\/04\/Pearl-Posts-August-2023-1024x1024.jpg 1024w, https:\/\/transformiran.com\/app\/uploads\/2026\/04\/Pearl-Posts-August-2023-300x300.jpg 300w, https:\/\/transformiran.com\/app\/uploads\/2026\/04\/Pearl-Posts-August-2023-150x150.jpg 150w, https:\/\/transformiran.com\/app\/uploads\/2026\/04\/Pearl-Posts-August-2023-768x768.jpg 768w, https:\/\/transformiran.com\/app\/uploads\/2026\/04\/Pearl-Posts-August-2023.jpg 1080w\" sizes=\"auto, (max-width: 1024px) 100vw, 1024px\" \/><\/figure>\n<\/div>\n<\/div>\n\n<p>Wij geloven:<\/p>\n\n<ul class=\"wp-block-list\">\n<li>Het meest gebrokene kan volledig worden hersteld<\/li>\n\n\n\n<li>De kerk kan worden toegerust om effectief te reageren<\/li>\n\n\n\n<li>Gezinnen kunnen worden heropgebouwd<\/li>\n\n\n\n<li>Iran kan worden getransformeerd door de kracht van het evangelie<\/li>\n<\/ul>\n\n<h3 class=\"wp-block-heading\">Maak deel uit van de restauratie<\/h3>\n\n<p>Dit werk is dringend &#8211; en het groeit.<\/p>\n\n<p>Uw steun helpt:<\/p>\n\n<ul class=\"wp-block-list\">\n<li>Begeleiding bieden aan mensen in een crisissituatie<\/li>\n\n\n\n<li>Gelovigen toerusten om effectief te prediken<\/li>\n\n\n\n<li>De meest verborgen en kwetsbare mensen bereiken<\/li>\n\n\n\n<li>Gezinnen herstellen en levens opnieuw opbouwen<\/li>\n<\/ul>\n\n<p><a href=\"https:\/\/transformiran.com\/nl\/doneer\/\">Geef vandaag en help Iran te genezen<\/a><\/p>\n\n<p><\/p>\n\n<h3 class=\"wp-block-heading\">Een leven getransformeerd<\/h3>\n\n<p>Een vrouw ontdekte Pearl via een tv-programma. Wat volgde veranderde alles. Ze gaf haar leven aan Jezus, kreeg \u00e9\u00e9n-op-\u00e9\u00e9n begeleiding, vond genezing en vrijheid van haar verleden. Ze bouwde een succesvol bedrijf op en begon haar geloof met anderen te delen. Zelfs na een gevangenisstraf en het verlies van alles, zet ze haar reis naar genezing voort &#8211; met de voortdurende steun van Pearl.    <\/p>\n\n<p><strong>Vandaag droomt ze ervan om andere vrouwen te helpen dezelfde vrijheid te vinden.<\/strong><\/p>\n\n<p><\/p>\n\n<blockquote class=\"wp-block-quote is-layout-flow wp-block-quote-is-layout-flow\">\n<p>Hoe kan ik mijn verhaal in een paar woorden vertellen? Ik heb in mijn jeugd afschuwelijk misbruik meegemaakt. Als gevolg daarvan belandde ik in relaties met veel mannen (waaronder sighe). Ik zat gevangen in een cyclus van stelen, liegen en nog veel meer. Op een dag zocht ik tv-kanalen en vond ik de programma&#8217;s van Parel van Perzi\u00eb. Ik belde en sprak met een consulent. Ze legde me veel dingen uit. Ik gaf mijn leven aan Jezus, kreeg 1:1 counseling van de Parel van Perzi\u00eb counselor en vond mijn vrijheid terug. Met de aanmoediging van mijn adviseur leerde ik over huidverzorging en het maken van sieraden en begon ik mijn eigen bedrijf. Ik kon de vreugde niet bedwingen over wat Jezus voor mij had gedaan. Ik begon te getuigen tegen de mensen om me heen. Tegen die tijd had ik een succesvol bedrijf opgebouwd en begon ik anderen te helpen. De regering zag dit en arresteerde me. Ze zetten me gevangen voor mijn evangelisatie en namen me mijn bedrijf af. Na mijn vrijlating vluchtte ik naar Turkije. Dit was 4 jaar geleden. Ik ben nu in Istanbul. Transform Iran heeft al die jaren aan mijn zijde gestaan. Ze hebben me geholpen met huisvesting en ik krijg counseling en genezing voor het trauma van al die jaren daarvoor. Ik zou graag fulltime voor Parel van Perzi\u00eb werken en anderen zoals ik helpen door vrouwen te begeleiden bij het opzetten van hun eigen bedrijf.<\/p>\n<\/blockquote>\n\n<div class=\"wp-block-buttons is-content-justification-center is-layout-flex wp-container-core-buttons-is-layout-16018d1d wp-block-buttons-is-layout-flex\">\n<div class=\"wp-block-button\"><a class=\"wp-block-button__link has-white-color has-vivid-red-background-color has-text-color has-background has-link-color wp-element-button\" href=\"https:\/\/transformiran.com\/nl\/doneer\/\">Help vandaag een leven te herstellen<\/a><\/div>\n<\/div>\n","protected":false},"excerpt":{"rendered":"<p>Het gebrokene herstellen. De wederopbouw van het gezin. Parel van Perzi\u00eb is er om de meest gebrokenen in Iran te bereiken met de liefde en kracht van het evangelie &#8211; om genezing, herstel en transformatie te brengen aan hen die vastzitten in verslaving, misbruik en uitbuiting. Veel Irani\u00ebrs leven onder zware sociale, emotionele en spirituele [&hellip;]<\/p>\n","protected":false},"author":1,"featured_media":0,"parent":9977,"menu_order":0,"comment_status":"closed","ping_status":"closed","template":"page-work.php","meta":{"_acf_changed":false,"give_campaign_id":0,"om_disable_all_campaigns":false,"_mi_skip_tracking":false,"footnotes":""},"class_list":["post-9727","page","type-page","status-publish","hentry"],"acf":[],"yoast_head":"<!-- This site is optimized with the Yoast SEO plugin v27.3 - https:\/\/yoast.com\/product\/yoast-seo-wordpress\/ -->\n<title>Parel van Perzi\u00eb - Transform Iran<\/title>\n<meta name=\"robots\" content=\"index, follow, max-snippet:-1, max-image-preview:large, max-video-preview:-1\" \/>\n<link rel=\"canonical\" href=\"https:\/\/transformiran.com\/nl\/ons-werk\/parel-van-perzie\/\" \/>\n<meta property=\"og:locale\" content=\"nl_NL\" \/>\n<meta property=\"og:type\" content=\"article\" \/>\n<meta property=\"og:title\" content=\"Parel van Perzi\u00eb - Transform Iran\" \/>\n<meta property=\"og:description\" content=\"Het gebrokene herstellen. De wederopbouw van het gezin. Parel van Perzi\u00eb is er om de meest gebrokenen in Iran te bereiken met de liefde en kracht van het evangelie &#8211; om genezing, herstel en transformatie te brengen aan hen die vastzitten in verslaving, misbruik en uitbuiting. Veel Irani\u00ebrs leven onder zware sociale, emotionele en spirituele [&hellip;]\" \/>\n<meta property=\"og:url\" content=\"https:\/\/transformiran.com\/nl\/ons-werk\/parel-van-perzie\/\" \/>\n<meta property=\"og:site_name\" content=\"Transform Iran\" \/>\n<meta property=\"article:publisher\" content=\"https:\/\/www.facebook.com\/222MinistriesUSAInc\" \/>\n<meta property=\"article:modified_time\" content=\"2026-04-27T17:20:42+00:00\" \/>\n<meta property=\"og:image\" content=\"https:\/\/transformiran.com\/app\/uploads\/2026\/04\/4-1.jpg\" \/>\n\t<meta property=\"og:image:width\" content=\"1080\" \/>\n\t<meta property=\"og:image:height\" content=\"1080\" \/>\n\t<meta property=\"og:image:type\" content=\"image\/jpeg\" \/>\n<meta name=\"twitter:card\" content=\"summary_large_image\" \/>\n<meta name=\"twitter:site\" content=\"@222minint\" \/>\n<meta name=\"twitter:label1\" content=\"Geschatte leestijd\" \/>\n\t<meta name=\"twitter:data1\" content=\"7 minuten\" \/>\n<script type=\"application\/ld+json\" class=\"yoast-schema-graph\">{\"@context\":\"https:\\\/\\\/schema.org\",\"@graph\":[{\"@type\":\"WebPage\",\"@id\":\"https:\\\/\\\/transformiran.com\\\/nl\\\/ons-werk\\\/parel-van-perzie\\\/\",\"url\":\"https:\\\/\\\/transformiran.com\\\/nl\\\/ons-werk\\\/parel-van-perzie\\\/\",\"name\":\"Parel van Perzi\u00eb - Transform Iran\",\"isPartOf\":{\"@id\":\"https:\\\/\\\/transformiran.com\\\/nl\\\/#website\"},\"primaryImageOfPage\":{\"@id\":\"https:\\\/\\\/transformiran.com\\\/nl\\\/ons-werk\\\/parel-van-perzie\\\/#primaryimage\"},\"image\":{\"@id\":\"https:\\\/\\\/transformiran.com\\\/nl\\\/ons-werk\\\/parel-van-perzie\\\/#primaryimage\"},\"thumbnailUrl\":\"https:\\\/\\\/transformiran.com\\\/app\\\/uploads\\\/2026\\\/04\\\/4-1-1024x1024.jpg\",\"datePublished\":\"2022-11-03T12:21:27+00:00\",\"dateModified\":\"2026-04-27T17:20:42+00:00\",\"breadcrumb\":{\"@id\":\"https:\\\/\\\/transformiran.com\\\/nl\\\/ons-werk\\\/parel-van-perzie\\\/#breadcrumb\"},\"inLanguage\":\"nl-NL\",\"potentialAction\":[{\"@type\":\"ReadAction\",\"target\":[\"https:\\\/\\\/transformiran.com\\\/nl\\\/ons-werk\\\/parel-van-perzie\\\/\"]}]},{\"@type\":\"ImageObject\",\"inLanguage\":\"nl-NL\",\"@id\":\"https:\\\/\\\/transformiran.com\\\/nl\\\/ons-werk\\\/parel-van-perzie\\\/#primaryimage\",\"url\":\"https:\\\/\\\/transformiran.com\\\/app\\\/uploads\\\/2026\\\/04\\\/4-1-1024x1024.jpg\",\"contentUrl\":\"https:\\\/\\\/transformiran.com\\\/app\\\/uploads\\\/2026\\\/04\\\/4-1-1024x1024.jpg\"},{\"@type\":\"BreadcrumbList\",\"@id\":\"https:\\\/\\\/transformiran.com\\\/nl\\\/ons-werk\\\/parel-van-perzie\\\/#breadcrumb\",\"itemListElement\":[{\"@type\":\"ListItem\",\"position\":1,\"name\":\"Home\",\"item\":\"https:\\\/\\\/transformiran.com\\\/nl\\\/home\\\/\"},{\"@type\":\"ListItem\",\"position\":2,\"name\":\"Ons werk\",\"item\":\"https:\\\/\\\/transformiran.com\\\/nl\\\/ons-werk\\\/\"},{\"@type\":\"ListItem\",\"position\":3,\"name\":\"Parel van Perzi\u00eb\"}]},{\"@type\":\"WebSite\",\"@id\":\"https:\\\/\\\/transformiran.com\\\/nl\\\/#website\",\"url\":\"https:\\\/\\\/transformiran.com\\\/nl\\\/\",\"name\":\"Transform Iran\",\"description\":\"Bringing the love and power of Christ to Iran - and beyond\",\"publisher\":{\"@id\":\"https:\\\/\\\/transformiran.com\\\/nl\\\/#organization\"},\"potentialAction\":[{\"@type\":\"SearchAction\",\"target\":{\"@type\":\"EntryPoint\",\"urlTemplate\":\"https:\\\/\\\/transformiran.com\\\/nl\\\/?s={search_term_string}\"},\"query-input\":{\"@type\":\"PropertyValueSpecification\",\"valueRequired\":true,\"valueName\":\"search_term_string\"}}],\"inLanguage\":\"nl-NL\"},{\"@type\":\"Organization\",\"@id\":\"https:\\\/\\\/transformiran.com\\\/nl\\\/#organization\",\"name\":\"Transform Iran\",\"url\":\"https:\\\/\\\/transformiran.com\\\/nl\\\/\",\"logo\":{\"@type\":\"ImageObject\",\"inLanguage\":\"nl-NL\",\"@id\":\"https:\\\/\\\/transformiran.com\\\/nl\\\/#\\\/schema\\\/logo\\\/image\\\/\",\"url\":\"https:\\\/\\\/transformiran.com\\\/app\\\/uploads\\\/2022\\\/11\\\/logo_grey.jpg\",\"contentUrl\":\"https:\\\/\\\/transformiran.com\\\/app\\\/uploads\\\/2022\\\/11\\\/logo_grey.jpg\",\"width\":528,\"height\":90,\"caption\":\"Transform Iran\"},\"image\":{\"@id\":\"https:\\\/\\\/transformiran.com\\\/nl\\\/#\\\/schema\\\/logo\\\/image\\\/\"},\"sameAs\":[\"https:\\\/\\\/www.facebook.com\\\/222MinistriesUSAInc\",\"https:\\\/\\\/x.com\\\/222minint\",\"https:\\\/\\\/www.instagram.com\\\/222ministriesinternational\\\/\"]}]}<\/script>\n<!-- \/ Yoast SEO plugin. -->","yoast_head_json":{"title":"Parel van Perzi\u00eb - Transform Iran","robots":{"index":"index","follow":"follow","max-snippet":"max-snippet:-1","max-image-preview":"max-image-preview:large","max-video-preview":"max-video-preview:-1"},"canonical":"https:\/\/transformiran.com\/nl\/ons-werk\/parel-van-perzie\/","og_locale":"nl_NL","og_type":"article","og_title":"Parel van Perzi\u00eb - Transform Iran","og_description":"Het gebrokene herstellen. De wederopbouw van het gezin. Parel van Perzi\u00eb is er om de meest gebrokenen in Iran te bereiken met de liefde en kracht van het evangelie &#8211; om genezing, herstel en transformatie te brengen aan hen die vastzitten in verslaving, misbruik en uitbuiting. Veel Irani\u00ebrs leven onder zware sociale, emotionele en spirituele [&hellip;]","og_url":"https:\/\/transformiran.com\/nl\/ons-werk\/parel-van-perzie\/","og_site_name":"Transform Iran","article_publisher":"https:\/\/www.facebook.com\/222MinistriesUSAInc","article_modified_time":"2026-04-27T17:20:42+00:00","og_image":[{"width":1080,"height":1080,"url":"https:\/\/transformiran.com\/app\/uploads\/2026\/04\/4-1.jpg","type":"image\/jpeg"}],"twitter_card":"summary_large_image","twitter_site":"@222minint","twitter_misc":{"Geschatte leestijd":"7 minuten"},"schema":{"@context":"https:\/\/schema.org","@graph":[{"@type":"WebPage","@id":"https:\/\/transformiran.com\/nl\/ons-werk\/parel-van-perzie\/","url":"https:\/\/transformiran.com\/nl\/ons-werk\/parel-van-perzie\/","name":"Parel van Perzi\u00eb - Transform Iran","isPartOf":{"@id":"https:\/\/transformiran.com\/nl\/#website"},"primaryImageOfPage":{"@id":"https:\/\/transformiran.com\/nl\/ons-werk\/parel-van-perzie\/#primaryimage"},"image":{"@id":"https:\/\/transformiran.com\/nl\/ons-werk\/parel-van-perzie\/#primaryimage"},"thumbnailUrl":"https:\/\/transformiran.com\/app\/uploads\/2026\/04\/4-1-1024x1024.jpg","datePublished":"2022-11-03T12:21:27+00:00","dateModified":"2026-04-27T17:20:42+00:00","breadcrumb":{"@id":"https:\/\/transformiran.com\/nl\/ons-werk\/parel-van-perzie\/#breadcrumb"},"inLanguage":"nl-NL","potentialAction":[{"@type":"ReadAction","target":["https:\/\/transformiran.com\/nl\/ons-werk\/parel-van-perzie\/"]}]},{"@type":"ImageObject","inLanguage":"nl-NL","@id":"https:\/\/transformiran.com\/nl\/ons-werk\/parel-van-perzie\/#primaryimage","url":"https:\/\/transformiran.com\/app\/uploads\/2026\/04\/4-1-1024x1024.jpg","contentUrl":"https:\/\/transformiran.com\/app\/uploads\/2026\/04\/4-1-1024x1024.jpg"},{"@type":"BreadcrumbList","@id":"https:\/\/transformiran.com\/nl\/ons-werk\/parel-van-perzie\/#breadcrumb","itemListElement":[{"@type":"ListItem","position":1,"name":"Home","item":"https:\/\/transformiran.com\/nl\/home\/"},{"@type":"ListItem","position":2,"name":"Ons werk","item":"https:\/\/transformiran.com\/nl\/ons-werk\/"},{"@type":"ListItem","position":3,"name":"Parel van Perzi\u00eb"}]},{"@type":"WebSite","@id":"https:\/\/transformiran.com\/nl\/#website","url":"https:\/\/transformiran.com\/nl\/","name":"Transform Iran","description":"Bringing the love and power of Christ to Iran - and beyond","publisher":{"@id":"https:\/\/transformiran.com\/nl\/#organization"},"potentialAction":[{"@type":"SearchAction","target":{"@type":"EntryPoint","urlTemplate":"https:\/\/transformiran.com\/nl\/?s={search_term_string}"},"query-input":{"@type":"PropertyValueSpecification","valueRequired":true,"valueName":"search_term_string"}}],"inLanguage":"nl-NL"},{"@type":"Organization","@id":"https:\/\/transformiran.com\/nl\/#organization","name":"Transform Iran","url":"https:\/\/transformiran.com\/nl\/","logo":{"@type":"ImageObject","inLanguage":"nl-NL","@id":"https:\/\/transformiran.com\/nl\/#\/schema\/logo\/image\/","url":"https:\/\/transformiran.com\/app\/uploads\/2022\/11\/logo_grey.jpg","contentUrl":"https:\/\/transformiran.com\/app\/uploads\/2022\/11\/logo_grey.jpg","width":528,"height":90,"caption":"Transform Iran"},"image":{"@id":"https:\/\/transformiran.com\/nl\/#\/schema\/logo\/image\/"},"sameAs":["https:\/\/www.facebook.com\/222MinistriesUSAInc","https:\/\/x.com\/222minint","https:\/\/www.instagram.com\/222ministriesinternational\/"]}]}},"campaignId":"","_links":{"self":[{"href":"https:\/\/transformiran.com\/nl\/wp-json\/wp\/v2\/pages\/9727","targetHints":{"allow":["GET"]}}],"collection":[{"href":"https:\/\/transformiran.com\/nl\/wp-json\/wp\/v2\/pages"}],"about":[{"href":"https:\/\/transformiran.com\/nl\/wp-json\/wp\/v2\/types\/page"}],"author":[{"embeddable":true,"href":"https:\/\/transformiran.com\/nl\/wp-json\/wp\/v2\/users\/1"}],"replies":[{"embeddable":true,"href":"https:\/\/transformiran.com\/nl\/wp-json\/wp\/v2\/comments?post=9727"}],"version-history":[{"count":10,"href":"https:\/\/transformiran.com\/nl\/wp-json\/wp\/v2\/pages\/9727\/revisions"}],"predecessor-version":[{"id":37739,"href":"https:\/\/transformiran.com\/nl\/wp-json\/wp\/v2\/pages\/9727\/revisions\/37739"}],"up":[{"embeddable":true,"href":"https:\/\/transformiran.com\/nl\/wp-json\/wp\/v2\/pages\/9977"}],"wp:attachment":[{"href":"https:\/\/transformiran.com\/nl\/wp-json\/wp\/v2\/media?parent=9727"}],"curies":[{"name":"wp","href":"https:\/\/api.w.org\/{rel}","templated":true}]}}