{"id":9733,"date":"2022-11-03T12:18:35","date_gmt":"2022-11-03T12:18:35","guid":{"rendered":"https:\/\/transformiran.com\/digitale-kerk\/"},"modified":"2025-09-16T00:10:04","modified_gmt":"2025-09-15T23:10:04","slug":"digitale-kerk","status":"publish","type":"page","link":"https:\/\/transformiran.com\/nl\/ons-werk\/digitale-kerk\/","title":{"rendered":"Digitale kerk"},"content":{"rendered":"\n<h2 class=\"wp-block-heading\"><mark style=\"background-color:rgba(0, 0, 0, 0);color:#b38e44\" class=\"has-inline-color\">De noodzaak van een Digitale Kerk<\/mark><\/h2>\n\n<p class=\"has-medium-font-size\">De visie van de digitale kerk is geen vervanging voor een &#8216;persoonlijke&#8217; gemeenschap. Het kan echter een gemakkelijkere anonieme eerste stap zijn voor zoekers en nieuwe gelovigen in Iran, en soms een noodzaak voor degenen die fysiek niet in staat zijn om bijeenkomsten persoonlijk bij te wonen (geografische of taalkundige beperkingen of zelfs levensbedreiging).<\/p>\n\n<h2 class=\"wp-block-heading\"><mark style=\"background-color:rgba(0, 0, 0, 0);color:#b38e44\" class=\"has-inline-color\">Hoe werkt Digitale kerk?<\/mark><\/h2>\n\n<p>Persian Community Church (PCC) is opgericht in april 2018 en biedt familie, gemeenschap en broederschap voor ge\u00efsoleerde Iraanse christenen, en een middel voor hen om te groeien in hun geloof en toegerust te worden om anderen te bereiken voor Christus. De bijeenkomsten zijn interactief en deelnemers worden aangemoedigd om deel te nemen aan aanbidding en gebed en om deel te nemen aan discussies.<\/p>\n\n<p>PCC kijkt ook vooruit naar wanneer de deuren opengaan voor Iran, waar de kerk in het hele land in staat zal zijn om contact te maken en opgebouwd te worden terwijl we de behoeftigen helpen en honderdduizenden meer tot de liefde van Christus brengen. PCC brengt elke maand meer dan 20.000 gelovigen en zoekers met elkaar in contact.<\/p>\n\n<p><\/p>\n\n<p><a href=\"https:\/\/transformiran.com\/nl\/ons-werk\/kerkplanting\/\">Lees meer over onze visie om bloeiende, reproducerende kerken te planten, te voeden en te laten groeien in elke stad in Iran.<\/a><\/p>\n\n<p><\/p>\n\n<figure class=\"wp-block-embed is-type-video is-provider-youtube wp-block-embed-youtube wp-embed-aspect-16-9 wp-has-aspect-ratio\"><div class=\"wp-block-embed__wrapper\">\n<iframe title=\"Creating Christian Community in Iran - A Safe Space to Learn and Grow\" width=\"500\" height=\"281\" src=\"https:\/\/www.youtube.com\/embed\/tI5OgWB3ul4?feature=oembed\" frameborder=\"0\" allow=\"accelerometer; autoplay; clipboard-write; encrypted-media; gyroscope; picture-in-picture; web-share\" referrerpolicy=\"strict-origin-when-cross-origin\" allowfullscreen><\/iframe>\n<\/div><figcaption class=\"wp-element-caption\">Transform IranDe digitale kerk cre\u00ebert een veilige ruimte voor individuele gelovigen of groepen gelovigen om samen te werken, te leren en te groeien.<\/figcaption><\/figure>\n\n<p><\/p>\n\n<figure class=\"wp-block-embed is-type-video is-provider-youtube wp-block-embed-youtube wp-embed-aspect-16-9 wp-has-aspect-ratio\"><div class=\"wp-block-embed__wrapper\">\n<iframe title=\"Leading a Church in Secret: A Pastor\u2019s Testimony from Iran\" width=\"500\" height=\"281\" src=\"https:\/\/www.youtube.com\/embed\/M1g4JpTK9zk?feature=oembed\" frameborder=\"0\" allow=\"accelerometer; autoplay; clipboard-write; encrypted-media; gyroscope; picture-in-picture; web-share\" referrerpolicy=\"strict-origin-when-cross-origin\" allowfullscreen><\/iframe>\n<\/div><figcaption class=\"wp-element-caption\">Hoor de stem van een pastor die in het geheim een ondergrondse kerk leidt en alles riskeert voor het evangelie.<\/figcaption><\/figure>\n\n<p><\/p>\n\n<h2 class=\"wp-block-heading\"><mark style=\"background-color:rgba(0, 0, 0, 0);color:#b38e44\" class=\"has-inline-color\">Interactief gebed door Digitale kerk<\/mark><\/h2>\n\n<p><\/p>\n\n<p>In 2020 lanceerde Transform Iran de <strong>Meeting Tent<\/strong>, PCC&#8217;s digitale gebedsruimtes, die Iraanse gelovigen en zoekers een veilige, toegankelijke ruimte bieden om te bidden, met elkaar in contact te komen en Gods aanwezigheid te ervaren. Meeting Tent is elke dag (behalve zondag) <strong>vier uur<\/strong> lang geopend en biedt een consistente gelegenheid voor gebed en gemeenschap. <\/p>\n\n<h3 class=\"wp-block-heading\">Intiem gebed in kleine groepjes<\/h3>\n\n<p>Meeting Tent organiseert <strong>kleinere, gerichte bijeenkomsten<\/strong> waar deelnemers specifieke behoeften kunnen brengen, samen kunnen bidden en God op een diep persoonlijke manier kunnen ontmoeten. Deze intieme sessies zijn digitale gebedsruimtes voor de ondergrondse kerk, die een gemeenschap opbouwen, het geloof versterken en inspireren tot levensveranderende ontmoetingen.   <\/p>\n\n<h3 class=\"wp-block-heading\">Gezamenlijke gebedsbijeenkomsten<\/h3>\n\n<p>Naast kleine groepen organiseert Meeting Tent ook <strong>gebeds- en vastenevenementen op grotere schaal<\/strong>, geconcentreerd over meerdere dagen of weken. In oktober 2022 bijvoorbeeld, na de dood van Mahsa Amini, organiseerde Meeting Tent <strong>twee weken van gebed en vasten<\/strong>, met als hoogtepunt een volledige dag van <strong>gerichte voorbede voor Iran<\/strong>. Deze gezamenlijke bijeenkomsten stellen duizenden in staat om zich te verenigen, de natie voor God op te heffen en op krachtige manieren getuige te zijn van de beweging van de Geest.  <\/p>\n\n<h3 class=\"wp-block-heading\">Gebedsruimte Impact en Bereik<\/h3>\n\n<p>Getuigenissen van <strong>verhoorde gebeden, genezingen en reddingen<\/strong> zijn aan de orde van de dag. Duizenden deelnemers komen elke maand samen, bouwen aan gemeenschap en geloof, en zien de beweging van God in Iran groeien. Meeting Tent biedt <strong>gratis en gemakkelijk toegang<\/strong> tot zowel intiem als gezamenlijk gebed voor Iraanse christenen en zoekers wereldwijd, in verschillende van de harttalen van Iran, met plannen om uit te breiden naar meer.  <\/p>\n\n<p><\/p>\n\n<p><a href=\"https:\/\/transformiran.com\/nl\/impact-nl\/wonderen-achter-gesloten-deuren-in-iran\/\">Lees enkele krachtige getuigenissen uit onze gebedsruimtes in de Ontmoetingstent<\/a><\/p>\n\n<div class=\"wp-block-buttons is-content-justification-center is-layout-flex wp-container-core-buttons-is-layout-16018d1d wp-block-buttons-is-layout-flex\">\n<div class=\"wp-block-button\"><a class=\"wp-block-button__link has-white-color has-vivid-red-background-color has-text-color has-background has-link-color wp-element-button\" href=\"https:\/\/transformiran.com\/nl\/aanmelden-voor-nieuwsbrief\/\">Ontvang updates over de bediening en komende gebedsevenementen<\/a><\/div>\n<\/div>\n\n<p><\/p>\n\n<h2 class=\"wp-block-heading\"><mark style=\"background-color:rgba(0, 0, 0, 0);color:#b38e44\" class=\"has-inline-color\">Digitale kerk in hartstalen van onbereikte bevolkingsgroepen<\/mark><\/h2>\n\n<p>Transform Iran is toegewijd aan het planten van kerken in alle harttalen van Iran en een digitaal kerkplatform is een strategische manier om te beginnen met het verzamelen van wijdverspreide gelovigen van een bevolkingsgroep die tot nu toe alleen in het Farsi konden leren, bidden en aanbidden in hun lokale Farsi (Perzisch) sprekende kerken. Stel je de dag eens voor waarop een Gilaki-gelovige voor het eerst een Gilaki-bijbel krijgt en wordt uitgenodigd om samen met andere Gilaki-sprekers in hun eigen hartstaal te aanbidden in de nieuwe &#8216;Gilaki Community Church&#8217;. Deze dromen worden langzaam werkelijkheid. E\u00e9n voor \u00e9\u00e9n, door de genade van God, zal elke bevolkingsgroep in Iran in staat zijn om samen te komen en de Heer in hun eigen taal te aanbidden.<\/p>\n\n<blockquote class=\"wp-block-quote is-layout-flow wp-block-quote-is-layout-flow\">\n<p>Persian Community Church heeft een platform gecre\u00eberd waar ik gemeenschap kan hebben en het gevoel heb deel uit te maken van een groter lichaam van Christus over de hele wereld. We ontmoeten elkaar op zondag en aanbidden Jezus. Dit zegent me heel veel.<\/p>\n<\/blockquote>\n\n<blockquote class=\"wp-block-quote is-layout-flow wp-block-quote-is-layout-flow\">\n<p>Ik ben opgegroeid in een fanatiek moslimgezin; ik heb nooit een christelijke vriend gehad; ik ben nooit naar een kerk geweest. Midden in een persoonlijke tragedie herinnerde ik me Jezus en riep ik tot Hem: &#8220;Alstublieft! Verlos me van deze schaamte en tragedie!&#8221; en Hij kwam me tegemoet in mijn pijn en Hij veranderde mijn leven. Ik had mijn leven nog niet aan Christus toegewijd, maar was wanhopig op zoek om Hem te leren kennen.<\/p>\n\n\n\n<p>Ik was op zoek naar een christelijke pastor en toen vond ik de link naar Persian Community Church en een van de leiders hielp me om mijn leven aan Christus te verbinden. Nu zijn we een jaar en 6 maanden verder. Elke zondag en elke vrijdag neem ik deel aan de Persian Community Church. Ik ben veel gegroeid in mijn geloof.  <mark style=\"background-color:rgba(0, 0, 0, 0);color:#e62d31\" class=\"has-inline-color\">Het mooie van deze reis is dat al mijn familieleden en vrienden die de transformatie in mijn leven zagen &#8211; twaalf van hen &#8211; ge\u00efnteresseerd raakten en met dezelfde pastor spraken en allemaal hun leven aan Christus toewijdden. Nu komen we elke week samen met hem voor discipelschap.<\/mark><\/p>\n<\/blockquote>\n\n<div class=\"wp-block-buttons is-content-justification-center is-layout-flex wp-container-core-buttons-is-layout-16018d1d wp-block-buttons-is-layout-flex\">\n<div class=\"wp-block-button\"><a class=\"wp-block-button__link has-white-color has-vivid-red-background-color has-text-color has-background has-link-color wp-element-button\" href=\"https:\/\/transformiran.com\/nl\/doneer\/\">Steun Digitale Kerk In Iran Vandaag<\/a><\/div>\n<\/div>\n\n<p><a href=\"https:\/\/transformiran.com\/nl\/impact-nl\/een-verhaal-over-genezing-geloof-en-digitale-kerkgemeenschap\/\">Lees een getuigenis van genezing en het vinden van geloof via onze interactieve digitale kerkgemeenschap<\/a><\/p>\n\n<p><\/p>\n","protected":false},"excerpt":{"rendered":"<p>De noodzaak van een Digitale Kerk De visie van de digitale kerk is geen vervanging voor een &#8216;persoonlijke&#8217; gemeenschap. Het kan echter een gemakkelijkere anonieme eerste stap zijn voor zoekers en nieuwe gelovigen in Iran, en soms een noodzaak voor degenen die fysiek niet in staat zijn om bijeenkomsten persoonlijk bij te wonen (geografische of [&hellip;]<\/p>\n","protected":false},"author":1,"featured_media":0,"parent":9977,"menu_order":0,"comment_status":"closed","ping_status":"closed","template":"page-work.php","meta":{"_acf_changed":false,"give_campaign_id":0,"om_disable_all_campaigns":false,"_mi_skip_tracking":false,"footnotes":""},"class_list":["post-9733","page","type-page","status-publish","hentry"],"acf":[],"yoast_head":"<!-- This site is optimized with the Yoast SEO plugin v27.3 - https:\/\/yoast.com\/product\/yoast-seo-wordpress\/ -->\n<title>Digitale kerk - Transform Iran<\/title>\n<meta name=\"robots\" content=\"index, follow, max-snippet:-1, max-image-preview:large, max-video-preview:-1\" \/>\n<link rel=\"canonical\" href=\"https:\/\/transformiran.com\/nl\/ons-werk\/digitale-kerk\/\" \/>\n<meta property=\"og:locale\" content=\"nl_NL\" \/>\n<meta property=\"og:type\" content=\"article\" \/>\n<meta property=\"og:title\" content=\"Digitale kerk - Transform Iran\" \/>\n<meta property=\"og:description\" content=\"De noodzaak van een Digitale Kerk De visie van de digitale kerk is geen vervanging voor een &#8216;persoonlijke&#8217; gemeenschap. Het kan echter een gemakkelijkere anonieme eerste stap zijn voor zoekers en nieuwe gelovigen in Iran, en soms een noodzaak voor degenen die fysiek niet in staat zijn om bijeenkomsten persoonlijk bij te wonen (geografische of [&hellip;]\" \/>\n<meta property=\"og:url\" content=\"https:\/\/transformiran.com\/nl\/ons-werk\/digitale-kerk\/\" \/>\n<meta property=\"og:site_name\" content=\"Transform Iran\" \/>\n<meta property=\"article:publisher\" content=\"https:\/\/www.facebook.com\/222MinistriesUSAInc\" \/>\n<meta property=\"article:modified_time\" content=\"2025-09-15T23:10:04+00:00\" \/>\n<meta name=\"twitter:card\" content=\"summary_large_image\" \/>\n<meta name=\"twitter:site\" content=\"@222minint\" \/>\n<meta name=\"twitter:label1\" content=\"Geschatte leestijd\" \/>\n\t<meta name=\"twitter:data1\" content=\"5 minuten\" \/>\n<script type=\"application\/ld+json\" class=\"yoast-schema-graph\">{\"@context\":\"https:\\\/\\\/schema.org\",\"@graph\":[{\"@type\":\"WebPage\",\"@id\":\"https:\\\/\\\/transformiran.com\\\/nl\\\/ons-werk\\\/digitale-kerk\\\/\",\"url\":\"https:\\\/\\\/transformiran.com\\\/nl\\\/ons-werk\\\/digitale-kerk\\\/\",\"name\":\"Digitale kerk - Transform Iran\",\"isPartOf\":{\"@id\":\"https:\\\/\\\/transformiran.com\\\/nl\\\/#website\"},\"datePublished\":\"2022-11-03T12:18:35+00:00\",\"dateModified\":\"2025-09-15T23:10:04+00:00\",\"breadcrumb\":{\"@id\":\"https:\\\/\\\/transformiran.com\\\/nl\\\/ons-werk\\\/digitale-kerk\\\/#breadcrumb\"},\"inLanguage\":\"nl-NL\",\"potentialAction\":[{\"@type\":\"ReadAction\",\"target\":[\"https:\\\/\\\/transformiran.com\\\/nl\\\/ons-werk\\\/digitale-kerk\\\/\"]}]},{\"@type\":\"BreadcrumbList\",\"@id\":\"https:\\\/\\\/transformiran.com\\\/nl\\\/ons-werk\\\/digitale-kerk\\\/#breadcrumb\",\"itemListElement\":[{\"@type\":\"ListItem\",\"position\":1,\"name\":\"Home\",\"item\":\"https:\\\/\\\/transformiran.com\\\/nl\\\/home\\\/\"},{\"@type\":\"ListItem\",\"position\":2,\"name\":\"Ons werk\",\"item\":\"https:\\\/\\\/transformiran.com\\\/nl\\\/ons-werk\\\/\"},{\"@type\":\"ListItem\",\"position\":3,\"name\":\"Digitale kerk\"}]},{\"@type\":\"WebSite\",\"@id\":\"https:\\\/\\\/transformiran.com\\\/nl\\\/#website\",\"url\":\"https:\\\/\\\/transformiran.com\\\/nl\\\/\",\"name\":\"Transform Iran\",\"description\":\"Bringing the love and power of Christ to Iran - and beyond\",\"publisher\":{\"@id\":\"https:\\\/\\\/transformiran.com\\\/nl\\\/#organization\"},\"potentialAction\":[{\"@type\":\"SearchAction\",\"target\":{\"@type\":\"EntryPoint\",\"urlTemplate\":\"https:\\\/\\\/transformiran.com\\\/nl\\\/?s={search_term_string}\"},\"query-input\":{\"@type\":\"PropertyValueSpecification\",\"valueRequired\":true,\"valueName\":\"search_term_string\"}}],\"inLanguage\":\"nl-NL\"},{\"@type\":\"Organization\",\"@id\":\"https:\\\/\\\/transformiran.com\\\/nl\\\/#organization\",\"name\":\"Transform Iran\",\"url\":\"https:\\\/\\\/transformiran.com\\\/nl\\\/\",\"logo\":{\"@type\":\"ImageObject\",\"inLanguage\":\"nl-NL\",\"@id\":\"https:\\\/\\\/transformiran.com\\\/nl\\\/#\\\/schema\\\/logo\\\/image\\\/\",\"url\":\"https:\\\/\\\/transformiran.com\\\/app\\\/uploads\\\/2022\\\/11\\\/logo_grey.jpg\",\"contentUrl\":\"https:\\\/\\\/transformiran.com\\\/app\\\/uploads\\\/2022\\\/11\\\/logo_grey.jpg\",\"width\":528,\"height\":90,\"caption\":\"Transform Iran\"},\"image\":{\"@id\":\"https:\\\/\\\/transformiran.com\\\/nl\\\/#\\\/schema\\\/logo\\\/image\\\/\"},\"sameAs\":[\"https:\\\/\\\/www.facebook.com\\\/222MinistriesUSAInc\",\"https:\\\/\\\/x.com\\\/222minint\",\"https:\\\/\\\/www.instagram.com\\\/222ministriesinternational\\\/\"]}]}<\/script>\n<!-- \/ Yoast SEO plugin. -->","yoast_head_json":{"title":"Digitale kerk - Transform Iran","robots":{"index":"index","follow":"follow","max-snippet":"max-snippet:-1","max-image-preview":"max-image-preview:large","max-video-preview":"max-video-preview:-1"},"canonical":"https:\/\/transformiran.com\/nl\/ons-werk\/digitale-kerk\/","og_locale":"nl_NL","og_type":"article","og_title":"Digitale kerk - Transform Iran","og_description":"De noodzaak van een Digitale Kerk De visie van de digitale kerk is geen vervanging voor een &#8216;persoonlijke&#8217; gemeenschap. Het kan echter een gemakkelijkere anonieme eerste stap zijn voor zoekers en nieuwe gelovigen in Iran, en soms een noodzaak voor degenen die fysiek niet in staat zijn om bijeenkomsten persoonlijk bij te wonen (geografische of [&hellip;]","og_url":"https:\/\/transformiran.com\/nl\/ons-werk\/digitale-kerk\/","og_site_name":"Transform Iran","article_publisher":"https:\/\/www.facebook.com\/222MinistriesUSAInc","article_modified_time":"2025-09-15T23:10:04+00:00","twitter_card":"summary_large_image","twitter_site":"@222minint","twitter_misc":{"Geschatte leestijd":"5 minuten"},"schema":{"@context":"https:\/\/schema.org","@graph":[{"@type":"WebPage","@id":"https:\/\/transformiran.com\/nl\/ons-werk\/digitale-kerk\/","url":"https:\/\/transformiran.com\/nl\/ons-werk\/digitale-kerk\/","name":"Digitale kerk - Transform Iran","isPartOf":{"@id":"https:\/\/transformiran.com\/nl\/#website"},"datePublished":"2022-11-03T12:18:35+00:00","dateModified":"2025-09-15T23:10:04+00:00","breadcrumb":{"@id":"https:\/\/transformiran.com\/nl\/ons-werk\/digitale-kerk\/#breadcrumb"},"inLanguage":"nl-NL","potentialAction":[{"@type":"ReadAction","target":["https:\/\/transformiran.com\/nl\/ons-werk\/digitale-kerk\/"]}]},{"@type":"BreadcrumbList","@id":"https:\/\/transformiran.com\/nl\/ons-werk\/digitale-kerk\/#breadcrumb","itemListElement":[{"@type":"ListItem","position":1,"name":"Home","item":"https:\/\/transformiran.com\/nl\/home\/"},{"@type":"ListItem","position":2,"name":"Ons werk","item":"https:\/\/transformiran.com\/nl\/ons-werk\/"},{"@type":"ListItem","position":3,"name":"Digitale kerk"}]},{"@type":"WebSite","@id":"https:\/\/transformiran.com\/nl\/#website","url":"https:\/\/transformiran.com\/nl\/","name":"Transform Iran","description":"Bringing the love and power of Christ to Iran - and beyond","publisher":{"@id":"https:\/\/transformiran.com\/nl\/#organization"},"potentialAction":[{"@type":"SearchAction","target":{"@type":"EntryPoint","urlTemplate":"https:\/\/transformiran.com\/nl\/?s={search_term_string}"},"query-input":{"@type":"PropertyValueSpecification","valueRequired":true,"valueName":"search_term_string"}}],"inLanguage":"nl-NL"},{"@type":"Organization","@id":"https:\/\/transformiran.com\/nl\/#organization","name":"Transform Iran","url":"https:\/\/transformiran.com\/nl\/","logo":{"@type":"ImageObject","inLanguage":"nl-NL","@id":"https:\/\/transformiran.com\/nl\/#\/schema\/logo\/image\/","url":"https:\/\/transformiran.com\/app\/uploads\/2022\/11\/logo_grey.jpg","contentUrl":"https:\/\/transformiran.com\/app\/uploads\/2022\/11\/logo_grey.jpg","width":528,"height":90,"caption":"Transform Iran"},"image":{"@id":"https:\/\/transformiran.com\/nl\/#\/schema\/logo\/image\/"},"sameAs":["https:\/\/www.facebook.com\/222MinistriesUSAInc","https:\/\/x.com\/222minint","https:\/\/www.instagram.com\/222ministriesinternational\/"]}]}},"campaignId":"","_links":{"self":[{"href":"https:\/\/transformiran.com\/nl\/wp-json\/wp\/v2\/pages\/9733","targetHints":{"allow":["GET"]}}],"collection":[{"href":"https:\/\/transformiran.com\/nl\/wp-json\/wp\/v2\/pages"}],"about":[{"href":"https:\/\/transformiran.com\/nl\/wp-json\/wp\/v2\/types\/page"}],"author":[{"embeddable":true,"href":"https:\/\/transformiran.com\/nl\/wp-json\/wp\/v2\/users\/1"}],"replies":[{"embeddable":true,"href":"https:\/\/transformiran.com\/nl\/wp-json\/wp\/v2\/comments?post=9733"}],"version-history":[{"count":2,"href":"https:\/\/transformiran.com\/nl\/wp-json\/wp\/v2\/pages\/9733\/revisions"}],"predecessor-version":[{"id":32891,"href":"https:\/\/transformiran.com\/nl\/wp-json\/wp\/v2\/pages\/9733\/revisions\/32891"}],"up":[{"embeddable":true,"href":"https:\/\/transformiran.com\/nl\/wp-json\/wp\/v2\/pages\/9977"}],"wp:attachment":[{"href":"https:\/\/transformiran.com\/nl\/wp-json\/wp\/v2\/media?parent=9733"}],"curies":[{"name":"wp","href":"https:\/\/api.w.org\/{rel}","templated":true}]}}