{"id":9969,"date":"2022-11-03T12:16:01","date_gmt":"2022-11-03T12:16:01","guid":{"rendered":"https:\/\/transformiran.com\/evangelisatie\/"},"modified":"2025-12-08T21:40:37","modified_gmt":"2025-12-08T21:40:37","slug":"evangelisatie","status":"publish","type":"page","link":"https:\/\/transformiran.com\/nl\/ons-werk\/evangelisatie\/","title":{"rendered":"Evangelisatie"},"content":{"rendered":"\n<h2 class=\"wp-block-heading\"><mark style=\"background-color:rgba(0, 0, 0, 0);color:#b38e44\" class=\"has-inline-color\">De bovennatuurlijke honger van Irani\u00ebrs naar het evangelie<\/mark><\/h2>\n\n<p>Er is een bovennatuurlijke genade in Iran &#8211; als nooit tevoren. De mensen zijn hongerig naar de waarheid en staan open voor het evangelie. Maar het evangelie moet gedeeld worden, want <strong><em>&#8220;hoe kunnen zij geloven in degene van wie zij het niet gehoord hebben?&#8221;<\/em><\/strong> Romeinen 10:14  <\/p>\n\n<p>Transform Iran verkondigt het evangelie aan Irani\u00ebrs via allerlei media en persoonlijk. Ons getrainde opvolgingsteam staat klaar om 1:1 in gesprek te gaan met zoekers.  <\/p>\n\n<p>We pionieren met initiatieven die ervoor zorgen dat elke bevolkingsgroep in Iran, ongeacht sociale status, opleiding of etniciteit, de kans krijgt om het evangelie in hun eigen &#8216;hartstaal&#8217; te horen en omgevormd te worden door de liefde van Christus. Deze initiatieven omvatten <mark style=\"background-color:rgba(0, 0, 0, 0);color:#b38e44\" class=\"has-inline-color\">Bijbelvertaling<\/mark> (ervoor zorgen dat we communiceren in een taal die een band schept met het hart), <mark style=\"background-color:rgba(0, 0, 0, 0);color:#b38e44\" class=\"has-inline-color\">media<\/mark> (ervoor zorgen dat het evangelie breed toegankelijk is via verschillende media), <mark style=\"background-color:rgba(0, 0, 0, 0);color:#b38e44\" class=\"has-inline-color\">apologetiek<\/mark> (antwoord geven op de vragen die Irani\u00ebrs stellen) en meer.<\/p>\n\n<p><\/p>\n\n<div class=\"wp-block-buttons is-content-justification-center is-layout-flex wp-container-core-buttons-is-layout-16018d1d wp-block-buttons-is-layout-flex\">\n<div class=\"wp-block-button\"><a class=\"wp-block-button__link has-white-color has-vivid-red-background-color has-text-color has-background has-link-color wp-element-button\" href=\"https:\/\/transformiran.com\/nl\/aanmelden-voor-nieuwsbrief\/\">Bid voor de verspreiding van het evangelie in Iran &#8211; ontvang maandelijkse e-mails om je te begeleiden<\/a><\/div>\n<\/div>\n\n<figure class=\"wp-block-image size-large\"><img loading=\"lazy\" decoding=\"async\" width=\"1024\" height=\"174\" src=\"https:\/\/transformiran.com\/app\/uploads\/2024\/08\/man-casting-net-landscape-lite-1024x174.jpeg\" alt=\"visnet uitgooien\" class=\"wp-image-24918\" srcset=\"https:\/\/transformiran.com\/app\/uploads\/2024\/08\/man-casting-net-landscape-lite-1024x174.jpeg 1024w, https:\/\/transformiran.com\/app\/uploads\/2024\/08\/man-casting-net-landscape-lite-300x51.jpeg 300w, https:\/\/transformiran.com\/app\/uploads\/2024\/08\/man-casting-net-landscape-lite-768x131.jpeg 768w, https:\/\/transformiran.com\/app\/uploads\/2024\/08\/man-casting-net-landscape-lite.jpeg 1280w\" sizes=\"auto, (max-width: 1024px) 100vw, 1024px\" \/><\/figure>\n\n<h2 class=\"wp-block-heading\"><mark style=\"background-color:rgba(0, 0, 0, 0);color:#b38e44\" class=\"has-inline-color\">Hoe Transform Iran ervoor zorgt dat Irani\u00ebrs de boodschap van het evangelie kunnen lezen en begrijpen<\/mark><\/h2>\n\n<h3 class=\"wp-block-heading\"><strong>De kritische noodzaak van Bijbelvertaling in Iran<\/strong><\/h3>\n\n<p>Zo&#8217;n 26 miljoen Irani\u00ebrs hebben het Woord van God niet in hun eigen &#8216;hartstaal&#8217;. Transform Iran is druk bezig met het aanpakken van deze Bijbelarmoede, zodat evangelisatie naar de etnische groepen in Iran effectiever kan zijn en er kerken kunnen worden geplant die standhouden en groeien. Meer lezen over <a data-type=\"page\" data-id=\"6304\" href=\"https:\/\/transformiran.com\/nl\/ons-werk\/bijbelvertaling\/\">Bijbelvertaling<\/a>.  <\/p>\n\n<h3 class=\"wp-block-heading\"><strong>Media gebruiken om miljoenen Irani\u00ebrs te bereiken met het evangelie<\/strong><\/h3>\n\n<p>We zenden live en vooraf opgenomen evangeliepresentaties uit via satelliet-tv, radio en sociale media. Miljoenen mensen hebben het evangelie gehoord via onze <a data-type=\"page\" data-id=\"6302\" href=\"https:\/\/transformiran.com\/nl\/ons-werk\/media\/\">mediabedrijven<\/a>.  <\/p>\n\n<h3 class=\"wp-block-heading\"><strong>Apologetiek: Antwoorden op de vragen die Irani\u00ebrs stellen<\/strong><\/h3>\n\n<p>Porpasokh&#8217; betekent &#8216;Vraag &amp; Antwoord&#8217; en dat is het hart van ons apologetisch centrum. Transform IranDe site Porpasokh trekt elke maand tienduizenden bezoekers en gaat rechtstreeks in op de vragen van zoekers. De antwoorden worden op de site gepubliceerd zodat anderen er ook van kunnen profiteren. Tot nu toe zijn er ongeveer 7000 vragen beantwoord op de site en velen zijn daardoor tot redding gekomen. <a data-type=\"page\" data-id=\"6306\" href=\"https:\/\/transformiran.com\/nl\/ons-werk\/apologetisch-centrum\/\">Lees hier meer<\/a>. Om individuele vragen op grote schaal te kunnen beantwoorden en een intelligente dialoog met zoekers te beginnen, hebben we <g id=\"gid_1\">Kairos<\/g> ontwikkeld. Kairos is een AI-tool voor discipelschap en evangelisatie, waarmee Irani\u00ebrs &#8216;altijd en overal&#8217; hun geloofsvragen kunnen stellen en in realtime interactieve antwoorden krijgen, terwijl ze anoniem blijven uit angst voor een waakzame overheid.  <\/p>\n\n<h3 class=\"wp-block-heading\"><strong>Slachtoffers van trauma, misbruik en verslaving bereiken<\/strong><\/h3>\n\n<p>Voor de miljoenen mensen in Iran die te maken hebben met trauma&#8217;s uit het verleden, misbruik en verslaving, is er een bijzonder diep gevoel van onwaardigheid en hopeloosheid. De <a data-type=\"page\" data-id=\"6308\" href=\"https:\/\/transformiran.com\/nl\/ons-werk\/parel-van-perzie\/\">parel van Perzi\u00eb<\/a> bediening van Transform Iran werkt specifiek met deze mensen in gedachten en cre\u00ebert evangelisatie op maat die spreekt over hoop, genezing en identiteit.  <\/p>\n\n<h3 class=\"wp-block-heading\"><strong>Persoonlijke Evangelisatie in Iran<\/strong><\/h3>\n\n<p>Gelovigen in Iran zijn gepassioneerd om anderen de levensveranderende kracht van Christus in hun leven te zien ervaren en actief met anderen te delen. Velen zullen zelfs van plaats naar plaats reizen met de boodschap van hoop die ze met zich meedragen. We ondersteunen mensen op afstand door middel van training, het geven van Bijbels en <a data-type=\"page\" data-id=\"6294\" href=\"https:\/\/transformiran.com\/nl\/ons-werk\/discipelschap\/\">discipelschapsprogramma<\/a> &#8216;s voor mensen die tot geloof zijn gekomen.  <\/p>\n\n<p><\/p>\n\n<figure class=\"wp-block-embed is-type-video is-provider-youtube wp-block-embed-youtube wp-embed-aspect-16-9 wp-has-aspect-ratio\"><div class=\"wp-block-embed__wrapper\">\n<iframe loading=\"lazy\" title=\"The Risk of Sharing Your Faith in Iran (60-Second Reel)\" width=\"500\" height=\"281\" src=\"https:\/\/www.youtube.com\/embed\/C2pdLblzp2Q?feature=oembed\" frameborder=\"0\" allow=\"accelerometer; autoplay; clipboard-write; encrypted-media; gyroscope; picture-in-picture; web-share\" referrerpolicy=\"strict-origin-when-cross-origin\" allowfullscreen><\/iframe>\n<\/div><figcaption class=\"wp-element-caption\">Hoewel het illegaal is om het christelijk geloof te delen in Iran, leiden bovennatuurlijke ontmoetingen met Jezus tot een organische groei van de kerk.<\/figcaption><\/figure>\n\n<h3 class=\"wp-block-heading\"><strong>Persoonlijke Evangelisatie via Turkije<\/strong><\/h3>\n\n<p>Transform Iran organiseert elk jaar gerichte evenementen in Turkije, de populairste toeristische bestemming voor Irani\u00ebrs. Elk jaar bezoeken meer dan 2 miljoen Irani\u00ebrs Turkije.   Onze getrainde evangelisten reizen naar gebieden die populair zijn bij Irani\u00ebrs en delen het evangelie met hen. Velen zijn op deze manier gered en teruggekeerd naar Iran waar ze huiskerken hebben gesticht. Ons follow-up team ondersteunt deze kerken dan op afstand (zie <a data-type=\"page\" data-id=\"6294\" href=\"https:\/\/transformiran.com\/nl\/ons-werk\/discipelschap\/\">Discipelschap<\/a>).<\/p>\n\n<p><\/p>\n\n<blockquote class=\"wp-block-quote is-layout-flow wp-block-quote-is-layout-flow\">\n<p>Ik maakte deel uit van een outreach-team in de stad Istanbul. We waren op zoek naar Iraanse toeristen. We ontmoetten een gezin en deelden het goede nieuws met hen. We gaven hen ook cadeaus waarmee ze gratis toegang kregen tot de Bijbel en andere christelijke online bronnen.<\/p>\n\n\n\n<p><em>De vader vertelde me dat hij in Jezus geloofde en christen wilde worden, maar niet wist waar hij moest beginnen of wat hij moest doen.<\/em><\/p>\n\n\n\n<p>Dit was de laatste dag van hun reis naar Istanbul &#8211; ze zouden diezelfde middag nog teruggaan naar Iran. Zijn vrouw werd ook steeds blijer toen ze ons hoorde delen. Ze stond te popelen om haar hart aan Jezus Christus te geven en dat deed ze meteen en ze werd een gelovige.<\/p>\n\n\n\n<p>Haar man zag hoe zij haar leven aan Jezus wijdde en hij beleed ook zijn liefde voor Jezus, had berouw over zijn zonde en gaf zijn hart aan Jezus. Ze waren zo gelukkig door dit moment! Ze wilden ons meenemen voor een ijsje om het te vieren!<\/p>\n\n\n\n<p>Ze zijn nu terug in Iran en ik heb contact met de vrouw en help haar om te groeien in haar geloof.<\/p>\n<\/blockquote>\n\n<div class=\"wp-block-buttons is-content-justification-center is-layout-flex wp-container-core-buttons-is-layout-16018d1d wp-block-buttons-is-layout-flex\">\n<div class=\"wp-block-button\"><a class=\"wp-block-button__link has-white-color has-vivid-red-background-color has-text-color has-background has-link-color wp-element-button\" href=\"https:\/\/transformiran.com\/nl\/aanmelden-voor-nieuwsbrief\/\">Bid voor de verspreiding van het evangelie in Iran &#8211; ontvang maandelijkse e-mails om je te begeleiden<\/a><\/div>\n<\/div>\n\n<p><\/p>\n","protected":false},"excerpt":{"rendered":"<p>De bovennatuurlijke honger van Irani\u00ebrs naar het evangelie Er is een bovennatuurlijke genade in Iran &#8211; als nooit tevoren. De mensen zijn hongerig naar de waarheid en staan open voor het evangelie. Maar het evangelie moet gedeeld worden, want &#8220;hoe kunnen zij geloven in degene van wie zij het niet gehoord hebben?&#8221; Romeinen 10:14 Transform [&hellip;]<\/p>\n","protected":false},"author":1,"featured_media":0,"parent":9977,"menu_order":0,"comment_status":"closed","ping_status":"closed","template":"page-work.php","meta":{"_acf_changed":false,"give_campaign_id":0,"om_disable_all_campaigns":false,"_mi_skip_tracking":false,"footnotes":""},"class_list":["post-9969","page","type-page","status-publish","hentry"],"acf":[],"yoast_head":"<!-- This site is optimized with the Yoast SEO plugin v27.3 - https:\/\/yoast.com\/product\/yoast-seo-wordpress\/ -->\n<title>Evangelisatie - Transform Iran<\/title>\n<meta name=\"robots\" content=\"index, follow, max-snippet:-1, max-image-preview:large, max-video-preview:-1\" \/>\n<link rel=\"canonical\" href=\"https:\/\/transformiran.com\/nl\/ons-werk\/evangelisatie\/\" \/>\n<meta property=\"og:locale\" content=\"nl_NL\" \/>\n<meta property=\"og:type\" content=\"article\" \/>\n<meta property=\"og:title\" content=\"Evangelisatie - Transform Iran\" \/>\n<meta property=\"og:description\" content=\"De bovennatuurlijke honger van Irani\u00ebrs naar het evangelie Er is een bovennatuurlijke genade in Iran &#8211; als nooit tevoren. De mensen zijn hongerig naar de waarheid en staan open voor het evangelie. Maar het evangelie moet gedeeld worden, want &#8220;hoe kunnen zij geloven in degene van wie zij het niet gehoord hebben?&#8221; Romeinen 10:14 Transform [&hellip;]\" \/>\n<meta property=\"og:url\" content=\"https:\/\/transformiran.com\/nl\/ons-werk\/evangelisatie\/\" \/>\n<meta property=\"og:site_name\" content=\"Transform Iran\" \/>\n<meta property=\"article:publisher\" content=\"https:\/\/www.facebook.com\/222MinistriesUSAInc\" \/>\n<meta property=\"article:modified_time\" content=\"2025-12-08T21:40:37+00:00\" \/>\n<meta property=\"og:image\" content=\"https:\/\/transformiran.com\/app\/uploads\/2024\/08\/man-casting-net-landscape-lite.jpeg\" \/>\n\t<meta property=\"og:image:width\" content=\"1280\" \/>\n\t<meta property=\"og:image:height\" content=\"218\" \/>\n\t<meta property=\"og:image:type\" content=\"image\/jpeg\" \/>\n<meta name=\"twitter:card\" content=\"summary_large_image\" \/>\n<meta name=\"twitter:site\" content=\"@222minint\" \/>\n<meta name=\"twitter:label1\" content=\"Geschatte leestijd\" \/>\n\t<meta name=\"twitter:data1\" content=\"4 minuten\" \/>\n<script type=\"application\/ld+json\" class=\"yoast-schema-graph\">{\"@context\":\"https:\\\/\\\/schema.org\",\"@graph\":[{\"@type\":\"WebPage\",\"@id\":\"https:\\\/\\\/transformiran.com\\\/nl\\\/ons-werk\\\/evangelisatie\\\/\",\"url\":\"https:\\\/\\\/transformiran.com\\\/nl\\\/ons-werk\\\/evangelisatie\\\/\",\"name\":\"Evangelisatie - Transform Iran\",\"isPartOf\":{\"@id\":\"https:\\\/\\\/transformiran.com\\\/nl\\\/#website\"},\"primaryImageOfPage\":{\"@id\":\"https:\\\/\\\/transformiran.com\\\/nl\\\/ons-werk\\\/evangelisatie\\\/#primaryimage\"},\"image\":{\"@id\":\"https:\\\/\\\/transformiran.com\\\/nl\\\/ons-werk\\\/evangelisatie\\\/#primaryimage\"},\"thumbnailUrl\":\"https:\\\/\\\/transformiran.com\\\/app\\\/uploads\\\/2024\\\/08\\\/man-casting-net-landscape-lite-1024x174.jpeg\",\"datePublished\":\"2022-11-03T12:16:01+00:00\",\"dateModified\":\"2025-12-08T21:40:37+00:00\",\"breadcrumb\":{\"@id\":\"https:\\\/\\\/transformiran.com\\\/nl\\\/ons-werk\\\/evangelisatie\\\/#breadcrumb\"},\"inLanguage\":\"nl-NL\",\"potentialAction\":[{\"@type\":\"ReadAction\",\"target\":[\"https:\\\/\\\/transformiran.com\\\/nl\\\/ons-werk\\\/evangelisatie\\\/\"]}]},{\"@type\":\"ImageObject\",\"inLanguage\":\"nl-NL\",\"@id\":\"https:\\\/\\\/transformiran.com\\\/nl\\\/ons-werk\\\/evangelisatie\\\/#primaryimage\",\"url\":\"https:\\\/\\\/transformiran.com\\\/app\\\/uploads\\\/2024\\\/08\\\/man-casting-net-landscape-lite-1024x174.jpeg\",\"contentUrl\":\"https:\\\/\\\/transformiran.com\\\/app\\\/uploads\\\/2024\\\/08\\\/man-casting-net-landscape-lite-1024x174.jpeg\"},{\"@type\":\"BreadcrumbList\",\"@id\":\"https:\\\/\\\/transformiran.com\\\/nl\\\/ons-werk\\\/evangelisatie\\\/#breadcrumb\",\"itemListElement\":[{\"@type\":\"ListItem\",\"position\":1,\"name\":\"Home\",\"item\":\"https:\\\/\\\/transformiran.com\\\/nl\\\/home\\\/\"},{\"@type\":\"ListItem\",\"position\":2,\"name\":\"Ons werk\",\"item\":\"https:\\\/\\\/transformiran.com\\\/nl\\\/ons-werk\\\/\"},{\"@type\":\"ListItem\",\"position\":3,\"name\":\"Evangelisatie\"}]},{\"@type\":\"WebSite\",\"@id\":\"https:\\\/\\\/transformiran.com\\\/nl\\\/#website\",\"url\":\"https:\\\/\\\/transformiran.com\\\/nl\\\/\",\"name\":\"Transform Iran\",\"description\":\"Bringing the love and power of Christ to Iran - and beyond\",\"publisher\":{\"@id\":\"https:\\\/\\\/transformiran.com\\\/nl\\\/#organization\"},\"potentialAction\":[{\"@type\":\"SearchAction\",\"target\":{\"@type\":\"EntryPoint\",\"urlTemplate\":\"https:\\\/\\\/transformiran.com\\\/nl\\\/?s={search_term_string}\"},\"query-input\":{\"@type\":\"PropertyValueSpecification\",\"valueRequired\":true,\"valueName\":\"search_term_string\"}}],\"inLanguage\":\"nl-NL\"},{\"@type\":\"Organization\",\"@id\":\"https:\\\/\\\/transformiran.com\\\/nl\\\/#organization\",\"name\":\"Transform Iran\",\"url\":\"https:\\\/\\\/transformiran.com\\\/nl\\\/\",\"logo\":{\"@type\":\"ImageObject\",\"inLanguage\":\"nl-NL\",\"@id\":\"https:\\\/\\\/transformiran.com\\\/nl\\\/#\\\/schema\\\/logo\\\/image\\\/\",\"url\":\"https:\\\/\\\/transformiran.com\\\/app\\\/uploads\\\/2022\\\/11\\\/logo_grey.jpg\",\"contentUrl\":\"https:\\\/\\\/transformiran.com\\\/app\\\/uploads\\\/2022\\\/11\\\/logo_grey.jpg\",\"width\":528,\"height\":90,\"caption\":\"Transform Iran\"},\"image\":{\"@id\":\"https:\\\/\\\/transformiran.com\\\/nl\\\/#\\\/schema\\\/logo\\\/image\\\/\"},\"sameAs\":[\"https:\\\/\\\/www.facebook.com\\\/222MinistriesUSAInc\",\"https:\\\/\\\/x.com\\\/222minint\",\"https:\\\/\\\/www.instagram.com\\\/222ministriesinternational\\\/\"]}]}<\/script>\n<!-- \/ Yoast SEO plugin. -->","yoast_head_json":{"title":"Evangelisatie - Transform Iran","robots":{"index":"index","follow":"follow","max-snippet":"max-snippet:-1","max-image-preview":"max-image-preview:large","max-video-preview":"max-video-preview:-1"},"canonical":"https:\/\/transformiran.com\/nl\/ons-werk\/evangelisatie\/","og_locale":"nl_NL","og_type":"article","og_title":"Evangelisatie - Transform Iran","og_description":"De bovennatuurlijke honger van Irani\u00ebrs naar het evangelie Er is een bovennatuurlijke genade in Iran &#8211; als nooit tevoren. De mensen zijn hongerig naar de waarheid en staan open voor het evangelie. Maar het evangelie moet gedeeld worden, want &#8220;hoe kunnen zij geloven in degene van wie zij het niet gehoord hebben?&#8221; Romeinen 10:14 Transform [&hellip;]","og_url":"https:\/\/transformiran.com\/nl\/ons-werk\/evangelisatie\/","og_site_name":"Transform Iran","article_publisher":"https:\/\/www.facebook.com\/222MinistriesUSAInc","article_modified_time":"2025-12-08T21:40:37+00:00","og_image":[{"width":1280,"height":218,"url":"https:\/\/transformiran.com\/app\/uploads\/2024\/08\/man-casting-net-landscape-lite.jpeg","type":"image\/jpeg"}],"twitter_card":"summary_large_image","twitter_site":"@222minint","twitter_misc":{"Geschatte leestijd":"4 minuten"},"schema":{"@context":"https:\/\/schema.org","@graph":[{"@type":"WebPage","@id":"https:\/\/transformiran.com\/nl\/ons-werk\/evangelisatie\/","url":"https:\/\/transformiran.com\/nl\/ons-werk\/evangelisatie\/","name":"Evangelisatie - Transform Iran","isPartOf":{"@id":"https:\/\/transformiran.com\/nl\/#website"},"primaryImageOfPage":{"@id":"https:\/\/transformiran.com\/nl\/ons-werk\/evangelisatie\/#primaryimage"},"image":{"@id":"https:\/\/transformiran.com\/nl\/ons-werk\/evangelisatie\/#primaryimage"},"thumbnailUrl":"https:\/\/transformiran.com\/app\/uploads\/2024\/08\/man-casting-net-landscape-lite-1024x174.jpeg","datePublished":"2022-11-03T12:16:01+00:00","dateModified":"2025-12-08T21:40:37+00:00","breadcrumb":{"@id":"https:\/\/transformiran.com\/nl\/ons-werk\/evangelisatie\/#breadcrumb"},"inLanguage":"nl-NL","potentialAction":[{"@type":"ReadAction","target":["https:\/\/transformiran.com\/nl\/ons-werk\/evangelisatie\/"]}]},{"@type":"ImageObject","inLanguage":"nl-NL","@id":"https:\/\/transformiran.com\/nl\/ons-werk\/evangelisatie\/#primaryimage","url":"https:\/\/transformiran.com\/app\/uploads\/2024\/08\/man-casting-net-landscape-lite-1024x174.jpeg","contentUrl":"https:\/\/transformiran.com\/app\/uploads\/2024\/08\/man-casting-net-landscape-lite-1024x174.jpeg"},{"@type":"BreadcrumbList","@id":"https:\/\/transformiran.com\/nl\/ons-werk\/evangelisatie\/#breadcrumb","itemListElement":[{"@type":"ListItem","position":1,"name":"Home","item":"https:\/\/transformiran.com\/nl\/home\/"},{"@type":"ListItem","position":2,"name":"Ons werk","item":"https:\/\/transformiran.com\/nl\/ons-werk\/"},{"@type":"ListItem","position":3,"name":"Evangelisatie"}]},{"@type":"WebSite","@id":"https:\/\/transformiran.com\/nl\/#website","url":"https:\/\/transformiran.com\/nl\/","name":"Transform Iran","description":"Bringing the love and power of Christ to Iran - and beyond","publisher":{"@id":"https:\/\/transformiran.com\/nl\/#organization"},"potentialAction":[{"@type":"SearchAction","target":{"@type":"EntryPoint","urlTemplate":"https:\/\/transformiran.com\/nl\/?s={search_term_string}"},"query-input":{"@type":"PropertyValueSpecification","valueRequired":true,"valueName":"search_term_string"}}],"inLanguage":"nl-NL"},{"@type":"Organization","@id":"https:\/\/transformiran.com\/nl\/#organization","name":"Transform Iran","url":"https:\/\/transformiran.com\/nl\/","logo":{"@type":"ImageObject","inLanguage":"nl-NL","@id":"https:\/\/transformiran.com\/nl\/#\/schema\/logo\/image\/","url":"https:\/\/transformiran.com\/app\/uploads\/2022\/11\/logo_grey.jpg","contentUrl":"https:\/\/transformiran.com\/app\/uploads\/2022\/11\/logo_grey.jpg","width":528,"height":90,"caption":"Transform Iran"},"image":{"@id":"https:\/\/transformiran.com\/nl\/#\/schema\/logo\/image\/"},"sameAs":["https:\/\/www.facebook.com\/222MinistriesUSAInc","https:\/\/x.com\/222minint","https:\/\/www.instagram.com\/222ministriesinternational\/"]}]}},"campaignId":"","_links":{"self":[{"href":"https:\/\/transformiran.com\/nl\/wp-json\/wp\/v2\/pages\/9969","targetHints":{"allow":["GET"]}}],"collection":[{"href":"https:\/\/transformiran.com\/nl\/wp-json\/wp\/v2\/pages"}],"about":[{"href":"https:\/\/transformiran.com\/nl\/wp-json\/wp\/v2\/types\/page"}],"author":[{"embeddable":true,"href":"https:\/\/transformiran.com\/nl\/wp-json\/wp\/v2\/users\/1"}],"replies":[{"embeddable":true,"href":"https:\/\/transformiran.com\/nl\/wp-json\/wp\/v2\/comments?post=9969"}],"version-history":[{"count":2,"href":"https:\/\/transformiran.com\/nl\/wp-json\/wp\/v2\/pages\/9969\/revisions"}],"predecessor-version":[{"id":33970,"href":"https:\/\/transformiran.com\/nl\/wp-json\/wp\/v2\/pages\/9969\/revisions\/33970"}],"up":[{"embeddable":true,"href":"https:\/\/transformiran.com\/nl\/wp-json\/wp\/v2\/pages\/9977"}],"wp:attachment":[{"href":"https:\/\/transformiran.com\/nl\/wp-json\/wp\/v2\/media?parent=9969"}],"curies":[{"name":"wp","href":"https:\/\/api.w.org\/{rel}","templated":true}]}}