{"id":12946,"date":"2022-11-03T12:18:35","date_gmt":"2022-11-03T12:18:35","guid":{"rendered":"https:\/\/transformiran.com\/digital-kyrka\/"},"modified":"2025-09-16T00:10:04","modified_gmt":"2025-09-15T23:10:04","slug":"digital-kyrka","status":"publish","type":"page","link":"https:\/\/transformiran.com\/sv\/vart-arbete\/digital-kyrka\/","title":{"rendered":"Digital kyrka"},"content":{"rendered":"\n<h2 class=\"wp-block-heading\"><mark style=\"background-color:rgba(0, 0, 0, 0);color:#b38e44\" class=\"has-inline-color\">Behovet av en digital kyrka<\/mark><\/h2>\n\n<p class=\"has-medium-font-size\">Visionen om den digitala kyrkan \u00e4r inte en ers\u00e4ttning f\u00f6r den personliga gemenskapen. Det kan dock vara ett enklare anonymt f\u00f6rsta steg f\u00f6r s\u00f6kare och nya troende i Iran, och ibland en n\u00f6dv\u00e4ndighet f\u00f6r dem som inte har fysisk m\u00f6jlighet att delta i m\u00f6ten personligen (geografiska eller spr\u00e5kliga begr\u00e4nsningar eller till och med livsfara).<\/p>\n\n<h2 class=\"wp-block-heading\"><mark style=\"background-color:rgba(0, 0, 0, 0);color:#b38e44\" class=\"has-inline-color\">Hur fungerar den digitala kyrkan?<\/mark><\/h2>\n\n<p>Persian Community Church (PCC), som bildades i april 2018, erbjuder familj, gemenskap och samh\u00f6righet f\u00f6r isolerade iranska kristna, och ett s\u00e4tt f\u00f6r dem att v\u00e4xa i sin tro och bli utrustade och inspirerade att n\u00e5 andra f\u00f6r Kristus. M\u00f6tena \u00e4r interaktiva och deltagarna uppmuntras att delta i gudstj\u00e4nster och b\u00f6ner samt att delta i diskussioner.<\/p>\n\n<p>PCC ser ocks\u00e5 fram emot n\u00e4r d\u00f6rrarna \u00f6ppnas f\u00f6r Iran d\u00e4r kyrkan i hela landet kommer att kunna ansluta sig och bli uppbyggd n\u00e4r vi hj\u00e4lper de beh\u00f6vande och drar hundratusentals fler till Kristi k\u00e4rlek. PCC sammanf\u00f6r mer \u00e4n 20.000 troende och s\u00f6kande varje m\u00e5nad.<\/p>\n\n<p><\/p>\n\n<p><a href=\"https:\/\/transformiran.com\/sv\/vart-arbete\/church-planting\/\">L\u00e4s om V\u00e5r vision att plantera, v\u00e5rda och l\u00e5ta blomstrande, reproducerande f\u00f6rsamlingar v\u00e4xa i varje stad och ort i Iran<\/a><\/p>\n\n<p><\/p>\n\n<figure class=\"wp-block-embed is-type-video is-provider-youtube wp-block-embed-youtube wp-embed-aspect-16-9 wp-has-aspect-ratio\"><div class=\"wp-block-embed__wrapper\">\n<iframe title=\"Creating Christian Community in Iran - A Safe Space to Learn and Grow\" width=\"500\" height=\"281\" src=\"https:\/\/www.youtube.com\/embed\/tI5OgWB3ul4?feature=oembed\" frameborder=\"0\" allow=\"accelerometer; autoplay; clipboard-write; encrypted-media; gyroscope; picture-in-picture; web-share\" referrerpolicy=\"strict-origin-when-cross-origin\" allowfullscreen><\/iframe>\n<\/div><figcaption class=\"wp-element-caption\">Transform Iran&#8217;s digitala kyrka skapar ett s\u00e4kert utrymme f\u00f6r enskilda eller grupper av troende att interagera, l\u00e4ra dig och v\u00e4xa tillsammans.<\/figcaption><\/figure>\n\n<p><\/p>\n\n<figure class=\"wp-block-embed is-type-video is-provider-youtube wp-block-embed-youtube wp-embed-aspect-16-9 wp-has-aspect-ratio\"><div class=\"wp-block-embed__wrapper\">\n<iframe title=\"Leading a Church in Secret: A Pastor\u2019s Testimony from Iran\" width=\"500\" height=\"281\" src=\"https:\/\/www.youtube.com\/embed\/M1g4JpTK9zk?feature=oembed\" frameborder=\"0\" allow=\"accelerometer; autoplay; clipboard-write; encrypted-media; gyroscope; picture-in-picture; web-share\" referrerpolicy=\"strict-origin-when-cross-origin\" allowfullscreen><\/iframe>\n<\/div><figcaption class=\"wp-element-caption\">H\u00f6r r\u00f6sten fr\u00e5n en pastor som leder en underjordisk kyrka i hemlighet och riskerar allt f\u00f6r evangeliet.<\/figcaption><\/figure>\n\n<p><\/p>\n\n<h2 class=\"wp-block-heading\"><mark style=\"background-color:rgba(0, 0, 0, 0);color:#b38e44\" class=\"has-inline-color\">Interaktiv b\u00f6n genom digital kyrka<\/mark><\/h2>\n\n<p><\/p>\n\n<p>Under 2020 lanserade Transform Iran <strong>Meeting Tent<\/strong>, PCC:s digitala b\u00f6nerum, som erbjuder iranska troende och s\u00f6kande ett s\u00e4kert och tillg\u00e4ngligt utrymme f\u00f6r att be, f\u00e5 kontakt och uppleva Guds n\u00e4rvaro. M\u00f6test\u00e4ltet \u00e4r \u00f6ppet varje dag (utom s\u00f6ndag) i <strong>fyra timmar dagligen<\/strong>, vilket ger st\u00e4ndiga m\u00f6jligheter till b\u00f6n och gemenskap. <\/p>\n\n<h3 class=\"wp-block-heading\">Intim b\u00f6n i liten grupp<\/h3>\n\n<p>Meeting Tent \u00e4r v\u00e4rd f\u00f6r <strong>mindre, fokuserade sammankomster<\/strong> d\u00e4r deltagarna kan ta med sig specifika behov, be tillsammans och m\u00f6ta Gud p\u00e5 ett djupt personligt s\u00e4tt. Dessa intima m\u00f6ten \u00e4r digitala b\u00f6nerum f\u00f6r den underjordiska kyrkan, som bygger gemenskap, st\u00e4rker tron och inspirerar till m\u00f6ten som f\u00f6r\u00e4ndrar livet.   <\/p>\n\n<h3 class=\"wp-block-heading\">Samlingar f\u00f6r gemensam b\u00f6n<\/h3>\n\n<p>F\u00f6rutom sm\u00e5grupper anordnar Meeting Tent <strong>st\u00f6rre b\u00f6ne- och fasteevenemang<\/strong>, koncentrerade \u00f6ver flera dagar eller veckor. I oktober 2022, efter Mahsa Aminis d\u00f6d, anordnade Meeting Tent till exempel <strong>tv\u00e5 veckors b\u00f6n och fasta,<\/strong> som kulminerade i en heldag med <strong>fokuserad f\u00f6rb\u00f6n f\u00f6r Iran.<\/strong> Dessa f\u00f6retagssammankomster g\u00f6r det m\u00f6jligt f\u00f6r tusentals att f\u00f6renas, lyfta nationen inf\u00f6r Gud och bevittna Andens r\u00f6relse p\u00e5 kraftfulla s\u00e4tt.  <\/p>\n\n<h3 class=\"wp-block-heading\">Synbara resultat och r\u00e4ckvidd i b\u00f6nerummet<\/h3>\n\n<p>Vittnesb\u00f6rd om <strong>b\u00f6nesvar, helanden och fr\u00e4lsningar<\/strong> \u00e4r vanliga. Tusentals deltagare samlas varje m\u00e5nad, bygger gemenskap och tro och ser Guds r\u00f6relse i Iran v\u00e4xa. Meeting Tent ger <strong>fri och enkel tillg\u00e5ng<\/strong> till b\u00e5de intim och gemensam b\u00f6n f\u00f6r iranska kristna och s\u00f6kare \u00f6ver hela v\u00e4rlden, p\u00e5 flera av Irans hj\u00e4rtspr\u00e5k, med planer p\u00e5 att expandera till fler.  <\/p>\n\n<p><\/p>\n\n<p><a href=\"https:\/\/transformiran.com\/sv\/impact-sv\/mirakel-bakom-stangda-dorrar-i-iran\/\">L\u00e4s n\u00e5gra kraftfulla vittnesm\u00e5l fr\u00e5n v\u00e5ra m\u00f6tesrum i t\u00e4ltet<\/a><\/p>\n\n<div class=\"wp-block-buttons is-content-justification-center is-layout-flex wp-container-core-buttons-is-layout-16018d1d wp-block-buttons-is-layout-flex\">\n<div class=\"wp-block-button\"><a class=\"wp-block-button__link has-white-color has-vivid-red-background-color has-text-color has-background has-link-color wp-element-button\" href=\"https:\/\/transformiran.com\/sv\/anmalan-till-nyhetsbrev\/\">F\u00e5 uppdateringar om verksamheten och kommande b\u00f6neevenemang<\/a><\/div>\n<\/div>\n\n<p><\/p>\n\n<h2 class=\"wp-block-heading\"><mark style=\"background-color:rgba(0, 0, 0, 0);color:#b38e44\" class=\"has-inline-color\">Digital kyrka p\u00e5 de on\u00e5dda folkgruppernas hj\u00e4rtspr\u00e5k<\/mark><\/h2>\n\n<p>Transform Iran har \u00e5tagit sig att plantera kyrkor p\u00e5 alla hj\u00e4rtspr\u00e5ken i Iran och en digital kyrkoplattform \u00e4r ett strategiskt s\u00e4tt att b\u00f6rja samla vitt spridda troende fr\u00e5n en folkgrupp som hittills bara har kunnat l\u00e4ra sig, be och tillbe p\u00e5 farsi i sina lokala kyrkor som talar farsi (persiska). F\u00f6rest\u00e4ll dig den dag d\u00e5 en troende Gilaki f\u00f6r f\u00f6rsta g\u00e5ngen f\u00e5r en Gilaki-bibel i handen och blir inbjuden att fira gudstj\u00e4nst med andra Gilaki-talande p\u00e5 deras eget hj\u00e4rtas spr\u00e5k i den nya &#8220;Gilaki Community Church&#8221;. Dessa dr\u00f6mmar h\u00e5ller l\u00e5ngsamt p\u00e5 att bli verklighet. En i taget, genom Guds n\u00e5d, kommer alla folkgrupper i Iran att kunna samlas och tillbe Herren p\u00e5 sitt eget spr\u00e5k.<\/p>\n\n<blockquote class=\"wp-block-quote is-layout-flow wp-block-quote-is-layout-flow\">\n<p>Persian Community Church har skapat en plattform d\u00e4r jag kan ha gemenskap och f\u00e5 en k\u00e4nsla av att tillh\u00f6ra en st\u00f6rre Kristi kropp \u00f6ver hela v\u00e4rlden. Vi tr\u00e4ffas p\u00e5 s\u00f6ndagar och tillber Jesus. Detta v\u00e4lsignar mig mycket.<\/p>\n<\/blockquote>\n\n<blockquote class=\"wp-block-quote is-layout-flow wp-block-quote-is-layout-flow\">\n<p>Jag v\u00e4xte upp i en fanatisk muslimsk familj, hade aldrig en kristen v\u00e4n och gick aldrig i kyrkan. Mitt i en personlig tragedi kom jag ih\u00e5g Jesus och ropade till honom: &#8220;Sn\u00e4lla! Befria mig fr\u00e5n denna skam och tragedi!&#8221; och han kom och m\u00f6tte mig i min sm\u00e4rta och han f\u00f6r\u00e4ndrade mitt liv. Jag hade \u00e4nnu inte \u00f6verl\u00e4mnat mitt liv till Kristus, men s\u00f6kte desperat efter att l\u00e4ra k\u00e4nna honom.<\/p>\n\n\n\n<p>Jag letade efter en kristen pastor och hittade d\u00e5 l\u00e4nken till Persian Community Church och en av ledarna hj\u00e4lpte mig att ge mitt liv till Kristus. Nu har det g\u00e5tt ett \u00e5r och 6 m\u00e5nader. Varje s\u00f6ndag och varje fredag deltar jag i Persian Community Church. Jag har vuxit mycket i min tro.  <mark style=\"background-color:rgba(0, 0, 0, 0);color:#e62d31\" class=\"has-inline-color\">Det vackra med den h\u00e4r resan \u00e4r att alla mina familjemedlemmar och v\u00e4nner som s\u00e5g hur mitt liv f\u00f6r\u00e4ndrades &#8211; tolv stycken &#8211; blev intresserade och talade med samma pastor och alla \u00f6verl\u00e4mnade sina liv till Kristus. Nu tr\u00e4ffas vi varje vecka tillsammans med honom f\u00f6r l\u00e4rjungaskap.<\/mark><\/p>\n<\/blockquote>\n\n<div class=\"wp-block-buttons is-content-justification-center is-layout-flex wp-container-core-buttons-is-layout-16018d1d wp-block-buttons-is-layout-flex\">\n<div class=\"wp-block-button\"><a class=\"wp-block-button__link has-white-color has-vivid-red-background-color has-text-color has-background has-link-color wp-element-button\" href=\"https:\/\/transformiran.com\/sv\/donera\/\">St\u00f6d den digitala kyrkan i Iran idag<\/a><\/div>\n<\/div>\n\n<p><a href=\"https:\/\/transformiran.com\/sv\/impact-sv\/en-berattelse-om-lakning-tro-och-digital-kyrkogemenskap\/\">L\u00e4s ett vittnesb\u00f6rd om helande och att hitta tro genom v\u00e5r interaktiva digitala kyrkogemenskap<\/a><\/p>\n\n<p><\/p>\n","protected":false},"excerpt":{"rendered":"<p>Behovet av en digital kyrka Visionen om den digitala kyrkan \u00e4r inte en ers\u00e4ttning f\u00f6r den personliga gemenskapen. Det kan dock vara ett enklare anonymt f\u00f6rsta steg f\u00f6r s\u00f6kare och nya troende i Iran, och ibland en n\u00f6dv\u00e4ndighet f\u00f6r dem som inte har fysisk m\u00f6jlighet att delta i m\u00f6ten personligen (geografiska eller spr\u00e5kliga begr\u00e4nsningar eller [&hellip;]<\/p>\n","protected":false},"author":1,"featured_media":0,"parent":13029,"menu_order":0,"comment_status":"closed","ping_status":"closed","template":"page-work.php","meta":{"_acf_changed":false,"give_campaign_id":0,"om_disable_all_campaigns":false,"_mi_skip_tracking":false,"footnotes":""},"class_list":["post-12946","page","type-page","status-publish","hentry"],"acf":[],"yoast_head":"<!-- This site is optimized with the Yoast SEO plugin v27.2 - https:\/\/yoast.com\/product\/yoast-seo-wordpress\/ -->\n<title>Digital kyrka - Transform Iran<\/title>\n<meta name=\"robots\" content=\"index, follow, max-snippet:-1, max-image-preview:large, max-video-preview:-1\" \/>\n<link rel=\"canonical\" href=\"https:\/\/transformiran.com\/sv\/vart-arbete\/digital-kyrka\/\" \/>\n<meta property=\"og:locale\" content=\"sv_SE\" \/>\n<meta property=\"og:type\" content=\"article\" \/>\n<meta property=\"og:title\" content=\"Digital kyrka - Transform Iran\" \/>\n<meta property=\"og:description\" content=\"Behovet av en digital kyrka Visionen om den digitala kyrkan \u00e4r inte en ers\u00e4ttning f\u00f6r den personliga gemenskapen. Det kan dock vara ett enklare anonymt f\u00f6rsta steg f\u00f6r s\u00f6kare och nya troende i Iran, och ibland en n\u00f6dv\u00e4ndighet f\u00f6r dem som inte har fysisk m\u00f6jlighet att delta i m\u00f6ten personligen (geografiska eller spr\u00e5kliga begr\u00e4nsningar eller [&hellip;]\" \/>\n<meta property=\"og:url\" content=\"https:\/\/transformiran.com\/sv\/vart-arbete\/digital-kyrka\/\" \/>\n<meta property=\"og:site_name\" content=\"Transform Iran\" \/>\n<meta property=\"article:publisher\" content=\"https:\/\/www.facebook.com\/222MinistriesUSAInc\" \/>\n<meta property=\"article:modified_time\" content=\"2025-09-15T23:10:04+00:00\" \/>\n<meta name=\"twitter:card\" content=\"summary_large_image\" \/>\n<meta name=\"twitter:site\" content=\"@222minint\" \/>\n<meta name=\"twitter:label1\" content=\"Est. reading time\" \/>\n\t<meta name=\"twitter:data1\" content=\"5 minutes\" \/>\n<script type=\"application\/ld+json\" class=\"yoast-schema-graph\">{\"@context\":\"https:\/\/schema.org\",\"@graph\":[{\"@type\":\"WebPage\",\"@id\":\"https:\/\/transformiran.com\/sv\/vart-arbete\/digital-kyrka\/\",\"url\":\"https:\/\/transformiran.com\/sv\/vart-arbete\/digital-kyrka\/\",\"name\":\"Digital kyrka - Transform Iran\",\"isPartOf\":{\"@id\":\"https:\/\/transformiran.com\/sv\/#website\"},\"datePublished\":\"2022-11-03T12:18:35+00:00\",\"dateModified\":\"2025-09-15T23:10:04+00:00\",\"breadcrumb\":{\"@id\":\"https:\/\/transformiran.com\/sv\/vart-arbete\/digital-kyrka\/#breadcrumb\"},\"inLanguage\":\"sv-SE\",\"potentialAction\":[{\"@type\":\"ReadAction\",\"target\":[\"https:\/\/transformiran.com\/sv\/vart-arbete\/digital-kyrka\/\"]}]},{\"@type\":\"BreadcrumbList\",\"@id\":\"https:\/\/transformiran.com\/sv\/vart-arbete\/digital-kyrka\/#breadcrumb\",\"itemListElement\":[{\"@type\":\"ListItem\",\"position\":1,\"name\":\"Home\",\"item\":\"https:\/\/transformiran.com\/sv\/home\/\"},{\"@type\":\"ListItem\",\"position\":2,\"name\":\"Our work\",\"item\":\"https:\/\/transformiran.com\/sv\/vart-arbete\/\"},{\"@type\":\"ListItem\",\"position\":3,\"name\":\"Digital kyrka\"}]},{\"@type\":\"WebSite\",\"@id\":\"https:\/\/transformiran.com\/sv\/#website\",\"url\":\"https:\/\/transformiran.com\/sv\/\",\"name\":\"Transform Iran\",\"description\":\"Bringing the love and power of Christ to Iran - and beyond\",\"publisher\":{\"@id\":\"https:\/\/transformiran.com\/sv\/#organization\"},\"potentialAction\":[{\"@type\":\"SearchAction\",\"target\":{\"@type\":\"EntryPoint\",\"urlTemplate\":\"https:\/\/transformiran.com\/sv\/?s={search_term_string}\"},\"query-input\":{\"@type\":\"PropertyValueSpecification\",\"valueRequired\":true,\"valueName\":\"search_term_string\"}}],\"inLanguage\":\"sv-SE\"},{\"@type\":\"Organization\",\"@id\":\"https:\/\/transformiran.com\/sv\/#organization\",\"name\":\"Transform Iran\",\"url\":\"https:\/\/transformiran.com\/sv\/\",\"logo\":{\"@type\":\"ImageObject\",\"inLanguage\":\"sv-SE\",\"@id\":\"https:\/\/transformiran.com\/sv\/#\/schema\/logo\/image\/\",\"url\":\"https:\/\/transformiran.com\/app\/uploads\/2022\/11\/logo_grey.jpg\",\"contentUrl\":\"https:\/\/transformiran.com\/app\/uploads\/2022\/11\/logo_grey.jpg\",\"width\":528,\"height\":90,\"caption\":\"Transform Iran\"},\"image\":{\"@id\":\"https:\/\/transformiran.com\/sv\/#\/schema\/logo\/image\/\"},\"sameAs\":[\"https:\/\/www.facebook.com\/222MinistriesUSAInc\",\"https:\/\/x.com\/222minint\",\"https:\/\/www.instagram.com\/222ministriesinternational\/\"]}]}<\/script>\n<!-- \/ Yoast SEO plugin. -->","yoast_head_json":{"title":"Digital kyrka - Transform Iran","robots":{"index":"index","follow":"follow","max-snippet":"max-snippet:-1","max-image-preview":"max-image-preview:large","max-video-preview":"max-video-preview:-1"},"canonical":"https:\/\/transformiran.com\/sv\/vart-arbete\/digital-kyrka\/","og_locale":"sv_SE","og_type":"article","og_title":"Digital kyrka - Transform Iran","og_description":"Behovet av en digital kyrka Visionen om den digitala kyrkan \u00e4r inte en ers\u00e4ttning f\u00f6r den personliga gemenskapen. Det kan dock vara ett enklare anonymt f\u00f6rsta steg f\u00f6r s\u00f6kare och nya troende i Iran, och ibland en n\u00f6dv\u00e4ndighet f\u00f6r dem som inte har fysisk m\u00f6jlighet att delta i m\u00f6ten personligen (geografiska eller spr\u00e5kliga begr\u00e4nsningar eller [&hellip;]","og_url":"https:\/\/transformiran.com\/sv\/vart-arbete\/digital-kyrka\/","og_site_name":"Transform Iran","article_publisher":"https:\/\/www.facebook.com\/222MinistriesUSAInc","article_modified_time":"2025-09-15T23:10:04+00:00","twitter_card":"summary_large_image","twitter_site":"@222minint","twitter_misc":{"Est. reading time":"5 minutes"},"schema":{"@context":"https:\/\/schema.org","@graph":[{"@type":"WebPage","@id":"https:\/\/transformiran.com\/sv\/vart-arbete\/digital-kyrka\/","url":"https:\/\/transformiran.com\/sv\/vart-arbete\/digital-kyrka\/","name":"Digital kyrka - Transform Iran","isPartOf":{"@id":"https:\/\/transformiran.com\/sv\/#website"},"datePublished":"2022-11-03T12:18:35+00:00","dateModified":"2025-09-15T23:10:04+00:00","breadcrumb":{"@id":"https:\/\/transformiran.com\/sv\/vart-arbete\/digital-kyrka\/#breadcrumb"},"inLanguage":"sv-SE","potentialAction":[{"@type":"ReadAction","target":["https:\/\/transformiran.com\/sv\/vart-arbete\/digital-kyrka\/"]}]},{"@type":"BreadcrumbList","@id":"https:\/\/transformiran.com\/sv\/vart-arbete\/digital-kyrka\/#breadcrumb","itemListElement":[{"@type":"ListItem","position":1,"name":"Home","item":"https:\/\/transformiran.com\/sv\/home\/"},{"@type":"ListItem","position":2,"name":"Our work","item":"https:\/\/transformiran.com\/sv\/vart-arbete\/"},{"@type":"ListItem","position":3,"name":"Digital kyrka"}]},{"@type":"WebSite","@id":"https:\/\/transformiran.com\/sv\/#website","url":"https:\/\/transformiran.com\/sv\/","name":"Transform Iran","description":"Bringing the love and power of Christ to Iran - and beyond","publisher":{"@id":"https:\/\/transformiran.com\/sv\/#organization"},"potentialAction":[{"@type":"SearchAction","target":{"@type":"EntryPoint","urlTemplate":"https:\/\/transformiran.com\/sv\/?s={search_term_string}"},"query-input":{"@type":"PropertyValueSpecification","valueRequired":true,"valueName":"search_term_string"}}],"inLanguage":"sv-SE"},{"@type":"Organization","@id":"https:\/\/transformiran.com\/sv\/#organization","name":"Transform Iran","url":"https:\/\/transformiran.com\/sv\/","logo":{"@type":"ImageObject","inLanguage":"sv-SE","@id":"https:\/\/transformiran.com\/sv\/#\/schema\/logo\/image\/","url":"https:\/\/transformiran.com\/app\/uploads\/2022\/11\/logo_grey.jpg","contentUrl":"https:\/\/transformiran.com\/app\/uploads\/2022\/11\/logo_grey.jpg","width":528,"height":90,"caption":"Transform Iran"},"image":{"@id":"https:\/\/transformiran.com\/sv\/#\/schema\/logo\/image\/"},"sameAs":["https:\/\/www.facebook.com\/222MinistriesUSAInc","https:\/\/x.com\/222minint","https:\/\/www.instagram.com\/222ministriesinternational\/"]}]}},"campaignId":"","_links":{"self":[{"href":"https:\/\/transformiran.com\/sv\/wp-json\/wp\/v2\/pages\/12946","targetHints":{"allow":["GET"]}}],"collection":[{"href":"https:\/\/transformiran.com\/sv\/wp-json\/wp\/v2\/pages"}],"about":[{"href":"https:\/\/transformiran.com\/sv\/wp-json\/wp\/v2\/types\/page"}],"author":[{"embeddable":true,"href":"https:\/\/transformiran.com\/sv\/wp-json\/wp\/v2\/users\/1"}],"replies":[{"embeddable":true,"href":"https:\/\/transformiran.com\/sv\/wp-json\/wp\/v2\/comments?post=12946"}],"version-history":[{"count":2,"href":"https:\/\/transformiran.com\/sv\/wp-json\/wp\/v2\/pages\/12946\/revisions"}],"predecessor-version":[{"id":32890,"href":"https:\/\/transformiran.com\/sv\/wp-json\/wp\/v2\/pages\/12946\/revisions\/32890"}],"up":[{"embeddable":true,"href":"https:\/\/transformiran.com\/sv\/wp-json\/wp\/v2\/pages\/13029"}],"wp:attachment":[{"href":"https:\/\/transformiran.com\/sv\/wp-json\/wp\/v2\/media?parent=12946"}],"curies":[{"name":"wp","href":"https:\/\/api.w.org\/{rel}","templated":true}]}}