{"id":12955,"date":"2022-11-04T11:14:43","date_gmt":"2022-11-04T11:14:43","guid":{"rendered":"https:\/\/transformiran.com\/donera-med-amazon-smile\/"},"modified":"2025-04-02T11:05:28","modified_gmt":"2025-04-02T10:05:28","slug":"donera-med-amazon-smile","status":"publish","type":"page","link":"https:\/\/transformiran.com\/sv\/donera\/donera-med-amazon-smile\/","title":{"rendered":"Donera med Amazon Smile"},"content":{"rendered":"\n<h2 class=\"wp-block-heading\">Vad \u00e4r AmazonSmile?<\/h2>\n\n<p>AmazonSmile \u00e4r ett enkelt s\u00e4tt f\u00f6r dig att st\u00f6dja din favorit v\u00e4lg\u00f6renhetsorganisation varje g\u00e5ng du handlar, utan kostnad f\u00f6r dig. AmazonSmile finns tillg\u00e4ngligt p\u00e5 smile.amazon.com eller smile.amazon.co.uk i din webbl\u00e4sare och kan aktiveras i Amazon Shopping-appen f\u00f6r iOS- och Android-telefoner. N\u00e4r du handlar p\u00e5 AmazonSmile hittar du exakt samma l\u00e5ga priser, stora urval och bekv\u00e4ma shoppingupplevelse som Amazon.com eller Amazon.co.uk, med den extra f\u00f6rdelen att AmazonSmile kommer att donera 0,5% av dina ber\u00e4ttigade ink\u00f6p till Transform Iran.<\/p>\n\n<p>Allt du beh\u00f6ver g\u00f6ra \u00e4r att bes\u00f6ka <a href=\"http:\/\/smile.amazon.com\/charitylists\" target=\"_blank\" rel=\"noreferrer noopener\">smile.amazon.com\/charitylists<\/a> eller <a href=\"http:\/\/smile.amazon.com\/charitylists\" target=\"_blank\" rel=\"noreferrer noopener\">smile.amazon.co.uk\/charitylists<\/a> eller trycka p\u00e5 Charity Lists i menyn &#8220;Programs &amp; Features&#8221; i Amazon Shopping-appen p\u00e5 din mobiltelefon och sedan s\u00f6ka efter och v\u00e4lja Transform Iran. (AmazonSmile \u00e4r tillg\u00e4ngligt f\u00f6r Amazon-kunder med den senaste versionen av Amazon Shopping-appen p\u00e5 sin mobiltelefon, inklusive Android-enheter med version 7.0+ eller iOS-enheter med version 12+. F\u00f6r att aktivera AmazonSmile i Amazon Shopping-appen trycker du bara p\u00e5 &#8220;AmazonSmile&#8221; i menyn Program och funktioner eller Inst\u00e4llningar och f\u00f6ljer instruktionerna p\u00e5 sk\u00e4rmen).<\/p>\n\n<p>Din shoppingupplevelse kommer inte att f\u00f6r\u00e4ndras och du beh\u00f6ver inte skapa ett nytt konto &#8211; men denna enkla \u00e5tg\u00e4rd g\u00f6r att du kan hj\u00e4lpa till att f\u00f6rvandla Iran med varje k\u00f6p du g\u00f6r!<\/p>\n\n<p>Vid ditt f\u00f6rsta bes\u00f6k p\u00e5 AmazonSmile kommer du att uppmanas att v\u00e4lja en v\u00e4lg\u00f6renhetsorganisation som ska ta emot donationer fr\u00e5n dina framtida ber\u00e4ttigade AmazonSmile-k\u00f6p. Amazon kommer att komma ih\u00e5g din valda v\u00e4lg\u00f6renhetsorganisation n\u00e4r du handlar. AmazonSmile kommer ibland att kontakta dig om donationsbelopp som betalats ut till din valda v\u00e4lg\u00f6renhetsorganisation eller om programmet.<\/p>\n","protected":false},"excerpt":{"rendered":"<p>Vad \u00e4r AmazonSmile? AmazonSmile \u00e4r ett enkelt s\u00e4tt f\u00f6r dig att st\u00f6dja din favorit v\u00e4lg\u00f6renhetsorganisation varje g\u00e5ng du handlar, utan kostnad f\u00f6r dig. AmazonSmile finns tillg\u00e4ngligt p\u00e5 smile.amazon.com eller smile.amazon.co.uk i din webbl\u00e4sare och kan aktiveras i Amazon Shopping-appen f\u00f6r iOS- och Android-telefoner. N\u00e4r du handlar p\u00e5 AmazonSmile hittar du exakt samma l\u00e5ga priser, stora [&hellip;]<\/p>\n","protected":false},"author":1,"featured_media":0,"parent":13026,"menu_order":0,"comment_status":"closed","ping_status":"closed","template":"page-basic.php","meta":{"_acf_changed":false,"give_campaign_id":0,"om_disable_all_campaigns":false,"_mi_skip_tracking":false,"footnotes":""},"class_list":["post-12955","page","type-page","status-publish","hentry"],"acf":[],"yoast_head":"<!-- This site is optimized with the Yoast SEO plugin v27.2 - https:\/\/yoast.com\/product\/yoast-seo-wordpress\/ -->\n<title>Donera med Amazon Smile - Transform Iran<\/title>\n<meta name=\"robots\" content=\"index, follow, max-snippet:-1, max-image-preview:large, max-video-preview:-1\" \/>\n<link rel=\"canonical\" href=\"https:\/\/transformiran.com\/sv\/donera\/donera-med-amazon-smile\/\" \/>\n<meta property=\"og:locale\" content=\"sv_SE\" \/>\n<meta property=\"og:type\" content=\"article\" \/>\n<meta property=\"og:title\" content=\"Donera med Amazon Smile - Transform Iran\" \/>\n<meta property=\"og:description\" content=\"Vad \u00e4r AmazonSmile? AmazonSmile \u00e4r ett enkelt s\u00e4tt f\u00f6r dig att st\u00f6dja din favorit v\u00e4lg\u00f6renhetsorganisation varje g\u00e5ng du handlar, utan kostnad f\u00f6r dig. AmazonSmile finns tillg\u00e4ngligt p\u00e5 smile.amazon.com eller smile.amazon.co.uk i din webbl\u00e4sare och kan aktiveras i Amazon Shopping-appen f\u00f6r iOS- och Android-telefoner. N\u00e4r du handlar p\u00e5 AmazonSmile hittar du exakt samma l\u00e5ga priser, stora [&hellip;]\" \/>\n<meta property=\"og:url\" content=\"https:\/\/transformiran.com\/sv\/donera\/donera-med-amazon-smile\/\" \/>\n<meta property=\"og:site_name\" content=\"Transform Iran\" \/>\n<meta property=\"article:publisher\" content=\"https:\/\/www.facebook.com\/222MinistriesUSAInc\" \/>\n<meta property=\"article:modified_time\" content=\"2025-04-02T10:05:28+00:00\" \/>\n<meta name=\"twitter:card\" content=\"summary_large_image\" \/>\n<meta name=\"twitter:site\" content=\"@222minint\" \/>\n<meta name=\"twitter:label1\" content=\"Est. reading time\" \/>\n\t<meta name=\"twitter:data1\" content=\"2 minutes\" \/>\n<script type=\"application\/ld+json\" class=\"yoast-schema-graph\">{\"@context\":\"https:\/\/schema.org\",\"@graph\":[{\"@type\":\"WebPage\",\"@id\":\"https:\/\/transformiran.com\/sv\/donera\/donera-med-amazon-smile\/\",\"url\":\"https:\/\/transformiran.com\/sv\/donera\/donera-med-amazon-smile\/\",\"name\":\"Donera med Amazon Smile - Transform Iran\",\"isPartOf\":{\"@id\":\"https:\/\/transformiran.com\/sv\/#website\"},\"datePublished\":\"2022-11-04T11:14:43+00:00\",\"dateModified\":\"2025-04-02T10:05:28+00:00\",\"breadcrumb\":{\"@id\":\"https:\/\/transformiran.com\/sv\/donera\/donera-med-amazon-smile\/#breadcrumb\"},\"inLanguage\":\"sv-SE\",\"potentialAction\":[{\"@type\":\"ReadAction\",\"target\":[\"https:\/\/transformiran.com\/sv\/donera\/donera-med-amazon-smile\/\"]}]},{\"@type\":\"BreadcrumbList\",\"@id\":\"https:\/\/transformiran.com\/sv\/donera\/donera-med-amazon-smile\/#breadcrumb\",\"itemListElement\":[{\"@type\":\"ListItem\",\"position\":1,\"name\":\"Home\",\"item\":\"https:\/\/transformiran.com\/sv\/home\/\"},{\"@type\":\"ListItem\",\"position\":2,\"name\":\"Donera\",\"item\":\"https:\/\/transformiran.com\/sv\/donate\/\"},{\"@type\":\"ListItem\",\"position\":3,\"name\":\"Donera med Amazon Smile\"}]},{\"@type\":\"WebSite\",\"@id\":\"https:\/\/transformiran.com\/sv\/#website\",\"url\":\"https:\/\/transformiran.com\/sv\/\",\"name\":\"Transform Iran\",\"description\":\"Bringing the love and power of Christ to Iran - and beyond\",\"publisher\":{\"@id\":\"https:\/\/transformiran.com\/sv\/#organization\"},\"potentialAction\":[{\"@type\":\"SearchAction\",\"target\":{\"@type\":\"EntryPoint\",\"urlTemplate\":\"https:\/\/transformiran.com\/sv\/?s={search_term_string}\"},\"query-input\":{\"@type\":\"PropertyValueSpecification\",\"valueRequired\":true,\"valueName\":\"search_term_string\"}}],\"inLanguage\":\"sv-SE\"},{\"@type\":\"Organization\",\"@id\":\"https:\/\/transformiran.com\/sv\/#organization\",\"name\":\"Transform Iran\",\"url\":\"https:\/\/transformiran.com\/sv\/\",\"logo\":{\"@type\":\"ImageObject\",\"inLanguage\":\"sv-SE\",\"@id\":\"https:\/\/transformiran.com\/sv\/#\/schema\/logo\/image\/\",\"url\":\"https:\/\/transformiran.com\/app\/uploads\/2022\/11\/logo_grey.jpg\",\"contentUrl\":\"https:\/\/transformiran.com\/app\/uploads\/2022\/11\/logo_grey.jpg\",\"width\":528,\"height\":90,\"caption\":\"Transform Iran\"},\"image\":{\"@id\":\"https:\/\/transformiran.com\/sv\/#\/schema\/logo\/image\/\"},\"sameAs\":[\"https:\/\/www.facebook.com\/222MinistriesUSAInc\",\"https:\/\/x.com\/222minint\",\"https:\/\/www.instagram.com\/222ministriesinternational\/\"]}]}<\/script>\n<!-- \/ Yoast SEO plugin. -->","yoast_head_json":{"title":"Donera med Amazon Smile - Transform Iran","robots":{"index":"index","follow":"follow","max-snippet":"max-snippet:-1","max-image-preview":"max-image-preview:large","max-video-preview":"max-video-preview:-1"},"canonical":"https:\/\/transformiran.com\/sv\/donera\/donera-med-amazon-smile\/","og_locale":"sv_SE","og_type":"article","og_title":"Donera med Amazon Smile - Transform Iran","og_description":"Vad \u00e4r AmazonSmile? AmazonSmile \u00e4r ett enkelt s\u00e4tt f\u00f6r dig att st\u00f6dja din favorit v\u00e4lg\u00f6renhetsorganisation varje g\u00e5ng du handlar, utan kostnad f\u00f6r dig. AmazonSmile finns tillg\u00e4ngligt p\u00e5 smile.amazon.com eller smile.amazon.co.uk i din webbl\u00e4sare och kan aktiveras i Amazon Shopping-appen f\u00f6r iOS- och Android-telefoner. N\u00e4r du handlar p\u00e5 AmazonSmile hittar du exakt samma l\u00e5ga priser, stora [&hellip;]","og_url":"https:\/\/transformiran.com\/sv\/donera\/donera-med-amazon-smile\/","og_site_name":"Transform Iran","article_publisher":"https:\/\/www.facebook.com\/222MinistriesUSAInc","article_modified_time":"2025-04-02T10:05:28+00:00","twitter_card":"summary_large_image","twitter_site":"@222minint","twitter_misc":{"Est. reading time":"2 minutes"},"schema":{"@context":"https:\/\/schema.org","@graph":[{"@type":"WebPage","@id":"https:\/\/transformiran.com\/sv\/donera\/donera-med-amazon-smile\/","url":"https:\/\/transformiran.com\/sv\/donera\/donera-med-amazon-smile\/","name":"Donera med Amazon Smile - Transform Iran","isPartOf":{"@id":"https:\/\/transformiran.com\/sv\/#website"},"datePublished":"2022-11-04T11:14:43+00:00","dateModified":"2025-04-02T10:05:28+00:00","breadcrumb":{"@id":"https:\/\/transformiran.com\/sv\/donera\/donera-med-amazon-smile\/#breadcrumb"},"inLanguage":"sv-SE","potentialAction":[{"@type":"ReadAction","target":["https:\/\/transformiran.com\/sv\/donera\/donera-med-amazon-smile\/"]}]},{"@type":"BreadcrumbList","@id":"https:\/\/transformiran.com\/sv\/donera\/donera-med-amazon-smile\/#breadcrumb","itemListElement":[{"@type":"ListItem","position":1,"name":"Home","item":"https:\/\/transformiran.com\/sv\/home\/"},{"@type":"ListItem","position":2,"name":"Donera","item":"https:\/\/transformiran.com\/sv\/donate\/"},{"@type":"ListItem","position":3,"name":"Donera med Amazon Smile"}]},{"@type":"WebSite","@id":"https:\/\/transformiran.com\/sv\/#website","url":"https:\/\/transformiran.com\/sv\/","name":"Transform Iran","description":"Bringing the love and power of Christ to Iran - and beyond","publisher":{"@id":"https:\/\/transformiran.com\/sv\/#organization"},"potentialAction":[{"@type":"SearchAction","target":{"@type":"EntryPoint","urlTemplate":"https:\/\/transformiran.com\/sv\/?s={search_term_string}"},"query-input":{"@type":"PropertyValueSpecification","valueRequired":true,"valueName":"search_term_string"}}],"inLanguage":"sv-SE"},{"@type":"Organization","@id":"https:\/\/transformiran.com\/sv\/#organization","name":"Transform Iran","url":"https:\/\/transformiran.com\/sv\/","logo":{"@type":"ImageObject","inLanguage":"sv-SE","@id":"https:\/\/transformiran.com\/sv\/#\/schema\/logo\/image\/","url":"https:\/\/transformiran.com\/app\/uploads\/2022\/11\/logo_grey.jpg","contentUrl":"https:\/\/transformiran.com\/app\/uploads\/2022\/11\/logo_grey.jpg","width":528,"height":90,"caption":"Transform Iran"},"image":{"@id":"https:\/\/transformiran.com\/sv\/#\/schema\/logo\/image\/"},"sameAs":["https:\/\/www.facebook.com\/222MinistriesUSAInc","https:\/\/x.com\/222minint","https:\/\/www.instagram.com\/222ministriesinternational\/"]}]}},"campaignId":"","_links":{"self":[{"href":"https:\/\/transformiran.com\/sv\/wp-json\/wp\/v2\/pages\/12955","targetHints":{"allow":["GET"]}}],"collection":[{"href":"https:\/\/transformiran.com\/sv\/wp-json\/wp\/v2\/pages"}],"about":[{"href":"https:\/\/transformiran.com\/sv\/wp-json\/wp\/v2\/types\/page"}],"author":[{"embeddable":true,"href":"https:\/\/transformiran.com\/sv\/wp-json\/wp\/v2\/users\/1"}],"replies":[{"embeddable":true,"href":"https:\/\/transformiran.com\/sv\/wp-json\/wp\/v2\/comments?post=12955"}],"version-history":[{"count":0,"href":"https:\/\/transformiran.com\/sv\/wp-json\/wp\/v2\/pages\/12955\/revisions"}],"up":[{"embeddable":true,"href":"https:\/\/transformiran.com\/sv\/wp-json\/wp\/v2\/pages\/13026"}],"wp:attachment":[{"href":"https:\/\/transformiran.com\/sv\/wp-json\/wp\/v2\/media?parent=12955"}],"curies":[{"name":"wp","href":"https:\/\/api.w.org\/{rel}","templated":true}]}}