{"id":12959,"date":"2022-11-03T12:20:57","date_gmt":"2022-11-03T12:20:57","guid":{"rendered":"https:\/\/transformiran.com\/apologetiskt-centrum\/"},"modified":"2026-02-11T15:21:47","modified_gmt":"2026-02-11T15:21:47","slug":"apologetiskt-centrum","status":"publish","type":"page","link":"https:\/\/transformiran.com\/sv\/vart-arbete\/apologetiskt-centrum\/","title":{"rendered":"Apologetiskt centrum"},"content":{"rendered":"\n<div class=\"wp-block-buttons is-content-justification-center is-layout-flex wp-container-core-buttons-is-layout-16018d1d wp-block-buttons-is-layout-flex\">\n<div class=\"wp-block-button\"><a class=\"wp-block-button__link has-white-color has-vivid-red-background-color has-text-color has-background has-link-color wp-element-button\" href=\"https:\/\/transformiran.com\/sv\/donera\/\">Investera i kristen apologetik p\u00e5 farsi idag<\/a><\/div>\n<\/div>\n\n<h2 class=\"wp-block-heading\"><mark style=\"background-color:rgba(0, 0, 0, 0);color:#b38e44\" class=\"has-inline-color\">Behovet av kristen apologetik: Att besvara s\u00f6kandes fr\u00e5gor med sanning och respekt<\/mark><\/h2>\n\n<p><\/p>\n\n<p class=\"has-medium-font-size\"><em>&#8220;Var alltid beredd att ge ett svar till alla som fr\u00e5gar dig om anledningen till det hopp som du har. Men g\u00f6r det med mildhet och respekt.&#8221;<\/em> 1 Petrus 3:15<\/p>\n\n<p><\/p>\n\n<p class=\"has-medium-font-size\">Kristen apologetik ger ett tydligt och \u00f6vertygande svar p\u00e5 genuina inv\u00e4ndningar mot tron. Det finns ett stort behov av att tillhandah\u00e5lla kristen apologetik p\u00e5 spr\u00e5ket farsi, med h\u00e4nsyn till de specifika fr\u00e5gor som iranier som har vuxit upp med en shiamuslimsk v\u00e4rldsbild kommer att ha.<\/p>\n\n<p><\/p>\n\n<figure class=\"wp-block-embed is-type-video is-provider-youtube wp-block-embed-youtube wp-embed-aspect-16-9 wp-has-aspect-ratio\"><div class=\"wp-block-embed__wrapper\">\n<iframe title=\"Answering the Questions of Iranian Seekers (1 Minute)\" width=\"500\" height=\"281\" src=\"https:\/\/www.youtube.com\/embed\/ynBhBkZiAC4?feature=oembed\" frameborder=\"0\" allow=\"accelerometer; autoplay; clipboard-write; encrypted-media; gyroscope; picture-in-picture; web-share\" referrerpolicy=\"strict-origin-when-cross-origin\" allowfullscreen><\/iframe>\n<\/div><figcaption class=\"wp-element-caption\">Iranierna h\u00e5ller p\u00e5 att l\u00e4mna islam och s\u00f6ker sig aktivt till andra religioner. De \u00e4r desillusionerade och fulla av fr\u00e5gor.&nbsp;Transform Iran &#8216;s erfarna team av apologeter och teologer svarar p\u00e5 dem alla.<\/figcaption><\/figure>\n\n<p><\/p>\n\n<h2 class=\"wp-block-heading has-black-color has-text-color has-link-color wp-elements-babed1b58d2a6ec63fdde2be5f75c091\"><mark style=\"background-color:rgba(0, 0, 0, 0);color:#b38e44\" class=\"has-inline-color\">Svar p\u00e5 de fr\u00e5gor som st\u00e4lls<\/mark><\/h2>\n\n<p><\/p>\n\n<p>Transform Irans <a href=\"https:\/\/porpasokh.com\/\">Porpasokh<\/a> (=Fr\u00e5gor och svar) webbplats drar tiotusentals bes\u00f6kare varje m\u00e5nad och engagerar sig direkt i fr\u00e5gor fr\u00e5n s\u00f6kare. \u00c4mnena omfattar livet, mening, tro, teologi, andlighet och filosofi. V\u00e5rt erfarna team av apologeter och teologer svarar p\u00e5 alla dessa fr\u00e5gor. F\u00f6r fr\u00e5gor med bredare intresse publiceras svaren i form av artiklar p\u00e5 webbplatsen s\u00e5 att fler kan dra nytta av dem.  <\/p>\n\n<p>Hittills har mer \u00e4n 6.400 svar p\u00e5 viktiga fr\u00e5gor publicerats p\u00e5 webbplatsen och m\u00e5nga har kommit till r\u00e4ddning som ett resultat av detta. Webbplatsen anv\u00e4nds ocks\u00e5 f\u00f6r l\u00e4rjungaskap, personlig tillv\u00e4xt och ledarskapsutveckling. De troende kommer f\u00f6r sin egen skull eller f\u00f6r att hj\u00e4lpa dem i deras arbete med att leda f\u00f6rsamlingen och evangelisera. Ledare fr\u00e5n husf\u00f6rsamlingar kontaktar oss regelbundet f\u00f6r att tacka oss f\u00f6r webbplatsen. Det \u00e4r en ov\u00e4rderlig resurs f\u00f6r dem.<\/p>\n\n<p><\/p>\n\n<h2 class=\"wp-block-heading has-black-color has-text-color has-link-color wp-elements-b2f95e1cf58726bad9df0e20fa3ca5aa\"><mark style=\"background-color:rgba(0, 0, 0, 0);color:#b38e44\" class=\"has-inline-color\">Utnyttja mediernas kraft och r\u00e4ckvidd<\/mark><\/h2>\n\n<p><\/p>\n\n<p>Porpasokhs webbplats arbetar tillsammans med en dedikerad n\u00e4rvaro i sociala medier och st\u00f6dprogram som s\u00e4nds p\u00e5 satellit-TV som tillsammans s\u00e4kerst\u00e4ller att iranier med fr\u00e5gor om tro l\u00e4tt kan hitta sina svar.<\/p>\n\n<p>Rev. Vrezh, som \u00e4r chef f\u00f6r denna verksamhet, delar med sig av sin passion:<\/p>\n\n<p><\/p>\n\n<blockquote class=\"wp-block-quote is-layout-flow wp-block-quote-is-layout-flow\">\n<p>Jag tror att Jesus sj\u00e4lv arbetade i m\u00e4nniskornas sinnen, inte bara i deras hj\u00e4rtan. Han tog itu med och ryckte upp mentala f\u00e4sten med r\u00f6tterna. Sedan gick han in med sin kraftfulla k\u00e4rlek och helade dem. Aposteln Paulus s\u00e4ger att vi m\u00e5ste riva ner t\u00e4nkes\u00e4tt som st\u00e5r i motsats till evangeliet, till kunskap om Gud. S\u00e5 det \u00e4r vad vi g\u00f6r! Vi utbildar och befriar. Vi tar bort de f\u00e4sten i m\u00e4nniskors sinnen som vill upph\u00f6ja sig sj\u00e4lva \u00f6ver evangeliets sanning, s\u00e5 att vi sedan kan g\u00e5 in och se fr\u00e4lsning i deras liv.<\/p>\n<\/blockquote>\n\n<p><\/p>\n\n<p><strong>Porpasokh har en vision om att se en rotad, v\u00e4xande och st\u00e4rkt kyrka i Iran och den farsi-talande v\u00e4rlden, d\u00e4r tankes\u00e4tt och f\u00e4sten som st\u00e5r i motsats till Kristi evangelium demonteras och rivs ner av sanningen i Guds ord.  <\/strong><\/p>\n\n<p><\/p>\n\n<p><a href=\"https:\/\/transformiran.com\/sv\/impact-sv\/utbildning-av-iran-apologeter\/\">L\u00e4s hur Transform Iran utbildar Iran-apologeter<\/a><\/p>\n\n<div class=\"wp-block-columns is-layout-flex wp-container-core-columns-is-layout-9d6595d7 wp-block-columns-is-layout-flex\">\n<div class=\"wp-block-column is-layout-flow wp-block-column-is-layout-flow\">\n<figure class=\"wp-block-image size-large\"><img decoding=\"async\" width=\"1024\" height=\"1024\" src=\"https:\/\/transformiran.com\/app\/uploads\/2025\/02\/1-1024x1024.png\" alt=\"Iranierna &#xE4;r tr&#xF6;tta p&#xE5; religionen, som har kontrollerat och manipulerat dem. Men iranier &#xE4;r medf&#xF6;tt andliga m&#xE4;nniskor och f&#xF6;rblir hungriga efter sanningen. Iran beh&#xF6;ver utbildade apologeter som f&#xF6;rst&#xE5;r den resa iranierna &#xE4;r p&#xE5; n&#xE4;r de vill l&#xE4;mna islam och s&#xF6;ka ett alternativ.  \" class=\"wp-image-29176\" style=\"aspect-ratio:1;object-fit:cover\" srcset=\"https:\/\/transformiran.com\/app\/uploads\/2025\/02\/1-1024x1024.png 1024w, https:\/\/transformiran.com\/app\/uploads\/2025\/02\/1-300x300.png 300w, https:\/\/transformiran.com\/app\/uploads\/2025\/02\/1-150x150.png 150w, https:\/\/transformiran.com\/app\/uploads\/2025\/02\/1-768x768.png 768w, https:\/\/transformiran.com\/app\/uploads\/2025\/02\/1-1536x1536.png 1536w, https:\/\/transformiran.com\/app\/uploads\/2025\/02\/1-400x400.png 400w, https:\/\/transformiran.com\/app\/uploads\/2025\/02\/1-600x600.png 600w, https:\/\/transformiran.com\/app\/uploads\/2025\/02\/1.png 1890w\" sizes=\"(max-width: 1024px) 100vw, 1024px\" \/><\/figure>\n<\/div>\n\n\n\n<div class=\"wp-block-column is-layout-flow wp-block-column-is-layout-flow\">\n<figure class=\"wp-block-image size-large\"><img decoding=\"async\" width=\"1024\" height=\"1024\" src=\"https:\/\/transformiran.com\/app\/uploads\/2025\/02\/2-1024x1024.png\" alt=\"\" class=\"wp-image-29183\" style=\"aspect-ratio:1;object-fit:cover\" srcset=\"https:\/\/transformiran.com\/app\/uploads\/2025\/02\/2-1024x1024.png 1024w, https:\/\/transformiran.com\/app\/uploads\/2025\/02\/2-300x300.png 300w, https:\/\/transformiran.com\/app\/uploads\/2025\/02\/2-150x150.png 150w, https:\/\/transformiran.com\/app\/uploads\/2025\/02\/2-768x768.png 768w, https:\/\/transformiran.com\/app\/uploads\/2025\/02\/2-1536x1536.png 1536w, https:\/\/transformiran.com\/app\/uploads\/2025\/02\/2-400x400.png 400w, https:\/\/transformiran.com\/app\/uploads\/2025\/02\/2-600x600.png 600w, https:\/\/transformiran.com\/app\/uploads\/2025\/02\/2.png 1890w\" sizes=\"(max-width: 1024px) 100vw, 1024px\" \/><\/figure>\n<\/div>\n<\/div>\n\n<h2 class=\"wp-block-heading\">Transform Iran lanserar kristet AI-verktyg<\/h2>\n\n<p>Den 23 juli 2025, efter sju m\u00e5nader av intensiv utveckling och ytterligare tv\u00e5 m\u00e5nader av noggrann inneh\u00e5llsrevision, lanserade Transform Iran <a href=\"https:\/\/ai.porpasokh.com\/\" target=\"_blank\" rel=\"noreferrer noopener\">https:\/\/ai.porpasokh.com,<\/a> den f\u00f6rsta iranska kristna AI som \u00e4r utformad f\u00f6r att svara p\u00e5 fr\u00e5gor om tro, andlighet, teologi, sanning samt utmanande fr\u00e5gor som muslimer st\u00e4ller om kristendomen.<\/p>\n\n<p><\/p>\n\n<p>Den internationella sammans\u00e4ttningen av teamet p\u00e5 17 utvecklare, forskare och analytiker som arbetar med detta projekt (inklusive medlemmar fr\u00e5n Iran) \u00e5terspeglar b\u00e5de den iranska kristna diasporans globala r\u00e4ckvidd och den samarbetsanda som \u00e4r n\u00f6dv\u00e4ndig f\u00f6r ett projekt av denna omfattning. Webbplatsen \u00e4r fritt tillg\u00e4nglig p\u00e5 254 spr\u00e5k. Vi inbjuder dig att <a href=\"https:\/\/kairosai.nl\/\" target=\"_blank\" rel=\"noreferrer noopener\">prova den<\/a> och dra nytta av detta kraftfulla kristna verktyg.  <\/p>\n\n<p><\/p>\n\n<p><a href=\"https:\/\/transformiran.com\/sv\/vart-arbete\/leadership-development-2\/\">L\u00e4s mer om Kairos, Transform Irans banbrytande kristna AI-verktyg<\/a><\/p>\n\n<p><\/p>\n\n<h2 class=\"wp-block-heading\">Vittnesm\u00e5l om f\u00f6rvandling<\/h2>\n\n<p><\/p>\n\n<blockquote class=\"wp-block-quote is-layout-flow wp-block-quote-is-layout-flow\">\n<p>Jag s\u00f6kte p\u00e5 Internet, gjorde efterforskningar och dopet blev ett kritiskt \u00e4mne f\u00f6r mig. Till slut hittade jag Porpasokhs webbplats och s\u00e5g att m\u00e5nga troende st\u00e4ller sina fr\u00e5gor och f\u00e5r svar, och jag blev uppmuntrad och fr\u00e5gade om dopet, och ett e-postmeddelande kom till mig som presenterade mig f\u00f6r en pastor som svarade p\u00e5 mina fr\u00e5gor och gav mig r\u00e5d.<\/p>\n<\/blockquote>\n\n<p><\/p>\n\n<blockquote class=\"wp-block-quote is-layout-flow wp-block-quote-is-layout-flow\">\n<p>Er webbplats har hj\u00e4lpt oss i det pastorala arbetet och i evangelisationen. Vi h\u00e4nvisar folk till dig.<\/p>\n<\/blockquote>\n\n<p><\/p>\n\n<div class=\"wp-block-columns is-layout-flex wp-container-core-columns-is-layout-9d6595d7 wp-block-columns-is-layout-flex\">\n<div class=\"wp-block-column is-layout-flow wp-block-column-is-layout-flow\">\n<figure class=\"wp-block-image size-large\"><img decoding=\"async\" width=\"1024\" height=\"1024\" src=\"https:\/\/transformiran.com\/app\/uploads\/2026\/02\/202602-Salvation-Testimony-Apologetics-Ministry-Amid-Protests-Suffering-and-Scrutiny-1024x1024.jpg\" alt=\"\" class=\"wp-image-35733\" srcset=\"https:\/\/transformiran.com\/app\/uploads\/2026\/02\/202602-Salvation-Testimony-Apologetics-Ministry-Amid-Protests-Suffering-and-Scrutiny-1024x1024.jpg 1024w, https:\/\/transformiran.com\/app\/uploads\/2026\/02\/202602-Salvation-Testimony-Apologetics-Ministry-Amid-Protests-Suffering-and-Scrutiny-300x300.jpg 300w, https:\/\/transformiran.com\/app\/uploads\/2026\/02\/202602-Salvation-Testimony-Apologetics-Ministry-Amid-Protests-Suffering-and-Scrutiny-150x150.jpg 150w, https:\/\/transformiran.com\/app\/uploads\/2026\/02\/202602-Salvation-Testimony-Apologetics-Ministry-Amid-Protests-Suffering-and-Scrutiny-768x768.jpg 768w, https:\/\/transformiran.com\/app\/uploads\/2026\/02\/202602-Salvation-Testimony-Apologetics-Ministry-Amid-Protests-Suffering-and-Scrutiny.jpg 1080w\" sizes=\"(max-width: 1024px) 100vw, 1024px\" \/><\/figure>\n<\/div>\n\n\n\n<div class=\"wp-block-column is-layout-flow wp-block-column-is-layout-flow\">\n<figure class=\"wp-block-image size-large\"><img decoding=\"async\" width=\"1024\" height=\"1024\" src=\"https:\/\/transformiran.com\/app\/uploads\/2026\/02\/20250312-Apologetics-testimonies-for-SM-1-1024x1024.png\" alt=\"\" class=\"wp-image-35741\" srcset=\"https:\/\/transformiran.com\/app\/uploads\/2026\/02\/20250312-Apologetics-testimonies-for-SM-1-1024x1024.png 1024w, https:\/\/transformiran.com\/app\/uploads\/2026\/02\/20250312-Apologetics-testimonies-for-SM-1-300x300.png 300w, https:\/\/transformiran.com\/app\/uploads\/2026\/02\/20250312-Apologetics-testimonies-for-SM-1-150x150.png 150w, https:\/\/transformiran.com\/app\/uploads\/2026\/02\/20250312-Apologetics-testimonies-for-SM-1-768x768.png 768w, https:\/\/transformiran.com\/app\/uploads\/2026\/02\/20250312-Apologetics-testimonies-for-SM-1.png 1080w\" sizes=\"(max-width: 1024px) 100vw, 1024px\" \/><\/figure>\n<\/div>\n<\/div>\n\n<h3 class=\"wp-block-heading has-black-color has-text-color has-link-color wp-elements-b9c43a804b4b0c1ea11ddef092a9f935\">Fr\u00e5n ifr\u00e5gas\u00e4ttande till tro: Arezoos resa av tro genom Porpasokh Ministry<\/h3>\n\n<p><\/p>\n\n<blockquote class=\"wp-block-quote is-layout-flow wp-block-quote-is-layout-flow\">\n<p>Arezoo, som l\u00e4rde k\u00e4nna Kristus genom Porpasokh-arbetet, delade med sig av ett starkt vittnesb\u00f6rd. Efter att ha f\u00e5tt svar p\u00e5 sina f\u00f6rsta fr\u00e5gor kopplades hon ihop med uppf\u00f6ljningsteamet, som fortsatte att v\u00e4gleda henne som l\u00e4rjunge. Genom dessa samtal tog Arezoo emot sanningen, gav sitt hj\u00e4rta till Kristus och s\u00f6kte ivrigt efter mer f\u00f6rst\u00e5else. Strax d\u00e4refter drabbades hennes tv\u00e5\u00e5rige brorson under flera n\u00e4tter av sv\u00e5ra refluxbesv\u00e4r. Natt efter natt gr\u00e4t han av sm\u00e4rta och hans lilla kropp blev allt svagare i takt med att hans tillst\u00e5nd f\u00f6rv\u00e4rrades. Arezoos hj\u00e4rta brast n\u00e4r hon s\u00e5g honom lida s\u00e5 mycket. I sin f\u00f6rtvivlan bad hon innerligt, l\u00e4ste Bibeln och bad Gud att bota honom. N\u00e4sta morgon intr\u00e4ffade ett mirakel: barnet vaknade upp helt l\u00e4kt och \u00e5t och lekte som vanligt. Hans mor blev s\u00e5 r\u00f6rd att hon brast ut i t\u00e5rar.        <\/p>\n<\/blockquote>\n\n<p><\/p>\n\n<p><strong>Arezoos ber\u00e4ttelse avsl\u00f6jar en djupg\u00e5ende sanning &#8211; uppriktig tro ger ett barmh\u00e4rtigt svar fr\u00e5n v\u00e5r himmelske Fader. P\u00e5 bara en m\u00e5nad efter att ha l\u00e4rt k\u00e4nna Kristus genom Porpasokh fick Arezoo uppleva att Gud lever, h\u00f6r hennes b\u00f6ner och besvarar dem med k\u00e4rlek. <\/strong><\/p>\n\n<p><\/p>\n\n<p class=\"has-red-color has-text-color has-link-color has-medium-font-size wp-elements-2ec634ddd100178fcf84118aeb410c35\">Porpasokh-ministeriet forts\u00e4tter att fungera som en ledstj\u00e4rna f\u00f6r hopp, genom att ge svar och fr\u00e4mja tro, samtidigt som det ger n\u00e4ring \u00e5t en v\u00e4xande gemenskap av troende i Iran och utanf\u00f6r.<\/p>\n\n<div class=\"wp-block-buttons is-content-justification-center is-layout-flex wp-container-core-buttons-is-layout-16018d1d wp-block-buttons-is-layout-flex\">\n<div class=\"wp-block-button\"><a class=\"wp-block-button__link has-white-color has-vivid-red-background-color has-text-color has-background has-link-color wp-element-button\" href=\"https:\/\/transformiran.com\/sv\/donera\/\">Investera i kristen apologetik p\u00e5 farsi idag<\/a><\/div>\n<\/div>\n\n<p><\/p>\n","protected":false},"excerpt":{"rendered":"<p>Behovet av kristen apologetik: Att besvara s\u00f6kandes fr\u00e5gor med sanning och respekt &#8220;Var alltid beredd att ge ett svar till alla som fr\u00e5gar dig om anledningen till det hopp som du har. Men g\u00f6r det med mildhet och respekt.&#8221; 1 Petrus 3:15 Kristen apologetik ger ett tydligt och \u00f6vertygande svar p\u00e5 genuina inv\u00e4ndningar mot tron. [&hellip;]<\/p>\n","protected":false},"author":1,"featured_media":0,"parent":13029,"menu_order":0,"comment_status":"closed","ping_status":"closed","template":"page-work.php","meta":{"_acf_changed":false,"give_campaign_id":0,"om_disable_all_campaigns":false,"_mi_skip_tracking":false,"footnotes":""},"class_list":["post-12959","page","type-page","status-publish","hentry"],"acf":[],"yoast_head":"<!-- This site is optimized with the Yoast SEO plugin v27.2 - https:\/\/yoast.com\/product\/yoast-seo-wordpress\/ -->\n<title>Apologetiskt centrum - Transform Iran<\/title>\n<meta name=\"robots\" content=\"index, follow, max-snippet:-1, max-image-preview:large, max-video-preview:-1\" \/>\n<link rel=\"canonical\" href=\"https:\/\/transformiran.com\/sv\/vart-arbete\/apologetiskt-centrum\/\" \/>\n<meta property=\"og:locale\" content=\"sv_SE\" \/>\n<meta property=\"og:type\" content=\"article\" \/>\n<meta property=\"og:title\" content=\"Apologetiskt centrum - Transform Iran\" \/>\n<meta property=\"og:description\" content=\"Behovet av kristen apologetik: Att besvara s\u00f6kandes fr\u00e5gor med sanning och respekt &#8220;Var alltid beredd att ge ett svar till alla som fr\u00e5gar dig om anledningen till det hopp som du har. Men g\u00f6r det med mildhet och respekt.&#8221; 1 Petrus 3:15 Kristen apologetik ger ett tydligt och \u00f6vertygande svar p\u00e5 genuina inv\u00e4ndningar mot tron. [&hellip;]\" \/>\n<meta property=\"og:url\" content=\"https:\/\/transformiran.com\/sv\/vart-arbete\/apologetiskt-centrum\/\" \/>\n<meta property=\"og:site_name\" content=\"Transform Iran\" \/>\n<meta property=\"article:publisher\" content=\"https:\/\/www.facebook.com\/222MinistriesUSAInc\" \/>\n<meta property=\"article:modified_time\" content=\"2026-02-11T15:21:47+00:00\" \/>\n<meta property=\"og:image\" content=\"https:\/\/transformiran.com\/app\/uploads\/2025\/02\/1.png\" \/>\n\t<meta property=\"og:image:width\" content=\"1890\" \/>\n\t<meta property=\"og:image:height\" content=\"1890\" \/>\n\t<meta property=\"og:image:type\" content=\"image\/png\" \/>\n<meta name=\"twitter:card\" content=\"summary_large_image\" \/>\n<meta name=\"twitter:site\" content=\"@222minint\" \/>\n<meta name=\"twitter:label1\" content=\"Est. reading time\" \/>\n\t<meta name=\"twitter:data1\" content=\"5 minutes\" \/>\n<script type=\"application\/ld+json\" class=\"yoast-schema-graph\">{\"@context\":\"https:\/\/schema.org\",\"@graph\":[{\"@type\":\"WebPage\",\"@id\":\"https:\/\/transformiran.com\/sv\/vart-arbete\/apologetiskt-centrum\/\",\"url\":\"https:\/\/transformiran.com\/sv\/vart-arbete\/apologetiskt-centrum\/\",\"name\":\"Apologetiskt centrum - Transform Iran\",\"isPartOf\":{\"@id\":\"https:\/\/transformiran.com\/sv\/#website\"},\"primaryImageOfPage\":{\"@id\":\"https:\/\/transformiran.com\/sv\/vart-arbete\/apologetiskt-centrum\/#primaryimage\"},\"image\":{\"@id\":\"https:\/\/transformiran.com\/sv\/vart-arbete\/apologetiskt-centrum\/#primaryimage\"},\"thumbnailUrl\":\"https:\/\/transformiran.com\/app\/uploads\/2025\/02\/1-1024x1024.png\",\"datePublished\":\"2022-11-03T12:20:57+00:00\",\"dateModified\":\"2026-02-11T15:21:47+00:00\",\"breadcrumb\":{\"@id\":\"https:\/\/transformiran.com\/sv\/vart-arbete\/apologetiskt-centrum\/#breadcrumb\"},\"inLanguage\":\"sv-SE\",\"potentialAction\":[{\"@type\":\"ReadAction\",\"target\":[\"https:\/\/transformiran.com\/sv\/vart-arbete\/apologetiskt-centrum\/\"]}]},{\"@type\":\"ImageObject\",\"inLanguage\":\"sv-SE\",\"@id\":\"https:\/\/transformiran.com\/sv\/vart-arbete\/apologetiskt-centrum\/#primaryimage\",\"url\":\"https:\/\/transformiran.com\/app\/uploads\/2025\/02\/1-1024x1024.png\",\"contentUrl\":\"https:\/\/transformiran.com\/app\/uploads\/2025\/02\/1-1024x1024.png\"},{\"@type\":\"BreadcrumbList\",\"@id\":\"https:\/\/transformiran.com\/sv\/vart-arbete\/apologetiskt-centrum\/#breadcrumb\",\"itemListElement\":[{\"@type\":\"ListItem\",\"position\":1,\"name\":\"Home\",\"item\":\"https:\/\/transformiran.com\/sv\/home\/\"},{\"@type\":\"ListItem\",\"position\":2,\"name\":\"Our work\",\"item\":\"https:\/\/transformiran.com\/sv\/vart-arbete\/\"},{\"@type\":\"ListItem\",\"position\":3,\"name\":\"Apologetiskt centrum\"}]},{\"@type\":\"WebSite\",\"@id\":\"https:\/\/transformiran.com\/sv\/#website\",\"url\":\"https:\/\/transformiran.com\/sv\/\",\"name\":\"Transform Iran\",\"description\":\"Bringing the love and power of Christ to Iran - and beyond\",\"publisher\":{\"@id\":\"https:\/\/transformiran.com\/sv\/#organization\"},\"potentialAction\":[{\"@type\":\"SearchAction\",\"target\":{\"@type\":\"EntryPoint\",\"urlTemplate\":\"https:\/\/transformiran.com\/sv\/?s={search_term_string}\"},\"query-input\":{\"@type\":\"PropertyValueSpecification\",\"valueRequired\":true,\"valueName\":\"search_term_string\"}}],\"inLanguage\":\"sv-SE\"},{\"@type\":\"Organization\",\"@id\":\"https:\/\/transformiran.com\/sv\/#organization\",\"name\":\"Transform Iran\",\"url\":\"https:\/\/transformiran.com\/sv\/\",\"logo\":{\"@type\":\"ImageObject\",\"inLanguage\":\"sv-SE\",\"@id\":\"https:\/\/transformiran.com\/sv\/#\/schema\/logo\/image\/\",\"url\":\"https:\/\/transformiran.com\/app\/uploads\/2022\/11\/logo_grey.jpg\",\"contentUrl\":\"https:\/\/transformiran.com\/app\/uploads\/2022\/11\/logo_grey.jpg\",\"width\":528,\"height\":90,\"caption\":\"Transform Iran\"},\"image\":{\"@id\":\"https:\/\/transformiran.com\/sv\/#\/schema\/logo\/image\/\"},\"sameAs\":[\"https:\/\/www.facebook.com\/222MinistriesUSAInc\",\"https:\/\/x.com\/222minint\",\"https:\/\/www.instagram.com\/222ministriesinternational\/\"]}]}<\/script>\n<!-- \/ Yoast SEO plugin. -->","yoast_head_json":{"title":"Apologetiskt centrum - Transform Iran","robots":{"index":"index","follow":"follow","max-snippet":"max-snippet:-1","max-image-preview":"max-image-preview:large","max-video-preview":"max-video-preview:-1"},"canonical":"https:\/\/transformiran.com\/sv\/vart-arbete\/apologetiskt-centrum\/","og_locale":"sv_SE","og_type":"article","og_title":"Apologetiskt centrum - Transform Iran","og_description":"Behovet av kristen apologetik: Att besvara s\u00f6kandes fr\u00e5gor med sanning och respekt &#8220;Var alltid beredd att ge ett svar till alla som fr\u00e5gar dig om anledningen till det hopp som du har. Men g\u00f6r det med mildhet och respekt.&#8221; 1 Petrus 3:15 Kristen apologetik ger ett tydligt och \u00f6vertygande svar p\u00e5 genuina inv\u00e4ndningar mot tron. [&hellip;]","og_url":"https:\/\/transformiran.com\/sv\/vart-arbete\/apologetiskt-centrum\/","og_site_name":"Transform Iran","article_publisher":"https:\/\/www.facebook.com\/222MinistriesUSAInc","article_modified_time":"2026-02-11T15:21:47+00:00","og_image":[{"width":1890,"height":1890,"url":"https:\/\/transformiran.com\/app\/uploads\/2025\/02\/1.png","type":"image\/png"}],"twitter_card":"summary_large_image","twitter_site":"@222minint","twitter_misc":{"Est. reading time":"5 minutes"},"schema":{"@context":"https:\/\/schema.org","@graph":[{"@type":"WebPage","@id":"https:\/\/transformiran.com\/sv\/vart-arbete\/apologetiskt-centrum\/","url":"https:\/\/transformiran.com\/sv\/vart-arbete\/apologetiskt-centrum\/","name":"Apologetiskt centrum - Transform Iran","isPartOf":{"@id":"https:\/\/transformiran.com\/sv\/#website"},"primaryImageOfPage":{"@id":"https:\/\/transformiran.com\/sv\/vart-arbete\/apologetiskt-centrum\/#primaryimage"},"image":{"@id":"https:\/\/transformiran.com\/sv\/vart-arbete\/apologetiskt-centrum\/#primaryimage"},"thumbnailUrl":"https:\/\/transformiran.com\/app\/uploads\/2025\/02\/1-1024x1024.png","datePublished":"2022-11-03T12:20:57+00:00","dateModified":"2026-02-11T15:21:47+00:00","breadcrumb":{"@id":"https:\/\/transformiran.com\/sv\/vart-arbete\/apologetiskt-centrum\/#breadcrumb"},"inLanguage":"sv-SE","potentialAction":[{"@type":"ReadAction","target":["https:\/\/transformiran.com\/sv\/vart-arbete\/apologetiskt-centrum\/"]}]},{"@type":"ImageObject","inLanguage":"sv-SE","@id":"https:\/\/transformiran.com\/sv\/vart-arbete\/apologetiskt-centrum\/#primaryimage","url":"https:\/\/transformiran.com\/app\/uploads\/2025\/02\/1-1024x1024.png","contentUrl":"https:\/\/transformiran.com\/app\/uploads\/2025\/02\/1-1024x1024.png"},{"@type":"BreadcrumbList","@id":"https:\/\/transformiran.com\/sv\/vart-arbete\/apologetiskt-centrum\/#breadcrumb","itemListElement":[{"@type":"ListItem","position":1,"name":"Home","item":"https:\/\/transformiran.com\/sv\/home\/"},{"@type":"ListItem","position":2,"name":"Our work","item":"https:\/\/transformiran.com\/sv\/vart-arbete\/"},{"@type":"ListItem","position":3,"name":"Apologetiskt centrum"}]},{"@type":"WebSite","@id":"https:\/\/transformiran.com\/sv\/#website","url":"https:\/\/transformiran.com\/sv\/","name":"Transform Iran","description":"Bringing the love and power of Christ to Iran - and beyond","publisher":{"@id":"https:\/\/transformiran.com\/sv\/#organization"},"potentialAction":[{"@type":"SearchAction","target":{"@type":"EntryPoint","urlTemplate":"https:\/\/transformiran.com\/sv\/?s={search_term_string}"},"query-input":{"@type":"PropertyValueSpecification","valueRequired":true,"valueName":"search_term_string"}}],"inLanguage":"sv-SE"},{"@type":"Organization","@id":"https:\/\/transformiran.com\/sv\/#organization","name":"Transform Iran","url":"https:\/\/transformiran.com\/sv\/","logo":{"@type":"ImageObject","inLanguage":"sv-SE","@id":"https:\/\/transformiran.com\/sv\/#\/schema\/logo\/image\/","url":"https:\/\/transformiran.com\/app\/uploads\/2022\/11\/logo_grey.jpg","contentUrl":"https:\/\/transformiran.com\/app\/uploads\/2022\/11\/logo_grey.jpg","width":528,"height":90,"caption":"Transform Iran"},"image":{"@id":"https:\/\/transformiran.com\/sv\/#\/schema\/logo\/image\/"},"sameAs":["https:\/\/www.facebook.com\/222MinistriesUSAInc","https:\/\/x.com\/222minint","https:\/\/www.instagram.com\/222ministriesinternational\/"]}]}},"campaignId":"","_links":{"self":[{"href":"https:\/\/transformiran.com\/sv\/wp-json\/wp\/v2\/pages\/12959","targetHints":{"allow":["GET"]}}],"collection":[{"href":"https:\/\/transformiran.com\/sv\/wp-json\/wp\/v2\/pages"}],"about":[{"href":"https:\/\/transformiran.com\/sv\/wp-json\/wp\/v2\/types\/page"}],"author":[{"embeddable":true,"href":"https:\/\/transformiran.com\/sv\/wp-json\/wp\/v2\/users\/1"}],"replies":[{"embeddable":true,"href":"https:\/\/transformiran.com\/sv\/wp-json\/wp\/v2\/comments?post=12959"}],"version-history":[{"count":6,"href":"https:\/\/transformiran.com\/sv\/wp-json\/wp\/v2\/pages\/12959\/revisions"}],"predecessor-version":[{"id":35750,"href":"https:\/\/transformiran.com\/sv\/wp-json\/wp\/v2\/pages\/12959\/revisions\/35750"}],"up":[{"embeddable":true,"href":"https:\/\/transformiran.com\/sv\/wp-json\/wp\/v2\/pages\/13029"}],"wp:attachment":[{"href":"https:\/\/transformiran.com\/sv\/wp-json\/wp\/v2\/media?parent=12959"}],"curies":[{"name":"wp","href":"https:\/\/api.w.org\/{rel}","templated":true}]}}