{"id":12978,"date":"2022-11-04T11:16:19","date_gmt":"2022-11-04T11:16:19","guid":{"rendered":"https:\/\/transformiran.com\/donation-offline-eller-via-bankoverforing\/"},"modified":"2025-04-02T11:05:23","modified_gmt":"2025-04-02T10:05:23","slug":"donation-offline-eller-via-bankoverforing","status":"publish","type":"page","link":"https:\/\/transformiran.com\/sv\/donera\/donation-offline-eller-via-bankoverforing\/","title":{"rendered":"Donation offline eller via bank\u00f6verf\u00f6ring"},"content":{"rendered":"\n<p>Tack f\u00f6r att du har valt att samarbeta med oss!<\/p>\n\n<p>Vi kan ta emot checkar i USD och GBP. Vi kan ocks\u00e5 ta emot bank\u00f6verf\u00f6ringar i euro och brittiska pund.<\/p>\n\n<h2 class=\"wp-block-heading\">V\u00e4nligen skicka checkar i US-dollar till:<\/h2>\n\n<p>Transform Iran<br\/>PO Box 1926<br\/>Glendale, CA 91209 USA<\/p>\n\n<p>St\u00e4ll ut checken p\u00e5 &#8220;Transform Iran&#8221;.<\/p>\n\n<h2 class=\"wp-block-heading\">V\u00e4nligen posta checkar i brittiska pund sterling till<\/h2>\n\n<p>Transform Iran<br\/>PO Box 890<br\/>Camberley, Surrey<br\/>GU15 9AU, Storbritannien<\/p>\n\n<p>St\u00e4ll ut checken p\u00e5 &#8220;222 Ministries International&#8221;.<\/p>\n\n<h2 class=\"wp-block-heading\">F\u00f6r bank\u00f6verf\u00f6ringar till ett konto i euro:<\/h2>\n\n<p>Kontonamn: Stichting 222 Ministry<br\/>Kontonummer: 0251875296<br\/>IBAN: NL 39 ABNA 0251875296<br\/>SWIFT \/ BIC: ABNANL2A<br\/>Bankadress: Bordes5, 1315TN Almere, Nederl\u00e4nderna<\/p>\n\n<p>Valuta: Euro euro<\/p>\n\n<h2 class=\"wp-block-heading\">F\u00f6r bank\u00f6verf\u00f6ringar till ett konto i Storbritannien:<\/h2>\n\n<p>Kontonamn: 222 Ministries International<br\/>Kontonummer: 03310419<br\/>Sort Code: 30-91-53<br\/>IBAN: GB86 LOYD 3091 5303 3104 19<br\/>SWIFT \/ BIC: LOYDGB21141<br\/>Bankadress: Lloyds Bank plc, 18 Prince of Wales Walk, Camberley GU15 3SJ, F\u00f6renade kungariket<\/p>\n\n<p>Valuta: Brittiska pund sterling<\/p>\n\n<p><\/p>\n\n<p>Tyv\u00e4rr kan vi f\u00f6r n\u00e4rvarande inte ta emot donationer i annan valuta via denna metod.<\/p>\n","protected":false},"excerpt":{"rendered":"<p>Tack f\u00f6r att du har valt att samarbeta med oss! Vi kan ta emot checkar i USD och GBP. Vi kan ocks\u00e5 ta emot bank\u00f6verf\u00f6ringar i euro och brittiska pund. V\u00e4nligen skicka checkar i US-dollar till: Transform IranPO Box 1926Glendale, CA 91209 USA St\u00e4ll ut checken p\u00e5 &#8220;Transform Iran&#8221;. V\u00e4nligen posta checkar i brittiska pund [&hellip;]<\/p>\n","protected":false},"author":1,"featured_media":0,"parent":13026,"menu_order":0,"comment_status":"closed","ping_status":"closed","template":"page-basic.php","meta":{"_acf_changed":false,"give_campaign_id":0,"om_disable_all_campaigns":false,"_mi_skip_tracking":false,"footnotes":""},"class_list":["post-12978","page","type-page","status-publish","hentry"],"acf":[],"yoast_head":"<!-- This site is optimized with the Yoast SEO plugin v27.3 - https:\/\/yoast.com\/product\/yoast-seo-wordpress\/ -->\n<title>Donation offline eller via bank\u00f6verf\u00f6ring - Transform Iran<\/title>\n<meta name=\"robots\" content=\"index, follow, max-snippet:-1, max-image-preview:large, max-video-preview:-1\" \/>\n<link rel=\"canonical\" href=\"https:\/\/transformiran.com\/sv\/donera\/donation-offline-eller-via-bankoverforing\/\" \/>\n<meta property=\"og:locale\" content=\"sv_SE\" \/>\n<meta property=\"og:type\" content=\"article\" \/>\n<meta property=\"og:title\" content=\"Donation offline eller via bank\u00f6verf\u00f6ring - Transform Iran\" \/>\n<meta property=\"og:description\" content=\"Tack f\u00f6r att du har valt att samarbeta med oss! Vi kan ta emot checkar i USD och GBP. Vi kan ocks\u00e5 ta emot bank\u00f6verf\u00f6ringar i euro och brittiska pund. V\u00e4nligen skicka checkar i US-dollar till: Transform IranPO Box 1926Glendale, CA 91209 USA St\u00e4ll ut checken p\u00e5 &#8220;Transform Iran&#8221;. V\u00e4nligen posta checkar i brittiska pund [&hellip;]\" \/>\n<meta property=\"og:url\" content=\"https:\/\/transformiran.com\/sv\/donera\/donation-offline-eller-via-bankoverforing\/\" \/>\n<meta property=\"og:site_name\" content=\"Transform Iran\" \/>\n<meta property=\"article:publisher\" content=\"https:\/\/www.facebook.com\/222MinistriesUSAInc\" \/>\n<meta property=\"article:modified_time\" content=\"2025-04-02T10:05:23+00:00\" \/>\n<meta name=\"twitter:card\" content=\"summary_large_image\" \/>\n<meta name=\"twitter:site\" content=\"@222minint\" \/>\n<meta name=\"twitter:label1\" content=\"Est. reading time\" \/>\n\t<meta name=\"twitter:data1\" content=\"1 minute\" \/>\n<script type=\"application\/ld+json\" class=\"yoast-schema-graph\">{\"@context\":\"https:\\\/\\\/schema.org\",\"@graph\":[{\"@type\":\"WebPage\",\"@id\":\"https:\\\/\\\/transformiran.com\\\/sv\\\/donera\\\/donation-offline-eller-via-bankoverforing\\\/\",\"url\":\"https:\\\/\\\/transformiran.com\\\/sv\\\/donera\\\/donation-offline-eller-via-bankoverforing\\\/\",\"name\":\"Donation offline eller via bank\u00f6verf\u00f6ring - Transform Iran\",\"isPartOf\":{\"@id\":\"https:\\\/\\\/transformiran.com\\\/sv\\\/#website\"},\"datePublished\":\"2022-11-04T11:16:19+00:00\",\"dateModified\":\"2025-04-02T10:05:23+00:00\",\"breadcrumb\":{\"@id\":\"https:\\\/\\\/transformiran.com\\\/sv\\\/donera\\\/donation-offline-eller-via-bankoverforing\\\/#breadcrumb\"},\"inLanguage\":\"sv-SE\",\"potentialAction\":[{\"@type\":\"ReadAction\",\"target\":[\"https:\\\/\\\/transformiran.com\\\/sv\\\/donera\\\/donation-offline-eller-via-bankoverforing\\\/\"]}]},{\"@type\":\"BreadcrumbList\",\"@id\":\"https:\\\/\\\/transformiran.com\\\/sv\\\/donera\\\/donation-offline-eller-via-bankoverforing\\\/#breadcrumb\",\"itemListElement\":[{\"@type\":\"ListItem\",\"position\":1,\"name\":\"Home\",\"item\":\"https:\\\/\\\/transformiran.com\\\/sv\\\/home\\\/\"},{\"@type\":\"ListItem\",\"position\":2,\"name\":\"Donera\",\"item\":\"https:\\\/\\\/transformiran.com\\\/sv\\\/donate\\\/\"},{\"@type\":\"ListItem\",\"position\":3,\"name\":\"Donation offline eller via bank\u00f6verf\u00f6ring\"}]},{\"@type\":\"WebSite\",\"@id\":\"https:\\\/\\\/transformiran.com\\\/sv\\\/#website\",\"url\":\"https:\\\/\\\/transformiran.com\\\/sv\\\/\",\"name\":\"Transform Iran\",\"description\":\"Bringing the love and power of Christ to Iran - and beyond\",\"publisher\":{\"@id\":\"https:\\\/\\\/transformiran.com\\\/sv\\\/#organization\"},\"potentialAction\":[{\"@type\":\"SearchAction\",\"target\":{\"@type\":\"EntryPoint\",\"urlTemplate\":\"https:\\\/\\\/transformiran.com\\\/sv\\\/?s={search_term_string}\"},\"query-input\":{\"@type\":\"PropertyValueSpecification\",\"valueRequired\":true,\"valueName\":\"search_term_string\"}}],\"inLanguage\":\"sv-SE\"},{\"@type\":\"Organization\",\"@id\":\"https:\\\/\\\/transformiran.com\\\/sv\\\/#organization\",\"name\":\"Transform Iran\",\"url\":\"https:\\\/\\\/transformiran.com\\\/sv\\\/\",\"logo\":{\"@type\":\"ImageObject\",\"inLanguage\":\"sv-SE\",\"@id\":\"https:\\\/\\\/transformiran.com\\\/sv\\\/#\\\/schema\\\/logo\\\/image\\\/\",\"url\":\"https:\\\/\\\/transformiran.com\\\/app\\\/uploads\\\/2022\\\/11\\\/logo_grey.jpg\",\"contentUrl\":\"https:\\\/\\\/transformiran.com\\\/app\\\/uploads\\\/2022\\\/11\\\/logo_grey.jpg\",\"width\":528,\"height\":90,\"caption\":\"Transform Iran\"},\"image\":{\"@id\":\"https:\\\/\\\/transformiran.com\\\/sv\\\/#\\\/schema\\\/logo\\\/image\\\/\"},\"sameAs\":[\"https:\\\/\\\/www.facebook.com\\\/222MinistriesUSAInc\",\"https:\\\/\\\/x.com\\\/222minint\",\"https:\\\/\\\/www.instagram.com\\\/222ministriesinternational\\\/\"]}]}<\/script>\n<!-- \/ Yoast SEO plugin. -->","yoast_head_json":{"title":"Donation offline eller via bank\u00f6verf\u00f6ring - Transform Iran","robots":{"index":"index","follow":"follow","max-snippet":"max-snippet:-1","max-image-preview":"max-image-preview:large","max-video-preview":"max-video-preview:-1"},"canonical":"https:\/\/transformiran.com\/sv\/donera\/donation-offline-eller-via-bankoverforing\/","og_locale":"sv_SE","og_type":"article","og_title":"Donation offline eller via bank\u00f6verf\u00f6ring - Transform Iran","og_description":"Tack f\u00f6r att du har valt att samarbeta med oss! Vi kan ta emot checkar i USD och GBP. Vi kan ocks\u00e5 ta emot bank\u00f6verf\u00f6ringar i euro och brittiska pund. V\u00e4nligen skicka checkar i US-dollar till: Transform IranPO Box 1926Glendale, CA 91209 USA St\u00e4ll ut checken p\u00e5 &#8220;Transform Iran&#8221;. V\u00e4nligen posta checkar i brittiska pund [&hellip;]","og_url":"https:\/\/transformiran.com\/sv\/donera\/donation-offline-eller-via-bankoverforing\/","og_site_name":"Transform Iran","article_publisher":"https:\/\/www.facebook.com\/222MinistriesUSAInc","article_modified_time":"2025-04-02T10:05:23+00:00","twitter_card":"summary_large_image","twitter_site":"@222minint","twitter_misc":{"Est. reading time":"1 minute"},"schema":{"@context":"https:\/\/schema.org","@graph":[{"@type":"WebPage","@id":"https:\/\/transformiran.com\/sv\/donera\/donation-offline-eller-via-bankoverforing\/","url":"https:\/\/transformiran.com\/sv\/donera\/donation-offline-eller-via-bankoverforing\/","name":"Donation offline eller via bank\u00f6verf\u00f6ring - Transform Iran","isPartOf":{"@id":"https:\/\/transformiran.com\/sv\/#website"},"datePublished":"2022-11-04T11:16:19+00:00","dateModified":"2025-04-02T10:05:23+00:00","breadcrumb":{"@id":"https:\/\/transformiran.com\/sv\/donera\/donation-offline-eller-via-bankoverforing\/#breadcrumb"},"inLanguage":"sv-SE","potentialAction":[{"@type":"ReadAction","target":["https:\/\/transformiran.com\/sv\/donera\/donation-offline-eller-via-bankoverforing\/"]}]},{"@type":"BreadcrumbList","@id":"https:\/\/transformiran.com\/sv\/donera\/donation-offline-eller-via-bankoverforing\/#breadcrumb","itemListElement":[{"@type":"ListItem","position":1,"name":"Home","item":"https:\/\/transformiran.com\/sv\/home\/"},{"@type":"ListItem","position":2,"name":"Donera","item":"https:\/\/transformiran.com\/sv\/donate\/"},{"@type":"ListItem","position":3,"name":"Donation offline eller via bank\u00f6verf\u00f6ring"}]},{"@type":"WebSite","@id":"https:\/\/transformiran.com\/sv\/#website","url":"https:\/\/transformiran.com\/sv\/","name":"Transform Iran","description":"Bringing the love and power of Christ to Iran - and beyond","publisher":{"@id":"https:\/\/transformiran.com\/sv\/#organization"},"potentialAction":[{"@type":"SearchAction","target":{"@type":"EntryPoint","urlTemplate":"https:\/\/transformiran.com\/sv\/?s={search_term_string}"},"query-input":{"@type":"PropertyValueSpecification","valueRequired":true,"valueName":"search_term_string"}}],"inLanguage":"sv-SE"},{"@type":"Organization","@id":"https:\/\/transformiran.com\/sv\/#organization","name":"Transform Iran","url":"https:\/\/transformiran.com\/sv\/","logo":{"@type":"ImageObject","inLanguage":"sv-SE","@id":"https:\/\/transformiran.com\/sv\/#\/schema\/logo\/image\/","url":"https:\/\/transformiran.com\/app\/uploads\/2022\/11\/logo_grey.jpg","contentUrl":"https:\/\/transformiran.com\/app\/uploads\/2022\/11\/logo_grey.jpg","width":528,"height":90,"caption":"Transform Iran"},"image":{"@id":"https:\/\/transformiran.com\/sv\/#\/schema\/logo\/image\/"},"sameAs":["https:\/\/www.facebook.com\/222MinistriesUSAInc","https:\/\/x.com\/222minint","https:\/\/www.instagram.com\/222ministriesinternational\/"]}]}},"campaignId":"","_links":{"self":[{"href":"https:\/\/transformiran.com\/sv\/wp-json\/wp\/v2\/pages\/12978","targetHints":{"allow":["GET"]}}],"collection":[{"href":"https:\/\/transformiran.com\/sv\/wp-json\/wp\/v2\/pages"}],"about":[{"href":"https:\/\/transformiran.com\/sv\/wp-json\/wp\/v2\/types\/page"}],"author":[{"embeddable":true,"href":"https:\/\/transformiran.com\/sv\/wp-json\/wp\/v2\/users\/1"}],"replies":[{"embeddable":true,"href":"https:\/\/transformiran.com\/sv\/wp-json\/wp\/v2\/comments?post=12978"}],"version-history":[{"count":0,"href":"https:\/\/transformiran.com\/sv\/wp-json\/wp\/v2\/pages\/12978\/revisions"}],"up":[{"embeddable":true,"href":"https:\/\/transformiran.com\/sv\/wp-json\/wp\/v2\/pages\/13026"}],"wp:attachment":[{"href":"https:\/\/transformiran.com\/sv\/wp-json\/wp\/v2\/media?parent=12978"}],"curies":[{"name":"wp","href":"https:\/\/api.w.org\/{rel}","templated":true}]}}