{"id":12984,"date":"2022-11-03T12:21:27","date_gmt":"2022-11-03T12:21:27","guid":{"rendered":"https:\/\/transformiran.com\/persiens-parla\/"},"modified":"2025-04-02T10:56:10","modified_gmt":"2025-04-02T09:56:10","slug":"persiens-parla","status":"publish","type":"page","link":"https:\/\/transformiran.com\/sv\/vart-arbete\/persiens-parla\/","title":{"rendered":"Persiens p\u00e4rla"},"content":{"rendered":"\n<div class=\"wp-block-buttons is-content-justification-center is-layout-flex wp-container-core-buttons-is-layout-16018d1d wp-block-buttons-is-layout-flex\">\n<div class=\"wp-block-button\"><a class=\"wp-block-button__link has-white-color has-vivid-red-background-color has-text-color has-background has-link-color wp-element-button\" href=\"https:\/\/transformiran.com\/sv\/donera\/\">St\u00f6d Pearl of Persias arbete idag!<\/a><\/div>\n<\/div>\n\n<p><\/p>\n\n<p>Pearl of Persia finns till f\u00f6r att n\u00e5 de trasiga i Iran med evangeliets k\u00e4rlek och kraft. Att f\u00e5 se de 5 miljoner prostituerade, offer f\u00f6r sexuell synd och drogmissbrukare i Iran r\u00e4ddas, helas, \u00e5terst\u00e4llas och f\u00f6rvandlas.<\/p>\n\n<p><\/p>\n\n<p>Iran st\u00e5r inf\u00f6r en storskalig v\u00e4ckelse och f\u00f6rsamlingsutveckling. Men \u00e4ven efter 30-40 \u00e5r av s\u00e5dan tillv\u00e4xt \u00e4r kyrkan fortfarande of\u00f6rm\u00f6gen att ge kvalificerad, l\u00e4mplig respons och hj\u00e4lp till de miljontals narkomaner, prostituerade och offer f\u00f6r sexuella \u00f6vergrepp som lever under hoppl\u00f6sa omst\u00e4ndigheter.<\/p>\n\n<p><\/p>\n\n<p>Vi beh\u00f6ver en b\u00e4ttre utrustad, b\u00e4ttre f\u00f6rberedd kyrka. Om vi vill se Iran f\u00f6rvandlas med evangeliets k\u00e4rlek och kraft kan vi inte st\u00e4lla denna del av samh\u00e4llet \u00e5t sidan. Detta inkluderar de f\u00f6rlorade som kommer att v\u00e4nda sig till Jesu k\u00e4rleksfulla fr\u00e4lsande kraft som ett s\u00e4tt att ta sig ur sin hoppl\u00f6sa situation, och de fr\u00e4lsta som fortfarande beh\u00f6ver r\u00e5dgivning och hj\u00e4lp f\u00f6r att verkligen bli helade och befriade fr\u00e5n trauman i det f\u00f6rflutna.<\/p>\n\n<p><\/p>\n\n<p>Pearl f\u00f6rmedlar ett budskap om hopp, specialistr\u00e5dgivning av h\u00f6g kvalitet och st\u00f6d till dem som vill bryta sig loss fr\u00e5n en livsstil pr\u00e4glad av missbruk och sj\u00e4lvdestruktivitet. Uppdraget \u00e4r att \u00e5teruppr\u00e4tta familjen.<\/p>\n\n<div class=\"wp-block-buttons is-content-justification-center is-layout-flex wp-container-core-buttons-is-layout-16018d1d wp-block-buttons-is-layout-flex\">\n<div class=\"wp-block-button\"><a class=\"wp-block-button__link has-white-color has-vivid-red-background-color has-text-color has-background has-link-color wp-element-button\" href=\"https:\/\/transformiran.com\/sv\/learn-sv\/prostitution-minderariga-aktenskap-och-missbruk-i-iran\/\">L\u00e4s om den f\u00f6r\u00f6dande verkligheten med prostitution, minder\u00e5riga \u00e4ktenskap och missbruk i Iran<\/a><\/div>\n<\/div>\n\n<p>Behovet \u00e4r stort. Och det \u00e4r inte n\u00e5got som \u00e4r begr\u00e4nsat till de &#8220;utst\u00f6tta&#8221; i samh\u00e4llet eller n\u00e5got som kan l\u00f6sas med ett rehabcenter. Det g\u00e5r mycket djupare. Detta \u00e4r en kris f\u00f6r kulturen. Prostitution, missbruk, beroende och depression \u00e4r en del av familjer och \u00e4ktenskap. De har tr\u00e4ngt in i familjens struktur och f\u00f6rst\u00f6r liv oavsett utbildning eller social st\u00e4llning. Irans AIDS Research Center, en v\u00e4lf\u00e4rdsorganisation, h\u00e4vdar att 50% av de kvinnor i Iran som befinner sig i prostitution \u00e4r hemmafruar.<\/p>\n\n<p><\/p>\n\n<p>Tusentals flickor mellan 5 och 14 \u00e5r tvingas in i \u00e4ktenskap varje \u00e5r, och graviditeter rapporteras s\u00e5 unga som 10 \u00e5r, vilket ger upphov till en v\u00e4xande befolkning av fr\u00e5nskilda och nu utblottade unga flickor. I Ahvaz, en stad i sydv\u00e4stra Iran, rapporteras att mellan en och tre flickor under 15 \u00e5r gifter sig varje dag. Enligt chefen f\u00f6r kvinnokommitt\u00e9n i Ahvaz guvernement (Pooneh Pilram): <em>&#8220;N\u00e4r familjer inte kan f\u00f6rs\u00f6rja sina barn g\u00f6r de sig f\u00f6rst av med sin dotter.&#8221;<\/em><\/p>\n\n<p><\/p>\n\n<p>Det finns ingen tillf\u00f6rlitlig statistik \u00f6ver hur m\u00e5nga som drabbats, men de olika studier som gjorts ger en f\u00f6r\u00f6dande bild av ett trasigt folk:<\/p>\n\n<p><\/p>\n\n<ul class=\"wp-block-list\">\n<li>Prostitutionen b\u00f6rjar redan i 12-\u00e5rs\u00e5ldern &#8211; mer \u00e4n 1 miljon iranier \u00e4r f\u00e5ngade i denna v\u00e4rld. &#8220;Sighe&#8221; tillf\u00e4lliga \u00e4ktenskap legaliserar v\u00e5ldt\u00e4kt f\u00f6r flickor i alla \u00e5ldrar.<\/li>\n\n\n\n<li>Barn\u00e4ktenskap utg\u00f6r en femtedel av alla \u00e4ktenskap och flickor s\u00e5 unga som fem \u00e5r gifts bort. Hundratals barn som f\u00f6ds av m\u00f6drar i \u00e5ldern 10-14 \u00e5r varje \u00e5r.<\/li>\n\n\n\n<li>Ett allvarligt nationellt drogproblem drabbar mer \u00e4n 4,4 miljoner iranier.<\/li>\n\n\n\n<li>18-22 miljoner iranier (21-25% av befolkningen) lider av psykisk oh\u00e4lsa eller utvecklingsst\u00f6rningar, s\u00e4rskilt depression och \u00e5ngestsyndrom. \u00c5r 2021 meddelade Irans h\u00e4lsominister att 25% av iranierna \u00e4r kliniskt deprimerade. Den 3 september 2023 uppgav Ahmad Jalili, chef f\u00f6r Iranian Psychiatric Association, att &#8220;enligt genomf\u00f6rd forskning \u00e4r andelen deprimerade bland medborgare som bor i Teheran n\u00e4ra 34 procent&#8221;.<\/li>\n\n\n\n<li>Sj\u00e4lvmordsfrekvensen har \u00f6kat med 44% under de senaste 20 \u00e5ren.<\/li>\n\n\n\n<li>Iranierna \u00e4r ett djupt traumatiserat folk i behov av hopp och l\u00e4kning.<\/li>\n<\/ul>\n\n<p><\/p>\n\n<p>Pearl of Persia \u00e4r en verksamhet f\u00f6r helande och hopp f\u00f6r offer f\u00f6r trauma, sexuella \u00f6vergrepp, missbruk och beroende. Pearl \u00e4r ocks\u00e5 engagerad i att se till att de m\u00e5nga splittrade familjerna och \u00e4ktenskapen i Iran \u00e5terst\u00e4lls.<\/p>\n\n<div class=\"wp-block-buttons is-content-justification-center is-layout-flex wp-container-core-buttons-is-layout-16018d1d wp-block-buttons-is-layout-flex\">\n<div class=\"wp-block-button\"><a class=\"wp-block-button__link has-white-color has-vivid-red-background-color has-text-color has-background has-link-color wp-element-button\" href=\"https:\/\/transformiran.com\/sv\/impact-sv\/hur-ett-instagram-inlagg-raddade-mitt-aktenskap\/\">Ta reda p\u00e5 hur ett &#8220;Pearl&#8221; Social Media-inl\u00e4gg r\u00e4ddade ett \u00e4ktenskap och ledde ett par till fr\u00e4lsning<\/a><\/div>\n<\/div>\n\n<p>Det \u00e4r dags f\u00f6r kyrkan att visa p\u00e5 ett b\u00e4ttre s\u00e4tt, att \u00e5teruppr\u00e4tta Irans ungdom och \u00e5terl\u00f6sa familjeenhetens integritet i Iran. Vi delar med oss av de goda nyheterna p\u00e5 ett s\u00e4tt som talar direkt till denna sektor av samh\u00e4llet, vi erbjuder specialistr\u00e5dgivning och st\u00f6d p\u00e5 praktiska s\u00e4tt.  <\/p>\n\n\n\n<blockquote class=\"wp-block-quote is-layout-flow wp-block-quote-is-layout-flow\">\n<p>Hur kan jag ber\u00e4tta min historia med n\u00e5gra f\u00e5 ord? Jag utsattes f\u00f6r fruktansv\u00e4rda \u00f6vergrepp under min barndom. Som ett resultat av det hamnade jag i f\u00f6rh\u00e5llanden med m\u00e5nga m\u00e4n (inklusive sighe). Jag var fast i en cykel av st\u00f6ld, l\u00f6gn och mer d\u00e4rtill. En dag n\u00e4r jag letade efter TV-kanaler hittade jag Pearl of Persias program. Jag ringde och pratade med en r\u00e5dgivare. Hon f\u00f6rklarade m\u00e5nga saker f\u00f6r mig. Jag gav mitt liv till Jesus, fick 1:1 r\u00e5dgivning fr\u00e5n Pearl of Persia-r\u00e5dgivaren och jag hittade min frihet igen. Med uppmuntran fr\u00e5n min r\u00e5dgivare l\u00e4rde jag mig mer om hudv\u00e5rd och smyckestillverkning och startade mitt eget f\u00f6retag. Jag kunde inte h\u00e5lla tillbaka gl\u00e4djen \u00f6ver vad Jesus hade gjort f\u00f6r mig. Jag b\u00f6rjade vittna f\u00f6r m\u00e4nniskor i min omgivning. Vid det h\u00e4r laget hade jag utvecklat ett framg\u00e5ngsrikt f\u00f6retag och b\u00f6rjat hj\u00e4lpa andra. Regeringen s\u00e5g detta och arresterade mig. De f\u00e4ngslade mig f\u00f6r min evangelisation och tog ifr\u00e5n mig mitt f\u00f6retag. Efter frigivningen flydde jag till Turkiet. Detta var f\u00f6r 4 \u00e5r sedan. Jag \u00e4r nu i Istanbul. Transform Iran har st\u00e5tt vid min sida under alla dessa \u00e5r. De har hj\u00e4lpt mig med bostad och jag f\u00e5r r\u00e5dgivning och l\u00e4kning f\u00f6r traumat fr\u00e5n alla \u00e5ren innan. Jag skulle g\u00e4rna arbeta heltid f\u00f6r Pearl of Persia och hj\u00e4lpa andra som jag genom att vara mentor f\u00f6r kvinnor som vill starta egna f\u00f6retag.<\/p>\n<\/blockquote>\n\n<div class=\"wp-block-buttons is-content-justification-center is-layout-flex wp-container-core-buttons-is-layout-16018d1d wp-block-buttons-is-layout-flex\">\n<div class=\"wp-block-button\"><a class=\"wp-block-button__link has-white-color has-vivid-red-background-color has-text-color has-background has-link-color wp-element-button\" href=\"https:\/\/transformiran.com\/sv\/donera\/\">Du kan st\u00f6dja Pearls arbete genom att donera h\u00e4r idag<\/a><\/div>\n<\/div>\n","protected":false},"excerpt":{"rendered":"<p>Pearl of Persia finns till f\u00f6r att n\u00e5 de trasiga i Iran med evangeliets k\u00e4rlek och kraft. Att f\u00e5 se de 5 miljoner prostituerade, offer f\u00f6r sexuell synd och drogmissbrukare i Iran r\u00e4ddas, helas, \u00e5terst\u00e4llas och f\u00f6rvandlas. Iran st\u00e5r inf\u00f6r en storskalig v\u00e4ckelse och f\u00f6rsamlingsutveckling. Men \u00e4ven efter 30-40 \u00e5r av s\u00e5dan tillv\u00e4xt \u00e4r kyrkan [&hellip;]<\/p>\n","protected":false},"author":1,"featured_media":0,"parent":13029,"menu_order":0,"comment_status":"closed","ping_status":"closed","template":"page-work.php","meta":{"_acf_changed":false,"give_campaign_id":0,"om_disable_all_campaigns":false,"_mi_skip_tracking":false,"footnotes":""},"class_list":["post-12984","page","type-page","status-publish","hentry"],"acf":[],"yoast_head":"<!-- This site is optimized with the Yoast SEO plugin v27.3 - https:\/\/yoast.com\/product\/yoast-seo-wordpress\/ -->\n<title>Persiens p\u00e4rla - Transform Iran<\/title>\n<meta name=\"robots\" content=\"index, follow, max-snippet:-1, max-image-preview:large, max-video-preview:-1\" \/>\n<link rel=\"canonical\" href=\"https:\/\/transformiran.com\/sv\/vart-arbete\/persiens-parla\/\" \/>\n<meta property=\"og:locale\" content=\"sv_SE\" \/>\n<meta property=\"og:type\" content=\"article\" \/>\n<meta property=\"og:title\" content=\"Persiens p\u00e4rla - Transform Iran\" \/>\n<meta property=\"og:description\" content=\"Pearl of Persia finns till f\u00f6r att n\u00e5 de trasiga i Iran med evangeliets k\u00e4rlek och kraft. Att f\u00e5 se de 5 miljoner prostituerade, offer f\u00f6r sexuell synd och drogmissbrukare i Iran r\u00e4ddas, helas, \u00e5terst\u00e4llas och f\u00f6rvandlas. Iran st\u00e5r inf\u00f6r en storskalig v\u00e4ckelse och f\u00f6rsamlingsutveckling. Men \u00e4ven efter 30-40 \u00e5r av s\u00e5dan tillv\u00e4xt \u00e4r kyrkan [&hellip;]\" \/>\n<meta property=\"og:url\" content=\"https:\/\/transformiran.com\/sv\/vart-arbete\/persiens-parla\/\" \/>\n<meta property=\"og:site_name\" content=\"Transform Iran\" \/>\n<meta property=\"article:publisher\" content=\"https:\/\/www.facebook.com\/222MinistriesUSAInc\" \/>\n<meta property=\"article:modified_time\" content=\"2025-04-02T09:56:10+00:00\" \/>\n<meta name=\"twitter:card\" content=\"summary_large_image\" \/>\n<meta name=\"twitter:site\" content=\"@222minint\" \/>\n<meta name=\"twitter:label1\" content=\"Est. reading time\" \/>\n\t<meta name=\"twitter:data1\" content=\"5 minutes\" \/>\n<script type=\"application\/ld+json\" class=\"yoast-schema-graph\">{\"@context\":\"https:\\\/\\\/schema.org\",\"@graph\":[{\"@type\":\"WebPage\",\"@id\":\"https:\\\/\\\/transformiran.com\\\/sv\\\/vart-arbete\\\/persiens-parla\\\/\",\"url\":\"https:\\\/\\\/transformiran.com\\\/sv\\\/vart-arbete\\\/persiens-parla\\\/\",\"name\":\"Persiens p\u00e4rla - Transform Iran\",\"isPartOf\":{\"@id\":\"https:\\\/\\\/transformiran.com\\\/sv\\\/#website\"},\"datePublished\":\"2022-11-03T12:21:27+00:00\",\"dateModified\":\"2025-04-02T09:56:10+00:00\",\"breadcrumb\":{\"@id\":\"https:\\\/\\\/transformiran.com\\\/sv\\\/vart-arbete\\\/persiens-parla\\\/#breadcrumb\"},\"inLanguage\":\"sv-SE\",\"potentialAction\":[{\"@type\":\"ReadAction\",\"target\":[\"https:\\\/\\\/transformiran.com\\\/sv\\\/vart-arbete\\\/persiens-parla\\\/\"]}]},{\"@type\":\"BreadcrumbList\",\"@id\":\"https:\\\/\\\/transformiran.com\\\/sv\\\/vart-arbete\\\/persiens-parla\\\/#breadcrumb\",\"itemListElement\":[{\"@type\":\"ListItem\",\"position\":1,\"name\":\"Home\",\"item\":\"https:\\\/\\\/transformiran.com\\\/sv\\\/home\\\/\"},{\"@type\":\"ListItem\",\"position\":2,\"name\":\"Our work\",\"item\":\"https:\\\/\\\/transformiran.com\\\/sv\\\/vart-arbete\\\/\"},{\"@type\":\"ListItem\",\"position\":3,\"name\":\"Persiens p\u00e4rla\"}]},{\"@type\":\"WebSite\",\"@id\":\"https:\\\/\\\/transformiran.com\\\/sv\\\/#website\",\"url\":\"https:\\\/\\\/transformiran.com\\\/sv\\\/\",\"name\":\"Transform Iran\",\"description\":\"Bringing the love and power of Christ to Iran - and beyond\",\"publisher\":{\"@id\":\"https:\\\/\\\/transformiran.com\\\/sv\\\/#organization\"},\"potentialAction\":[{\"@type\":\"SearchAction\",\"target\":{\"@type\":\"EntryPoint\",\"urlTemplate\":\"https:\\\/\\\/transformiran.com\\\/sv\\\/?s={search_term_string}\"},\"query-input\":{\"@type\":\"PropertyValueSpecification\",\"valueRequired\":true,\"valueName\":\"search_term_string\"}}],\"inLanguage\":\"sv-SE\"},{\"@type\":\"Organization\",\"@id\":\"https:\\\/\\\/transformiran.com\\\/sv\\\/#organization\",\"name\":\"Transform Iran\",\"url\":\"https:\\\/\\\/transformiran.com\\\/sv\\\/\",\"logo\":{\"@type\":\"ImageObject\",\"inLanguage\":\"sv-SE\",\"@id\":\"https:\\\/\\\/transformiran.com\\\/sv\\\/#\\\/schema\\\/logo\\\/image\\\/\",\"url\":\"https:\\\/\\\/transformiran.com\\\/app\\\/uploads\\\/2022\\\/11\\\/logo_grey.jpg\",\"contentUrl\":\"https:\\\/\\\/transformiran.com\\\/app\\\/uploads\\\/2022\\\/11\\\/logo_grey.jpg\",\"width\":528,\"height\":90,\"caption\":\"Transform Iran\"},\"image\":{\"@id\":\"https:\\\/\\\/transformiran.com\\\/sv\\\/#\\\/schema\\\/logo\\\/image\\\/\"},\"sameAs\":[\"https:\\\/\\\/www.facebook.com\\\/222MinistriesUSAInc\",\"https:\\\/\\\/x.com\\\/222minint\",\"https:\\\/\\\/www.instagram.com\\\/222ministriesinternational\\\/\"]}]}<\/script>\n<!-- \/ Yoast SEO plugin. -->","yoast_head_json":{"title":"Persiens p\u00e4rla - Transform Iran","robots":{"index":"index","follow":"follow","max-snippet":"max-snippet:-1","max-image-preview":"max-image-preview:large","max-video-preview":"max-video-preview:-1"},"canonical":"https:\/\/transformiran.com\/sv\/vart-arbete\/persiens-parla\/","og_locale":"sv_SE","og_type":"article","og_title":"Persiens p\u00e4rla - Transform Iran","og_description":"Pearl of Persia finns till f\u00f6r att n\u00e5 de trasiga i Iran med evangeliets k\u00e4rlek och kraft. Att f\u00e5 se de 5 miljoner prostituerade, offer f\u00f6r sexuell synd och drogmissbrukare i Iran r\u00e4ddas, helas, \u00e5terst\u00e4llas och f\u00f6rvandlas. Iran st\u00e5r inf\u00f6r en storskalig v\u00e4ckelse och f\u00f6rsamlingsutveckling. Men \u00e4ven efter 30-40 \u00e5r av s\u00e5dan tillv\u00e4xt \u00e4r kyrkan [&hellip;]","og_url":"https:\/\/transformiran.com\/sv\/vart-arbete\/persiens-parla\/","og_site_name":"Transform Iran","article_publisher":"https:\/\/www.facebook.com\/222MinistriesUSAInc","article_modified_time":"2025-04-02T09:56:10+00:00","twitter_card":"summary_large_image","twitter_site":"@222minint","twitter_misc":{"Est. reading time":"5 minutes"},"schema":{"@context":"https:\/\/schema.org","@graph":[{"@type":"WebPage","@id":"https:\/\/transformiran.com\/sv\/vart-arbete\/persiens-parla\/","url":"https:\/\/transformiran.com\/sv\/vart-arbete\/persiens-parla\/","name":"Persiens p\u00e4rla - Transform Iran","isPartOf":{"@id":"https:\/\/transformiran.com\/sv\/#website"},"datePublished":"2022-11-03T12:21:27+00:00","dateModified":"2025-04-02T09:56:10+00:00","breadcrumb":{"@id":"https:\/\/transformiran.com\/sv\/vart-arbete\/persiens-parla\/#breadcrumb"},"inLanguage":"sv-SE","potentialAction":[{"@type":"ReadAction","target":["https:\/\/transformiran.com\/sv\/vart-arbete\/persiens-parla\/"]}]},{"@type":"BreadcrumbList","@id":"https:\/\/transformiran.com\/sv\/vart-arbete\/persiens-parla\/#breadcrumb","itemListElement":[{"@type":"ListItem","position":1,"name":"Home","item":"https:\/\/transformiran.com\/sv\/home\/"},{"@type":"ListItem","position":2,"name":"Our work","item":"https:\/\/transformiran.com\/sv\/vart-arbete\/"},{"@type":"ListItem","position":3,"name":"Persiens p\u00e4rla"}]},{"@type":"WebSite","@id":"https:\/\/transformiran.com\/sv\/#website","url":"https:\/\/transformiran.com\/sv\/","name":"Transform Iran","description":"Bringing the love and power of Christ to Iran - and beyond","publisher":{"@id":"https:\/\/transformiran.com\/sv\/#organization"},"potentialAction":[{"@type":"SearchAction","target":{"@type":"EntryPoint","urlTemplate":"https:\/\/transformiran.com\/sv\/?s={search_term_string}"},"query-input":{"@type":"PropertyValueSpecification","valueRequired":true,"valueName":"search_term_string"}}],"inLanguage":"sv-SE"},{"@type":"Organization","@id":"https:\/\/transformiran.com\/sv\/#organization","name":"Transform Iran","url":"https:\/\/transformiran.com\/sv\/","logo":{"@type":"ImageObject","inLanguage":"sv-SE","@id":"https:\/\/transformiran.com\/sv\/#\/schema\/logo\/image\/","url":"https:\/\/transformiran.com\/app\/uploads\/2022\/11\/logo_grey.jpg","contentUrl":"https:\/\/transformiran.com\/app\/uploads\/2022\/11\/logo_grey.jpg","width":528,"height":90,"caption":"Transform Iran"},"image":{"@id":"https:\/\/transformiran.com\/sv\/#\/schema\/logo\/image\/"},"sameAs":["https:\/\/www.facebook.com\/222MinistriesUSAInc","https:\/\/x.com\/222minint","https:\/\/www.instagram.com\/222ministriesinternational\/"]}]}},"campaignId":"","_links":{"self":[{"href":"https:\/\/transformiran.com\/sv\/wp-json\/wp\/v2\/pages\/12984","targetHints":{"allow":["GET"]}}],"collection":[{"href":"https:\/\/transformiran.com\/sv\/wp-json\/wp\/v2\/pages"}],"about":[{"href":"https:\/\/transformiran.com\/sv\/wp-json\/wp\/v2\/types\/page"}],"author":[{"embeddable":true,"href":"https:\/\/transformiran.com\/sv\/wp-json\/wp\/v2\/users\/1"}],"replies":[{"embeddable":true,"href":"https:\/\/transformiran.com\/sv\/wp-json\/wp\/v2\/comments?post=12984"}],"version-history":[{"count":0,"href":"https:\/\/transformiran.com\/sv\/wp-json\/wp\/v2\/pages\/12984\/revisions"}],"up":[{"embeddable":true,"href":"https:\/\/transformiran.com\/sv\/wp-json\/wp\/v2\/pages\/13029"}],"wp:attachment":[{"href":"https:\/\/transformiran.com\/sv\/wp-json\/wp\/v2\/media?parent=12984"}],"curies":[{"name":"wp","href":"https:\/\/api.w.org\/{rel}","templated":true}]}}