{"id":12985,"date":"2022-11-04T11:02:40","date_gmt":"2022-11-04T11:02:40","guid":{"rendered":"https:\/\/transformiran.com\/var-berattelse\/"},"modified":"2026-04-02T02:19:21","modified_gmt":"2026-04-02T01:19:21","slug":"var-berattelse","status":"publish","type":"page","link":"https:\/\/transformiran.com\/sv\/var-berattelse\/","title":{"rendered":"V\u00e5r ber\u00e4ttelse"},"content":{"rendered":"\n<p>Lazarus och Maggie Yeghnazar \u00e4r f\u00f6dda och uppvuxna i Iran och har tj\u00e4nat den iranska kyrkan under hela sina liv. \u00c5r 1988 k\u00e4nde de Guds kallelse att flytta sin unga familj v\u00e4sterut. Detta var ett beslut som de brottades med, eftersom deras hj\u00e4rtan var knutna till Iran och den alltmer f\u00f6rf\u00f6ljda kyrkan d\u00e4r. Enligt deras egna ord &#8220;ville vi inte \u00f6verge v\u00e5r flock&#8221;. Men genom en rad \u00f6vernaturliga ingripanden gjorde Gud det klart f\u00f6r dem och f\u00f6r pastorer som de respekterar att han hade en annan plan f\u00f6r dem. I lydnad reste de till Europa 1988. Efter deras flytt talade Gud:<\/p>\n\n<p>&#8220;Kyrkan i Iran kommer snart att drivas under jorden. Men en dag kommer Iran att vara \u00f6ppet f\u00f6r evangeliet. V\u00e5rt uppdrag \u00e4r att hj\u00e4lpa den iranska kyrkan att f\u00f6rbereda sig f\u00f6r denna \u00f6ppning och den sk\u00f6rd den kommer att medf\u00f6ra. Uppfostra ledare som kan f\u00f6ra stafettpinnen vidare och uppfostra andra. F\u00f6rbered arbetarna. G\u00f6r folket redo!&#8221;<\/p>\n\n<p>De b\u00f6rjade med att samla ihop det v\u00e4xande antalet kristna iranier som emigrerade v\u00e4sterut, \u00e5terf\u00f6rena dem och ge dem en ny vision f\u00f6r sitt land, Iran. \u00c5r 1991 samlade de ett stort antal utspridda iranska kristna till en konferens i Danmark. Detta blev en viktig tid av gemenskap och l\u00e4rjungaskap n\u00e4r de bad och h\u00f6rde fr\u00e5n Gud tillsammans. N\u00e4r samh\u00e4llet v\u00e4xte s\u00e5g Lazarus och Maggie behovet av att fastst\u00e4lla ett gemensamt namn f\u00f6r att f\u00f6rena alla delar. N\u00e4r de bad k\u00e4nde de hur Gud tryckte &#8220;2, 2, 2&#8221; p\u00e5 deras hj\u00e4rtan. De s\u00f6kte i Bibeln och fann att 2 Timoteus 2:2 tydligt angav visionen f\u00f6r den tj\u00e4nst de hade f\u00e5tt:<\/p>\n\n<p>&#8220;&#8230;och det som ni har h\u00f6rt mig s\u00e4ga inf\u00f6r m\u00e5nga vittnen, anf\u00f6rtro det \u00e5t p\u00e5litliga m\u00e4n som ocks\u00e5 \u00e4r kvalificerade att undervisa andra&#8221;. Detta skulle vara en verksamhet som s\u00e5g, t\u00e4nkte ut, gav uppdrag till och utrustade m\u00e4nniskor f\u00f6r tj\u00e4nstg\u00f6ring i Iran. M\u00e4nniskor som sedan skulle g\u00f6ra samma sak f\u00f6r andra &#8211; och s\u00e5 fick arbetet namnet &#8220;222 Ministries&#8221;.<\/p>\n\n<p>Under mer \u00e4n tre decennier arbetade de tillsammans som 222 Ministries och v\u00e4xte i betydelse och vision. \u00c5r 2022 blev det tydligt att \u00e4ven om l\u00e4rjungaskap och ledarskapsutveckling fortfarande var k\u00e4rnan i arbetet, hade V\u00e5r vision vuxit till att se f\u00f6rvandling i hela Iran. I november 2022 blev &#8220;222 Ministries&#8221; &#8220;Transform Iran&#8221; och de \u00f6ver 100 kyrkorna i n\u00e4tverket gick under namnet &#8220;222 Churches&#8221;, som en p\u00e5minnelse om mandatet att utbilda m\u00e4nniskor som kommer att utbilda andra i takt med att kyrkan expanderar. <\/p>\n\n<p>Transform Iran forts\u00e4tter att utbilda ledare f\u00f6r att plantera kyrkor som syftar till att f\u00f6rvandla nationen Iran. Genom denna verksamhet och genom Guds n\u00e5d har f\u00f6rsamlingar etablerats i 17 l\u00e4nder, d\u00e4ribland hundratals underjordiska f\u00f6rsamlingar i Iran och sju i Afghanistan.   <strong>Mer \u00e4n 100.000 har blivit Kristi efterf\u00f6ljare, tusentals har f\u00e5tt direkt undervisning och tusentals ledare har utbildats och sl\u00e4ppts ut i tj\u00e4nst.<\/strong><\/p>\n\n<p>Transform Iran har banat v\u00e4g f\u00f6r m\u00e5nga strategiska initiativ och \u00e4r hedrad \u00f6ver att ha banat v\u00e4g f\u00f6r m\u00e5nga andra ministerier n\u00e4r vi tillsammans tj\u00e4nar nationen Iran. Det handlar bland annat om kristen TV p\u00e5 farsi, en digital kyrka p\u00e5 farsi, apologetik p\u00e5 farsi, kristna nyheter p\u00e5 farsi samt en l\u00e5ng rad andra aktiviteter som s\u00e4kerst\u00e4ller att alla delar av samh\u00e4llet i Iran n\u00e5s av evangeliets kraftfulla budskap.<\/p>\n\n<h2 class=\"wp-block-heading\">M\u00f6t grundarna<\/h2>\n\n<h3 class=\"wp-block-heading\">Lasarus<\/h3>\n\n<figure class=\"wp-block-image size-full\"><img decoding=\"async\" width=\"1024\" height=\"683\" src=\"https:\/\/transformiran.com\/app\/uploads\/2022\/11\/laz2.jpeg\" alt=\"\" class=\"wp-image-6653\" srcset=\"https:\/\/transformiran.com\/app\/uploads\/2022\/11\/laz2.jpeg 1024w, https:\/\/transformiran.com\/app\/uploads\/2022\/11\/laz2-300x200.jpeg 300w, https:\/\/transformiran.com\/app\/uploads\/2022\/11\/laz2-768x512.jpeg 768w\" sizes=\"(max-width: 1024px) 100vw, 1024px\" \/><\/figure>\n\n<p>Lazarus Yeghnazar f\u00f6ddes 1949 i Teheran, Iran, i en armenisk kristen familj. Vid sex \u00e5rs \u00e5lder fick han en uppenbarelse av Jesus och \u00e4gnade sitt liv \u00e5t att tj\u00e4na honom. Vid 21 \u00e5rs \u00e5lder ordinerades Lazarus till \u00e4ldste i Central Jamaate Rabani Church i Teheran och uts\u00e5gs till medlem av det allm\u00e4nna ledarskapet f\u00f6r dessa kyrkor i hela Iran.<\/p>\n\n<p>Vid 23 \u00e5rs \u00e5lder, trots att han l\u00e4rt sig engelska sj\u00e4lv, blev Lazarus chef f\u00f6r \u00f6vers\u00e4ttningsavdelningen vid krigsministeriet i Iran och officiell \u00f6vers\u00e4ttare \u00e5t vice krigsministern i Iran.<\/p>\n\n<p>Han f\u00e4ngslades tv\u00e5 g\u00e5nger innan han fyllde 25 \u00e5r f\u00f6r att ha predikat evangeliet i olika st\u00e4der i Iran (under shahens tid). Han hade en officiell audiens hos kungen och drottningen av Iran vid 27 \u00e5rs \u00e5lder. Flera \u00e5r senare tr\u00e4ffade han, p\u00e5 s\u00e4rskild inbjudan, kronprinsen Reza Pahlavi (som d\u00e5 befann sig i exil) och bad med honom.<\/p>\n\n<p>Efter den islamiska revolutionen, n\u00e4r gisslan tillf\u00e5ngatogs p\u00e5 den amerikanska ambassaden, var han den ende som ombads att h\u00e5lla jul- och p\u00e5skgudstj\u00e4nster f\u00f6r gisslan.<\/p>\n\n<p>Lazarus grundade ocks\u00e5 Pars Link, ett av de fr\u00e4msta elektronikteknikf\u00f6retagen i Iran, och blev en framg\u00e5ngsrik internationell aff\u00e4rsman. Vid 30 \u00e5rs \u00e5lder grundade han och ledde den f\u00f6rsta Teheranavdelningen av Full Gospel Businessmen&#8217;s Fellowship International.<\/p>\n\n<p>\u00c5r 1988, efter slutet p\u00e5 det \u00e5tta \u00e5r l\u00e5nga kriget mellan Iran och Irak, k\u00e4nde Lazarus och Maggie Guds ledning att l\u00e4mna Iran och bos\u00e4tta sig i Europa. \u00c5r 1991 grundade de 222 Ministries i lydnad mot Guds kallelse. \u00c5r 2022 blev &#8220;222 Ministries&#8221; &#8220;Transform Iran&#8221; f\u00f6r att b\u00e4ttre kommunicera den ut\u00f6kade vision som de hade f\u00e5tt fr\u00e5n Herren. \u00c5r 2026 \u00f6verl\u00e4mnade Lazarus ledarskapet f\u00f6r Transform Iran till sin dotter Lana, och fortsatte att tj\u00e4na som Overseer of 222 Churches. I sin nya roll \u00e4gnar Lazarus sin tid \u00e5t att uppfostra, utbilda, mentorera och frig\u00f6ra beg\u00e5vade pastorer och \u00f6vervaka de hundratals kyrkorna i Transform Irans n\u00e4tverk. <\/p>\n\n<p>Lazarus har en strategisk pionj\u00e4randa. Han ser vad som h\u00e4nder och vad som beh\u00f6ver g\u00f6ras och har modet och r\u00f6sten att leda d\u00e4r andra kanske tvekar att g\u00e5.<\/p>\n\n<h3 class=\"wp-block-heading\">Maggie<\/h3>\n\n<figure class=\"wp-block-image size-full\"><img decoding=\"async\" width=\"1024\" height=\"683\" src=\"https:\/\/transformiran.com\/app\/uploads\/2022\/11\/mag2.jpeg\" alt=\"\" class=\"wp-image-6654\" srcset=\"https:\/\/transformiran.com\/app\/uploads\/2022\/11\/mag2.jpeg 1024w, https:\/\/transformiran.com\/app\/uploads\/2022\/11\/mag2-300x200.jpeg 300w, https:\/\/transformiran.com\/app\/uploads\/2022\/11\/mag2-768x512.jpeg 768w\" sizes=\"(max-width: 1024px) 100vw, 1024px\" \/><\/figure>\n\n<p>Maggie Yeghnazar (f\u00f6dd Minassian) f\u00f6ddes 1953 i Teheran, Iran, i en armenisk, i huvudsak kristen familj. Vid tio \u00e5rs \u00e5lder tog hon emot Jesus som sin Herre och Fr\u00e4lsare och blev uppslukad av alla aspekter av andligt liv och tj\u00e4nst i den nyetablerade iranska kyrkan i Teheran.<\/p>\n\n<p>\u00c4nda sedan ton\u00e5ren har Maggie engagerat sig f\u00f6r att hj\u00e4lpa till d\u00e4r det finns behov. Hennes fr\u00e4msta passion har alltid varit att studera och undervisa om Guds ord &#8211; ett omr\u00e5de d\u00e4r hon har en stor beg\u00e5vning. Hon har undervisat p\u00e5 olika bibelskolor, konferenser och TV-program b\u00e5de i och utanf\u00f6r Iran, tagit fram och \u00f6versatt otaliga b\u00f6cker f\u00f6r att bygga upp f\u00f6rsamlingen och utvecklat strategiska och banbrytande l\u00e4rjungaskapskurser f\u00f6r den v\u00e4xande kyrkan i Iran.<\/p>\n\n<p>Hon \u00e4r sj\u00e4lv pr\u00e4stvigd och \u00e4r en av de fr\u00e4msta kvinnliga r\u00f6sterna i den iranska kyrkan och har banat v\u00e4g f\u00f6r m\u00e5nga kvinnor att st\u00e5 upp och r\u00e4knas i missionen. Hon forts\u00e4tter att inspirera och v\u00e4gleda m\u00e4n och kvinnor i hela Iran och den iranska diasporan att f\u00f6lja Guds kallelse i sina liv.<\/p>\n\n<p>\u00c5r 1991 grundade hon 222 Ministries tillsammans med Lazarus, d\u00e4r hon har varit styrelseledamot, chef f\u00f6r bibelskolan, chef f\u00f6r kvinnoarbetet och publikationschef. Idag leder hon v\u00e4gen som teologi- och l\u00e4roplansdirekt\u00f6r och ser till att alla de v\u00e4xande produkterna och programmen p\u00e5 Transform Iran forts\u00e4tter att vara djupt rotade i korrekt biblisk undervisning. <\/p>\n\n<p>Maggie har en Bachelor of Arts-examen i engelsk litteratur fr\u00e5n Damavand College i Teheran, Iran, och en Bachelor of Arts-examen i bibel och teologi.<\/p>\n\n<p>Hon \u00e4r en beg\u00e5vad, banbrytande och banbrytande ledare, l\u00e4rare och mentor med en passion f\u00f6r Guds ord.<\/p>\n","protected":false},"excerpt":{"rendered":"<p>Lazarus och Maggie Yeghnazar \u00e4r f\u00f6dda och uppvuxna i Iran och har tj\u00e4nat den iranska kyrkan under hela sina liv. \u00c5r 1988 k\u00e4nde de Guds kallelse att flytta sin unga familj v\u00e4sterut. Detta var ett beslut som de brottades med, eftersom deras hj\u00e4rtan var knutna till Iran och den alltmer f\u00f6rf\u00f6ljda kyrkan d\u00e4r. Enligt deras [&hellip;]<\/p>\n","protected":false},"author":1,"featured_media":12989,"parent":0,"menu_order":0,"comment_status":"closed","ping_status":"closed","template":"page-basic.php","meta":{"_acf_changed":false,"give_campaign_id":0,"om_disable_all_campaigns":false,"_mi_skip_tracking":false,"footnotes":""},"class_list":["post-12985","page","type-page","status-publish","has-post-thumbnail","hentry"],"acf":[],"yoast_head":"<!-- This site is optimized with the Yoast SEO plugin v27.2 - https:\/\/yoast.com\/product\/yoast-seo-wordpress\/ -->\n<title>V\u00e5r ber\u00e4ttelse - Transform Iran<\/title>\n<meta name=\"robots\" content=\"index, follow, max-snippet:-1, max-image-preview:large, max-video-preview:-1\" \/>\n<link rel=\"canonical\" href=\"https:\/\/transformiran.com\/sv\/var-berattelse\/\" \/>\n<meta property=\"og:locale\" content=\"sv_SE\" \/>\n<meta property=\"og:type\" content=\"article\" \/>\n<meta property=\"og:title\" content=\"V\u00e5r ber\u00e4ttelse - Transform Iran\" \/>\n<meta property=\"og:description\" content=\"Lazarus och Maggie Yeghnazar \u00e4r f\u00f6dda och uppvuxna i Iran och har tj\u00e4nat den iranska kyrkan under hela sina liv. \u00c5r 1988 k\u00e4nde de Guds kallelse att flytta sin unga familj v\u00e4sterut. Detta var ett beslut som de brottades med, eftersom deras hj\u00e4rtan var knutna till Iran och den alltmer f\u00f6rf\u00f6ljda kyrkan d\u00e4r. Enligt deras [&hellip;]\" \/>\n<meta property=\"og:url\" content=\"https:\/\/transformiran.com\/sv\/var-berattelse\/\" \/>\n<meta property=\"og:site_name\" content=\"Transform Iran\" \/>\n<meta property=\"article:publisher\" content=\"https:\/\/www.facebook.com\/222MinistriesUSAInc\" \/>\n<meta property=\"article:modified_time\" content=\"2026-04-02T01:19:21+00:00\" \/>\n<meta property=\"og:image\" content=\"https:\/\/transformiran.com\/app\/uploads\/2022\/11\/Our-story-cropped.jpg\" \/>\n\t<meta property=\"og:image:width\" content=\"1920\" \/>\n\t<meta property=\"og:image:height\" content=\"555\" \/>\n\t<meta property=\"og:image:type\" content=\"image\/jpeg\" \/>\n<meta name=\"twitter:card\" content=\"summary_large_image\" \/>\n<meta name=\"twitter:site\" content=\"@222minint\" \/>\n<meta name=\"twitter:label1\" content=\"Est. reading time\" \/>\n\t<meta name=\"twitter:data1\" content=\"7 minutes\" \/>\n<script type=\"application\/ld+json\" class=\"yoast-schema-graph\">{\"@context\":\"https:\/\/schema.org\",\"@graph\":[{\"@type\":\"WebPage\",\"@id\":\"https:\/\/transformiran.com\/sv\/var-berattelse\/\",\"url\":\"https:\/\/transformiran.com\/sv\/var-berattelse\/\",\"name\":\"V\u00e5r ber\u00e4ttelse - Transform Iran\",\"isPartOf\":{\"@id\":\"https:\/\/transformiran.com\/sv\/#website\"},\"primaryImageOfPage\":{\"@id\":\"https:\/\/transformiran.com\/sv\/var-berattelse\/#primaryimage\"},\"image\":{\"@id\":\"https:\/\/transformiran.com\/sv\/var-berattelse\/#primaryimage\"},\"thumbnailUrl\":\"https:\/\/transformiran.com\/app\/uploads\/2022\/11\/Our-story-cropped.jpg\",\"datePublished\":\"2022-11-04T11:02:40+00:00\",\"dateModified\":\"2026-04-02T01:19:21+00:00\",\"breadcrumb\":{\"@id\":\"https:\/\/transformiran.com\/sv\/var-berattelse\/#breadcrumb\"},\"inLanguage\":\"sv-SE\",\"potentialAction\":[{\"@type\":\"ReadAction\",\"target\":[\"https:\/\/transformiran.com\/sv\/var-berattelse\/\"]}]},{\"@type\":\"ImageObject\",\"inLanguage\":\"sv-SE\",\"@id\":\"https:\/\/transformiran.com\/sv\/var-berattelse\/#primaryimage\",\"url\":\"https:\/\/transformiran.com\/app\/uploads\/2022\/11\/Our-story-cropped.jpg\",\"contentUrl\":\"https:\/\/transformiran.com\/app\/uploads\/2022\/11\/Our-story-cropped.jpg\",\"width\":1920,\"height\":555},{\"@type\":\"BreadcrumbList\",\"@id\":\"https:\/\/transformiran.com\/sv\/var-berattelse\/#breadcrumb\",\"itemListElement\":[{\"@type\":\"ListItem\",\"position\":1,\"name\":\"Home\",\"item\":\"https:\/\/transformiran.com\/sv\/home\/\"},{\"@type\":\"ListItem\",\"position\":2,\"name\":\"V\u00e5r ber\u00e4ttelse\"}]},{\"@type\":\"WebSite\",\"@id\":\"https:\/\/transformiran.com\/sv\/#website\",\"url\":\"https:\/\/transformiran.com\/sv\/\",\"name\":\"Transform Iran\",\"description\":\"Bringing the love and power of Christ to Iran - and beyond\",\"publisher\":{\"@id\":\"https:\/\/transformiran.com\/sv\/#organization\"},\"potentialAction\":[{\"@type\":\"SearchAction\",\"target\":{\"@type\":\"EntryPoint\",\"urlTemplate\":\"https:\/\/transformiran.com\/sv\/?s={search_term_string}\"},\"query-input\":{\"@type\":\"PropertyValueSpecification\",\"valueRequired\":true,\"valueName\":\"search_term_string\"}}],\"inLanguage\":\"sv-SE\"},{\"@type\":\"Organization\",\"@id\":\"https:\/\/transformiran.com\/sv\/#organization\",\"name\":\"Transform Iran\",\"url\":\"https:\/\/transformiran.com\/sv\/\",\"logo\":{\"@type\":\"ImageObject\",\"inLanguage\":\"sv-SE\",\"@id\":\"https:\/\/transformiran.com\/sv\/#\/schema\/logo\/image\/\",\"url\":\"https:\/\/transformiran.com\/app\/uploads\/2022\/11\/logo_grey.jpg\",\"contentUrl\":\"https:\/\/transformiran.com\/app\/uploads\/2022\/11\/logo_grey.jpg\",\"width\":528,\"height\":90,\"caption\":\"Transform Iran\"},\"image\":{\"@id\":\"https:\/\/transformiran.com\/sv\/#\/schema\/logo\/image\/\"},\"sameAs\":[\"https:\/\/www.facebook.com\/222MinistriesUSAInc\",\"https:\/\/x.com\/222minint\",\"https:\/\/www.instagram.com\/222ministriesinternational\/\"]}]}<\/script>\n<!-- \/ Yoast SEO plugin. -->","yoast_head_json":{"title":"V\u00e5r ber\u00e4ttelse - Transform Iran","robots":{"index":"index","follow":"follow","max-snippet":"max-snippet:-1","max-image-preview":"max-image-preview:large","max-video-preview":"max-video-preview:-1"},"canonical":"https:\/\/transformiran.com\/sv\/var-berattelse\/","og_locale":"sv_SE","og_type":"article","og_title":"V\u00e5r ber\u00e4ttelse - Transform Iran","og_description":"Lazarus och Maggie Yeghnazar \u00e4r f\u00f6dda och uppvuxna i Iran och har tj\u00e4nat den iranska kyrkan under hela sina liv. \u00c5r 1988 k\u00e4nde de Guds kallelse att flytta sin unga familj v\u00e4sterut. Detta var ett beslut som de brottades med, eftersom deras hj\u00e4rtan var knutna till Iran och den alltmer f\u00f6rf\u00f6ljda kyrkan d\u00e4r. Enligt deras [&hellip;]","og_url":"https:\/\/transformiran.com\/sv\/var-berattelse\/","og_site_name":"Transform Iran","article_publisher":"https:\/\/www.facebook.com\/222MinistriesUSAInc","article_modified_time":"2026-04-02T01:19:21+00:00","og_image":[{"width":1920,"height":555,"url":"https:\/\/transformiran.com\/app\/uploads\/2022\/11\/Our-story-cropped.jpg","type":"image\/jpeg"}],"twitter_card":"summary_large_image","twitter_site":"@222minint","twitter_misc":{"Est. reading time":"7 minutes"},"schema":{"@context":"https:\/\/schema.org","@graph":[{"@type":"WebPage","@id":"https:\/\/transformiran.com\/sv\/var-berattelse\/","url":"https:\/\/transformiran.com\/sv\/var-berattelse\/","name":"V\u00e5r ber\u00e4ttelse - Transform Iran","isPartOf":{"@id":"https:\/\/transformiran.com\/sv\/#website"},"primaryImageOfPage":{"@id":"https:\/\/transformiran.com\/sv\/var-berattelse\/#primaryimage"},"image":{"@id":"https:\/\/transformiran.com\/sv\/var-berattelse\/#primaryimage"},"thumbnailUrl":"https:\/\/transformiran.com\/app\/uploads\/2022\/11\/Our-story-cropped.jpg","datePublished":"2022-11-04T11:02:40+00:00","dateModified":"2026-04-02T01:19:21+00:00","breadcrumb":{"@id":"https:\/\/transformiran.com\/sv\/var-berattelse\/#breadcrumb"},"inLanguage":"sv-SE","potentialAction":[{"@type":"ReadAction","target":["https:\/\/transformiran.com\/sv\/var-berattelse\/"]}]},{"@type":"ImageObject","inLanguage":"sv-SE","@id":"https:\/\/transformiran.com\/sv\/var-berattelse\/#primaryimage","url":"https:\/\/transformiran.com\/app\/uploads\/2022\/11\/Our-story-cropped.jpg","contentUrl":"https:\/\/transformiran.com\/app\/uploads\/2022\/11\/Our-story-cropped.jpg","width":1920,"height":555},{"@type":"BreadcrumbList","@id":"https:\/\/transformiran.com\/sv\/var-berattelse\/#breadcrumb","itemListElement":[{"@type":"ListItem","position":1,"name":"Home","item":"https:\/\/transformiran.com\/sv\/home\/"},{"@type":"ListItem","position":2,"name":"V\u00e5r ber\u00e4ttelse"}]},{"@type":"WebSite","@id":"https:\/\/transformiran.com\/sv\/#website","url":"https:\/\/transformiran.com\/sv\/","name":"Transform Iran","description":"Bringing the love and power of Christ to Iran - and beyond","publisher":{"@id":"https:\/\/transformiran.com\/sv\/#organization"},"potentialAction":[{"@type":"SearchAction","target":{"@type":"EntryPoint","urlTemplate":"https:\/\/transformiran.com\/sv\/?s={search_term_string}"},"query-input":{"@type":"PropertyValueSpecification","valueRequired":true,"valueName":"search_term_string"}}],"inLanguage":"sv-SE"},{"@type":"Organization","@id":"https:\/\/transformiran.com\/sv\/#organization","name":"Transform Iran","url":"https:\/\/transformiran.com\/sv\/","logo":{"@type":"ImageObject","inLanguage":"sv-SE","@id":"https:\/\/transformiran.com\/sv\/#\/schema\/logo\/image\/","url":"https:\/\/transformiran.com\/app\/uploads\/2022\/11\/logo_grey.jpg","contentUrl":"https:\/\/transformiran.com\/app\/uploads\/2022\/11\/logo_grey.jpg","width":528,"height":90,"caption":"Transform Iran"},"image":{"@id":"https:\/\/transformiran.com\/sv\/#\/schema\/logo\/image\/"},"sameAs":["https:\/\/www.facebook.com\/222MinistriesUSAInc","https:\/\/x.com\/222minint","https:\/\/www.instagram.com\/222ministriesinternational\/"]}]}},"campaignId":"","_links":{"self":[{"href":"https:\/\/transformiran.com\/sv\/wp-json\/wp\/v2\/pages\/12985","targetHints":{"allow":["GET"]}}],"collection":[{"href":"https:\/\/transformiran.com\/sv\/wp-json\/wp\/v2\/pages"}],"about":[{"href":"https:\/\/transformiran.com\/sv\/wp-json\/wp\/v2\/types\/page"}],"author":[{"embeddable":true,"href":"https:\/\/transformiran.com\/sv\/wp-json\/wp\/v2\/users\/1"}],"replies":[{"embeddable":true,"href":"https:\/\/transformiran.com\/sv\/wp-json\/wp\/v2\/comments?post=12985"}],"version-history":[{"count":2,"href":"https:\/\/transformiran.com\/sv\/wp-json\/wp\/v2\/pages\/12985\/revisions"}],"predecessor-version":[{"id":36983,"href":"https:\/\/transformiran.com\/sv\/wp-json\/wp\/v2\/pages\/12985\/revisions\/36983"}],"wp:featuredmedia":[{"embeddable":true,"href":"https:\/\/transformiran.com\/sv\/wp-json\/wp\/v2\/media\/12989"}],"wp:attachment":[{"href":"https:\/\/transformiran.com\/sv\/wp-json\/wp\/v2\/media?parent=12985"}],"curies":[{"name":"wp","href":"https:\/\/api.w.org\/{rel}","templated":true}]}}