{"id":12993,"date":"2022-11-03T12:17:33","date_gmt":"2022-11-03T12:17:33","guid":{"rendered":"https:\/\/transformiran.com\/transformation\/"},"modified":"2025-04-02T10:57:03","modified_gmt":"2025-04-02T09:57:03","slug":"transformation","status":"publish","type":"page","link":"https:\/\/transformiran.com\/sv\/vart-arbete\/transformation\/","title":{"rendered":"Transformation"},"content":{"rendered":"\n<p>M\u00e5let \u00e4r inte en stor kyrka som st\u00e5r skild fr\u00e5n resten av befolkningen. Vi vill se en kyrka som \u00e4r helt integrerad i samh\u00e4llet och som n\u00e5r alla folkgrupper p\u00e5 deras eget &#8220;hj\u00e4rtas&#8221; spr\u00e5k och alla m\u00e4nniskor, fr\u00e5n de mest respekterade akademikerna, inflytelserika f\u00f6retagsledare och religi\u00f6sa l\u00e4rare till de fattiga, de f\u00f6rsummade och analfabeterna. En kyrka som b\u00e4r evangeliets omv\u00e4lvande, helande kraft \u00f6ver hela landet och som verkligen f\u00f6r\u00e4ndrar liv och en hel nation &#8211; Iran &#8211; f\u00f6r Kristus. D\u00e4rifr\u00e5n tror vi att Iran kommer att p\u00e5verka hela regionen med Jesu Kristi k\u00e4rlek och kraft. Varaktig, transformativ f\u00f6r\u00e4ndring.<\/p>\n\n<div class=\"wp-block-buttons is-content-justification-center is-layout-flex wp-container-core-buttons-is-layout-16018d1d wp-block-buttons-is-layout-flex\">\n<div class=\"wp-block-button\"><a class=\"wp-block-button__link has-white-color has-vivid-red-background-color has-text-color has-background wp-element-button\" href=\"https:\/\/transformiran.com\/sv\/donera\/\">Anslut dig till oss i uppdraget att se Iran f\u00f6rvandlas<\/a><\/div>\n<\/div>\n\n<p>Initiativen p\u00e5 Transform Iran \u00e4r inriktade p\u00e5 den l\u00e5ngsiktiga visionen om en \u00e5terst\u00e4lld nation. Vi \u00f6verv\u00e4ger alla m\u00f6jligheter och scenarier, lyssnar till den Helige Andes v\u00e4gledning och \u00e4r st\u00e4ndigt innovativa och banbrytande n\u00e4r det g\u00e4ller hur arbetet i Iran ser ut. Vi str\u00e4var efter att g\u00f6ra det b\u00e4sta av varje teknisk utveckling, reagera p\u00e5 varje f\u00f6r\u00e4ndring i det sociopolitiska landskapet och bygga strategiskt. En nations framtid st\u00e5r p\u00e5 spel.  <\/p>\n\n<p>Denna vision f\u00f6r omvandling reproduceras genom de hundratals underjordiska kyrkor som vi har planterat i Iran. Kyrkor som aktivt str\u00e4var efter att p\u00e5verka sina samh\u00e4llen och hela sitt land.<\/p>\n\n<div class=\"wp-block-buttons is-content-justification-center is-layout-flex wp-container-core-buttons-is-layout-16018d1d wp-block-buttons-is-layout-flex\">\n<div class=\"wp-block-button\"><a class=\"wp-block-button__link has-white-color has-vivid-red-background-color has-text-color has-background wp-element-button\" href=\"https:\/\/transformiran.com\/sv\/anmalan-till-nyhetsbrev\/\">F\u00e5 m\u00e5natliga uppdateringar som hj\u00e4lper dig att be effektivt<\/a><\/div>\n<\/div>\n\n<p>Vi g\u00f6r ocks\u00e5 praktiska f\u00f6rberedelser f\u00f6r n\u00e4r d\u00f6rrarna i Iran kommer att \u00f6ppnas, s\u00e5 att kyrkan n\u00e4r den tiden kommer \u00e4r redo, har resurser och kan ta sk\u00f6rden f\u00f6r Kristus. Det b\u00f6rjar med ledarskapsutveckling. M\u00e4nniskor \u00e4r himlens valuta! Transform Iran arbetar m\u00e5lmedvetet med att utveckla ledare med ett brett spektrum av f\u00e4rdigheter, passioner och kallelser som \u00e4r redo att ta deras plats n\u00e4r d\u00f6rrarna \u00f6ppnas igen. V\u00e5rt uppdrag \u00e4r att utrusta och f\u00f6rbereda tj\u00e4nande ledare med de n\u00f6dv\u00e4ndiga niv\u00e5erna av inflytande, auktoritet och sm\u00f6rjelse som kr\u00e4vs f\u00f6r att \u00e5stadkomma varaktiga f\u00f6r\u00e4ndringar.  <\/p>\n\n<p>De strategiska initiativen tar h\u00e4nsyn till de olika befolkningsgrupperna i Iran. Biblar p\u00e5 alla hj\u00e4rtats spr\u00e5k, hj\u00e4lp till dem som \u00e4r i praktisk n\u00f6d, sociopolitiska l\u00f6sningar, r\u00e5dgivare f\u00f6r de trasiga, l\u00e4rare och utbildningsmaterial f\u00f6r barnen, f\u00f6retagsledare, inflytelserika personer inom media och konst, forskare och akademiker samt evangelister.  <\/p>\n\n<blockquote class=\"wp-block-quote is-layout-flow wp-block-quote-is-layout-flow\">\n<p>Jag kom som en fr\u00e4mling bland mina familjemedlemmar, tom p\u00e5 k\u00e4nslor och ilska, tom p\u00e5 mig sj\u00e4lv och f\u00f6rvirrad, mellan att vara och att inte vara. Jag s\u00e5g mig sj\u00e4lv som en \u00f6ken som f\u00f6rs\u00f6kte skrika och k\u00e4mpa mot den torra tystnaden. Nu ser jag mig sj\u00e4lv som en levande jord som kan andas. Jag har uppt\u00e4ckt hur man lever livet och f\u00f6r det vidare till andra. Nu kan jag leva utan ilska och bitterhet, utan r\u00e4dsla och utan att bli avvisad. Jag \u00e4r f\u00f6dd p\u00e5 nytt.<\/p>\n<\/blockquote>\n","protected":false},"excerpt":{"rendered":"<p>M\u00e5let \u00e4r inte en stor kyrka som st\u00e5r skild fr\u00e5n resten av befolkningen. Vi vill se en kyrka som \u00e4r helt integrerad i samh\u00e4llet och som n\u00e5r alla folkgrupper p\u00e5 deras eget &#8220;hj\u00e4rtas&#8221; spr\u00e5k och alla m\u00e4nniskor, fr\u00e5n de mest respekterade akademikerna, inflytelserika f\u00f6retagsledare och religi\u00f6sa l\u00e4rare till de fattiga, de f\u00f6rsummade och analfabeterna. En [&hellip;]<\/p>\n","protected":false},"author":1,"featured_media":0,"parent":13029,"menu_order":0,"comment_status":"closed","ping_status":"closed","template":"page-work.php","meta":{"_acf_changed":false,"give_campaign_id":0,"om_disable_all_campaigns":false,"_mi_skip_tracking":false,"footnotes":""},"class_list":["post-12993","page","type-page","status-publish","hentry"],"acf":[],"yoast_head":"<!-- This site is optimized with the Yoast SEO plugin v27.3 - https:\/\/yoast.com\/product\/yoast-seo-wordpress\/ -->\n<title>Transformation - Transform Iran<\/title>\n<meta name=\"robots\" content=\"index, follow, max-snippet:-1, max-image-preview:large, max-video-preview:-1\" \/>\n<link rel=\"canonical\" href=\"https:\/\/transformiran.com\/sv\/vart-arbete\/transformation\/\" \/>\n<meta property=\"og:locale\" content=\"sv_SE\" \/>\n<meta property=\"og:type\" content=\"article\" \/>\n<meta property=\"og:title\" content=\"Transformation - Transform Iran\" \/>\n<meta property=\"og:description\" content=\"M\u00e5let \u00e4r inte en stor kyrka som st\u00e5r skild fr\u00e5n resten av befolkningen. Vi vill se en kyrka som \u00e4r helt integrerad i samh\u00e4llet och som n\u00e5r alla folkgrupper p\u00e5 deras eget &#8220;hj\u00e4rtas&#8221; spr\u00e5k och alla m\u00e4nniskor, fr\u00e5n de mest respekterade akademikerna, inflytelserika f\u00f6retagsledare och religi\u00f6sa l\u00e4rare till de fattiga, de f\u00f6rsummade och analfabeterna. En [&hellip;]\" \/>\n<meta property=\"og:url\" content=\"https:\/\/transformiran.com\/sv\/vart-arbete\/transformation\/\" \/>\n<meta property=\"og:site_name\" content=\"Transform Iran\" \/>\n<meta property=\"article:publisher\" content=\"https:\/\/www.facebook.com\/222MinistriesUSAInc\" \/>\n<meta property=\"article:modified_time\" content=\"2025-04-02T09:57:03+00:00\" \/>\n<meta name=\"twitter:card\" content=\"summary_large_image\" \/>\n<meta name=\"twitter:site\" content=\"@222minint\" \/>\n<meta name=\"twitter:label1\" content=\"Est. reading time\" \/>\n\t<meta name=\"twitter:data1\" content=\"3 minutes\" \/>\n<script type=\"application\/ld+json\" class=\"yoast-schema-graph\">{\"@context\":\"https:\\\/\\\/schema.org\",\"@graph\":[{\"@type\":\"WebPage\",\"@id\":\"https:\\\/\\\/transformiran.com\\\/sv\\\/vart-arbete\\\/transformation\\\/\",\"url\":\"https:\\\/\\\/transformiran.com\\\/sv\\\/vart-arbete\\\/transformation\\\/\",\"name\":\"Transformation - Transform Iran\",\"isPartOf\":{\"@id\":\"https:\\\/\\\/transformiran.com\\\/sv\\\/#website\"},\"datePublished\":\"2022-11-03T12:17:33+00:00\",\"dateModified\":\"2025-04-02T09:57:03+00:00\",\"breadcrumb\":{\"@id\":\"https:\\\/\\\/transformiran.com\\\/sv\\\/vart-arbete\\\/transformation\\\/#breadcrumb\"},\"inLanguage\":\"sv-SE\",\"potentialAction\":[{\"@type\":\"ReadAction\",\"target\":[\"https:\\\/\\\/transformiran.com\\\/sv\\\/vart-arbete\\\/transformation\\\/\"]}]},{\"@type\":\"BreadcrumbList\",\"@id\":\"https:\\\/\\\/transformiran.com\\\/sv\\\/vart-arbete\\\/transformation\\\/#breadcrumb\",\"itemListElement\":[{\"@type\":\"ListItem\",\"position\":1,\"name\":\"Home\",\"item\":\"https:\\\/\\\/transformiran.com\\\/sv\\\/home\\\/\"},{\"@type\":\"ListItem\",\"position\":2,\"name\":\"Our work\",\"item\":\"https:\\\/\\\/transformiran.com\\\/sv\\\/vart-arbete\\\/\"},{\"@type\":\"ListItem\",\"position\":3,\"name\":\"Transformation\"}]},{\"@type\":\"WebSite\",\"@id\":\"https:\\\/\\\/transformiran.com\\\/sv\\\/#website\",\"url\":\"https:\\\/\\\/transformiran.com\\\/sv\\\/\",\"name\":\"Transform Iran\",\"description\":\"Bringing the love and power of Christ to Iran - and beyond\",\"publisher\":{\"@id\":\"https:\\\/\\\/transformiran.com\\\/sv\\\/#organization\"},\"potentialAction\":[{\"@type\":\"SearchAction\",\"target\":{\"@type\":\"EntryPoint\",\"urlTemplate\":\"https:\\\/\\\/transformiran.com\\\/sv\\\/?s={search_term_string}\"},\"query-input\":{\"@type\":\"PropertyValueSpecification\",\"valueRequired\":true,\"valueName\":\"search_term_string\"}}],\"inLanguage\":\"sv-SE\"},{\"@type\":\"Organization\",\"@id\":\"https:\\\/\\\/transformiran.com\\\/sv\\\/#organization\",\"name\":\"Transform Iran\",\"url\":\"https:\\\/\\\/transformiran.com\\\/sv\\\/\",\"logo\":{\"@type\":\"ImageObject\",\"inLanguage\":\"sv-SE\",\"@id\":\"https:\\\/\\\/transformiran.com\\\/sv\\\/#\\\/schema\\\/logo\\\/image\\\/\",\"url\":\"https:\\\/\\\/transformiran.com\\\/app\\\/uploads\\\/2022\\\/11\\\/logo_grey.jpg\",\"contentUrl\":\"https:\\\/\\\/transformiran.com\\\/app\\\/uploads\\\/2022\\\/11\\\/logo_grey.jpg\",\"width\":528,\"height\":90,\"caption\":\"Transform Iran\"},\"image\":{\"@id\":\"https:\\\/\\\/transformiran.com\\\/sv\\\/#\\\/schema\\\/logo\\\/image\\\/\"},\"sameAs\":[\"https:\\\/\\\/www.facebook.com\\\/222MinistriesUSAInc\",\"https:\\\/\\\/x.com\\\/222minint\",\"https:\\\/\\\/www.instagram.com\\\/222ministriesinternational\\\/\"]}]}<\/script>\n<!-- \/ Yoast SEO plugin. -->","yoast_head_json":{"title":"Transformation - Transform Iran","robots":{"index":"index","follow":"follow","max-snippet":"max-snippet:-1","max-image-preview":"max-image-preview:large","max-video-preview":"max-video-preview:-1"},"canonical":"https:\/\/transformiran.com\/sv\/vart-arbete\/transformation\/","og_locale":"sv_SE","og_type":"article","og_title":"Transformation - Transform Iran","og_description":"M\u00e5let \u00e4r inte en stor kyrka som st\u00e5r skild fr\u00e5n resten av befolkningen. Vi vill se en kyrka som \u00e4r helt integrerad i samh\u00e4llet och som n\u00e5r alla folkgrupper p\u00e5 deras eget &#8220;hj\u00e4rtas&#8221; spr\u00e5k och alla m\u00e4nniskor, fr\u00e5n de mest respekterade akademikerna, inflytelserika f\u00f6retagsledare och religi\u00f6sa l\u00e4rare till de fattiga, de f\u00f6rsummade och analfabeterna. En [&hellip;]","og_url":"https:\/\/transformiran.com\/sv\/vart-arbete\/transformation\/","og_site_name":"Transform Iran","article_publisher":"https:\/\/www.facebook.com\/222MinistriesUSAInc","article_modified_time":"2025-04-02T09:57:03+00:00","twitter_card":"summary_large_image","twitter_site":"@222minint","twitter_misc":{"Est. reading time":"3 minutes"},"schema":{"@context":"https:\/\/schema.org","@graph":[{"@type":"WebPage","@id":"https:\/\/transformiran.com\/sv\/vart-arbete\/transformation\/","url":"https:\/\/transformiran.com\/sv\/vart-arbete\/transformation\/","name":"Transformation - Transform Iran","isPartOf":{"@id":"https:\/\/transformiran.com\/sv\/#website"},"datePublished":"2022-11-03T12:17:33+00:00","dateModified":"2025-04-02T09:57:03+00:00","breadcrumb":{"@id":"https:\/\/transformiran.com\/sv\/vart-arbete\/transformation\/#breadcrumb"},"inLanguage":"sv-SE","potentialAction":[{"@type":"ReadAction","target":["https:\/\/transformiran.com\/sv\/vart-arbete\/transformation\/"]}]},{"@type":"BreadcrumbList","@id":"https:\/\/transformiran.com\/sv\/vart-arbete\/transformation\/#breadcrumb","itemListElement":[{"@type":"ListItem","position":1,"name":"Home","item":"https:\/\/transformiran.com\/sv\/home\/"},{"@type":"ListItem","position":2,"name":"Our work","item":"https:\/\/transformiran.com\/sv\/vart-arbete\/"},{"@type":"ListItem","position":3,"name":"Transformation"}]},{"@type":"WebSite","@id":"https:\/\/transformiran.com\/sv\/#website","url":"https:\/\/transformiran.com\/sv\/","name":"Transform Iran","description":"Bringing the love and power of Christ to Iran - and beyond","publisher":{"@id":"https:\/\/transformiran.com\/sv\/#organization"},"potentialAction":[{"@type":"SearchAction","target":{"@type":"EntryPoint","urlTemplate":"https:\/\/transformiran.com\/sv\/?s={search_term_string}"},"query-input":{"@type":"PropertyValueSpecification","valueRequired":true,"valueName":"search_term_string"}}],"inLanguage":"sv-SE"},{"@type":"Organization","@id":"https:\/\/transformiran.com\/sv\/#organization","name":"Transform Iran","url":"https:\/\/transformiran.com\/sv\/","logo":{"@type":"ImageObject","inLanguage":"sv-SE","@id":"https:\/\/transformiran.com\/sv\/#\/schema\/logo\/image\/","url":"https:\/\/transformiran.com\/app\/uploads\/2022\/11\/logo_grey.jpg","contentUrl":"https:\/\/transformiran.com\/app\/uploads\/2022\/11\/logo_grey.jpg","width":528,"height":90,"caption":"Transform Iran"},"image":{"@id":"https:\/\/transformiran.com\/sv\/#\/schema\/logo\/image\/"},"sameAs":["https:\/\/www.facebook.com\/222MinistriesUSAInc","https:\/\/x.com\/222minint","https:\/\/www.instagram.com\/222ministriesinternational\/"]}]}},"campaignId":"","_links":{"self":[{"href":"https:\/\/transformiran.com\/sv\/wp-json\/wp\/v2\/pages\/12993","targetHints":{"allow":["GET"]}}],"collection":[{"href":"https:\/\/transformiran.com\/sv\/wp-json\/wp\/v2\/pages"}],"about":[{"href":"https:\/\/transformiran.com\/sv\/wp-json\/wp\/v2\/types\/page"}],"author":[{"embeddable":true,"href":"https:\/\/transformiran.com\/sv\/wp-json\/wp\/v2\/users\/1"}],"replies":[{"embeddable":true,"href":"https:\/\/transformiran.com\/sv\/wp-json\/wp\/v2\/comments?post=12993"}],"version-history":[{"count":0,"href":"https:\/\/transformiran.com\/sv\/wp-json\/wp\/v2\/pages\/12993\/revisions"}],"up":[{"embeddable":true,"href":"https:\/\/transformiran.com\/sv\/wp-json\/wp\/v2\/pages\/13029"}],"wp:attachment":[{"href":"https:\/\/transformiran.com\/sv\/wp-json\/wp\/v2\/media?parent=12993"}],"curies":[{"name":"wp","href":"https:\/\/api.w.org\/{rel}","templated":true}]}}