{"id":13001,"date":"2022-11-03T12:23:11","date_gmt":"2022-11-03T12:23:11","guid":{"rendered":"https:\/\/transformiran.com\/afghanistan\/"},"modified":"2025-04-02T11:05:36","modified_gmt":"2025-04-02T10:05:36","slug":"afghanistan","status":"publish","type":"page","link":"https:\/\/transformiran.com\/sv\/vart-arbete\/afghanistan\/","title":{"rendered":"Afghanistan"},"content":{"rendered":"\n<p>Varf\u00f6r skulle en organisation som fokuserar p\u00e5 Iran bry sig om vad som h\u00e4nder i Afghanistan?  <\/p>\n\n<p>Det finns mer \u00e4n tv\u00e5 miljoner afghaner i Iran; m\u00e5nga \u00e4r flyktingar. Faktum \u00e4r att Iran \u00e4r v\u00e4rd f\u00f6r en av de st\u00f6rsta flyktingpopulationerna i v\u00e4rlden och den stora majoriteten av dem kommer fr\u00e5n Afghanistan. Det finns cirka 800.000 registrerade afghanska flyktingar men mer \u00e4n tv\u00e5 miljoner pappersl\u00f6sa.  <\/p>\n\n<p>Afghaner utg\u00f6r en betydande del av Irans etniska m\u00e5ngfald. Deras spr\u00e5k, dari, \u00e4r mycket likt farsi. Med ett gemensamt spr\u00e5k och s\u00e5 m\u00e5nga som bor bland oss \u00e4r afghanerna absolut en del av v\u00e5rt kall. Dessutom uts\u00e4tts afghanerna f\u00f6r sv\u00e5ra \u00f6vergrepp i Iran. I 2 Mos 22:21 varnas Guds folk f\u00f6r att behandla eller f\u00f6rtrycka utl\u00e4nningar som bor i deras land. Amnesty International har dokumenterat m\u00e5nga nedsl\u00e5ende exempel p\u00e5 hur afghaner har behandlats illa av myndigheterna i Iran. Kyrkan m\u00e5ste vara annorlunda.  <\/p>\n\n<p>Genom att st\u00e4rka den afghanska kyrkan st\u00f6der vi inte bara en vacker gemenskap av troende i Afghanistan, utan vi vet att det i slut\u00e4ndan ocks\u00e5 kommer att st\u00e4rka den iranska kyrkan. Vi ser den dag d\u00e5 iranier kommer att \u00e5ka till Afghanistan som mission\u00e4rer och afghanska troende kommer att g\u00f6ra detsamma i Iran. V\u00e5ra samh\u00e4llen \u00e4r sammanfl\u00e4tade.  <\/p>\n\n<p>Transform Iran n\u00e5r afghaner med evangeliet, st\u00f6der f\u00f6rf\u00f6ljda flyktingar, \u00e4r l\u00e4rjungar f\u00f6r nyomv\u00e4nda och utvecklar ledare. V\u00e5r familj i Afghanistan best\u00e5r av sju f\u00f6rsamlingar i olika distrikt.  <\/p>\n\n<p>I februari 2021 fick ledningen f\u00f6r Transform Iran ett profetiskt ord som varnade oss f\u00f6r Kabuls n\u00e4ra f\u00f6rest\u00e5ende fall. Tack vare denna f\u00f6rvarning sex m\u00e5nader innan h\u00e4ndelserna \u00e4gde rum kunde vi f\u00f6rbereda oss. De flesta i v\u00e5rt team hade inga pass. Vi hade tid att f\u00e5 de n\u00f6dv\u00e4ndiga papperen p\u00e5 plats f\u00f6r att p\u00e5 ett s\u00e4kert s\u00e4tt flytta de som ville l\u00e4mna. Vissa var fast beslutna att stanna kvar och vara ett ljus i det kommande m\u00f6rkret. Vi kunde f\u00f6rbereda oss f\u00f6r deras s\u00e4kerhet genom att omplacera dem inom landet om det beh\u00f6vdes, tillhandah\u00e5lla b\u00e4ttre kommunikationsutrustning och f\u00f6rbereda oss f\u00f6r att hj\u00e4lpa till med livsmedelsbist\u00e5nd. Efter det stora tillbakadragandet och den virtuella isoleringen av talibanerna har upps\u00e4gningar och konkurser skjutit i h\u00f6jden. Fattigdomen \u00e4r skoningsl\u00f6s (\u00e4ven f\u00f6r v\u00e4lutbildade, normalt sett v\u00e4lavl\u00f6nade familjer). Kvinnor som var huvudf\u00f6rs\u00f6rjare i m\u00e5nga hush\u00e5ll har blivit hemmablinda och hela familjen lider.  <\/p>\n\n<p>Sedan kollapsen i augusti 2021 har vi ut\u00f6kat v\u00e5rt st\u00f6d till kyrkan i Afghanistan, liksom till kristna familjer p\u00e5 flykt och muslimska s\u00f6kande som har kontakt med dem. V\u00e5rt omedelbara uppdrag \u00e4r att st\u00f6dja de utspridda och g\u00f6mda afghanska kristna i och utanf\u00f6r Afghanistan med n\u00f6dv\u00e4ndig humanit\u00e4r hj\u00e4lp som g\u00f6r det m\u00f6jligt f\u00f6r dem att \u00f6verleva, komma p\u00e5 f\u00f6tter igen, \u00e5terge dem hoppet och ge dem en ny vision att n\u00e5 sitt land f\u00f6r Kristus. D\u00e4r det \u00e4r m\u00f6jligt st\u00f6der vi ocks\u00e5 afghanska kristnas icke-kristna v\u00e4nner som k\u00e4mpar, visar dem kraften i Kristi ovillkorliga k\u00e4rlek och ser till att de blir fr\u00e4lsta och f\u00e5r undervisning.  <\/p>\n\n<p>Transform Iran har gett humanit\u00e4r hj\u00e4lp till n\u00e4stan 1.700 afghaner, varav mer \u00e4n 1.000 i sj\u00e4lva landet. Detta inkluderar mat, hygienmaterial, vinteruppv\u00e4rmning, hyra, evakueringskostnader, medicinska n\u00f6dsituationer, medicin och transport.  <\/p>\n\n<blockquote class=\"wp-block-quote is-layout-flow wp-block-quote-is-layout-flow\"><p>Fr\u00e5n den dag d\u00e5 din hj\u00e4lp har kommit oss till del kan jag \u00e4rligt s\u00e4ga att det har skett ett uppvaknande i mitt liv; till och med en v\u00e4ckelse. Min familj \u00e4r st\u00e4ndigt full av gl\u00e4dje. Prisa Gud f\u00f6r att det \u00e4r p\u00e5 hans s\u00e4tt som hj\u00e4lpen alltid kommer till oss vid r\u00e4tt tidpunkt. P\u00e5 samma s\u00e4tt som herden leder sin hjord genom \u00f6knen och ser efter vart och ett av sina f\u00e5r, p\u00e5 samma s\u00e4tt \u00e4r vi \u00f6dmjuka inf\u00f6r att s\u00e4ga att Gud inte \u00f6verger oss i Afghanistan, under dessa sv\u00e5ra omst\u00e4ndigheter.  <\/p><p>Tidigare var min fru sjuk med fruktansv\u00e4rd \u00e5ngest f\u00f6r oss alla. V\u00e5r levnadsstandard var verkligen inte bra. Vi var alla i djup sorg, men nu fr\u00e5n den dag d\u00e5 vi kom till tro p\u00e5 Kristus och Gud h\u00f6ll v\u00e5ra h\u00e4nder, har \u00e4ven min frus sv\u00e5ra \u00e5ngest lugnats och hennes fysiska sjukdomar har ocks\u00e5 l\u00e4kts.<\/p><\/blockquote>\n","protected":false},"excerpt":{"rendered":"<p>Varf\u00f6r skulle en organisation som fokuserar p\u00e5 Iran bry sig om vad som h\u00e4nder i Afghanistan? Det finns mer \u00e4n tv\u00e5 miljoner afghaner i Iran; m\u00e5nga \u00e4r flyktingar. Faktum \u00e4r att Iran \u00e4r v\u00e4rd f\u00f6r en av de st\u00f6rsta flyktingpopulationerna i v\u00e4rlden och den stora majoriteten av dem kommer fr\u00e5n Afghanistan. Det finns cirka 800.000 [&hellip;]<\/p>\n","protected":false},"author":1,"featured_media":0,"parent":13029,"menu_order":0,"comment_status":"closed","ping_status":"closed","template":"page-work.php","meta":{"_acf_changed":false,"give_campaign_id":0,"om_disable_all_campaigns":false,"_mi_skip_tracking":false,"footnotes":""},"class_list":["post-13001","page","type-page","status-publish","hentry"],"acf":[],"yoast_head":"<!-- This site is optimized with the Yoast SEO plugin v27.2 - https:\/\/yoast.com\/product\/yoast-seo-wordpress\/ -->\n<title>Afghanistan - Transform Iran<\/title>\n<meta name=\"robots\" content=\"index, follow, max-snippet:-1, max-image-preview:large, max-video-preview:-1\" \/>\n<link rel=\"canonical\" href=\"https:\/\/transformiran.com\/sv\/vart-arbete\/afghanistan\/\" \/>\n<meta property=\"og:locale\" content=\"sv_SE\" \/>\n<meta property=\"og:type\" content=\"article\" \/>\n<meta property=\"og:title\" content=\"Afghanistan - Transform Iran\" \/>\n<meta property=\"og:description\" content=\"Varf\u00f6r skulle en organisation som fokuserar p\u00e5 Iran bry sig om vad som h\u00e4nder i Afghanistan? Det finns mer \u00e4n tv\u00e5 miljoner afghaner i Iran; m\u00e5nga \u00e4r flyktingar. Faktum \u00e4r att Iran \u00e4r v\u00e4rd f\u00f6r en av de st\u00f6rsta flyktingpopulationerna i v\u00e4rlden och den stora majoriteten av dem kommer fr\u00e5n Afghanistan. Det finns cirka 800.000 [&hellip;]\" \/>\n<meta property=\"og:url\" content=\"https:\/\/transformiran.com\/sv\/vart-arbete\/afghanistan\/\" \/>\n<meta property=\"og:site_name\" content=\"Transform Iran\" \/>\n<meta property=\"article:publisher\" content=\"https:\/\/www.facebook.com\/222MinistriesUSAInc\" \/>\n<meta property=\"article:modified_time\" content=\"2025-04-02T10:05:36+00:00\" \/>\n<meta name=\"twitter:card\" content=\"summary_large_image\" \/>\n<meta name=\"twitter:site\" content=\"@222minint\" \/>\n<meta name=\"twitter:label1\" content=\"Est. reading time\" \/>\n\t<meta name=\"twitter:data1\" content=\"4 minutes\" \/>\n<script type=\"application\/ld+json\" class=\"yoast-schema-graph\">{\"@context\":\"https:\/\/schema.org\",\"@graph\":[{\"@type\":\"WebPage\",\"@id\":\"https:\/\/transformiran.com\/sv\/vart-arbete\/afghanistan\/\",\"url\":\"https:\/\/transformiran.com\/sv\/vart-arbete\/afghanistan\/\",\"name\":\"Afghanistan - Transform Iran\",\"isPartOf\":{\"@id\":\"https:\/\/transformiran.com\/sv\/#website\"},\"datePublished\":\"2022-11-03T12:23:11+00:00\",\"dateModified\":\"2025-04-02T10:05:36+00:00\",\"breadcrumb\":{\"@id\":\"https:\/\/transformiran.com\/sv\/vart-arbete\/afghanistan\/#breadcrumb\"},\"inLanguage\":\"sv-SE\",\"potentialAction\":[{\"@type\":\"ReadAction\",\"target\":[\"https:\/\/transformiran.com\/sv\/vart-arbete\/afghanistan\/\"]}]},{\"@type\":\"BreadcrumbList\",\"@id\":\"https:\/\/transformiran.com\/sv\/vart-arbete\/afghanistan\/#breadcrumb\",\"itemListElement\":[{\"@type\":\"ListItem\",\"position\":1,\"name\":\"Home\",\"item\":\"https:\/\/transformiran.com\/sv\/home\/\"},{\"@type\":\"ListItem\",\"position\":2,\"name\":\"Our work\",\"item\":\"https:\/\/transformiran.com\/sv\/vart-arbete\/\"},{\"@type\":\"ListItem\",\"position\":3,\"name\":\"Afghanistan\"}]},{\"@type\":\"WebSite\",\"@id\":\"https:\/\/transformiran.com\/sv\/#website\",\"url\":\"https:\/\/transformiran.com\/sv\/\",\"name\":\"Transform Iran\",\"description\":\"Bringing the love and power of Christ to Iran - and beyond\",\"publisher\":{\"@id\":\"https:\/\/transformiran.com\/sv\/#organization\"},\"potentialAction\":[{\"@type\":\"SearchAction\",\"target\":{\"@type\":\"EntryPoint\",\"urlTemplate\":\"https:\/\/transformiran.com\/sv\/?s={search_term_string}\"},\"query-input\":{\"@type\":\"PropertyValueSpecification\",\"valueRequired\":true,\"valueName\":\"search_term_string\"}}],\"inLanguage\":\"sv-SE\"},{\"@type\":\"Organization\",\"@id\":\"https:\/\/transformiran.com\/sv\/#organization\",\"name\":\"Transform Iran\",\"url\":\"https:\/\/transformiran.com\/sv\/\",\"logo\":{\"@type\":\"ImageObject\",\"inLanguage\":\"sv-SE\",\"@id\":\"https:\/\/transformiran.com\/sv\/#\/schema\/logo\/image\/\",\"url\":\"https:\/\/transformiran.com\/app\/uploads\/2022\/11\/logo_grey.jpg\",\"contentUrl\":\"https:\/\/transformiran.com\/app\/uploads\/2022\/11\/logo_grey.jpg\",\"width\":528,\"height\":90,\"caption\":\"Transform Iran\"},\"image\":{\"@id\":\"https:\/\/transformiran.com\/sv\/#\/schema\/logo\/image\/\"},\"sameAs\":[\"https:\/\/www.facebook.com\/222MinistriesUSAInc\",\"https:\/\/x.com\/222minint\",\"https:\/\/www.instagram.com\/222ministriesinternational\/\"]}]}<\/script>\n<!-- \/ Yoast SEO plugin. -->","yoast_head_json":{"title":"Afghanistan - Transform Iran","robots":{"index":"index","follow":"follow","max-snippet":"max-snippet:-1","max-image-preview":"max-image-preview:large","max-video-preview":"max-video-preview:-1"},"canonical":"https:\/\/transformiran.com\/sv\/vart-arbete\/afghanistan\/","og_locale":"sv_SE","og_type":"article","og_title":"Afghanistan - Transform Iran","og_description":"Varf\u00f6r skulle en organisation som fokuserar p\u00e5 Iran bry sig om vad som h\u00e4nder i Afghanistan? Det finns mer \u00e4n tv\u00e5 miljoner afghaner i Iran; m\u00e5nga \u00e4r flyktingar. Faktum \u00e4r att Iran \u00e4r v\u00e4rd f\u00f6r en av de st\u00f6rsta flyktingpopulationerna i v\u00e4rlden och den stora majoriteten av dem kommer fr\u00e5n Afghanistan. Det finns cirka 800.000 [&hellip;]","og_url":"https:\/\/transformiran.com\/sv\/vart-arbete\/afghanistan\/","og_site_name":"Transform Iran","article_publisher":"https:\/\/www.facebook.com\/222MinistriesUSAInc","article_modified_time":"2025-04-02T10:05:36+00:00","twitter_card":"summary_large_image","twitter_site":"@222minint","twitter_misc":{"Est. reading time":"4 minutes"},"schema":{"@context":"https:\/\/schema.org","@graph":[{"@type":"WebPage","@id":"https:\/\/transformiran.com\/sv\/vart-arbete\/afghanistan\/","url":"https:\/\/transformiran.com\/sv\/vart-arbete\/afghanistan\/","name":"Afghanistan - Transform Iran","isPartOf":{"@id":"https:\/\/transformiran.com\/sv\/#website"},"datePublished":"2022-11-03T12:23:11+00:00","dateModified":"2025-04-02T10:05:36+00:00","breadcrumb":{"@id":"https:\/\/transformiran.com\/sv\/vart-arbete\/afghanistan\/#breadcrumb"},"inLanguage":"sv-SE","potentialAction":[{"@type":"ReadAction","target":["https:\/\/transformiran.com\/sv\/vart-arbete\/afghanistan\/"]}]},{"@type":"BreadcrumbList","@id":"https:\/\/transformiran.com\/sv\/vart-arbete\/afghanistan\/#breadcrumb","itemListElement":[{"@type":"ListItem","position":1,"name":"Home","item":"https:\/\/transformiran.com\/sv\/home\/"},{"@type":"ListItem","position":2,"name":"Our work","item":"https:\/\/transformiran.com\/sv\/vart-arbete\/"},{"@type":"ListItem","position":3,"name":"Afghanistan"}]},{"@type":"WebSite","@id":"https:\/\/transformiran.com\/sv\/#website","url":"https:\/\/transformiran.com\/sv\/","name":"Transform Iran","description":"Bringing the love and power of Christ to Iran - and beyond","publisher":{"@id":"https:\/\/transformiran.com\/sv\/#organization"},"potentialAction":[{"@type":"SearchAction","target":{"@type":"EntryPoint","urlTemplate":"https:\/\/transformiran.com\/sv\/?s={search_term_string}"},"query-input":{"@type":"PropertyValueSpecification","valueRequired":true,"valueName":"search_term_string"}}],"inLanguage":"sv-SE"},{"@type":"Organization","@id":"https:\/\/transformiran.com\/sv\/#organization","name":"Transform Iran","url":"https:\/\/transformiran.com\/sv\/","logo":{"@type":"ImageObject","inLanguage":"sv-SE","@id":"https:\/\/transformiran.com\/sv\/#\/schema\/logo\/image\/","url":"https:\/\/transformiran.com\/app\/uploads\/2022\/11\/logo_grey.jpg","contentUrl":"https:\/\/transformiran.com\/app\/uploads\/2022\/11\/logo_grey.jpg","width":528,"height":90,"caption":"Transform Iran"},"image":{"@id":"https:\/\/transformiran.com\/sv\/#\/schema\/logo\/image\/"},"sameAs":["https:\/\/www.facebook.com\/222MinistriesUSAInc","https:\/\/x.com\/222minint","https:\/\/www.instagram.com\/222ministriesinternational\/"]}]}},"campaignId":"","_links":{"self":[{"href":"https:\/\/transformiran.com\/sv\/wp-json\/wp\/v2\/pages\/13001","targetHints":{"allow":["GET"]}}],"collection":[{"href":"https:\/\/transformiran.com\/sv\/wp-json\/wp\/v2\/pages"}],"about":[{"href":"https:\/\/transformiran.com\/sv\/wp-json\/wp\/v2\/types\/page"}],"author":[{"embeddable":true,"href":"https:\/\/transformiran.com\/sv\/wp-json\/wp\/v2\/users\/1"}],"replies":[{"embeddable":true,"href":"https:\/\/transformiran.com\/sv\/wp-json\/wp\/v2\/comments?post=13001"}],"version-history":[{"count":0,"href":"https:\/\/transformiran.com\/sv\/wp-json\/wp\/v2\/pages\/13001\/revisions"}],"up":[{"embeddable":true,"href":"https:\/\/transformiran.com\/sv\/wp-json\/wp\/v2\/pages\/13029"}],"wp:attachment":[{"href":"https:\/\/transformiran.com\/sv\/wp-json\/wp\/v2\/media?parent=13001"}],"curies":[{"name":"wp","href":"https:\/\/api.w.org\/{rel}","templated":true}]}}