{"id":13002,"date":"2022-11-04T11:16:59","date_gmt":"2022-11-04T11:16:59","guid":{"rendered":"https:\/\/transformiran.com\/gava-efter-testamente\/"},"modified":"2025-04-02T11:05:13","modified_gmt":"2025-04-02T10:05:13","slug":"gava-efter-testamente","status":"publish","type":"page","link":"https:\/\/transformiran.com\/sv\/donera\/gava-efter-testamente\/","title":{"rendered":"G\u00e5va efter testamente"},"content":{"rendered":"\n<p>Om du planerar att investera i mission i Iran kanske du inte har t\u00e4nkt p\u00e5 att ge ett arv och den kraftfulla v\u00e4lsignelse det kan vara.<\/p>\n\n<p><\/p>\n\n<p>En &#8221; <strong>idag&#8221;-g\u00e5va v\u00e4lsignar oss omedelbart<\/strong>. Oavsett om det handlar om kontanter, aktier, fastigheter eller andra v\u00e4rdepapper kan frukten vara omedelbart synlig.<\/p>\n\n<p>Men en <strong>arvsg\u00e5va \u00e4r en framtida g\u00e5va som kommer att bygga Riket l\u00e5ngt bortom din livstid<\/strong>.<\/p>\n\n<p>Legacy giving avser donationer som anh\u00e4ngare planerar att ge till en ideell organisation efter sin bortg\u00e5ng. Det kallas ocks\u00e5 ofta f\u00f6r planerat givande eftersom givarna ofta planerar dessa g\u00e5vor flera \u00e5r innan de delas ut till de utvalda parterna.<\/p>\n\n<p>Legacy eller planerad donation kan vara monet\u00e4r eller i form av tillg\u00e5ngar eller till och med en v\u00e4lg\u00f6renhetsannuitet eller trust.<\/p>\n\n<p>Detaljerna f\u00f6r varje g\u00e5va \u00e4r unika f\u00f6r dig och kan till och med inneh\u00e5lla best\u00e4mmelser om donationens anv\u00e4ndning. Legacy-g\u00e5vor kan st\u00f6dja en ideell organisations verksamhet under m\u00e5nga \u00e5r fram\u00f6ver och hedrar arvet efter den givare som l\u00e4mnade bidraget.<\/p>\n\n<p>F\u00f6rdelarna f\u00f6r den ideella organisationen \u00e4r uppenbara, men det finns ocks\u00e5 f\u00f6rdelar f\u00f6r donatorerna, bland annat genom att donatorn kan l\u00e4mna ett arv efter sig och genom de m\u00e5nga skattef\u00f6rdelar som deltagande donatorer kan ge sina familjer.<\/p>\n\n<p>Legatdonationer uppr\u00e4ttas tillsammans med din advokat och \u00e4r knutna till ditt testamente. Det kan ta sig m\u00e5nga olika uttryck. Vi skulle vara hedrade om du kunde t\u00e4nka dig att st\u00f6dja missionen till Iran p\u00e5 detta s\u00e4tt.<\/p>\n\n<p><strong>Exempel p\u00e5 testamentarisk eller planerad g\u00e5va<\/strong><\/p>\n\n<ol class=\"wp-block-list\">\n<li><strong>Will.<\/strong> Detta \u00e4r ditt sista juridiska dokument som s\u00e4kerst\u00e4ller att dina \u00e4godelar f\u00f6rdelas i enlighet med dina \u00f6nskem\u00e5l. I ditt testamente kan du, f\u00f6rutom att se till att dina n\u00e4ra och k\u00e4ra tas om hand, ange en g\u00e5va till ministeriet (ofta kallat ett legat).<\/li>\n\n\n\n<li><strong>F\u00f6rtroende<\/strong>. Detta juridiska arrangemang kr\u00e4ver en f\u00f6rvaltare som kommer att ta ansvar f\u00f6r att f\u00f6rvalta dina tillg\u00e5ngar efter din bortg\u00e5ng. F\u00f6rtroenden kan ta m\u00e5nga former (\u00e5terkalleliga och o\u00e5terkalleliga, unitrusts, livr\u00e4ntef\u00f6rtroenden, v\u00e4lg\u00f6renhetsledningar) och \u00e4r inte f\u00f6rem\u00e5l f\u00f6r bouppteckning.<\/li>\n\n\n\n<li><strong>Icke-kontanta g\u00e5vor<\/strong>. M\u00e5nga icke-kontanta tillg\u00e5ngar kan ges f\u00f6r att st\u00f6dja ministeriet. Donationer \u00e4r avdragsgilla i beskattningen. Exempel p\u00e5 detta \u00e4r fordon, guldsmycken och \u00e4delmetaller.<\/li>\n\n\n\n<li><strong>Aktier och v\u00e4rdepapper.<\/strong>  N\u00e4r du ger uppskattade oms\u00e4ttningsbara aktier, obligationer eller fonder till ett ministerium, skulle de f\u00e5 det verkliga marknadsv\u00e4rdet p\u00e5 v\u00e4rdepapperen. Du kan ocks\u00e5 undvika att betala skatt p\u00e5 kapitalvinster p\u00e5 \u00f6verf\u00f6rda tillg\u00e5ngar.<\/li>\n\n\n\n<li><strong>G\u00e5voannuiteter<\/strong> till f\u00f6rm\u00e5n f\u00f6r v\u00e4lg\u00f6rande \u00e4ndam\u00e5l. Detta g\u00f6r det m\u00f6jligt f\u00f6r dig att ange en framtida g\u00e5va till ministeriet samtidigt som du forts\u00e4tter att f\u00e5 fasta betalningar fr\u00e5n den g\u00e5van antingen nu eller i framtiden. Det finns skattef\u00f6rm\u00e5ner f\u00f6r det \u00e5r g\u00e5van g\u00f6rs och en del av utbetalningarna kan ocks\u00e5 vara skattefria.<\/li>\n\n\n\n<li><strong>Pensionstillg\u00e5ngar<\/strong>. Dessa inkluderar skatteuppskjutna pensionskonton, IRA, 401(k)s, 301(b)s och Keogh- och pensionsplaner. Vilken procentandel som helst av dina pensionstillg\u00e5ngar kan tilldelas ministeriet. Du kan g\u00f6ra detta genom ditt testamente eller genom f\u00f6rm\u00e5nstagarf\u00f6rordnanden. Till skillnad fr\u00e5n att namnge individer som f\u00f6rm\u00e5nstagare i din traditionella skatteuppskjutna plan inneb\u00e4r namngivning av v\u00e4lg\u00f6renhetsorganisationer att mottagaren av din g\u00e5va inte beskattas.<\/li>\n\n\n\n<li><strong>Fastigheter<\/strong>. Alla typer av oms\u00e4ttningsbara v\u00e4rdefulla fastigheter kan doneras till ministeriet.<\/li>\n\n\n\n<li><strong>Livf\u00f6rs\u00e4kring<\/strong>. Det \u00e4r m\u00f6jligt att l\u00e4gga till ett ministerium som f\u00f6rm\u00e5nstagare till din livf\u00f6rs\u00e4kring. Du kan ocks\u00e5 avs\u00e4tta \u00e5rliga utdelningar till ministeriet eller helt enkelt donera kontantv\u00e4rdet p\u00e5 din f\u00f6rs\u00e4kring.<\/li>\n\n\n\n<li><strong>Utbetalas p\u00e5 d\u00f6dsfallskonton<\/strong>. Dessa fungerar som truster eftersom de inte \u00e4r f\u00f6rem\u00e5l f\u00f6r bouppteckning. Genom din POD kan du ange vem som ska f\u00e5 beh\u00e5llningen p\u00e5 ditt bankkonto, dep\u00e5bevis, pensionskonto, investeringskonto eller pensionsfond vid din bortg\u00e5ng.<\/li>\n<\/ol>\n\n<p><\/p>\n\n<p>Att ge ett arv \u00e4r ett underbart s\u00e4tt att forts\u00e4tta att v\u00e4lsigna en verksamhet \u00e4ven efter den tid d\u00e5 Herren kallar dig hem. Vi uppskattar ert \u00f6verv\u00e4gande i b\u00f6n.<\/p>\n\n<p>Om du \u00e4r redo att \u00f6verv\u00e4ga det h\u00e4r alternativet vill vi g\u00e4rna tr\u00e4ffa dig. <a href=\"https:\/\/transformiran.com\/sv\/kontakt\/\">Kontakta ditt lokala Transform Iran -kontor<\/a>. <\/p>\n\n<div class=\"wp-block-columns is-layout-flex wp-container-core-columns-is-layout-9d6595d7 wp-block-columns-is-layout-flex\">\n<div class=\"wp-block-column is-layout-flow wp-block-column-is-layout-flow\">\n<div class=\"wp-block-columns is-layout-flex wp-container-core-columns-is-layout-9d6595d7 wp-block-columns-is-layout-flex\">\n<div class=\"wp-block-column is-layout-flow wp-block-column-is-layout-flow\">\n<p class=\"has-light-gold-background-color has-background\"><strong>Den h\u00e4r sidan \u00f6vers\u00e4tts automatiskt till de olika spr\u00e5ken p\u00e5 v\u00e5r webbplats.<\/strong> F\u00f6r r\u00e5d om arv, s\u00e4rskilt med avseende p\u00e5 v\u00e5ra nederl\u00e4ndska samarbetspartners, se <a href=\"https:\/\/transformiran.com\/app\/uploads\/2025\/02\/TI-Legacy-Giving-Dutch.pdf\">denna PDF.<\/a><\/p>\n<\/div>\n<\/div>\n<\/div>\n<\/div>\n\n<p class=\"has-white-background-color has-background\"><\/p>\n","protected":false},"excerpt":{"rendered":"<p>Om du planerar att investera i mission i Iran kanske du inte har t\u00e4nkt p\u00e5 att ge ett arv och den kraftfulla v\u00e4lsignelse det kan vara. En &#8221; idag&#8221;-g\u00e5va v\u00e4lsignar oss omedelbart. Oavsett om det handlar om kontanter, aktier, fastigheter eller andra v\u00e4rdepapper kan frukten vara omedelbart synlig. Men en arvsg\u00e5va \u00e4r en framtida g\u00e5va [&hellip;]<\/p>\n","protected":false},"author":1,"featured_media":0,"parent":13026,"menu_order":0,"comment_status":"closed","ping_status":"closed","template":"page-basic.php","meta":{"_acf_changed":false,"give_campaign_id":0,"om_disable_all_campaigns":false,"_mi_skip_tracking":false,"footnotes":""},"class_list":["post-13002","page","type-page","status-publish","hentry"],"acf":[],"yoast_head":"<!-- This site is optimized with the Yoast SEO plugin v27.2 - https:\/\/yoast.com\/product\/yoast-seo-wordpress\/ -->\n<title>G\u00e5va efter testamente - Transform Iran<\/title>\n<meta name=\"robots\" content=\"index, follow, max-snippet:-1, max-image-preview:large, max-video-preview:-1\" \/>\n<link rel=\"canonical\" href=\"https:\/\/transformiran.com\/sv\/donera\/gava-efter-testamente\/\" \/>\n<meta property=\"og:locale\" content=\"sv_SE\" \/>\n<meta property=\"og:type\" content=\"article\" \/>\n<meta property=\"og:title\" content=\"G\u00e5va efter testamente - Transform Iran\" \/>\n<meta property=\"og:description\" content=\"Om du planerar att investera i mission i Iran kanske du inte har t\u00e4nkt p\u00e5 att ge ett arv och den kraftfulla v\u00e4lsignelse det kan vara. En &#8221; idag&#8221;-g\u00e5va v\u00e4lsignar oss omedelbart. Oavsett om det handlar om kontanter, aktier, fastigheter eller andra v\u00e4rdepapper kan frukten vara omedelbart synlig. Men en arvsg\u00e5va \u00e4r en framtida g\u00e5va [&hellip;]\" \/>\n<meta property=\"og:url\" content=\"https:\/\/transformiran.com\/sv\/donera\/gava-efter-testamente\/\" \/>\n<meta property=\"og:site_name\" content=\"Transform Iran\" \/>\n<meta property=\"article:publisher\" content=\"https:\/\/www.facebook.com\/222MinistriesUSAInc\" \/>\n<meta property=\"article:modified_time\" content=\"2025-04-02T10:05:13+00:00\" \/>\n<meta name=\"twitter:card\" content=\"summary_large_image\" \/>\n<meta name=\"twitter:site\" content=\"@222minint\" \/>\n<meta name=\"twitter:label1\" content=\"Est. reading time\" \/>\n\t<meta name=\"twitter:data1\" content=\"4 minutes\" \/>\n<script type=\"application\/ld+json\" class=\"yoast-schema-graph\">{\"@context\":\"https:\/\/schema.org\",\"@graph\":[{\"@type\":\"WebPage\",\"@id\":\"https:\/\/transformiran.com\/sv\/donera\/gava-efter-testamente\/\",\"url\":\"https:\/\/transformiran.com\/sv\/donera\/gava-efter-testamente\/\",\"name\":\"G\u00e5va efter testamente - Transform Iran\",\"isPartOf\":{\"@id\":\"https:\/\/transformiran.com\/sv\/#website\"},\"datePublished\":\"2022-11-04T11:16:59+00:00\",\"dateModified\":\"2025-04-02T10:05:13+00:00\",\"breadcrumb\":{\"@id\":\"https:\/\/transformiran.com\/sv\/donera\/gava-efter-testamente\/#breadcrumb\"},\"inLanguage\":\"sv-SE\",\"potentialAction\":[{\"@type\":\"ReadAction\",\"target\":[\"https:\/\/transformiran.com\/sv\/donera\/gava-efter-testamente\/\"]}]},{\"@type\":\"BreadcrumbList\",\"@id\":\"https:\/\/transformiran.com\/sv\/donera\/gava-efter-testamente\/#breadcrumb\",\"itemListElement\":[{\"@type\":\"ListItem\",\"position\":1,\"name\":\"Home\",\"item\":\"https:\/\/transformiran.com\/sv\/home\/\"},{\"@type\":\"ListItem\",\"position\":2,\"name\":\"Donera\",\"item\":\"https:\/\/transformiran.com\/sv\/donate\/\"},{\"@type\":\"ListItem\",\"position\":3,\"name\":\"G\u00e5va efter testamente\"}]},{\"@type\":\"WebSite\",\"@id\":\"https:\/\/transformiran.com\/sv\/#website\",\"url\":\"https:\/\/transformiran.com\/sv\/\",\"name\":\"Transform Iran\",\"description\":\"Bringing the love and power of Christ to Iran - and beyond\",\"publisher\":{\"@id\":\"https:\/\/transformiran.com\/sv\/#organization\"},\"potentialAction\":[{\"@type\":\"SearchAction\",\"target\":{\"@type\":\"EntryPoint\",\"urlTemplate\":\"https:\/\/transformiran.com\/sv\/?s={search_term_string}\"},\"query-input\":{\"@type\":\"PropertyValueSpecification\",\"valueRequired\":true,\"valueName\":\"search_term_string\"}}],\"inLanguage\":\"sv-SE\"},{\"@type\":\"Organization\",\"@id\":\"https:\/\/transformiran.com\/sv\/#organization\",\"name\":\"Transform Iran\",\"url\":\"https:\/\/transformiran.com\/sv\/\",\"logo\":{\"@type\":\"ImageObject\",\"inLanguage\":\"sv-SE\",\"@id\":\"https:\/\/transformiran.com\/sv\/#\/schema\/logo\/image\/\",\"url\":\"https:\/\/transformiran.com\/app\/uploads\/2022\/11\/logo_grey.jpg\",\"contentUrl\":\"https:\/\/transformiran.com\/app\/uploads\/2022\/11\/logo_grey.jpg\",\"width\":528,\"height\":90,\"caption\":\"Transform Iran\"},\"image\":{\"@id\":\"https:\/\/transformiran.com\/sv\/#\/schema\/logo\/image\/\"},\"sameAs\":[\"https:\/\/www.facebook.com\/222MinistriesUSAInc\",\"https:\/\/x.com\/222minint\",\"https:\/\/www.instagram.com\/222ministriesinternational\/\"]}]}<\/script>\n<!-- \/ Yoast SEO plugin. -->","yoast_head_json":{"title":"G\u00e5va efter testamente - Transform Iran","robots":{"index":"index","follow":"follow","max-snippet":"max-snippet:-1","max-image-preview":"max-image-preview:large","max-video-preview":"max-video-preview:-1"},"canonical":"https:\/\/transformiran.com\/sv\/donera\/gava-efter-testamente\/","og_locale":"sv_SE","og_type":"article","og_title":"G\u00e5va efter testamente - Transform Iran","og_description":"Om du planerar att investera i mission i Iran kanske du inte har t\u00e4nkt p\u00e5 att ge ett arv och den kraftfulla v\u00e4lsignelse det kan vara. En &#8221; idag&#8221;-g\u00e5va v\u00e4lsignar oss omedelbart. Oavsett om det handlar om kontanter, aktier, fastigheter eller andra v\u00e4rdepapper kan frukten vara omedelbart synlig. Men en arvsg\u00e5va \u00e4r en framtida g\u00e5va [&hellip;]","og_url":"https:\/\/transformiran.com\/sv\/donera\/gava-efter-testamente\/","og_site_name":"Transform Iran","article_publisher":"https:\/\/www.facebook.com\/222MinistriesUSAInc","article_modified_time":"2025-04-02T10:05:13+00:00","twitter_card":"summary_large_image","twitter_site":"@222minint","twitter_misc":{"Est. reading time":"4 minutes"},"schema":{"@context":"https:\/\/schema.org","@graph":[{"@type":"WebPage","@id":"https:\/\/transformiran.com\/sv\/donera\/gava-efter-testamente\/","url":"https:\/\/transformiran.com\/sv\/donera\/gava-efter-testamente\/","name":"G\u00e5va efter testamente - Transform Iran","isPartOf":{"@id":"https:\/\/transformiran.com\/sv\/#website"},"datePublished":"2022-11-04T11:16:59+00:00","dateModified":"2025-04-02T10:05:13+00:00","breadcrumb":{"@id":"https:\/\/transformiran.com\/sv\/donera\/gava-efter-testamente\/#breadcrumb"},"inLanguage":"sv-SE","potentialAction":[{"@type":"ReadAction","target":["https:\/\/transformiran.com\/sv\/donera\/gava-efter-testamente\/"]}]},{"@type":"BreadcrumbList","@id":"https:\/\/transformiran.com\/sv\/donera\/gava-efter-testamente\/#breadcrumb","itemListElement":[{"@type":"ListItem","position":1,"name":"Home","item":"https:\/\/transformiran.com\/sv\/home\/"},{"@type":"ListItem","position":2,"name":"Donera","item":"https:\/\/transformiran.com\/sv\/donate\/"},{"@type":"ListItem","position":3,"name":"G\u00e5va efter testamente"}]},{"@type":"WebSite","@id":"https:\/\/transformiran.com\/sv\/#website","url":"https:\/\/transformiran.com\/sv\/","name":"Transform Iran","description":"Bringing the love and power of Christ to Iran - and beyond","publisher":{"@id":"https:\/\/transformiran.com\/sv\/#organization"},"potentialAction":[{"@type":"SearchAction","target":{"@type":"EntryPoint","urlTemplate":"https:\/\/transformiran.com\/sv\/?s={search_term_string}"},"query-input":{"@type":"PropertyValueSpecification","valueRequired":true,"valueName":"search_term_string"}}],"inLanguage":"sv-SE"},{"@type":"Organization","@id":"https:\/\/transformiran.com\/sv\/#organization","name":"Transform Iran","url":"https:\/\/transformiran.com\/sv\/","logo":{"@type":"ImageObject","inLanguage":"sv-SE","@id":"https:\/\/transformiran.com\/sv\/#\/schema\/logo\/image\/","url":"https:\/\/transformiran.com\/app\/uploads\/2022\/11\/logo_grey.jpg","contentUrl":"https:\/\/transformiran.com\/app\/uploads\/2022\/11\/logo_grey.jpg","width":528,"height":90,"caption":"Transform Iran"},"image":{"@id":"https:\/\/transformiran.com\/sv\/#\/schema\/logo\/image\/"},"sameAs":["https:\/\/www.facebook.com\/222MinistriesUSAInc","https:\/\/x.com\/222minint","https:\/\/www.instagram.com\/222ministriesinternational\/"]}]}},"campaignId":"","_links":{"self":[{"href":"https:\/\/transformiran.com\/sv\/wp-json\/wp\/v2\/pages\/13002","targetHints":{"allow":["GET"]}}],"collection":[{"href":"https:\/\/transformiran.com\/sv\/wp-json\/wp\/v2\/pages"}],"about":[{"href":"https:\/\/transformiran.com\/sv\/wp-json\/wp\/v2\/types\/page"}],"author":[{"embeddable":true,"href":"https:\/\/transformiran.com\/sv\/wp-json\/wp\/v2\/users\/1"}],"replies":[{"embeddable":true,"href":"https:\/\/transformiran.com\/sv\/wp-json\/wp\/v2\/comments?post=13002"}],"version-history":[{"count":0,"href":"https:\/\/transformiran.com\/sv\/wp-json\/wp\/v2\/pages\/13002\/revisions"}],"up":[{"embeddable":true,"href":"https:\/\/transformiran.com\/sv\/wp-json\/wp\/v2\/pages\/13026"}],"wp:attachment":[{"href":"https:\/\/transformiran.com\/sv\/wp-json\/wp\/v2\/media?parent=13002"}],"curies":[{"name":"wp","href":"https:\/\/api.w.org\/{rel}","templated":true}]}}