{"id":13022,"date":"2022-11-03T12:18:06","date_gmt":"2022-11-03T12:18:06","guid":{"rendered":"https:\/\/transformiran.com\/church-planting\/"},"modified":"2025-04-02T10:56:52","modified_gmt":"2025-04-02T09:56:52","slug":"church-planting","status":"publish","type":"page","link":"https:\/\/transformiran.com\/sv\/vart-arbete\/church-planting\/","title":{"rendered":"Church Planting"},"content":{"rendered":"\n<p>&#8220;Jag skall bygga min f\u00f6rsamling, och Hades portar skall inte \u00f6vervinna den.&#8221; Matteus 16:18<\/p>\n\n<p><\/p>\n\n<h2 class=\"wp-block-heading has-text-color has-link-color wp-elements-35bd1c482bd95bea1c76e8c6bb7e524e\" style=\"color:#b38e44\">Tro och kyrklig tillv\u00e4xt i Iran<\/h2>\n\n<p>I grunden \u00e4r Transform Iran en f\u00f6rsamlingsplanteringsorganisation. Kyrkan \u00e4r Kristi brud och en vacker \u00e5terspegling av Kristi \u00e4ra, k\u00e4rlek och kraft f\u00f6r en v\u00e4rld i behov av en Fr\u00e4lsare. Transform Iran kyrkor (k\u00e4nda som &#8220;222-kyrkor&#8221;) byggs p\u00e5 principerna i 2 Timoteus 2:2, d\u00e4r l\u00e4rjungaskap \u00e4r k\u00e4rnan och fruktbara, andefyllda, smorda ledare utvecklas. Ledare som verkligen kommer att \u00e4lska de f\u00f6rlorade och aktivera Kristi kropp i ett nationsf\u00f6rvandlande uppdrag.   <\/p>\n\n<p><mark style=\"background-color:rgba(0, 0, 0, 0);color:#b38e44\" class=\"has-inline-color\">Visionen \u00e4r att plantera, v\u00e5rda och utveckla blomstrande, reproducerande f\u00f6rsamlingar i varje stad i Iran, p\u00e5 de spr\u00e5k som alla folkgrupper i Iran talar i hj\u00e4rtat. P\u00e5 s\u00e5 s\u00e4tt blir evangeliets budskap tydligt f\u00f6rst\u00e5tt och mottaget av alla iranier, och de heligas gemenskap \u00e4r tillg\u00e4nglig f\u00f6r alla.  <\/mark><\/p>\n\n<p><\/p>\n\n<h2 class=\"wp-block-heading has-text-color has-link-color wp-elements-8563647bb0de54b68da8144a03b4868d\" style=\"color:#b38e44\">Iranska kyrkan rustad f\u00f6r mission<\/h2>\n\n<p>Transform Iran planterar f\u00f6rsamlingar som \u00e4r rotade i Guds ord, st\u00e4rkta, utrustade och aktivt engagerade i mission som f\u00f6rvandlar nationen.  <\/p>\n\n<p><mark style=\"background-color:rgba(0, 0, 0, 0);color:#b38e44\" class=\"has-inline-color\">V\u00e5r familj av &#8220;222 kyrkor&#8221; str\u00e4cker sig \u00f6ver 18 l\u00e4nder, inklusive hundratals kyrkor i mer \u00e4n 50 st\u00e4der i Iran.  <\/mark><\/p>\n\n<p>Kyrkor i diasporan \u00e4r aktivt engagerade i uppdraget att n\u00e5 Iran, genom att volont\u00e4rarbeta och arbeta f\u00f6r de olika projekt och initiativ som drivs av Transform Iran.  <\/p>\n\n<p>Kyrkorna i Iran \u00e4r ocks\u00e5 aktivt engagerade i mission, trots de risker de uts\u00e4tts f\u00f6r.  <mark style=\"background-color:rgba(0, 0, 0, 0);color:#b38e44\" class=\"has-inline-color\">Hj\u00e4rtat f\u00f6r de f\u00f6rlorade v\u00e4ger tyngre \u00e4n r\u00e4dslan f\u00f6r fara.  <\/mark><\/p>\n\n<p><\/p>\n\n<p><a href=\"https:\/\/transformiran.com\/sv\/vart-arbete\/digital-kyrka\/\">L\u00e4s om v\u00e5r digitala kyrka som varje m\u00e5nad ansluter 20 000+ iranier till en trygg kristen gemenskap<\/a><\/p>\n\n<p><\/p>\n\n<figure class=\"wp-block-gallery has-nested-images columns-default is-cropped wp-block-gallery-1 is-layout-flex wp-block-gallery-is-layout-flex\">\n<figure class=\"wp-block-image size-full\"><img decoding=\"async\" width=\"3000\" height=\"2562\" data-id=\"25950\" src=\"https:\/\/transformiran.com\/app\/uploads\/2024\/09\/LeadDev09_19-26-scaled.jpeg\" alt=\"\" class=\"wp-image-25950\" srcset=\"https:\/\/transformiran.com\/app\/uploads\/2024\/09\/LeadDev09_19-26-scaled.jpeg 3000w, https:\/\/transformiran.com\/app\/uploads\/2024\/09\/LeadDev09_19-26-300x256.jpeg 300w, https:\/\/transformiran.com\/app\/uploads\/2024\/09\/LeadDev09_19-26-1024x875.jpeg 1024w, https:\/\/transformiran.com\/app\/uploads\/2024\/09\/LeadDev09_19-26-768x656.jpeg 768w, https:\/\/transformiran.com\/app\/uploads\/2024\/09\/LeadDev09_19-26-1536x1312.jpeg 1536w, https:\/\/transformiran.com\/app\/uploads\/2024\/09\/LeadDev09_19-26-2048x1749.jpeg 2048w\" sizes=\"(max-width: 3000px) 100vw, 3000px\" \/><\/figure>\n\n\n\n<figure class=\"wp-block-image size-full\"><img decoding=\"async\" width=\"1024\" height=\"576\" data-id=\"25943\" src=\"https:\/\/transformiran.com\/app\/uploads\/2024\/09\/OCJ-2023_Armenia_a.jpg\" alt=\"\" class=\"wp-image-25943\" srcset=\"https:\/\/transformiran.com\/app\/uploads\/2024\/09\/OCJ-2023_Armenia_a.jpg 1024w, https:\/\/transformiran.com\/app\/uploads\/2024\/09\/OCJ-2023_Armenia_a-300x169.jpg 300w, https:\/\/transformiran.com\/app\/uploads\/2024\/09\/OCJ-2023_Armenia_a-768x432.jpg 768w\" sizes=\"(max-width: 1024px) 100vw, 1024px\" \/><\/figure>\n<\/figure>\n\n<p><\/p>\n\n<h2 class=\"wp-block-heading has-text-color has-link-color wp-elements-324edc1c745e60e2d063bb3e5bdd52fc\" style=\"color:#b38e44\">\u00d6vernaturliga m\u00f6ten och organisk kyrklig tillv\u00e4xt<\/h2>\n\n<p>Guds Ande \u00e4r verksam i Iran idag och kyrkan \u00e4r aktiv och v\u00e4xer snabbare \u00e4n n\u00e5gonsin tidigare &#8211; vissa s\u00e4ger snabbare \u00e4n n\u00e5gon annanstans i v\u00e4rlden.  <\/p>\n\n<p><\/p>\n\n<p>Efter att ha levt under statligt f\u00f6rtryck och en islamisk teokrati i \u00e5rtionden \u00e4r iranierna desperat hungriga efter sanningen och de s\u00f6ker aktivt efter den; de s\u00f6ker efter det budskap som deras regering \u00e4r s\u00e5 fast besluten att undertrycka. Det \u00e4r olagligt f\u00f6r iranier att l\u00e4mna islam, men Jesus bryter igenom alla barri\u00e4rer och n\u00e5r muslimer direkt genom dr\u00f6mmar och \u00f6vernaturliga m\u00f6ten. Han befriar dem fr\u00e5n beroenden, botar sjukdomar och \u00e5terst\u00e4ller relationer. Familj och v\u00e4nner ser ett f\u00f6rvandlat liv och vill veta mer. I takt med att fler l\u00e4ggs till kroppen planteras husf\u00f6rsamlingar organiskt.    <\/p>\n\n<p><\/p>\n\n<p>F\u00f6re den islamiska revolutionen 1979 r\u00e4knades de troende med muslimsk bakgrund bara till ett hundratal, och nu finns det \u00f6ver en MILJON!<\/p>\n\n<p><\/p>\n\n<figure class=\"wp-block-embed is-type-video is-provider-youtube wp-block-embed-youtube wp-embed-aspect-16-9 wp-has-aspect-ratio\"><div class=\"wp-block-embed__wrapper\">\n<iframe title=\"The Church in Iran: A Light In The Darkness (2-Minute Reel)\" width=\"500\" height=\"281\" src=\"https:\/\/www.youtube.com\/embed\/l_atkc85C2s?feature=oembed\" frameborder=\"0\" allow=\"accelerometer; autoplay; clipboard-write; encrypted-media; gyroscope; picture-in-picture; web-share\" referrerpolicy=\"strict-origin-when-cross-origin\" allowfullscreen><\/iframe>\n<\/div><figcaption class=\"wp-element-caption\">Det \u00e4r olagligt f\u00f6r iranier att l\u00e4mna islam, och \u00e4nd\u00e5 v\u00e4xer kyrkan i Iran snabbare \u00e4n n\u00e5gon annanstans i v\u00e4rlden.<\/figcaption><\/figure>\n\n<div class=\"wp-block-buttons is-layout-flex wp-block-buttons-is-layout-flex\">\n<div class=\"wp-block-button\"><a class=\"wp-block-button__link has-white-color has-vivid-red-background-color has-text-color has-background has-link-color wp-element-button\" href=\"https:\/\/transformiran.com\/sv\/anmalan-till-nyhetsbrev\/\"><strong>L\u00e5t din tro v\u00e4xa: F\u00e5 m\u00e5natliga vittnesm\u00e5l fr\u00e5n den f\u00f6rf\u00f6ljda kyrkan i Iran<\/strong><\/a><\/div>\n<\/div>\n\n<p><\/p>\n\n<h2 class=\"wp-block-heading has-text-color has-link-color wp-elements-e6e9ae74dab7e70cba0b10ac7b0dfbbe\" style=\"color:#b38e44\">Resurser till den iranska husf\u00f6rsamlingsr\u00f6relsen<\/h2>\n\n<p>Transform Iran tillhandah\u00e5ller ett komplett utbud av <a href=\"https:\/\/transformiran.com\/sv\/vart-arbete\/media\/\">media<\/a> som presenterar evangeliet f\u00f6r s\u00f6kare och inbjuder till personlig kontakt med v\u00e5rt dedikerade uppf\u00f6ljningsteam. Utbildade r\u00e5dgivare ber f\u00f6r dem som \u00e4r i n\u00f6d, leder s\u00f6kare till Kristus och erbjuder 1: <a href=\"https:\/\/transformiran.com\/sv\/vart-arbete\/discipleship\/\">1-l\u00e4rjungaskap<\/a>.   <\/p>\n\n<p><\/p>\n\n<p>Under denna l\u00e4rjungaskapsresa kommer \u00e4mnen som evangelisation, apologetik och f\u00f6rsamlingsplantering att tas upp &#8211; eftersom det ofta \u00e4r s\u00e5 att den person som f\u00e5r sin l\u00e4rdom oavsiktligt blir en f\u00f6rsamlingsplanterare genom denna process.<\/p>\n\n<p><\/p>\n\n<blockquote class=\"wp-block-quote is-layout-flow wp-block-quote-is-layout-flow\">\n<p>Det h\u00e4nder ofta att r\u00e5dgivaren sitter i telefon och personen s\u00e4ger: &#8220;Jag har ber\u00e4ttat f\u00f6r alla mina v\u00e4nner och min familj vad du har sagt till mig, och nu hoppas jag att du inte har n\u00e5got emot det, jag har satt p\u00e5 h\u00f6gtalartelefonen och vi \u00e4r 30 personer i rummet och vi vill alla veta. Det \u00e4r s\u00e5 h\u00e4r n\u00e5gon som blev troende f\u00f6r bara fyra eller fem m\u00e5nader sedan oavsiktligt planterar en ny husf\u00f6rsamling. <\/p>\n<\/blockquote>\n\n<p><br\/>N\u00e4r relationen utvecklas b\u00f6rjar vi ge dem r\u00e5d om hur de kan ta hand om den h\u00e4r &#8220;husf\u00f6rsamlingen&#8221;. De flesta kyrkor i Iran grundas p\u00e5 det h\u00e4r s\u00e4ttet. Riktiga m\u00e4nniskor som lever autentiska liv lyser starkt f\u00f6r Jesus och det smittar av sig och sprider sig och nya kyrkor planteras.  <\/p>\n\n<p><\/p>\n\n<figure class=\"wp-block-embed is-type-video is-provider-youtube wp-block-embed-youtube wp-embed-aspect-16-9 wp-has-aspect-ratio\"><div class=\"wp-block-embed__wrapper\">\n<iframe title=\"Jesus Makes Himself Known to Muslims (90-Second Reel)\" width=\"500\" height=\"281\" src=\"https:\/\/www.youtube.com\/embed\/6ppYVjwmtwA?feature=oembed\" frameborder=\"0\" allow=\"accelerometer; autoplay; clipboard-write; encrypted-media; gyroscope; picture-in-picture; web-share\" referrerpolicy=\"strict-origin-when-cross-origin\" allowfullscreen><\/iframe>\n<\/div><figcaption class=\"wp-element-caption\">De flesta vittnesm\u00e5l om muslimska konvertiter till kristendomen beror p\u00e5 att m\u00e4nniskor har haft ett \u00f6vernaturligt m\u00f6te med Jesus.<\/figcaption><\/figure>\n\n<h2 class=\"wp-block-heading has-text-color has-link-color wp-elements-2e13f5fb93a8b149b8e2e19ef2f69be3\" style=\"color:#b38e44\">Irans f\u00f6rf\u00f6ljda kyrka: Ett ljus som skiner i m\u00f6rkret<\/h2>\n\n<p><\/p>\n\n<p>&#8220;Ljuset skiner i m\u00f6rkret, och m\u00f6rkret har inte \u00f6vervunnit det.&#8221; Johannes 1:5 <\/p>\n\n<p><\/p>\n\n<p>Iran \u00e4r t\u00e4ckt av ett tjockt m\u00f6rker av f\u00f6rf\u00f6ljelse, f\u00f6rtryck, propaganda och religi\u00f6s kontroll. S\u00e5 n\u00e4r Jesu ljus skiner \u00e4r det s\u00e4rskilt starkt. D\u00e4r det r\u00e5der oro och hoppl\u00f6shet har de kristna en frid som \u00f6vertr\u00e4ffar allt f\u00f6rst\u00e5nd; d\u00e4r det r\u00e5der f\u00f6rtvivlan har de kristna gl\u00e4dje. N\u00e4r samh\u00e4llen bevittnar liv som f\u00f6r\u00e4ndrats p\u00e5 ett \u00f6vernaturligt och autentiskt s\u00e4tt av Jesus, kan de inte l\u00e5ta bli att fr\u00e5ga hur det gick till.   <\/p>\n\n<p><\/p>\n\n<p>Straffen f\u00f6r att l\u00e4mna islam \u00e4r h\u00e5rda. S\u00e5 iranska kristna riskerar allt f\u00f6r att f\u00f6lja Jesus och deras tro pr\u00f6vas bortom allt vi kan f\u00f6rst\u00e5 i v\u00e4stv\u00e4rlden. Deras relation med Jesus blir verkligen dyrbar och ov\u00e4rderlig, v\u00e4rd att d\u00f6 f\u00f6r. Det finns inga ljumma kristna i Iran.   <\/p>\n\n<p><\/p>\n\n<p><a href=\"https:\/\/transformiran.com\/sv\/vart-arbete\/digital-kyrka\/\">L\u00e4s om v\u00e5r digitala kyrka som varje m\u00e5nad ansluter 20 000+ iranier till en trygg kristen gemenskap<\/a><\/p>\n\n<p><\/p>\n\n<h2 class=\"wp-block-heading has-text-color has-link-color wp-elements-eccc2e3bf43fbf72b9967b9e11a3d6c9\" style=\"color:#b38e44\">Kyrkan p\u00e5 uppdrag: Muslimsk pr\u00e4st v\u00e4nder sig till Kristus<\/h2>\n\n<blockquote class=\"wp-block-quote is-layout-flow wp-block-quote-is-layout-flow\">\n<p>Jag var en mullah som gav religionslektioner. F\u00f6r tv\u00e5 \u00e5r sedan fick jag veta att jag hade br\u00f6stcancer, jag fick kontakt med en av pastorerna som presenterade mig f\u00f6r Jesus och trots min sjukdom t\u00e4ndes en strimma av hopp i mitt hj\u00e4rta om att jag skulle bli helad. Under min behandling hj\u00e4lpte kyrkan mig mycket med undervisning, b\u00f6ner och \u00e4ven med k\u00e4nslom\u00e4ssig och ekonomisk hj\u00e4lp.  <\/p>\n\n\n\n<p>I dag \u00e4r jag helt helad och med hj\u00e4lp av f\u00f6rsamlingen l\u00e4ser jag en universitetskurs f\u00f6r att bli l\u00e4rare och introducera Jesus f\u00f6r den yngre generationen.  <\/p>\n\n\n\n<p>Under de senaste tv\u00e5 \u00e5ren som jag har k\u00e4nt Gud har jag insett att han \u00e4r min f\u00f6rs\u00f6rjare och en stor och k\u00e4rleksfull Gud, jag har k\u00e4nt hans n\u00e4rvaro varje dag i mitt liv, \u00e4ven om jag var en muslimsk pr\u00e4st hade jag aldrig den h\u00e4r k\u00e4nslan av Guds n\u00e4rvaro som jag har nu. Min Herre Jesus Kristus v\u00e4gleder och undervisar mig och gav mig ett nytt liv, och nu \u00e4r jag mycket glad \u00f6ver att ha honom i mitt liv, jag k\u00e4nner hans n\u00e4rvaro varje dag och \u00f6verallt och jag \u00e4r s\u00e5 glad att han valde mig f\u00f6r att l\u00e4ra k\u00e4nna den sanna Guden.<\/p>\n<\/blockquote>\n\n<div class=\"wp-block-buttons is-layout-flex wp-block-buttons-is-layout-flex\">\n<div class=\"wp-block-button\"><a class=\"wp-block-button__link has-white-color has-vivid-red-background-color has-text-color has-background has-link-color has-text-align-center wp-element-button\" href=\"https:\/\/transformiran.com\/sv\/anmalan-till-nyhetsbrev\/\"><strong>L\u00e5t din tro v\u00e4xa: F\u00e5 m\u00e5natliga vittnesm\u00e5l fr\u00e5n den f\u00f6rf\u00f6ljda kyrkan i Iran<\/strong><\/a><\/div>\n<\/div>\n\n<p><\/p>\n\n<p><\/p>\n","protected":false},"excerpt":{"rendered":"<p>&#8220;Jag skall bygga min f\u00f6rsamling, och Hades portar skall inte \u00f6vervinna den.&#8221; Matteus 16:18 Tro och kyrklig tillv\u00e4xt i Iran I grunden \u00e4r Transform Iran en f\u00f6rsamlingsplanteringsorganisation. Kyrkan \u00e4r Kristi brud och en vacker \u00e5terspegling av Kristi \u00e4ra, k\u00e4rlek och kraft f\u00f6r en v\u00e4rld i behov av en Fr\u00e4lsare. Transform Iran kyrkor (k\u00e4nda som &#8220;222-kyrkor&#8221;) [&hellip;]<\/p>\n","protected":false},"author":1,"featured_media":0,"parent":13029,"menu_order":0,"comment_status":"closed","ping_status":"closed","template":"page-work.php","meta":{"_acf_changed":false,"give_campaign_id":0,"om_disable_all_campaigns":false,"_mi_skip_tracking":false,"footnotes":""},"class_list":["post-13022","page","type-page","status-publish","hentry"],"acf":[],"yoast_head":"<!-- This site is optimized with the Yoast SEO plugin v27.2 - https:\/\/yoast.com\/product\/yoast-seo-wordpress\/ -->\n<title>Church Planting - Transform Iran<\/title>\n<meta name=\"robots\" content=\"index, follow, max-snippet:-1, max-image-preview:large, max-video-preview:-1\" \/>\n<link rel=\"canonical\" href=\"https:\/\/transformiran.com\/sv\/vart-arbete\/church-planting\/\" \/>\n<meta property=\"og:locale\" content=\"sv_SE\" \/>\n<meta property=\"og:type\" content=\"article\" \/>\n<meta property=\"og:title\" content=\"Church Planting - Transform Iran\" \/>\n<meta property=\"og:description\" content=\"&#8220;Jag skall bygga min f\u00f6rsamling, och Hades portar skall inte \u00f6vervinna den.&#8221; Matteus 16:18 Tro och kyrklig tillv\u00e4xt i Iran I grunden \u00e4r Transform Iran en f\u00f6rsamlingsplanteringsorganisation. Kyrkan \u00e4r Kristi brud och en vacker \u00e5terspegling av Kristi \u00e4ra, k\u00e4rlek och kraft f\u00f6r en v\u00e4rld i behov av en Fr\u00e4lsare. Transform Iran kyrkor (k\u00e4nda som &#8220;222-kyrkor&#8221;) [&hellip;]\" \/>\n<meta property=\"og:url\" content=\"https:\/\/transformiran.com\/sv\/vart-arbete\/church-planting\/\" \/>\n<meta property=\"og:site_name\" content=\"Transform Iran\" \/>\n<meta property=\"article:publisher\" content=\"https:\/\/www.facebook.com\/222MinistriesUSAInc\" \/>\n<meta property=\"article:modified_time\" content=\"2025-04-02T09:56:52+00:00\" \/>\n<meta property=\"og:image\" content=\"https:\/\/transformiran.com\/app\/uploads\/2024\/09\/LeadDev09_19-26-scaled.jpeg\" \/>\n\t<meta property=\"og:image:width\" content=\"3000\" \/>\n\t<meta property=\"og:image:height\" content=\"2562\" \/>\n\t<meta property=\"og:image:type\" content=\"image\/jpeg\" \/>\n<meta name=\"twitter:card\" content=\"summary_large_image\" \/>\n<meta name=\"twitter:site\" content=\"@222minint\" \/>\n<meta name=\"twitter:label1\" content=\"Est. reading time\" \/>\n\t<meta name=\"twitter:data1\" content=\"6 minutes\" \/>\n<script type=\"application\/ld+json\" class=\"yoast-schema-graph\">{\"@context\":\"https:\/\/schema.org\",\"@graph\":[{\"@type\":\"WebPage\",\"@id\":\"https:\/\/transformiran.com\/sv\/vart-arbete\/church-planting\/\",\"url\":\"https:\/\/transformiran.com\/sv\/vart-arbete\/church-planting\/\",\"name\":\"Church Planting - Transform Iran\",\"isPartOf\":{\"@id\":\"https:\/\/transformiran.com\/sv\/#website\"},\"primaryImageOfPage\":{\"@id\":\"https:\/\/transformiran.com\/sv\/vart-arbete\/church-planting\/#primaryimage\"},\"image\":{\"@id\":\"https:\/\/transformiran.com\/sv\/vart-arbete\/church-planting\/#primaryimage\"},\"thumbnailUrl\":\"https:\/\/transformiran.com\/app\/uploads\/2024\/09\/LeadDev09_19-26-scaled.jpeg\",\"datePublished\":\"2022-11-03T12:18:06+00:00\",\"dateModified\":\"2025-04-02T09:56:52+00:00\",\"breadcrumb\":{\"@id\":\"https:\/\/transformiran.com\/sv\/vart-arbete\/church-planting\/#breadcrumb\"},\"inLanguage\":\"sv-SE\",\"potentialAction\":[{\"@type\":\"ReadAction\",\"target\":[\"https:\/\/transformiran.com\/sv\/vart-arbete\/church-planting\/\"]}]},{\"@type\":\"ImageObject\",\"inLanguage\":\"sv-SE\",\"@id\":\"https:\/\/transformiran.com\/sv\/vart-arbete\/church-planting\/#primaryimage\",\"url\":\"https:\/\/transformiran.com\/app\/uploads\/2024\/09\/LeadDev09_19-26-scaled.jpeg\",\"contentUrl\":\"https:\/\/transformiran.com\/app\/uploads\/2024\/09\/LeadDev09_19-26-scaled.jpeg\"},{\"@type\":\"BreadcrumbList\",\"@id\":\"https:\/\/transformiran.com\/sv\/vart-arbete\/church-planting\/#breadcrumb\",\"itemListElement\":[{\"@type\":\"ListItem\",\"position\":1,\"name\":\"Home\",\"item\":\"https:\/\/transformiran.com\/sv\/home\/\"},{\"@type\":\"ListItem\",\"position\":2,\"name\":\"Our work\",\"item\":\"https:\/\/transformiran.com\/sv\/vart-arbete\/\"},{\"@type\":\"ListItem\",\"position\":3,\"name\":\"Church Planting\"}]},{\"@type\":\"WebSite\",\"@id\":\"https:\/\/transformiran.com\/sv\/#website\",\"url\":\"https:\/\/transformiran.com\/sv\/\",\"name\":\"Transform Iran\",\"description\":\"Bringing the love and power of Christ to Iran - and beyond\",\"publisher\":{\"@id\":\"https:\/\/transformiran.com\/sv\/#organization\"},\"potentialAction\":[{\"@type\":\"SearchAction\",\"target\":{\"@type\":\"EntryPoint\",\"urlTemplate\":\"https:\/\/transformiran.com\/sv\/?s={search_term_string}\"},\"query-input\":{\"@type\":\"PropertyValueSpecification\",\"valueRequired\":true,\"valueName\":\"search_term_string\"}}],\"inLanguage\":\"sv-SE\"},{\"@type\":\"Organization\",\"@id\":\"https:\/\/transformiran.com\/sv\/#organization\",\"name\":\"Transform Iran\",\"url\":\"https:\/\/transformiran.com\/sv\/\",\"logo\":{\"@type\":\"ImageObject\",\"inLanguage\":\"sv-SE\",\"@id\":\"https:\/\/transformiran.com\/sv\/#\/schema\/logo\/image\/\",\"url\":\"https:\/\/transformiran.com\/app\/uploads\/2022\/11\/logo_grey.jpg\",\"contentUrl\":\"https:\/\/transformiran.com\/app\/uploads\/2022\/11\/logo_grey.jpg\",\"width\":528,\"height\":90,\"caption\":\"Transform Iran\"},\"image\":{\"@id\":\"https:\/\/transformiran.com\/sv\/#\/schema\/logo\/image\/\"},\"sameAs\":[\"https:\/\/www.facebook.com\/222MinistriesUSAInc\",\"https:\/\/x.com\/222minint\",\"https:\/\/www.instagram.com\/222ministriesinternational\/\"]}]}<\/script>\n<!-- \/ Yoast SEO plugin. -->","yoast_head_json":{"title":"Church Planting - Transform Iran","robots":{"index":"index","follow":"follow","max-snippet":"max-snippet:-1","max-image-preview":"max-image-preview:large","max-video-preview":"max-video-preview:-1"},"canonical":"https:\/\/transformiran.com\/sv\/vart-arbete\/church-planting\/","og_locale":"sv_SE","og_type":"article","og_title":"Church Planting - Transform Iran","og_description":"&#8220;Jag skall bygga min f\u00f6rsamling, och Hades portar skall inte \u00f6vervinna den.&#8221; Matteus 16:18 Tro och kyrklig tillv\u00e4xt i Iran I grunden \u00e4r Transform Iran en f\u00f6rsamlingsplanteringsorganisation. Kyrkan \u00e4r Kristi brud och en vacker \u00e5terspegling av Kristi \u00e4ra, k\u00e4rlek och kraft f\u00f6r en v\u00e4rld i behov av en Fr\u00e4lsare. Transform Iran kyrkor (k\u00e4nda som &#8220;222-kyrkor&#8221;) [&hellip;]","og_url":"https:\/\/transformiran.com\/sv\/vart-arbete\/church-planting\/","og_site_name":"Transform Iran","article_publisher":"https:\/\/www.facebook.com\/222MinistriesUSAInc","article_modified_time":"2025-04-02T09:56:52+00:00","og_image":[{"width":3000,"height":2562,"url":"https:\/\/transformiran.com\/app\/uploads\/2024\/09\/LeadDev09_19-26-scaled.jpeg","type":"image\/jpeg"}],"twitter_card":"summary_large_image","twitter_site":"@222minint","twitter_misc":{"Est. reading time":"6 minutes"},"schema":{"@context":"https:\/\/schema.org","@graph":[{"@type":"WebPage","@id":"https:\/\/transformiran.com\/sv\/vart-arbete\/church-planting\/","url":"https:\/\/transformiran.com\/sv\/vart-arbete\/church-planting\/","name":"Church Planting - Transform Iran","isPartOf":{"@id":"https:\/\/transformiran.com\/sv\/#website"},"primaryImageOfPage":{"@id":"https:\/\/transformiran.com\/sv\/vart-arbete\/church-planting\/#primaryimage"},"image":{"@id":"https:\/\/transformiran.com\/sv\/vart-arbete\/church-planting\/#primaryimage"},"thumbnailUrl":"https:\/\/transformiran.com\/app\/uploads\/2024\/09\/LeadDev09_19-26-scaled.jpeg","datePublished":"2022-11-03T12:18:06+00:00","dateModified":"2025-04-02T09:56:52+00:00","breadcrumb":{"@id":"https:\/\/transformiran.com\/sv\/vart-arbete\/church-planting\/#breadcrumb"},"inLanguage":"sv-SE","potentialAction":[{"@type":"ReadAction","target":["https:\/\/transformiran.com\/sv\/vart-arbete\/church-planting\/"]}]},{"@type":"ImageObject","inLanguage":"sv-SE","@id":"https:\/\/transformiran.com\/sv\/vart-arbete\/church-planting\/#primaryimage","url":"https:\/\/transformiran.com\/app\/uploads\/2024\/09\/LeadDev09_19-26-scaled.jpeg","contentUrl":"https:\/\/transformiran.com\/app\/uploads\/2024\/09\/LeadDev09_19-26-scaled.jpeg"},{"@type":"BreadcrumbList","@id":"https:\/\/transformiran.com\/sv\/vart-arbete\/church-planting\/#breadcrumb","itemListElement":[{"@type":"ListItem","position":1,"name":"Home","item":"https:\/\/transformiran.com\/sv\/home\/"},{"@type":"ListItem","position":2,"name":"Our work","item":"https:\/\/transformiran.com\/sv\/vart-arbete\/"},{"@type":"ListItem","position":3,"name":"Church Planting"}]},{"@type":"WebSite","@id":"https:\/\/transformiran.com\/sv\/#website","url":"https:\/\/transformiran.com\/sv\/","name":"Transform Iran","description":"Bringing the love and power of Christ to Iran - and beyond","publisher":{"@id":"https:\/\/transformiran.com\/sv\/#organization"},"potentialAction":[{"@type":"SearchAction","target":{"@type":"EntryPoint","urlTemplate":"https:\/\/transformiran.com\/sv\/?s={search_term_string}"},"query-input":{"@type":"PropertyValueSpecification","valueRequired":true,"valueName":"search_term_string"}}],"inLanguage":"sv-SE"},{"@type":"Organization","@id":"https:\/\/transformiran.com\/sv\/#organization","name":"Transform Iran","url":"https:\/\/transformiran.com\/sv\/","logo":{"@type":"ImageObject","inLanguage":"sv-SE","@id":"https:\/\/transformiran.com\/sv\/#\/schema\/logo\/image\/","url":"https:\/\/transformiran.com\/app\/uploads\/2022\/11\/logo_grey.jpg","contentUrl":"https:\/\/transformiran.com\/app\/uploads\/2022\/11\/logo_grey.jpg","width":528,"height":90,"caption":"Transform Iran"},"image":{"@id":"https:\/\/transformiran.com\/sv\/#\/schema\/logo\/image\/"},"sameAs":["https:\/\/www.facebook.com\/222MinistriesUSAInc","https:\/\/x.com\/222minint","https:\/\/www.instagram.com\/222ministriesinternational\/"]}]}},"campaignId":"","_links":{"self":[{"href":"https:\/\/transformiran.com\/sv\/wp-json\/wp\/v2\/pages\/13022","targetHints":{"allow":["GET"]}}],"collection":[{"href":"https:\/\/transformiran.com\/sv\/wp-json\/wp\/v2\/pages"}],"about":[{"href":"https:\/\/transformiran.com\/sv\/wp-json\/wp\/v2\/types\/page"}],"author":[{"embeddable":true,"href":"https:\/\/transformiran.com\/sv\/wp-json\/wp\/v2\/users\/1"}],"replies":[{"embeddable":true,"href":"https:\/\/transformiran.com\/sv\/wp-json\/wp\/v2\/comments?post=13022"}],"version-history":[{"count":0,"href":"https:\/\/transformiran.com\/sv\/wp-json\/wp\/v2\/pages\/13022\/revisions"}],"up":[{"embeddable":true,"href":"https:\/\/transformiran.com\/sv\/wp-json\/wp\/v2\/pages\/13029"}],"wp:attachment":[{"href":"https:\/\/transformiran.com\/sv\/wp-json\/wp\/v2\/media?parent=13022"}],"curies":[{"name":"wp","href":"https:\/\/api.w.org\/{rel}","templated":true}]}}