{"id":13023,"date":"2022-11-03T12:16:01","date_gmt":"2022-11-03T12:16:01","guid":{"rendered":"https:\/\/transformiran.com\/evangelism\/"},"modified":"2025-12-08T21:40:39","modified_gmt":"2025-12-08T21:40:39","slug":"evangelism","status":"publish","type":"page","link":"https:\/\/transformiran.com\/sv\/vart-arbete\/evangelism\/","title":{"rendered":"Evangelisation"},"content":{"rendered":"\n<h2 class=\"wp-block-heading\"><mark style=\"background-color:rgba(0, 0, 0, 0);color:#b38e44\" class=\"has-inline-color\">Iraniernas \u00f6vernaturliga hunger efter evangeliet<\/mark><\/h2>\n\n<p>Det finns en \u00f6vernaturlig n\u00e5d p\u00e5 Iran &#8211; som aldrig f\u00f6rr. M\u00e4nniskorna \u00e4r hungriga efter sanningen och \u00f6ppna f\u00f6r evangeliet. Men evangeliet m\u00e5ste delas, f\u00f6r <strong><em>&#8220;hur ska de kunna tro p\u00e5 den som de inte har h\u00f6rt talas om?&#8221;<\/em><\/strong> Romarbrevet 10:14  <\/p>\n\n<p>Transform Iran predikar evangeliet f\u00f6r iranier genom ett brett spektrum av medier och personligen. V\u00e5rt utbildade uppf\u00f6ljningsteam \u00e4r redo att engagera sig 1:1 med s\u00f6kare.  <\/p>\n\n<p>Vi g\u00e5r i br\u00e4schen f\u00f6r initiativ som s\u00e4kerst\u00e4ller att varje folkgrupp i Iran, oavsett social st\u00e4llning, utbildning eller etnisk tillh\u00f6righet, f\u00e5r m\u00f6jlighet att h\u00f6ra evangeliet p\u00e5 sitt eget &#8220;hj\u00e4rtas&#8221; spr\u00e5k och f\u00f6rvandlas av Kristi k\u00e4rlek. Dessa initiativ omfattar <mark style=\"background-color:rgba(0, 0, 0, 0);color:#b38e44\" class=\"has-inline-color\">bibel\u00f6vers\u00e4ttning<\/mark> (se till att vi kommunicerar p\u00e5 ett spr\u00e5k som ber\u00f6r), <mark style=\"background-color:rgba(0, 0, 0, 0);color:#b38e44\" class=\"has-inline-color\">media<\/mark> (se till att evangeliet \u00e4r l\u00e4ttillg\u00e4ngligt genom en rad olika medier), <mark style=\"background-color:rgba(0, 0, 0, 0);color:#b38e44\" class=\"has-inline-color\">apologetik<\/mark> (svara p\u00e5 de fr\u00e5gor som iranierna st\u00e4ller) och mycket mer.<\/p>\n\n<p><\/p>\n\n<div class=\"wp-block-buttons is-content-justification-center is-layout-flex wp-container-core-buttons-is-layout-16018d1d wp-block-buttons-is-layout-flex\">\n<div class=\"wp-block-button\"><a class=\"wp-block-button__link has-white-color has-vivid-red-background-color has-text-color has-background has-link-color wp-element-button\" href=\"https:\/\/transformiran.com\/sv\/anmalan-till-nyhetsbrev\/\">Be f\u00f6r evangeliets spridning i Iran &#8211; f\u00e5 m\u00e5natliga e-postmeddelanden f\u00f6r att v\u00e4gleda dig<\/a><\/div>\n<\/div>\n\n<figure class=\"wp-block-image size-large\"><img decoding=\"async\" width=\"1024\" height=\"174\" src=\"https:\/\/transformiran.com\/app\/uploads\/2024\/08\/man-casting-net-landscape-lite-1024x174.jpeg\" alt=\"kasta fisken&#xE4;t\" class=\"wp-image-24918\" srcset=\"https:\/\/transformiran.com\/app\/uploads\/2024\/08\/man-casting-net-landscape-lite-1024x174.jpeg 1024w, https:\/\/transformiran.com\/app\/uploads\/2024\/08\/man-casting-net-landscape-lite-300x51.jpeg 300w, https:\/\/transformiran.com\/app\/uploads\/2024\/08\/man-casting-net-landscape-lite-768x131.jpeg 768w, https:\/\/transformiran.com\/app\/uploads\/2024\/08\/man-casting-net-landscape-lite.jpeg 1280w\" sizes=\"(max-width: 1024px) 100vw, 1024px\" \/><\/figure>\n\n<h2 class=\"wp-block-heading\"><mark style=\"background-color:rgba(0, 0, 0, 0);color:#b38e44\" class=\"has-inline-color\">Hur Transform Iran ser till att iranierna f\u00e5r tillg\u00e5ng till och f\u00f6rst\u00e5r evangeliets budskap<\/mark><\/h2>\n\n<h3 class=\"wp-block-heading\"><strong>Det kritiska behovet av bibel\u00f6vers\u00e4ttning i Iran<\/strong><\/h3>\n\n<p>Omkring 26 miljoner iranier har inte Guds ord p\u00e5 sitt eget &#8220;hj\u00e4rtas&#8221; spr\u00e5k. Transform Iran \u00e4r upptagen med att ta itu med denna bibelfattigdom s\u00e5 att evangelisationen till Irans etniska grupper kan bli mer effektiv och f\u00f6rsamlingar kan planteras som kommer att best\u00e5 och v\u00e4xa. L\u00e4s mer om <a data-type=\"page\" data-id=\"6304\" href=\"https:\/\/transformiran.com\/sv\/vart-arbete\/bible-translation\/\">bibel\u00f6vers\u00e4ttning<\/a>.  <\/p>\n\n<h3 class=\"wp-block-heading\"><strong>Anv\u00e4nda media f\u00f6r att n\u00e5 miljontals iranier med evangeliet<\/strong><\/h3>\n\n<p>Vi s\u00e4nder direkts\u00e4nda och f\u00f6rinspelade evangeliepresentationer via satellit-TV, radio och sociala medier. Miljontals m\u00e4nniskor har h\u00f6rt evangeliet genom v\u00e5ra <a data-type=\"page\" data-id=\"6302\" href=\"https:\/\/transformiran.com\/sv\/vart-arbete\/media\/\">medieverksamheter<\/a>.  <\/p>\n\n<h3 class=\"wp-block-heading\"><strong>Apologetik: Att besvara de fr\u00e5gor som iranierna st\u00e4ller<\/strong><\/h3>\n\n<p>&#8220;Porpasokh&#8221; betyder &#8220;fr\u00e5ga och svar&#8221; och det \u00e4r k\u00e4rnan i v\u00e5rt apologetiska center. Transform Irans Porpasokh-sajt drar tiotusentals bes\u00f6kare varje m\u00e5nad och engagerar sig direkt i fr\u00e5gor fr\u00e5n s\u00f6kare. Svaren publiceras p\u00e5 webbplatsen s\u00e5 att andra kan ta del av dem. Hittills har cirka 7.000 fr\u00e5gor besvarats p\u00e5 webbplatsen och m\u00e5nga har kommit till fr\u00e4lsning som ett resultat av detta. <a data-type=\"page\" data-id=\"6306\" href=\"https:\/\/transformiran.com\/sv\/vart-arbete\/apologetiskt-centrum\/\">L\u00e4s mer h\u00e4r<\/a>. F\u00f6r att kunna besvara enskilda fr\u00e5gor i stor skala och inleda en intelligent dialog med s\u00f6kare har vi utvecklat <g id=\"gid_1\">Kairos<\/g>. Kairos \u00e4r ett AI-baserat verktyg f\u00f6r l\u00e4rjungaskap och evangelisation som g\u00f6r det m\u00f6jligt f\u00f6r iranier att st\u00e4lla sina fr\u00e5gor om tro &#8220;n\u00e4r som helst, var som helst&#8221;, f\u00e5 interaktiva svar i realtid och samtidigt beh\u00e5lla sitt behov av anonymitet av r\u00e4dsla f\u00f6r en vaksam regering.  <\/p>\n\n<h3 class=\"wp-block-heading\"><strong>Att n\u00e5 offren f\u00f6r trauma, \u00f6vergrepp och missbruk<\/strong><\/h3>\n\n<p>F\u00f6r de miljontals m\u00e4nniskor i Iran som har att hantera tidigare och p\u00e5g\u00e5ende trauman, missbruk och beroende finns det en s\u00e4rskilt djup k\u00e4nsla av ov\u00e4rdighet och hoppl\u00f6shet. Transform Irans <a data-type=\"page\" data-id=\"6308\" href=\"https:\/\/transformiran.com\/sv\/vart-arbete\/persiens-parla\/\">Pearl of Persia<\/a> ministry arbetar specifikt med dessa m\u00e4nniskor i \u00e5tanke och skapar skr\u00e4ddarsydda evangeliseringar som talar om hopp, l\u00e4kning och identitet.  <\/p>\n\n<h3 class=\"wp-block-heading\"><strong>Personligt upps\u00f6kande arbete i Iran<\/strong><\/h3>\n\n<p>De troende i Iran brinner f\u00f6r att se andra k\u00e4nna Kristi livsf\u00f6rvandlande kraft i sina liv och aktivt dela med sig av den till andra. M\u00e5nga kommer till och med att resa fr\u00e5n plats till plats med det budskap om hopp som de b\u00e4r p\u00e5. Vi st\u00f6der p\u00e5 distans genom utbildning, tillhandah\u00e5llande av biblar och <a data-type=\"page\" data-id=\"6294\" href=\"https:\/\/transformiran.com\/sv\/vart-arbete\/discipleship\/\">l\u00e4rjungaskapsprogram<\/a> f\u00f6r dem som har kommit till tro.  <\/p>\n\n<p><\/p>\n\n<figure class=\"wp-block-embed is-type-video is-provider-youtube wp-block-embed-youtube wp-embed-aspect-16-9 wp-has-aspect-ratio\"><div class=\"wp-block-embed__wrapper\">\n<iframe title=\"The Risk of Sharing Your Faith in Iran (60-Second Reel)\" width=\"500\" height=\"281\" src=\"https:\/\/www.youtube.com\/embed\/C2pdLblzp2Q?feature=oembed\" frameborder=\"0\" allow=\"accelerometer; autoplay; clipboard-write; encrypted-media; gyroscope; picture-in-picture; web-share\" referrerpolicy=\"strict-origin-when-cross-origin\" allowfullscreen><\/iframe>\n<\/div><figcaption class=\"wp-element-caption\">\u00c4ven om det \u00e4r olagligt att dela med sig av den kristna tron i Iran leder \u00f6vernaturliga m\u00f6ten med Jesus till organisk kyrkov\u00e4xt.<\/figcaption><\/figure>\n\n<h3 class=\"wp-block-heading\"><strong>Personlig upps\u00f6kande verksamhet via Turkiet<\/strong><\/h3>\n\n<p>Transform Iran genomf\u00f6r varje \u00e5r riktade informationsevenemang i Turkiet, som \u00e4r det mest popul\u00e4ra turistm\u00e5let f\u00f6r iranier. Varje \u00e5r bes\u00f6ker mer \u00e4n 2 miljoner iranier Turkiet. Iranier reser ocks\u00e5 regelbundet till Turkiet i aff\u00e4rer och k\u00f6per tusentals fastigheter varje \u00e5r.   V\u00e5ra utbildade evangelister reser till omr\u00e5den som \u00e4r popul\u00e4ra bland iranier och delar med sig av evangeliet till dem. M\u00e5nga har blivit fr\u00e4lsta p\u00e5 detta s\u00e4tt och \u00e5terv\u00e4nt till Iran d\u00e4r de har planterat husf\u00f6rsamlingar. V\u00e5rt uppf\u00f6ljningsteam st\u00f6der sedan dessa f\u00f6rsamlingar p\u00e5 distans (se <a data-type=\"page\" data-id=\"6294\" href=\"https:\/\/transformiran.com\/sv\/vart-arbete\/discipleship\/\">L\u00e4rjungaskap<\/a>).<\/p>\n\n<p><\/p>\n\n<blockquote class=\"wp-block-quote is-layout-flow wp-block-quote-is-layout-flow\">\n<p>Jag var ute som en del av ett team som arbetade med upps\u00f6kande verksamhet i staden Istanbul. Vi letade efter iranska turister. Vi tr\u00e4ffade en familj och ber\u00e4ttade om de goda nyheterna f\u00f6r dem. Vi gav dem ocks\u00e5 g\u00e5vor som skulle ge dem fri tillg\u00e5ng till Bibeln och andra kristna resurser p\u00e5 n\u00e4tet.<\/p>\n\n\n\n<p><em>Pappan ber\u00e4ttade att han trodde p\u00e5 Jesus och ville bli kristen, men att han inte visste var han skulle b\u00f6rja eller vad han skulle g\u00f6ra.<\/em><\/p>\n\n\n\n<p>Det h\u00e4r var den sista dagen p\u00e5 deras resa till Istanbul &#8211; de skulle tillbaka till Iran samma eftermiddag. Hans fru blev ocks\u00e5 allt gladare n\u00e4r hon h\u00f6rde oss ber\u00e4tta. Hon var ivrig att ge sitt hj\u00e4rta till Jesus Kristus, vilket hon gjorde direkt d\u00e4r och hon blev en troende.<\/p>\n\n\n\n<p>Hennes man s\u00e5g hur hon \u00f6verl\u00e4mnade sitt liv till Jesus och han bek\u00e4nde ocks\u00e5 sin k\u00e4rlek till Jesus, \u00e5ngrade sin synd och gav sitt hj\u00e4rta till Jesus. De var s\u00e5 lyckliga p\u00e5 grund av detta \u00f6gonblick! De ville bjuda oss p\u00e5 glass f\u00f6r att fira!<\/p>\n\n\n\n<p>De \u00e4r nu tillbaka i Iran och jag har kontakt med hustrun och hj\u00e4lper henne att v\u00e4xa i sin tro.<\/p>\n<\/blockquote>\n\n<div class=\"wp-block-buttons is-content-justification-center is-layout-flex wp-container-core-buttons-is-layout-16018d1d wp-block-buttons-is-layout-flex\">\n<div class=\"wp-block-button\"><a class=\"wp-block-button__link has-white-color has-vivid-red-background-color has-text-color has-background has-link-color wp-element-button\" href=\"https:\/\/transformiran.com\/sv\/anmalan-till-nyhetsbrev\/\">Be f\u00f6r evangeliets spridning i Iran &#8211; f\u00e5 m\u00e5natliga e-postmeddelanden f\u00f6r att v\u00e4gleda dig<\/a><\/div>\n<\/div>\n\n<p><\/p>\n","protected":false},"excerpt":{"rendered":"<p>Iraniernas \u00f6vernaturliga hunger efter evangeliet Det finns en \u00f6vernaturlig n\u00e5d p\u00e5 Iran &#8211; som aldrig f\u00f6rr. M\u00e4nniskorna \u00e4r hungriga efter sanningen och \u00f6ppna f\u00f6r evangeliet. Men evangeliet m\u00e5ste delas, f\u00f6r &#8220;hur ska de kunna tro p\u00e5 den som de inte har h\u00f6rt talas om?&#8221; Romarbrevet 10:14 Transform Iran predikar evangeliet f\u00f6r iranier genom ett brett [&hellip;]<\/p>\n","protected":false},"author":1,"featured_media":0,"parent":13029,"menu_order":0,"comment_status":"closed","ping_status":"closed","template":"page-work.php","meta":{"_acf_changed":false,"give_campaign_id":0,"om_disable_all_campaigns":false,"_mi_skip_tracking":false,"footnotes":""},"class_list":["post-13023","page","type-page","status-publish","hentry"],"acf":[],"yoast_head":"<!-- This site is optimized with the Yoast SEO plugin v27.3 - https:\/\/yoast.com\/product\/yoast-seo-wordpress\/ -->\n<title>Evangelisation - Transform Iran<\/title>\n<meta name=\"robots\" content=\"index, follow, max-snippet:-1, max-image-preview:large, max-video-preview:-1\" \/>\n<link rel=\"canonical\" href=\"https:\/\/transformiran.com\/sv\/vart-arbete\/evangelism\/\" \/>\n<meta property=\"og:locale\" content=\"sv_SE\" \/>\n<meta property=\"og:type\" content=\"article\" \/>\n<meta property=\"og:title\" content=\"Evangelisation - Transform Iran\" \/>\n<meta property=\"og:description\" content=\"Iraniernas \u00f6vernaturliga hunger efter evangeliet Det finns en \u00f6vernaturlig n\u00e5d p\u00e5 Iran &#8211; som aldrig f\u00f6rr. M\u00e4nniskorna \u00e4r hungriga efter sanningen och \u00f6ppna f\u00f6r evangeliet. Men evangeliet m\u00e5ste delas, f\u00f6r &#8220;hur ska de kunna tro p\u00e5 den som de inte har h\u00f6rt talas om?&#8221; Romarbrevet 10:14 Transform Iran predikar evangeliet f\u00f6r iranier genom ett brett [&hellip;]\" \/>\n<meta property=\"og:url\" content=\"https:\/\/transformiran.com\/sv\/vart-arbete\/evangelism\/\" \/>\n<meta property=\"og:site_name\" content=\"Transform Iran\" \/>\n<meta property=\"article:publisher\" content=\"https:\/\/www.facebook.com\/222MinistriesUSAInc\" \/>\n<meta property=\"article:modified_time\" content=\"2025-12-08T21:40:39+00:00\" \/>\n<meta property=\"og:image\" content=\"https:\/\/transformiran.com\/app\/uploads\/2024\/08\/man-casting-net-landscape-lite.jpeg\" \/>\n\t<meta property=\"og:image:width\" content=\"1280\" \/>\n\t<meta property=\"og:image:height\" content=\"218\" \/>\n\t<meta property=\"og:image:type\" content=\"image\/jpeg\" \/>\n<meta name=\"twitter:card\" content=\"summary_large_image\" \/>\n<meta name=\"twitter:site\" content=\"@222minint\" \/>\n<meta name=\"twitter:label1\" content=\"Est. reading time\" \/>\n\t<meta name=\"twitter:data1\" content=\"5 minutes\" \/>\n<script type=\"application\/ld+json\" class=\"yoast-schema-graph\">{\"@context\":\"https:\\\/\\\/schema.org\",\"@graph\":[{\"@type\":\"WebPage\",\"@id\":\"https:\\\/\\\/transformiran.com\\\/sv\\\/vart-arbete\\\/evangelism\\\/\",\"url\":\"https:\\\/\\\/transformiran.com\\\/sv\\\/vart-arbete\\\/evangelism\\\/\",\"name\":\"Evangelisation - Transform Iran\",\"isPartOf\":{\"@id\":\"https:\\\/\\\/transformiran.com\\\/sv\\\/#website\"},\"primaryImageOfPage\":{\"@id\":\"https:\\\/\\\/transformiran.com\\\/sv\\\/vart-arbete\\\/evangelism\\\/#primaryimage\"},\"image\":{\"@id\":\"https:\\\/\\\/transformiran.com\\\/sv\\\/vart-arbete\\\/evangelism\\\/#primaryimage\"},\"thumbnailUrl\":\"https:\\\/\\\/transformiran.com\\\/app\\\/uploads\\\/2024\\\/08\\\/man-casting-net-landscape-lite-1024x174.jpeg\",\"datePublished\":\"2022-11-03T12:16:01+00:00\",\"dateModified\":\"2025-12-08T21:40:39+00:00\",\"breadcrumb\":{\"@id\":\"https:\\\/\\\/transformiran.com\\\/sv\\\/vart-arbete\\\/evangelism\\\/#breadcrumb\"},\"inLanguage\":\"sv-SE\",\"potentialAction\":[{\"@type\":\"ReadAction\",\"target\":[\"https:\\\/\\\/transformiran.com\\\/sv\\\/vart-arbete\\\/evangelism\\\/\"]}]},{\"@type\":\"ImageObject\",\"inLanguage\":\"sv-SE\",\"@id\":\"https:\\\/\\\/transformiran.com\\\/sv\\\/vart-arbete\\\/evangelism\\\/#primaryimage\",\"url\":\"https:\\\/\\\/transformiran.com\\\/app\\\/uploads\\\/2024\\\/08\\\/man-casting-net-landscape-lite-1024x174.jpeg\",\"contentUrl\":\"https:\\\/\\\/transformiran.com\\\/app\\\/uploads\\\/2024\\\/08\\\/man-casting-net-landscape-lite-1024x174.jpeg\"},{\"@type\":\"BreadcrumbList\",\"@id\":\"https:\\\/\\\/transformiran.com\\\/sv\\\/vart-arbete\\\/evangelism\\\/#breadcrumb\",\"itemListElement\":[{\"@type\":\"ListItem\",\"position\":1,\"name\":\"Home\",\"item\":\"https:\\\/\\\/transformiran.com\\\/sv\\\/home\\\/\"},{\"@type\":\"ListItem\",\"position\":2,\"name\":\"Our work\",\"item\":\"https:\\\/\\\/transformiran.com\\\/sv\\\/vart-arbete\\\/\"},{\"@type\":\"ListItem\",\"position\":3,\"name\":\"Evangelisation\"}]},{\"@type\":\"WebSite\",\"@id\":\"https:\\\/\\\/transformiran.com\\\/sv\\\/#website\",\"url\":\"https:\\\/\\\/transformiran.com\\\/sv\\\/\",\"name\":\"Transform Iran\",\"description\":\"Bringing the love and power of Christ to Iran - and beyond\",\"publisher\":{\"@id\":\"https:\\\/\\\/transformiran.com\\\/sv\\\/#organization\"},\"potentialAction\":[{\"@type\":\"SearchAction\",\"target\":{\"@type\":\"EntryPoint\",\"urlTemplate\":\"https:\\\/\\\/transformiran.com\\\/sv\\\/?s={search_term_string}\"},\"query-input\":{\"@type\":\"PropertyValueSpecification\",\"valueRequired\":true,\"valueName\":\"search_term_string\"}}],\"inLanguage\":\"sv-SE\"},{\"@type\":\"Organization\",\"@id\":\"https:\\\/\\\/transformiran.com\\\/sv\\\/#organization\",\"name\":\"Transform Iran\",\"url\":\"https:\\\/\\\/transformiran.com\\\/sv\\\/\",\"logo\":{\"@type\":\"ImageObject\",\"inLanguage\":\"sv-SE\",\"@id\":\"https:\\\/\\\/transformiran.com\\\/sv\\\/#\\\/schema\\\/logo\\\/image\\\/\",\"url\":\"https:\\\/\\\/transformiran.com\\\/app\\\/uploads\\\/2022\\\/11\\\/logo_grey.jpg\",\"contentUrl\":\"https:\\\/\\\/transformiran.com\\\/app\\\/uploads\\\/2022\\\/11\\\/logo_grey.jpg\",\"width\":528,\"height\":90,\"caption\":\"Transform Iran\"},\"image\":{\"@id\":\"https:\\\/\\\/transformiran.com\\\/sv\\\/#\\\/schema\\\/logo\\\/image\\\/\"},\"sameAs\":[\"https:\\\/\\\/www.facebook.com\\\/222MinistriesUSAInc\",\"https:\\\/\\\/x.com\\\/222minint\",\"https:\\\/\\\/www.instagram.com\\\/222ministriesinternational\\\/\"]}]}<\/script>\n<!-- \/ Yoast SEO plugin. -->","yoast_head_json":{"title":"Evangelisation - Transform Iran","robots":{"index":"index","follow":"follow","max-snippet":"max-snippet:-1","max-image-preview":"max-image-preview:large","max-video-preview":"max-video-preview:-1"},"canonical":"https:\/\/transformiran.com\/sv\/vart-arbete\/evangelism\/","og_locale":"sv_SE","og_type":"article","og_title":"Evangelisation - Transform Iran","og_description":"Iraniernas \u00f6vernaturliga hunger efter evangeliet Det finns en \u00f6vernaturlig n\u00e5d p\u00e5 Iran &#8211; som aldrig f\u00f6rr. M\u00e4nniskorna \u00e4r hungriga efter sanningen och \u00f6ppna f\u00f6r evangeliet. Men evangeliet m\u00e5ste delas, f\u00f6r &#8220;hur ska de kunna tro p\u00e5 den som de inte har h\u00f6rt talas om?&#8221; Romarbrevet 10:14 Transform Iran predikar evangeliet f\u00f6r iranier genom ett brett [&hellip;]","og_url":"https:\/\/transformiran.com\/sv\/vart-arbete\/evangelism\/","og_site_name":"Transform Iran","article_publisher":"https:\/\/www.facebook.com\/222MinistriesUSAInc","article_modified_time":"2025-12-08T21:40:39+00:00","og_image":[{"width":1280,"height":218,"url":"https:\/\/transformiran.com\/app\/uploads\/2024\/08\/man-casting-net-landscape-lite.jpeg","type":"image\/jpeg"}],"twitter_card":"summary_large_image","twitter_site":"@222minint","twitter_misc":{"Est. reading time":"5 minutes"},"schema":{"@context":"https:\/\/schema.org","@graph":[{"@type":"WebPage","@id":"https:\/\/transformiran.com\/sv\/vart-arbete\/evangelism\/","url":"https:\/\/transformiran.com\/sv\/vart-arbete\/evangelism\/","name":"Evangelisation - Transform Iran","isPartOf":{"@id":"https:\/\/transformiran.com\/sv\/#website"},"primaryImageOfPage":{"@id":"https:\/\/transformiran.com\/sv\/vart-arbete\/evangelism\/#primaryimage"},"image":{"@id":"https:\/\/transformiran.com\/sv\/vart-arbete\/evangelism\/#primaryimage"},"thumbnailUrl":"https:\/\/transformiran.com\/app\/uploads\/2024\/08\/man-casting-net-landscape-lite-1024x174.jpeg","datePublished":"2022-11-03T12:16:01+00:00","dateModified":"2025-12-08T21:40:39+00:00","breadcrumb":{"@id":"https:\/\/transformiran.com\/sv\/vart-arbete\/evangelism\/#breadcrumb"},"inLanguage":"sv-SE","potentialAction":[{"@type":"ReadAction","target":["https:\/\/transformiran.com\/sv\/vart-arbete\/evangelism\/"]}]},{"@type":"ImageObject","inLanguage":"sv-SE","@id":"https:\/\/transformiran.com\/sv\/vart-arbete\/evangelism\/#primaryimage","url":"https:\/\/transformiran.com\/app\/uploads\/2024\/08\/man-casting-net-landscape-lite-1024x174.jpeg","contentUrl":"https:\/\/transformiran.com\/app\/uploads\/2024\/08\/man-casting-net-landscape-lite-1024x174.jpeg"},{"@type":"BreadcrumbList","@id":"https:\/\/transformiran.com\/sv\/vart-arbete\/evangelism\/#breadcrumb","itemListElement":[{"@type":"ListItem","position":1,"name":"Home","item":"https:\/\/transformiran.com\/sv\/home\/"},{"@type":"ListItem","position":2,"name":"Our work","item":"https:\/\/transformiran.com\/sv\/vart-arbete\/"},{"@type":"ListItem","position":3,"name":"Evangelisation"}]},{"@type":"WebSite","@id":"https:\/\/transformiran.com\/sv\/#website","url":"https:\/\/transformiran.com\/sv\/","name":"Transform Iran","description":"Bringing the love and power of Christ to Iran - and beyond","publisher":{"@id":"https:\/\/transformiran.com\/sv\/#organization"},"potentialAction":[{"@type":"SearchAction","target":{"@type":"EntryPoint","urlTemplate":"https:\/\/transformiran.com\/sv\/?s={search_term_string}"},"query-input":{"@type":"PropertyValueSpecification","valueRequired":true,"valueName":"search_term_string"}}],"inLanguage":"sv-SE"},{"@type":"Organization","@id":"https:\/\/transformiran.com\/sv\/#organization","name":"Transform Iran","url":"https:\/\/transformiran.com\/sv\/","logo":{"@type":"ImageObject","inLanguage":"sv-SE","@id":"https:\/\/transformiran.com\/sv\/#\/schema\/logo\/image\/","url":"https:\/\/transformiran.com\/app\/uploads\/2022\/11\/logo_grey.jpg","contentUrl":"https:\/\/transformiran.com\/app\/uploads\/2022\/11\/logo_grey.jpg","width":528,"height":90,"caption":"Transform Iran"},"image":{"@id":"https:\/\/transformiran.com\/sv\/#\/schema\/logo\/image\/"},"sameAs":["https:\/\/www.facebook.com\/222MinistriesUSAInc","https:\/\/x.com\/222minint","https:\/\/www.instagram.com\/222ministriesinternational\/"]}]}},"campaignId":"","_links":{"self":[{"href":"https:\/\/transformiran.com\/sv\/wp-json\/wp\/v2\/pages\/13023","targetHints":{"allow":["GET"]}}],"collection":[{"href":"https:\/\/transformiran.com\/sv\/wp-json\/wp\/v2\/pages"}],"about":[{"href":"https:\/\/transformiran.com\/sv\/wp-json\/wp\/v2\/types\/page"}],"author":[{"embeddable":true,"href":"https:\/\/transformiran.com\/sv\/wp-json\/wp\/v2\/users\/1"}],"replies":[{"embeddable":true,"href":"https:\/\/transformiran.com\/sv\/wp-json\/wp\/v2\/comments?post=13023"}],"version-history":[{"count":2,"href":"https:\/\/transformiran.com\/sv\/wp-json\/wp\/v2\/pages\/13023\/revisions"}],"predecessor-version":[{"id":33971,"href":"https:\/\/transformiran.com\/sv\/wp-json\/wp\/v2\/pages\/13023\/revisions\/33971"}],"up":[{"embeddable":true,"href":"https:\/\/transformiran.com\/sv\/wp-json\/wp\/v2\/pages\/13029"}],"wp:attachment":[{"href":"https:\/\/transformiran.com\/sv\/wp-json\/wp\/v2\/media?parent=13023"}],"curies":[{"name":"wp","href":"https:\/\/api.w.org\/{rel}","templated":true}]}}