{"id":13038,"date":"2022-11-03T12:16:56","date_gmt":"2022-11-03T12:16:56","guid":{"rendered":"https:\/\/transformiran.com\/our-work\/discipleship\/"},"modified":"2025-04-02T10:57:02","modified_gmt":"2025-04-02T09:57:02","slug":"discipleship","status":"publish","type":"page","link":"https:\/\/transformiran.com\/sv\/vart-arbete\/discipleship\/","title":{"rendered":"L\u00e4rjungaskap"},"content":{"rendered":"\n<h2 class=\"wp-block-heading\"><mark style=\"background-color:rgba(0, 0, 0, 0);color:#b38e44\" class=\"has-inline-color\">G\u00e5 ut och g\u00f6r l\u00e4rjungar<\/mark><\/h2>\n\n<p>Kyrkan v\u00e4xer och Transform Iran har \u00e5tagit sig att undervisa konvertiter f\u00f6r att s\u00e4kerst\u00e4lla att deras tro \u00e4r djupt rotad i Guds ord. V\u00e5rt utbildade &#8220;uppf\u00f6ljningsteam&#8221; f\u00f6ljer de nya troende genom ett \u00e5rsl\u00e5ngt program och ser till att de f\u00f6rst\u00e5r grunderna i den kristna l\u00e4ran, \u00e4r utrustade f\u00f6r att evangelisera och f\u00e5r st\u00f6d n\u00e4r de grundar nya f\u00f6rsamlingar i sina hem.  <\/p>\n\n<p>Transform Iran&#8217;s l\u00e4rjungaskapsmodell bygger p\u00e5 2 Timoteus 2:2 &#8211; <strong><em>&#8220;Och det du har h\u00f6rt mig s\u00e4ga inf\u00f6r m\u00e5nga vittnen, anf\u00f6rtro det \u00e5t p\u00e5litliga m\u00e4nniskor som ocks\u00e5 kommer att vara kvalificerade att undervisa andra.&#8221;<\/em><\/strong> L\u00e4rjungar som g\u00f6r l\u00e4rjungar som g\u00f6r l\u00e4rjungar; ledare som fostrar ledare som fostrar ledare. Alla mognar och f\u00f6r vidare det de har l\u00e4rt sig till andra.  <\/p>\n\n<p>Transform Iran har \u00e5tagit sig att tillhandah\u00e5lla n\u00f6dv\u00e4ndiga resurser och verktyg f\u00f6r att st\u00f6dja effektiv l\u00e4rjungaskap och ledarskapsutveckling &#8211; dessa inkluderar  <mark style=\"background-color:rgba(0, 0, 0, 0);color:#b38e44\" class=\"has-inline-color\">Biblar<\/mark>,  <mark style=\"background-color:rgba(0, 0, 0, 0);color:#b38e44\" class=\"has-inline-color\">tillbedjan<\/mark>,  <mark style=\"background-color:rgba(0, 0, 0, 0);color:#b38e44\" class=\"has-inline-color\">B\u00f6n<\/mark>  och  <mark style=\"background-color:rgba(0, 0, 0, 0);color:#b38e44\" class=\"has-inline-color\">andaktsmaterial<\/mark>, <mark style=\"background-color:rgba(0, 0, 0, 0);color:#b38e44\" class=\"has-inline-color\">bibelstudieverktyg<\/mark>, <mark style=\"background-color:rgba(0, 0, 0, 0);color:#b38e44\" class=\"has-inline-color\">1:1-mentorskap<\/mark>, <mark style=\"background-color:rgba(0, 0, 0, 0);color:#b38e44\" class=\"has-inline-color\">traumar\u00e5dgivning<\/mark>, <mark style=\"background-color:rgba(0, 0, 0, 0);color:#b38e44\" class=\"has-inline-color\">strategiska utbildningsevenemang<\/mark> och mycket mer. <\/p>\n\n<div class=\"wp-block-buttons is-content-justification-center is-layout-flex wp-container-core-buttons-is-layout-16018d1d wp-block-buttons-is-layout-flex\">\n<div class=\"wp-block-button\"><a class=\"wp-block-button__link has-white-color has-vivid-red-background-color has-text-color has-background has-link-color wp-element-button\" href=\"https:\/\/transformiran.com\/sv\/anmalan-till-nyhetsbrev\/\">Be f\u00f6r l\u00e4rjungaskap i Iran &#8211; f\u00e5 m\u00e5natliga e-postuppdateringar f\u00f6r att v\u00e4gleda dig<\/a><\/div>\n<\/div>\n\n<figure class=\"wp-block-image size-large\"><img loading=\"lazy\" decoding=\"async\" width=\"1024\" height=\"355\" src=\"https:\/\/transformiran.com\/app\/uploads\/2024\/08\/shutterstock_2258588037-Bible-reading-prayer-landscape-lite-1024x355.jpeg\" alt=\"Bibell&#xE4;sning B&#xF6;n Digital anslutning\" class=\"wp-image-24984\" srcset=\"https:\/\/transformiran.com\/app\/uploads\/2024\/08\/shutterstock_2258588037-Bible-reading-prayer-landscape-lite-1024x355.jpeg 1024w, https:\/\/transformiran.com\/app\/uploads\/2024\/08\/shutterstock_2258588037-Bible-reading-prayer-landscape-lite-300x104.jpeg 300w, https:\/\/transformiran.com\/app\/uploads\/2024\/08\/shutterstock_2258588037-Bible-reading-prayer-landscape-lite-768x266.jpeg 768w, https:\/\/transformiran.com\/app\/uploads\/2024\/08\/shutterstock_2258588037-Bible-reading-prayer-landscape-lite.jpeg 1280w\" sizes=\"auto, (max-width: 1024px) 100vw, 1024px\" \/><\/figure>\n\n<h2 class=\"wp-block-heading\"><mark style=\"background-color:rgba(0, 0, 0, 0);color:#b38e44\" class=\"has-inline-color\">Hur Transform Iran ser till att iranska konvertiter disciplineras<\/mark><\/h2>\n\n<h3 class=\"wp-block-heading\"><strong>Uppf\u00f6ljning: 1:1 l\u00e4rjungaskap f\u00f6r alla iranska konvertiter<\/strong><\/h3>\n\n<p>Uppf\u00f6ljningsteamet ligger till grund f\u00f6r n\u00e4stan alla delar av arbetet p\u00e5 Transform Iran. Det utbildade teamet av r\u00e5dgivare svarar 1:1 p\u00e5 e-post, sociala medier och telefonkommunikation fr\u00e5n Iran, svarar p\u00e5 fr\u00e5gor, leder s\u00f6kare till fr\u00e4lsning, disciplinerar nya troende och planterar husf\u00f6rsamlingar i deras hem. F\u00f6r dem som \u00e4r villiga erbjuder teamet ett \u00e5rsl\u00e5ngt l\u00e4rjungaskapsprogram varje vecka som g\u00e5r igenom grunderna i den kristna l\u00e4ran, svarar p\u00e5 deras fr\u00e5gor n\u00e4r de v\u00e4xer i tro, utbildar dem i evangelisation och utrustar dem f\u00f6r att leda husf\u00f6rsamlingar i sina hem.  <\/p>\n\n<p><\/p>\n\n<figure class=\"wp-block-embed is-type-video is-provider-youtube wp-block-embed-youtube wp-embed-aspect-16-9 wp-has-aspect-ratio\"><div class=\"wp-block-embed__wrapper\">\n<iframe loading=\"lazy\" title=\"When Discipleship Turns To Church Planting\" width=\"500\" height=\"281\" src=\"https:\/\/www.youtube.com\/embed\/lxtSxR-dC54?feature=oembed\" frameborder=\"0\" allow=\"accelerometer; autoplay; clipboard-write; encrypted-media; gyroscope; picture-in-picture; web-share\" referrerpolicy=\"strict-origin-when-cross-origin\" allowfullscreen><\/iframe>\n<\/div><figcaption class=\"wp-element-caption\">N\u00e4r troende i Iran upplever livsf\u00f6r\u00e4ndrande relationer med Jesus genom l\u00e4rjungaskapsprocessen blir m\u00e5nga oavsiktligt f\u00f6rsamlingsplanterare.<\/figcaption><\/figure>\n\n<h3 class=\"wp-block-heading\"><strong>Utbildningsevenemang: Styrkan i personlig ledarskapsutveckling<\/strong><\/h3>\n\n<p>Evenemang \u00e4r ett viktigt steg i v\u00e5rt program f\u00f6r l\u00e4rjungaskap. Dessa utbildnings- och utrustningsevenemang bygger upp, st\u00f6der och f\u00e5r den underjordiska kyrkan i Iran att v\u00e4xa. Delegaterna \u00e4r inbjudna att samlas, l\u00e4ra sig, bli uppbyggda, f\u00e5 ny kraft och uppfriskning innan de \u00e5terv\u00e4nder till missionsf\u00e4ltet med f\u00f6rnyad gl\u00f6d och eld. F\u00f6r m\u00e5nga \u00e4r det f\u00f6rsta g\u00e5ngen de samlas s\u00e5 m\u00e5nga eller tillber s\u00e5 fritt. F\u00f6r andra kommer det att vara f\u00f6rsta g\u00e5ngen de f\u00e5r m\u00f6jlighet att d\u00f6pa sig offentligt. De \u00e4r verkligen en viktig del av resan f\u00f6r att st\u00f6dja och utveckla unga konvertiter till kraftfulla ledare. Transform Iran genomf\u00f6r dessa evenemang p\u00e5 s\u00e4kra platser i Mellan\u00f6stern. Tusentals har utbildats och disciplinerats p\u00e5 detta s\u00e4tt.  <\/p>\n\n<h3 class=\"wp-block-heading\"><strong>N\u00f6dv\u00e4ndigheten av bibel\u00f6vers\u00e4ttningar p\u00e5 hj\u00e4rtspr\u00e5ket  <\/strong><\/h3>\n\n<p>Omkring 26 miljoner iranier har inte Guds ord p\u00e5 sitt eget &#8220;hj\u00e4rtas&#8221; spr\u00e5k. Transform Iran \u00e4r sysselsatt med att ta itu med denna bibelbrist s\u00e5 att konvertiter i Irans etniska grupper kan l\u00e4sa och studera Guds ord p\u00e5 sitt eget spr\u00e5k, vilket g\u00f6r det l\u00e4ttare att f\u00f6rst\u00e5 och skapa en djupare kontakt. Nya kyrkor i etniska samh\u00e4llen drar ocks\u00e5 nytta av dessa \u00f6vers\u00e4ttningar, som st\u00f6der l\u00e4rjungaskap, undervisning, b\u00f6n och tillbedjan p\u00e5 de olika etniska gruppernas hj\u00e4rtspr\u00e5k. Detta skapar starkare och mer l\u00e5nglivade kyrkor som har en verklig inverkan p\u00e5 sina samh\u00e4llen. L\u00e4s mer om v\u00e5r <a data-type=\"page\" data-id=\"6304\" href=\"https:\/\/transformiran.com\/sv\/vart-arbete\/bible-translation\/\">bibel\u00f6vers\u00e4ttning<\/a>.<\/p>\n\n<h3 class=\"wp-block-heading\"><strong>Utnyttja media f\u00f6r att hj\u00e4lpa troende att v\u00e4xa i sin tro<\/strong><\/h3>\n\n<p>Vi s\u00e4nder direkts\u00e4nd och f\u00f6rinspelad l\u00e4rjungaskapsundervisning via satellit-TV, radio och sociala medier. Miljontals m\u00e4nniskor har tagit del av v\u00e5r bibelbaserade undervisning genom Transform Iran:s <a data-type=\"page\" data-id=\"6302\" href=\"https:\/\/transformiran.com\/sv\/vart-arbete\/media\/\">medieverksamheter<\/a>.  <\/p>\n\n<h3 class=\"wp-block-heading\"><strong>Att anv\u00e4nda apologetik f\u00f6r att st\u00e4rka troende<\/strong><\/h3>\n\n<p>&#8220;Porpasokh&#8221; betyder &#8220;fr\u00e5ga och svar&#8221; och det \u00e4r k\u00e4rnan i v\u00e5rt apologetiska center. Transform IranPorpasokhs webbplats drar tiotusentals bes\u00f6kare varje m\u00e5nad och engagerar sig direkt i fr\u00e5gorna fr\u00e5n dem som fortfarande f\u00f6rs\u00f6ker f\u00f6rst\u00e5 vissa aspekter av tro och teologi. Svaren publiceras p\u00e5 webbplatsen s\u00e5 att andra kan ta del av dem. Hittills har mer \u00e4n 5.900 svar publicerats och m\u00e5nga har st\u00e4rkts i sin tro som ett resultat av detta. <a data-type=\"page\" data-id=\"6306\" href=\"https:\/\/transformiran.com\/sv\/vart-arbete\/apologetiskt-centrum\/\">L\u00e4s mer h\u00e4r<\/a>.<\/p>\n\n<h3 class=\"wp-block-heading\"><strong>Frihet i Kristus: Ett kontextualiserat verktyg f\u00f6r den iranska kyrkan<\/strong><\/h3>\n\n<p>Vi samarbetade med de underbara f\u00f6rfattarna till kursen Freedom in Christ, \u00f6versatte materialet till farsi och anpassade och ut\u00f6kade det f\u00f6r en iransk publik. Detta \u00e4r ett viktigt bibelbaserat l\u00e4rjungaskap och befrielseverktyg f\u00f6r kristna, som s\u00e4kerst\u00e4ller att kyrkor v\u00e4xer friskt genom personligt genombrott, frihet och fruktsamhet f\u00f6r troende. Hittills har mer \u00e4n 1.600 personer genomf\u00f6rt den.  <\/p>\n\n<h3 class=\"wp-block-heading\"><strong>Befrielse f\u00f6r offer f\u00f6r trauma, \u00f6vergrepp och beroende<\/strong><\/h3>\n\n<p>Transform Iran<a data-type=\"page\" data-id=\"6308\" href=\"https:\/\/transformiran.com\/sv\/vart-arbete\/persiens-parla\/\">Pearl of Persia<\/a> ministry arbetar specifikt med \u00f6verlevande av trauma, missbruk och beroende, och tillhandah\u00e5ller specialistr\u00e5dgivning och l\u00e4rjungaskap n\u00e4r de finner fullst\u00e4ndig l\u00e4kning och frihet fr\u00e5n sitt f\u00f6rflutna, uppt\u00e4cker sin sanna identitet i Kristus och sl\u00e4pps ut f\u00f6r att fullf\u00f6lja sin kallelse.  <\/p>\n\n<h3 class=\"wp-block-heading\"><strong>Digital kyrka och kyrkoplantering i Iran<\/strong><\/h3>\n\n<p>L\u00e4rjungaskap \u00e4r relationellt. Jesus l\u00e4rde upp tolv personer genom en avsiktlig och l\u00e5ngvarig relation. Transform Irans m\u00e5nga kyrkor \u00e4r byggda p\u00e5 en modell av l\u00e4rjungaskap och st\u00e4ndig tillv\u00e4xt. F\u00f6r dem som \u00e4r utspridda, isolerade och i riskzonen erbjuder vi en digital kyrka. Persian Community Church samlar tusentals persisktalande kristna fr\u00e5n hela Iran och resten av v\u00e4rlden och bygger en interaktiv gemenskap d\u00e4r de kan be, tillbe, l\u00e4ra sig och v\u00e4xa tillsammans. Vi h\u00e5ller f\u00f6r n\u00e4rvarande p\u00e5 att ut\u00f6ka detta erbjudande till Irans k\u00e4rnspr\u00e5k. L\u00e4s mer om hur vi <a data-type=\"page\" data-id=\"6298\" href=\"https:\/\/transformiran.com\/sv\/vart-arbete\/church-planting\/\">bygger &#8220;fysiska&#8221; kyrkor<\/a> och &#8221; <a data-type=\"page\" data-id=\"6300\" href=\"https:\/\/transformiran.com\/sv\/vart-arbete\/digital-kyrka\/\">digitala<\/a> kyrkor&#8221;.  <\/p>\n\n<h3 class=\"wp-block-heading\"><strong>Bibelh\u00f6gskola: Utbildning av troende iranier i kristen teologi<\/strong><\/h3>\n\n<p>F\u00f6r dem som \u00e4r redo att g\u00e5 djupare erbjuder vi en gratis bibelkurs online p\u00e5 farsi. V\u00e5r <a href=\"http:\/\/www.222bc.com\">bibelskola<\/a> p\u00e5 n\u00e4tet (med n\u00e4stan 1.000 aktiva registrerade studenter) undanr\u00f6jer kostnadsbarri\u00e4rerna f\u00f6r s\u00e5dana djupg\u00e5ende studier av Ordet och erbjuder tydliga, v\u00e4l f\u00f6rberedda teologiska lektioner med djupg\u00e5ende skalor f\u00f6r att hj\u00e4lpa farsi-talande kristna att mogna i sin tro och utrusta dem f\u00f6r tj\u00e4nstg\u00f6ring.  <\/p>\n\n<h3 class=\"wp-block-heading\"><strong>Publikationer och tryckta resurser f\u00f6r en v\u00e4xande kyrka<\/strong><\/h3>\n\n<p>Transform Iran skyddar den iranska kyrkans l\u00e4rointegritet genom att tillhandah\u00e5lla ett brett utbud av bibelbaserade l\u00e4rjungaskapsmaterial (tryckta och digitala) genom sitt f\u00f6rlag, <a data-type=\"URL\" data-id=\"www.222publications.com\" href=\"http:\/\/www.222publications.com\">222 Publications<\/a>. 222 Publications identifierar luckor i tryckta och digitala medier f\u00f6r den farsi-talande kyrkan och publicerar det material som beh\u00f6vs f\u00f6r att fylla dessa luckor f\u00f6r en v\u00e4xande global kyrka. 222 Publications g\u00f6r detta s\u00e5 n\u00e4ra sj\u00e4lvkostnadspriset som m\u00f6jligt f\u00f6r att s\u00e4kerst\u00e4lla maximal tillg\u00e5ng till dessa resurser f\u00f6r dem som beh\u00f6ver dem.  <\/p>\n\n<blockquote class=\"wp-block-quote is-layout-flow wp-block-quote-is-layout-flow\">\n<p>Jag heter Shiva och jag \u00e4r en iransk l\u00e4karstudent som studerar utomlands. En dag, p\u00e5 grund av depression och \u00e5ngest, var jag utanf\u00f6r sjukhuset och gr\u00e4t under en rast. Tv\u00e5 studenter fr\u00e5n Indien kom och bj\u00f6d mig till kyrkan med dem. Jag gick dit och jag \u00e4lskade atmosf\u00e4ren, men n\u00e4r de h\u00f6ll gudstj\u00e4nst sa jag: &#8220;Jag \u00f6nskar att jag kunde f\u00e5 h\u00e5lla gudstj\u00e4nst p\u00e5 farsi. Jag hade \u00e4nnu inte \u00f6verl\u00e4mnat mitt liv till Kristus. Jag s\u00f6kte p\u00e5 internet och hittade Transform Iran&#8217;s Persian Community Church.  <\/p>\n\n\n\n<p>N\u00e4r jag kontaktade dem kopplade de mig till en pastor som pratade med mig och svarade p\u00e5 mina fr\u00e5gor. Jag \u00f6verl\u00e4mnade mitt liv till Kristus. Jag var full av gl\u00e4dje. Genom Persian Community Church deltog jag i b\u00f6nem\u00f6tena i Meeting Tent. Under tiden blev jag undervisad av samma pastor som ledde mig till Herren (p\u00e5 distans). N\u00e4r min tro v\u00e4xte fortsatte Transform Iran&#8217;s uppf\u00f6ljning att tr\u00e4ffa mig regelbundet och g\u00f6ra mig till l\u00e4rjunge. Denna resa ledde till att jag skrev in mig p\u00e5 den bibelskola d\u00e4r jag studerar nu. F\u00f6rresten hade jag m\u00f6jlighet att resa till Iran. Jag delade med mig till min syster. Hon ville tr\u00e4ffa pastorn som hade varit min l\u00e4rom\u00e4stare. Vi fick kontakt och han ledde henne ocks\u00e5 till Herren!<\/p>\n<\/blockquote>\n\n<div class=\"wp-block-buttons is-content-justification-center is-layout-flex wp-container-core-buttons-is-layout-16018d1d wp-block-buttons-is-layout-flex\">\n<div class=\"wp-block-button\"><a class=\"wp-block-button__link has-white-color has-vivid-red-background-color has-text-color has-background has-link-color wp-element-button\" href=\"https:\/\/transformiran.com\/sv\/anmalan-till-nyhetsbrev\/\">Be f\u00f6r l\u00e4rjungaskap i Iran &#8211; f\u00e5 m\u00e5natliga e-postuppdateringar f\u00f6r att v\u00e4gleda dig<\/a><\/div>\n<\/div>\n","protected":false},"excerpt":{"rendered":"<p>G\u00e5 ut och g\u00f6r l\u00e4rjungar Kyrkan v\u00e4xer och Transform Iran har \u00e5tagit sig att undervisa konvertiter f\u00f6r att s\u00e4kerst\u00e4lla att deras tro \u00e4r djupt rotad i Guds ord. V\u00e5rt utbildade &#8220;uppf\u00f6ljningsteam&#8221; f\u00f6ljer de nya troende genom ett \u00e5rsl\u00e5ngt program och ser till att de f\u00f6rst\u00e5r grunderna i den kristna l\u00e4ran, \u00e4r utrustade f\u00f6r att evangelisera [&hellip;]<\/p>\n","protected":false},"author":1,"featured_media":0,"parent":13029,"menu_order":0,"comment_status":"closed","ping_status":"closed","template":"page-work.php","meta":{"_acf_changed":false,"give_campaign_id":0,"om_disable_all_campaigns":false,"_mi_skip_tracking":false,"footnotes":""},"class_list":["post-13038","page","type-page","status-publish","hentry"],"acf":[],"yoast_head":"<!-- This site is optimized with the Yoast SEO plugin v27.3 - https:\/\/yoast.com\/product\/yoast-seo-wordpress\/ -->\n<title>L\u00e4rjungaskap - Transform Iran<\/title>\n<meta name=\"robots\" content=\"index, follow, max-snippet:-1, max-image-preview:large, max-video-preview:-1\" \/>\n<link rel=\"canonical\" href=\"https:\/\/transformiran.com\/sv\/vart-arbete\/discipleship\/\" \/>\n<meta property=\"og:locale\" content=\"sv_SE\" \/>\n<meta property=\"og:type\" content=\"article\" \/>\n<meta property=\"og:title\" content=\"L\u00e4rjungaskap - Transform Iran\" \/>\n<meta property=\"og:description\" content=\"G\u00e5 ut och g\u00f6r l\u00e4rjungar Kyrkan v\u00e4xer och Transform Iran har \u00e5tagit sig att undervisa konvertiter f\u00f6r att s\u00e4kerst\u00e4lla att deras tro \u00e4r djupt rotad i Guds ord. V\u00e5rt utbildade &#8220;uppf\u00f6ljningsteam&#8221; f\u00f6ljer de nya troende genom ett \u00e5rsl\u00e5ngt program och ser till att de f\u00f6rst\u00e5r grunderna i den kristna l\u00e4ran, \u00e4r utrustade f\u00f6r att evangelisera [&hellip;]\" \/>\n<meta property=\"og:url\" content=\"https:\/\/transformiran.com\/sv\/vart-arbete\/discipleship\/\" \/>\n<meta property=\"og:site_name\" content=\"Transform Iran\" \/>\n<meta property=\"article:publisher\" content=\"https:\/\/www.facebook.com\/222MinistriesUSAInc\" \/>\n<meta property=\"article:modified_time\" content=\"2025-04-02T09:57:02+00:00\" \/>\n<meta property=\"og:image\" content=\"https:\/\/transformiran.com\/app\/uploads\/2024\/08\/shutterstock_2258588037-Bible-reading-prayer-landscape-lite.jpeg\" \/>\n\t<meta property=\"og:image:width\" content=\"1280\" \/>\n\t<meta property=\"og:image:height\" content=\"444\" \/>\n\t<meta property=\"og:image:type\" content=\"image\/jpeg\" \/>\n<meta name=\"twitter:card\" content=\"summary_large_image\" \/>\n<meta name=\"twitter:site\" content=\"@222minint\" \/>\n<meta name=\"twitter:label1\" content=\"Est. reading time\" \/>\n\t<meta name=\"twitter:data1\" content=\"7 minutes\" \/>\n<script type=\"application\/ld+json\" class=\"yoast-schema-graph\">{\"@context\":\"https:\\\/\\\/schema.org\",\"@graph\":[{\"@type\":\"WebPage\",\"@id\":\"https:\\\/\\\/transformiran.com\\\/sv\\\/vart-arbete\\\/discipleship\\\/\",\"url\":\"https:\\\/\\\/transformiran.com\\\/sv\\\/vart-arbete\\\/discipleship\\\/\",\"name\":\"L\u00e4rjungaskap - Transform Iran\",\"isPartOf\":{\"@id\":\"https:\\\/\\\/transformiran.com\\\/sv\\\/#website\"},\"primaryImageOfPage\":{\"@id\":\"https:\\\/\\\/transformiran.com\\\/sv\\\/vart-arbete\\\/discipleship\\\/#primaryimage\"},\"image\":{\"@id\":\"https:\\\/\\\/transformiran.com\\\/sv\\\/vart-arbete\\\/discipleship\\\/#primaryimage\"},\"thumbnailUrl\":\"https:\\\/\\\/transformiran.com\\\/app\\\/uploads\\\/2024\\\/08\\\/shutterstock_2258588037-Bible-reading-prayer-landscape-lite-1024x355.jpeg\",\"datePublished\":\"2022-11-03T12:16:56+00:00\",\"dateModified\":\"2025-04-02T09:57:02+00:00\",\"breadcrumb\":{\"@id\":\"https:\\\/\\\/transformiran.com\\\/sv\\\/vart-arbete\\\/discipleship\\\/#breadcrumb\"},\"inLanguage\":\"sv-SE\",\"potentialAction\":[{\"@type\":\"ReadAction\",\"target\":[\"https:\\\/\\\/transformiran.com\\\/sv\\\/vart-arbete\\\/discipleship\\\/\"]}]},{\"@type\":\"ImageObject\",\"inLanguage\":\"sv-SE\",\"@id\":\"https:\\\/\\\/transformiran.com\\\/sv\\\/vart-arbete\\\/discipleship\\\/#primaryimage\",\"url\":\"https:\\\/\\\/transformiran.com\\\/app\\\/uploads\\\/2024\\\/08\\\/shutterstock_2258588037-Bible-reading-prayer-landscape-lite-1024x355.jpeg\",\"contentUrl\":\"https:\\\/\\\/transformiran.com\\\/app\\\/uploads\\\/2024\\\/08\\\/shutterstock_2258588037-Bible-reading-prayer-landscape-lite-1024x355.jpeg\"},{\"@type\":\"BreadcrumbList\",\"@id\":\"https:\\\/\\\/transformiran.com\\\/sv\\\/vart-arbete\\\/discipleship\\\/#breadcrumb\",\"itemListElement\":[{\"@type\":\"ListItem\",\"position\":1,\"name\":\"Home\",\"item\":\"https:\\\/\\\/transformiran.com\\\/sv\\\/home\\\/\"},{\"@type\":\"ListItem\",\"position\":2,\"name\":\"Our work\",\"item\":\"https:\\\/\\\/transformiran.com\\\/sv\\\/vart-arbete\\\/\"},{\"@type\":\"ListItem\",\"position\":3,\"name\":\"L\u00e4rjungaskap\"}]},{\"@type\":\"WebSite\",\"@id\":\"https:\\\/\\\/transformiran.com\\\/sv\\\/#website\",\"url\":\"https:\\\/\\\/transformiran.com\\\/sv\\\/\",\"name\":\"Transform Iran\",\"description\":\"Bringing the love and power of Christ to Iran - and beyond\",\"publisher\":{\"@id\":\"https:\\\/\\\/transformiran.com\\\/sv\\\/#organization\"},\"potentialAction\":[{\"@type\":\"SearchAction\",\"target\":{\"@type\":\"EntryPoint\",\"urlTemplate\":\"https:\\\/\\\/transformiran.com\\\/sv\\\/?s={search_term_string}\"},\"query-input\":{\"@type\":\"PropertyValueSpecification\",\"valueRequired\":true,\"valueName\":\"search_term_string\"}}],\"inLanguage\":\"sv-SE\"},{\"@type\":\"Organization\",\"@id\":\"https:\\\/\\\/transformiran.com\\\/sv\\\/#organization\",\"name\":\"Transform Iran\",\"url\":\"https:\\\/\\\/transformiran.com\\\/sv\\\/\",\"logo\":{\"@type\":\"ImageObject\",\"inLanguage\":\"sv-SE\",\"@id\":\"https:\\\/\\\/transformiran.com\\\/sv\\\/#\\\/schema\\\/logo\\\/image\\\/\",\"url\":\"https:\\\/\\\/transformiran.com\\\/app\\\/uploads\\\/2022\\\/11\\\/logo_grey.jpg\",\"contentUrl\":\"https:\\\/\\\/transformiran.com\\\/app\\\/uploads\\\/2022\\\/11\\\/logo_grey.jpg\",\"width\":528,\"height\":90,\"caption\":\"Transform Iran\"},\"image\":{\"@id\":\"https:\\\/\\\/transformiran.com\\\/sv\\\/#\\\/schema\\\/logo\\\/image\\\/\"},\"sameAs\":[\"https:\\\/\\\/www.facebook.com\\\/222MinistriesUSAInc\",\"https:\\\/\\\/x.com\\\/222minint\",\"https:\\\/\\\/www.instagram.com\\\/222ministriesinternational\\\/\"]}]}<\/script>\n<!-- \/ Yoast SEO plugin. -->","yoast_head_json":{"title":"L\u00e4rjungaskap - Transform Iran","robots":{"index":"index","follow":"follow","max-snippet":"max-snippet:-1","max-image-preview":"max-image-preview:large","max-video-preview":"max-video-preview:-1"},"canonical":"https:\/\/transformiran.com\/sv\/vart-arbete\/discipleship\/","og_locale":"sv_SE","og_type":"article","og_title":"L\u00e4rjungaskap - Transform Iran","og_description":"G\u00e5 ut och g\u00f6r l\u00e4rjungar Kyrkan v\u00e4xer och Transform Iran har \u00e5tagit sig att undervisa konvertiter f\u00f6r att s\u00e4kerst\u00e4lla att deras tro \u00e4r djupt rotad i Guds ord. V\u00e5rt utbildade &#8220;uppf\u00f6ljningsteam&#8221; f\u00f6ljer de nya troende genom ett \u00e5rsl\u00e5ngt program och ser till att de f\u00f6rst\u00e5r grunderna i den kristna l\u00e4ran, \u00e4r utrustade f\u00f6r att evangelisera [&hellip;]","og_url":"https:\/\/transformiran.com\/sv\/vart-arbete\/discipleship\/","og_site_name":"Transform Iran","article_publisher":"https:\/\/www.facebook.com\/222MinistriesUSAInc","article_modified_time":"2025-04-02T09:57:02+00:00","og_image":[{"width":1280,"height":444,"url":"https:\/\/transformiran.com\/app\/uploads\/2024\/08\/shutterstock_2258588037-Bible-reading-prayer-landscape-lite.jpeg","type":"image\/jpeg"}],"twitter_card":"summary_large_image","twitter_site":"@222minint","twitter_misc":{"Est. reading time":"7 minutes"},"schema":{"@context":"https:\/\/schema.org","@graph":[{"@type":"WebPage","@id":"https:\/\/transformiran.com\/sv\/vart-arbete\/discipleship\/","url":"https:\/\/transformiran.com\/sv\/vart-arbete\/discipleship\/","name":"L\u00e4rjungaskap - Transform Iran","isPartOf":{"@id":"https:\/\/transformiran.com\/sv\/#website"},"primaryImageOfPage":{"@id":"https:\/\/transformiran.com\/sv\/vart-arbete\/discipleship\/#primaryimage"},"image":{"@id":"https:\/\/transformiran.com\/sv\/vart-arbete\/discipleship\/#primaryimage"},"thumbnailUrl":"https:\/\/transformiran.com\/app\/uploads\/2024\/08\/shutterstock_2258588037-Bible-reading-prayer-landscape-lite-1024x355.jpeg","datePublished":"2022-11-03T12:16:56+00:00","dateModified":"2025-04-02T09:57:02+00:00","breadcrumb":{"@id":"https:\/\/transformiran.com\/sv\/vart-arbete\/discipleship\/#breadcrumb"},"inLanguage":"sv-SE","potentialAction":[{"@type":"ReadAction","target":["https:\/\/transformiran.com\/sv\/vart-arbete\/discipleship\/"]}]},{"@type":"ImageObject","inLanguage":"sv-SE","@id":"https:\/\/transformiran.com\/sv\/vart-arbete\/discipleship\/#primaryimage","url":"https:\/\/transformiran.com\/app\/uploads\/2024\/08\/shutterstock_2258588037-Bible-reading-prayer-landscape-lite-1024x355.jpeg","contentUrl":"https:\/\/transformiran.com\/app\/uploads\/2024\/08\/shutterstock_2258588037-Bible-reading-prayer-landscape-lite-1024x355.jpeg"},{"@type":"BreadcrumbList","@id":"https:\/\/transformiran.com\/sv\/vart-arbete\/discipleship\/#breadcrumb","itemListElement":[{"@type":"ListItem","position":1,"name":"Home","item":"https:\/\/transformiran.com\/sv\/home\/"},{"@type":"ListItem","position":2,"name":"Our work","item":"https:\/\/transformiran.com\/sv\/vart-arbete\/"},{"@type":"ListItem","position":3,"name":"L\u00e4rjungaskap"}]},{"@type":"WebSite","@id":"https:\/\/transformiran.com\/sv\/#website","url":"https:\/\/transformiran.com\/sv\/","name":"Transform Iran","description":"Bringing the love and power of Christ to Iran - and beyond","publisher":{"@id":"https:\/\/transformiran.com\/sv\/#organization"},"potentialAction":[{"@type":"SearchAction","target":{"@type":"EntryPoint","urlTemplate":"https:\/\/transformiran.com\/sv\/?s={search_term_string}"},"query-input":{"@type":"PropertyValueSpecification","valueRequired":true,"valueName":"search_term_string"}}],"inLanguage":"sv-SE"},{"@type":"Organization","@id":"https:\/\/transformiran.com\/sv\/#organization","name":"Transform Iran","url":"https:\/\/transformiran.com\/sv\/","logo":{"@type":"ImageObject","inLanguage":"sv-SE","@id":"https:\/\/transformiran.com\/sv\/#\/schema\/logo\/image\/","url":"https:\/\/transformiran.com\/app\/uploads\/2022\/11\/logo_grey.jpg","contentUrl":"https:\/\/transformiran.com\/app\/uploads\/2022\/11\/logo_grey.jpg","width":528,"height":90,"caption":"Transform Iran"},"image":{"@id":"https:\/\/transformiran.com\/sv\/#\/schema\/logo\/image\/"},"sameAs":["https:\/\/www.facebook.com\/222MinistriesUSAInc","https:\/\/x.com\/222minint","https:\/\/www.instagram.com\/222ministriesinternational\/"]}]}},"campaignId":"","_links":{"self":[{"href":"https:\/\/transformiran.com\/sv\/wp-json\/wp\/v2\/pages\/13038","targetHints":{"allow":["GET"]}}],"collection":[{"href":"https:\/\/transformiran.com\/sv\/wp-json\/wp\/v2\/pages"}],"about":[{"href":"https:\/\/transformiran.com\/sv\/wp-json\/wp\/v2\/types\/page"}],"author":[{"embeddable":true,"href":"https:\/\/transformiran.com\/sv\/wp-json\/wp\/v2\/users\/1"}],"replies":[{"embeddable":true,"href":"https:\/\/transformiran.com\/sv\/wp-json\/wp\/v2\/comments?post=13038"}],"version-history":[{"count":0,"href":"https:\/\/transformiran.com\/sv\/wp-json\/wp\/v2\/pages\/13038\/revisions"}],"up":[{"embeddable":true,"href":"https:\/\/transformiran.com\/sv\/wp-json\/wp\/v2\/pages\/13029"}],"wp:attachment":[{"href":"https:\/\/transformiran.com\/sv\/wp-json\/wp\/v2\/media?parent=13038"}],"curies":[{"name":"wp","href":"https:\/\/api.w.org\/{rel}","templated":true}]}}