{"id":13044,"date":"2023-03-29T14:50:45","date_gmt":"2023-03-29T13:50:45","guid":{"rendered":"https:\/\/transformiran.com\/our-work\/leadership-development\/"},"modified":"2025-10-16T23:07:40","modified_gmt":"2025-10-16T22:07:40","slug":"leadership-development","status":"publish","type":"page","link":"https:\/\/transformiran.com\/sv\/vart-arbete\/leadership-development\/","title":{"rendered":"Leadership Development"},"content":{"rendered":"\n<p><\/p>\n\n<h2 class=\"wp-block-heading\">Att fostra ledare till Transform Iran<\/h2>\n\n<p><\/p>\n\n<p class=\"has-medium-font-size\">Transform Iran har \u00e5tagit sig att utveckla ledare som kommer att f\u00f6rvandla Transform Iran och den omgivande regionen. V\u00e5rt arbete kretsar kring de tre grundpelarna evangelisation, l\u00e4rjungaskap och f\u00f6rvandling.  <\/p>\n\n<p><\/p>\n\n<p><strong>I hj\u00e4rtat av v\u00e5r l\u00e4rjungamodell finns ledarskapsutveckling<\/strong>. Vi tror att sant l\u00e4rjungaskap alltid leder till multiplikation &#8211; varje l\u00e4rjunge \u00e4r kallad att leda i n\u00e5gon kapacitet och att synbara resultat f\u00f6r andra i Guds rike. <\/p>\n\n<p><\/p>\n\n<h3 class=\"wp-block-heading\">L\u00e4rjungaskap som reproducerar<\/h3>\n\n<p><\/p>\n\n<p>Vi tror att varje efterf\u00f6ljare till Jesus \u00e4r betrodd med inflytande:<\/p>\n\n<p><strong>\u201c<em>Och det som du har h\u00f6rt mig s\u00e4ga inf\u00f6r m\u00e5nga vittnen, det anf\u00f6rtror du \u00e5t p\u00e5litliga m\u00e4nniskor som ocks\u00e5 \u00e4r kvalificerade att undervisa andra.<\/em>\u201d<\/strong> 2 Timoteus 2:2<\/p>\n\n<p><\/p>\n\n<p>Alla \u00e4r inte kallade till traditionella ledarroller, men <strong>alla \u00e4r kallade till livsl\u00e5ng tillv\u00e4xt, andlig mognad och ett fruktbart<\/strong> resultat. Det \u00e4r d\u00e4rf\u00f6r v\u00e5ra seniorpastorer alltid fr\u00e5gar: Vad \u00e4r den h\u00e4r personens kallelse? Hur kan jag hj\u00e4lpa dem att bli allt det som Gud har kallat dem att vara? Hur kan jag utrusta och sl\u00e4ppa ut dem p\u00e5 deras eget missionsf\u00e4lt?   <\/p>\n\n<p><\/p>\n\n<h2 class=\"wp-block-heading\">Ledarskapsutveckling i praktiken<\/h2>\n\n<p><\/p>\n\n<p>P\u00e5 s\u00e5 s\u00e4tt \u00f6verg\u00e5r l\u00e4rjungaskapet i ledarskapsutveckling. L\u00e4rjungar som g\u00f6r l\u00e4rjungar. Ledare som fostrar ledare.  Var och en mognar och f\u00f6r vidare det de har l\u00e4rt dig till andra. Det \u00e4r s\u00e5 vi ser Guds rike avancera.<\/p>\n\n<p><\/p>\n\n<p>Transform Iran tillhandah\u00e5ller <strong>strategisk ledarskapsutveckling<\/strong> f\u00f6r b\u00e5de nya och erfarna ledare. V\u00e5r modell omfattar personligt mentorskap, f\u00f6rdjupad utbildning och en rad praktiska verktyg och resurser som utrustar ledare f\u00f6r en fruktbar tj\u00e4nst, samtidigt som de v\u00e4xer i sm\u00f6rjelse och mognad. <\/p>\n\n<p><\/p>\n\n<h3 class=\"wp-block-heading\">Mentorskap<\/h3>\n\n<p><\/p>\n\n<p>Seniorpastorer g\u00e5r bredvid ledare 1:1 och ger dem disciplin och utrustning f\u00f6r att leda verksamheter, plantera f\u00f6rsamlingar och sprida andra ledare.<\/p>\n\n<p><\/p>\n\n<h3 class=\"wp-block-heading\">Evenemang f\u00f6r ledarskapsutbildning<\/h3>\n\n<p><\/p>\n\n<p>Framv\u00e4xande ledare och ledare f\u00f6r underjordiska husf\u00f6rsamlingar bjuds in till veckol\u00e5nga intensiva utbildningsveckor d\u00e4r de dyker djupt in i Ordet, l\u00e4r sig viktiga ledarskapsf\u00f6rm\u00e5gor och bygger gemenskap med andra som arbetar i n\u00e4tverket Transform Iran. Dessa utbildnings- och utrustningsevenemang bygger upp, st\u00f6der och f\u00e5r den underjordiska kyrkan i Iran att v\u00e4xa och genomf\u00f6rs p\u00e5 s\u00e4kra platser i Mellan\u00f6stern. Tusentals har utbildats och utvecklats p\u00e5 detta s\u00e4tt.<\/p>\n\n<p><\/p>\n\n<blockquote class=\"wp-block-quote is-layout-flow wp-block-quote-is-layout-flow\">\n<p>Den h\u00e4r utbildningen utvidgade min vision, f\u00f6rdjupade min passion och gav mig praktiska steg f\u00f6r att tj\u00e4na andra och v\u00e4gleda dem till tro. Jag \u00e4r mer motiverad \u00e4n n\u00e5gonsin att hj\u00e4lpa till att bygga upp trogna, engagerade Kristi l\u00e4rjungar. <\/p>\n<\/blockquote>\n\n<div class=\"wp-block-columns is-layout-flex wp-container-core-columns-is-layout-9d6595d7 wp-block-columns-is-layout-flex\">\n<div class=\"wp-block-column is-layout-flow wp-block-column-is-layout-flow\">\n<figure class=\"wp-block-image size-large\"><img decoding=\"async\" width=\"1024\" height=\"547\" src=\"https:\/\/transformiran.com\/app\/uploads\/2025\/05\/Leaders-Meeting-4-1024x547.jpeg\" alt=\"\" class=\"wp-image-31109\" style=\"aspect-ratio:1;object-fit:cover\" srcset=\"https:\/\/transformiran.com\/app\/uploads\/2025\/05\/Leaders-Meeting-4-1024x547.jpeg 1024w, https:\/\/transformiran.com\/app\/uploads\/2025\/05\/Leaders-Meeting-4-300x160.jpeg 300w, https:\/\/transformiran.com\/app\/uploads\/2025\/05\/Leaders-Meeting-4-768x410.jpeg 768w, https:\/\/transformiran.com\/app\/uploads\/2025\/05\/Leaders-Meeting-4-1536x820.jpeg 1536w, https:\/\/transformiran.com\/app\/uploads\/2025\/05\/Leaders-Meeting-4-2048x1093.jpeg 2048w\" sizes=\"(max-width: 1024px) 100vw, 1024px\" \/><\/figure>\n<\/div>\n\n\n\n<div class=\"wp-block-column is-layout-flow wp-block-column-is-layout-flow\">\n<figure class=\"wp-block-image size-large\"><img decoding=\"async\" width=\"1024\" height=\"576\" src=\"https:\/\/transformiran.com\/app\/uploads\/2025\/05\/DSC04956-1024x576.jpg\" alt=\"\" class=\"wp-image-31130\" style=\"aspect-ratio:1;object-fit:cover\" srcset=\"https:\/\/transformiran.com\/app\/uploads\/2025\/05\/DSC04956-1024x576.jpg 1024w, https:\/\/transformiran.com\/app\/uploads\/2025\/05\/DSC04956-300x169.jpg 300w, https:\/\/transformiran.com\/app\/uploads\/2025\/05\/DSC04956-768x432.jpg 768w, https:\/\/transformiran.com\/app\/uploads\/2025\/05\/DSC04956-1536x864.jpg 1536w, https:\/\/transformiran.com\/app\/uploads\/2025\/05\/DSC04956-2048x1152.jpg 2048w\" sizes=\"(max-width: 1024px) 100vw, 1024px\" \/><\/figure>\n<\/div>\n\n\n\n<div class=\"wp-block-column is-layout-flow wp-block-column-is-layout-flow\">\n<figure class=\"wp-block-image size-large\"><img decoding=\"async\" width=\"1024\" height=\"576\" src=\"https:\/\/transformiran.com\/app\/uploads\/2025\/05\/DSC05071-LY-teaching-1024x576.jpg\" alt=\"\" class=\"wp-image-31116\" style=\"aspect-ratio:1;object-fit:cover\" srcset=\"https:\/\/transformiran.com\/app\/uploads\/2025\/05\/DSC05071-LY-teaching-1024x576.jpg 1024w, https:\/\/transformiran.com\/app\/uploads\/2025\/05\/DSC05071-LY-teaching-300x169.jpg 300w, https:\/\/transformiran.com\/app\/uploads\/2025\/05\/DSC05071-LY-teaching-768x432.jpg 768w, https:\/\/transformiran.com\/app\/uploads\/2025\/05\/DSC05071-LY-teaching-1536x864.jpg 1536w, https:\/\/transformiran.com\/app\/uploads\/2025\/05\/DSC05071-LY-teaching-2048x1152.jpg 2048w\" sizes=\"(max-width: 1024px) 100vw, 1024px\" \/><\/figure>\n<\/div>\n<\/div>\n\n<p><\/p>\n\n<h3 class=\"wp-block-heading\">Bibelskola p\u00e5 n\u00e4tet<\/h3>\n\n<p><\/p>\n\n<p>V\u00e5r <a href=\"http:\/\/www.222bc.com\/\">bibelskola p\u00e5 n\u00e4tet (med n\u00e4stan 1 000 aktiva registrerade studenter) \u00e4r en gratis bibelkurs<\/a> p\u00e5 farsi och undanr\u00f6jer de kostnadsm\u00e4ssiga hindren f\u00f6r ett s\u00e5dant djupg\u00e5ende studium av Bibeln och erbjuder tydliga, v\u00e4l f\u00f6rberedda teologiska lektioner p\u00e5 djupet f\u00f6r att hj\u00e4lpa farsi-talande kristna att mogna i sin tro och utrusta dem f\u00f6r tj\u00e4nstg\u00f6ring.  <\/p>\n\n<p><\/p>\n\n<h2 class=\"wp-block-heading\">Verktyg f\u00f6r att utrusta och st\u00e4rka ledare<\/h2>\n\n<p><\/p>\n\n<h3 class=\"wp-block-heading\">Apologetik: Porpasokh<\/h3>\n\n<p><\/p>\n\n<p>\u201c<em>Porpasokh<\/em>\u201d betyder \u201cfr\u00e5ga och svar\u201d och det \u00e4r k\u00e4rnan i v\u00e5rt apologetiska center. Transform Iran<em>Porpasokhs<\/em> webbplats drar tiotusentals bes\u00f6kare varje m\u00e5nad och engagerar sig direkt i fr\u00e5gorna fr\u00e5n dem som fortfarande f\u00f6rs\u00f6ker f\u00f6rst\u00e5 vissa aspekter av tro och teologi. Svaren publiceras p\u00e5 webbplatsen s\u00e5 att andra kan ta del av dem. Hittills har mer \u00e4n 5.900 svar publicerats och m\u00e5nga har st\u00e4rkts i sin tro som ett resultat av detta. <em>Porpasokh<\/em> \u00e4r inte bara ett kraftfullt verktyg f\u00f6r evangelisation, utan st\u00f6der ocks\u00e5 unga pastorer som f\u00f6rlitar sig p\u00e5 resursen f\u00f6r att hj\u00e4lpa dem att svara p\u00e5 fr\u00e5gor som deras konvertiter st\u00e4ller till dem.  <\/p>\n\n<p><\/p>\n\n<p><a href=\"https:\/\/transformiran.com\/sv\/vart-arbete\/apologetiskt-centrum\/\">L\u00e4s mer om v\u00e5r apologetiska verksamhet<\/a><\/p>\n\n<p><\/p>\n\n<h3 class=\"wp-block-heading\">Frihet i Kristus<\/h3>\n\n<p><\/p>\n\n<p>Vi samarbetade med de underbara f\u00f6rfattarna till kursen Freedom in Christ, \u00f6versatte materialet till farsi och anpassade och ut\u00f6kade det f\u00f6r en iransk publik. Detta \u00e4r ett viktigt bibelbaserat l\u00e4rjungaskap och befrielseverktyg f\u00f6r kristna, som s\u00e4kerst\u00e4ller att kyrkor v\u00e4xer friskt genom personligt genombrott, frihet och fruktsamhet f\u00f6r troende. Hittills har mer \u00e4n 1.600 personer genomf\u00f6rt den. Alla ledare p\u00e5 Transform Iran genomg\u00e5r denna kurs som en del av sin egen personliga utveckling och tillv\u00e4xt.<\/p>\n\n<p><\/p>\n\n<h3 class=\"wp-block-heading\">222 Publikationer<\/h3>\n\n<p><\/p>\n\n<p>Transform Iran skyddar den iranska kyrkans l\u00e4rointegritet genom att tillhandah\u00e5lla ett brett utbud av bibelbaserade resurser (tryckta och digitala) genom sitt f\u00f6rlag, <a href=\"http:\/\/www.222publications.com\/\">222 Publications<\/a>. 222 Publications identifierar luckor i tryckta och digitala medier f\u00f6r den farsi-talande kyrkan och publicerar det material som beh\u00f6vs f\u00f6r att fylla dessa luckor f\u00f6r en v\u00e4xande global kyrka. 222 Publications g\u00f6r detta s\u00e5 n\u00e4ra sj\u00e4lvkostnadspriset som m\u00f6jligt f\u00f6r att s\u00e4kerst\u00e4lla maximal tillg\u00e5ng till dessa resurser f\u00f6r dem som beh\u00f6ver dem.  <\/p>\n\n<p><\/p>\n\n<h2 class=\"wp-block-heading\">Bibel\u00f6vers\u00e4ttning: En grund f\u00f6r ledarskap<\/h2>\n\n<p><\/p>\n\n<p>Omkring 26 miljoner iranier saknar fortfarande tillg\u00e5ng till Guds ord p\u00e5 sitt eget <em>modersm\u00e5l<\/em>. \u00c4ven om det prim\u00e4ra m\u00e5let med v\u00e5rt arbete med bibel\u00f6vers\u00e4ttning \u00e4r evangelisation och tidigt l\u00e4rjungaskap, spelar skrifter p\u00e5 modersm\u00e5l ocks\u00e5 en viktig roll i ledarskapsutvecklingen. N\u00e4r troende till fullo kan f\u00f6rst\u00e5 djupet och inneb\u00f6rden av Guds ord p\u00e5 sitt modersm\u00e5l, \u00e4r de b\u00e4ttre rustade att studera det p\u00e5 djupet, undervisa det effektivt och leda andra med tillf\u00f6rsikt. Detta leder till starkare och mer uth\u00e5lliga kyrkor som verkligen f\u00f6rvandlar sina samh\u00e4llen.     <\/p>\n\n<p><\/p>\n\n<p><a href=\"https:\/\/transformiran.com\/sv\/vart-arbete\/bible-translation\/\">L\u00e4s mer om V\u00e5rt arbete med bibel\u00f6vers\u00e4ttning<\/a><\/p>\n\n<p><\/p>\n\n<h2 class=\"wp-block-heading\">Livsl\u00e5ngt engagemang f\u00f6r rikets tillv\u00e4xt<\/h2>\n\n<p><\/p>\n\n<p>P\u00e5 Transform Iran handlar ledarskap inte om titlar eller positioner &#8211; det handlar om liv som f\u00f6rvandlas, f\u00f6rsamlingar som planteras och nationer som p\u00e5verkas f\u00f6r Jesus.<\/p>\n\n<p><\/p>\n\n<blockquote class=\"wp-block-quote is-layout-flow wp-block-quote-is-layout-flow\">\n<p>Tack f\u00f6r hur du har str\u00f6mmat in i mitt liv och h\u00e5llit ut med mig under alla dessa \u00e5r. Jag \u00e4r f\u00f6r evigt tacksam och fast besluten att tj\u00e4na Gud efter b\u00e4sta f\u00f6rm\u00e5ga.<\/p>\n<\/blockquote>\n\n<p><\/p>\n\n<h2 class=\"wp-block-heading\">Ber\u00e4ttelser om synbara resultat<\/h2>\n\n<p><\/p>\n\n<blockquote class=\"wp-block-quote is-layout-flow wp-block-quote-is-layout-flow\">\n<p class=\"has-off-white-background-color has-background\">Eftersom F\u00f6rvandla ger m\u00e5nga m\u00e4nniskor m\u00f6jligheter, m\u00e4nniskor som kanske har varit &#8220;sm\u00e5&#8221; i andras \u00e5sikter eller \u00f6gon, f\u00e5r m\u00f6jlighet att verkligen tj\u00e4na och v\u00e4xa h\u00e4r. Och resultatet \u00e4r ett underbart n\u00e4tverk av kraftfulla ledare som tillsammans g\u00f6r en enorm skillnad!<\/p>\n<\/blockquote>\n\n<p><\/p>\n\n<blockquote class=\"wp-block-quote is-layout-flow wp-block-quote-is-layout-flow\">\n<p class=\"has-light-gold-background-color has-background\">Jag har sett i kyrkan och p\u00e5 konferenser hur m\u00e4nniskor inte h\u00e5lls nere. De \u00e4r betrodda med utrymme att v\u00e4xa d\u00e4r de \u00e4r. Och SNABBT blir dessa unga l\u00e4rjungar till potentiella ledare. Jag har sj\u00e4lv dragit nytta av detta! Jag l\u00e4rde k\u00e4nna Herren, blev l\u00e4rd och inom tv\u00e5 \u00e5r hade jag planterat en f\u00f6rsamling. Nu tj\u00e4nstg\u00f6r jag som \u00f6vervakande pastor och ledare f\u00f6r en ministry. Prisa Gud!<\/p>\n<\/blockquote>\n\n<p><\/p>\n\n<blockquote class=\"wp-block-quote is-layout-flow wp-block-quote-is-layout-flow\">\n<p class=\"has-off-white-background-color has-background\">Det finns en iver och integritet bland ledarna h\u00e4r. Ingen bygger individuella kungad\u00f6men. Vi \u00e4r f\u00f6renade i en sak, men det handlar inte ens om det arbete vi utf\u00f6r &#8211; det handlar om den k\u00e4rleksfulla relation vi har med Gud och med varandra. Det \u00e4r verkligen en gemenskap som \u00e4r p\u00e5 uppdrag tillsammans.<\/p>\n<\/blockquote>\n\n<p><\/p>\n\n<p><\/p>\n","protected":false},"excerpt":{"rendered":"<p>Att fostra ledare till Transform Iran Transform Iran har \u00e5tagit sig att utveckla ledare som kommer att f\u00f6rvandla Transform Iran och den omgivande regionen. V\u00e5rt arbete kretsar kring de tre grundpelarna evangelisation, l\u00e4rjungaskap och f\u00f6rvandling. I hj\u00e4rtat av v\u00e5r l\u00e4rjungamodell finns ledarskapsutveckling. Vi tror att sant l\u00e4rjungaskap alltid leder till multiplikation &#8211; varje l\u00e4rjunge \u00e4r [&hellip;]<\/p>\n","protected":false},"author":4,"featured_media":0,"parent":13029,"menu_order":0,"comment_status":"closed","ping_status":"closed","template":"page-work.php","meta":{"_acf_changed":false,"give_campaign_id":0,"om_disable_all_campaigns":false,"_mi_skip_tracking":false,"footnotes":""},"class_list":["post-13044","page","type-page","status-publish","hentry"],"acf":[],"yoast_head":"<!-- This site is optimized with the Yoast SEO plugin v27.3 - https:\/\/yoast.com\/product\/yoast-seo-wordpress\/ -->\n<title>Leadership Development - Transform Iran<\/title>\n<meta name=\"description\" content=\"Transform Iran har \u00e5tagit sig att utveckla ledare som kommer att f\u00f6rvandla nationen Iran och den omgivande regionen.\" \/>\n<meta name=\"robots\" content=\"index, follow, max-snippet:-1, max-image-preview:large, max-video-preview:-1\" \/>\n<link rel=\"canonical\" href=\"https:\/\/transformiran.com\/sv\/vart-arbete\/leadership-development\/\" \/>\n<meta property=\"og:locale\" content=\"sv_SE\" \/>\n<meta property=\"og:type\" content=\"article\" \/>\n<meta property=\"og:title\" content=\"Leadership Development - Transform Iran\" \/>\n<meta property=\"og:description\" content=\"Transform Iran har \u00e5tagit sig att utveckla ledare som kommer att f\u00f6rvandla nationen Iran och den omgivande regionen.\" \/>\n<meta property=\"og:url\" content=\"https:\/\/transformiran.com\/sv\/vart-arbete\/leadership-development\/\" \/>\n<meta property=\"og:site_name\" content=\"Transform Iran\" \/>\n<meta property=\"article:publisher\" content=\"https:\/\/www.facebook.com\/222MinistriesUSAInc\" \/>\n<meta property=\"article:modified_time\" content=\"2025-10-16T22:07:40+00:00\" \/>\n<meta property=\"og:image\" content=\"https:\/\/transformiran.com\/app\/uploads\/2025\/05\/Leaders-Meeting-4-scaled.jpeg\" \/>\n\t<meta property=\"og:image:width\" content=\"3000\" \/>\n\t<meta property=\"og:image:height\" content=\"1601\" \/>\n\t<meta property=\"og:image:type\" content=\"image\/jpeg\" \/>\n<meta name=\"twitter:card\" content=\"summary_large_image\" \/>\n<meta name=\"twitter:site\" content=\"@222minint\" \/>\n<meta name=\"twitter:label1\" content=\"Est. reading time\" \/>\n\t<meta name=\"twitter:data1\" content=\"6 minutes\" \/>\n<script type=\"application\/ld+json\" class=\"yoast-schema-graph\">{\"@context\":\"https:\\\/\\\/schema.org\",\"@graph\":[{\"@type\":\"WebPage\",\"@id\":\"https:\\\/\\\/transformiran.com\\\/sv\\\/vart-arbete\\\/leadership-development\\\/\",\"url\":\"https:\\\/\\\/transformiran.com\\\/sv\\\/vart-arbete\\\/leadership-development\\\/\",\"name\":\"Leadership Development - Transform Iran\",\"isPartOf\":{\"@id\":\"https:\\\/\\\/transformiran.com\\\/sv\\\/#website\"},\"primaryImageOfPage\":{\"@id\":\"https:\\\/\\\/transformiran.com\\\/sv\\\/vart-arbete\\\/leadership-development\\\/#primaryimage\"},\"image\":{\"@id\":\"https:\\\/\\\/transformiran.com\\\/sv\\\/vart-arbete\\\/leadership-development\\\/#primaryimage\"},\"thumbnailUrl\":\"https:\\\/\\\/transformiran.com\\\/app\\\/uploads\\\/2025\\\/05\\\/Leaders-Meeting-4-1024x547.jpeg\",\"datePublished\":\"2023-03-29T13:50:45+00:00\",\"dateModified\":\"2025-10-16T22:07:40+00:00\",\"description\":\"Transform Iran har \u00e5tagit sig att utveckla ledare som kommer att f\u00f6rvandla nationen Iran och den omgivande regionen.\",\"breadcrumb\":{\"@id\":\"https:\\\/\\\/transformiran.com\\\/sv\\\/vart-arbete\\\/leadership-development\\\/#breadcrumb\"},\"inLanguage\":\"sv-SE\",\"potentialAction\":[{\"@type\":\"ReadAction\",\"target\":[\"https:\\\/\\\/transformiran.com\\\/sv\\\/vart-arbete\\\/leadership-development\\\/\"]}]},{\"@type\":\"ImageObject\",\"inLanguage\":\"sv-SE\",\"@id\":\"https:\\\/\\\/transformiran.com\\\/sv\\\/vart-arbete\\\/leadership-development\\\/#primaryimage\",\"url\":\"https:\\\/\\\/transformiran.com\\\/app\\\/uploads\\\/2025\\\/05\\\/Leaders-Meeting-4-1024x547.jpeg\",\"contentUrl\":\"https:\\\/\\\/transformiran.com\\\/app\\\/uploads\\\/2025\\\/05\\\/Leaders-Meeting-4-1024x547.jpeg\"},{\"@type\":\"BreadcrumbList\",\"@id\":\"https:\\\/\\\/transformiran.com\\\/sv\\\/vart-arbete\\\/leadership-development\\\/#breadcrumb\",\"itemListElement\":[{\"@type\":\"ListItem\",\"position\":1,\"name\":\"Home\",\"item\":\"https:\\\/\\\/transformiran.com\\\/sv\\\/home\\\/\"},{\"@type\":\"ListItem\",\"position\":2,\"name\":\"Our work\",\"item\":\"https:\\\/\\\/transformiran.com\\\/sv\\\/vart-arbete\\\/\"},{\"@type\":\"ListItem\",\"position\":3,\"name\":\"Leadership Development\"}]},{\"@type\":\"WebSite\",\"@id\":\"https:\\\/\\\/transformiran.com\\\/sv\\\/#website\",\"url\":\"https:\\\/\\\/transformiran.com\\\/sv\\\/\",\"name\":\"Transform Iran\",\"description\":\"Bringing the love and power of Christ to Iran - and beyond\",\"publisher\":{\"@id\":\"https:\\\/\\\/transformiran.com\\\/sv\\\/#organization\"},\"potentialAction\":[{\"@type\":\"SearchAction\",\"target\":{\"@type\":\"EntryPoint\",\"urlTemplate\":\"https:\\\/\\\/transformiran.com\\\/sv\\\/?s={search_term_string}\"},\"query-input\":{\"@type\":\"PropertyValueSpecification\",\"valueRequired\":true,\"valueName\":\"search_term_string\"}}],\"inLanguage\":\"sv-SE\"},{\"@type\":\"Organization\",\"@id\":\"https:\\\/\\\/transformiran.com\\\/sv\\\/#organization\",\"name\":\"Transform Iran\",\"url\":\"https:\\\/\\\/transformiran.com\\\/sv\\\/\",\"logo\":{\"@type\":\"ImageObject\",\"inLanguage\":\"sv-SE\",\"@id\":\"https:\\\/\\\/transformiran.com\\\/sv\\\/#\\\/schema\\\/logo\\\/image\\\/\",\"url\":\"https:\\\/\\\/transformiran.com\\\/app\\\/uploads\\\/2022\\\/11\\\/logo_grey.jpg\",\"contentUrl\":\"https:\\\/\\\/transformiran.com\\\/app\\\/uploads\\\/2022\\\/11\\\/logo_grey.jpg\",\"width\":528,\"height\":90,\"caption\":\"Transform Iran\"},\"image\":{\"@id\":\"https:\\\/\\\/transformiran.com\\\/sv\\\/#\\\/schema\\\/logo\\\/image\\\/\"},\"sameAs\":[\"https:\\\/\\\/www.facebook.com\\\/222MinistriesUSAInc\",\"https:\\\/\\\/x.com\\\/222minint\",\"https:\\\/\\\/www.instagram.com\\\/222ministriesinternational\\\/\"]}]}<\/script>\n<!-- \/ Yoast SEO plugin. -->","yoast_head_json":{"title":"Leadership Development - Transform Iran","description":"Transform Iran har \u00e5tagit sig att utveckla ledare som kommer att f\u00f6rvandla nationen Iran och den omgivande regionen.","robots":{"index":"index","follow":"follow","max-snippet":"max-snippet:-1","max-image-preview":"max-image-preview:large","max-video-preview":"max-video-preview:-1"},"canonical":"https:\/\/transformiran.com\/sv\/vart-arbete\/leadership-development\/","og_locale":"sv_SE","og_type":"article","og_title":"Leadership Development - Transform Iran","og_description":"Transform Iran har \u00e5tagit sig att utveckla ledare som kommer att f\u00f6rvandla nationen Iran och den omgivande regionen.","og_url":"https:\/\/transformiran.com\/sv\/vart-arbete\/leadership-development\/","og_site_name":"Transform Iran","article_publisher":"https:\/\/www.facebook.com\/222MinistriesUSAInc","article_modified_time":"2025-10-16T22:07:40+00:00","og_image":[{"width":3000,"height":1601,"url":"https:\/\/transformiran.com\/app\/uploads\/2025\/05\/Leaders-Meeting-4-scaled.jpeg","type":"image\/jpeg"}],"twitter_card":"summary_large_image","twitter_site":"@222minint","twitter_misc":{"Est. reading time":"6 minutes"},"schema":{"@context":"https:\/\/schema.org","@graph":[{"@type":"WebPage","@id":"https:\/\/transformiran.com\/sv\/vart-arbete\/leadership-development\/","url":"https:\/\/transformiran.com\/sv\/vart-arbete\/leadership-development\/","name":"Leadership Development - Transform Iran","isPartOf":{"@id":"https:\/\/transformiran.com\/sv\/#website"},"primaryImageOfPage":{"@id":"https:\/\/transformiran.com\/sv\/vart-arbete\/leadership-development\/#primaryimage"},"image":{"@id":"https:\/\/transformiran.com\/sv\/vart-arbete\/leadership-development\/#primaryimage"},"thumbnailUrl":"https:\/\/transformiran.com\/app\/uploads\/2025\/05\/Leaders-Meeting-4-1024x547.jpeg","datePublished":"2023-03-29T13:50:45+00:00","dateModified":"2025-10-16T22:07:40+00:00","description":"Transform Iran har \u00e5tagit sig att utveckla ledare som kommer att f\u00f6rvandla nationen Iran och den omgivande regionen.","breadcrumb":{"@id":"https:\/\/transformiran.com\/sv\/vart-arbete\/leadership-development\/#breadcrumb"},"inLanguage":"sv-SE","potentialAction":[{"@type":"ReadAction","target":["https:\/\/transformiran.com\/sv\/vart-arbete\/leadership-development\/"]}]},{"@type":"ImageObject","inLanguage":"sv-SE","@id":"https:\/\/transformiran.com\/sv\/vart-arbete\/leadership-development\/#primaryimage","url":"https:\/\/transformiran.com\/app\/uploads\/2025\/05\/Leaders-Meeting-4-1024x547.jpeg","contentUrl":"https:\/\/transformiran.com\/app\/uploads\/2025\/05\/Leaders-Meeting-4-1024x547.jpeg"},{"@type":"BreadcrumbList","@id":"https:\/\/transformiran.com\/sv\/vart-arbete\/leadership-development\/#breadcrumb","itemListElement":[{"@type":"ListItem","position":1,"name":"Home","item":"https:\/\/transformiran.com\/sv\/home\/"},{"@type":"ListItem","position":2,"name":"Our work","item":"https:\/\/transformiran.com\/sv\/vart-arbete\/"},{"@type":"ListItem","position":3,"name":"Leadership Development"}]},{"@type":"WebSite","@id":"https:\/\/transformiran.com\/sv\/#website","url":"https:\/\/transformiran.com\/sv\/","name":"Transform Iran","description":"Bringing the love and power of Christ to Iran - and beyond","publisher":{"@id":"https:\/\/transformiran.com\/sv\/#organization"},"potentialAction":[{"@type":"SearchAction","target":{"@type":"EntryPoint","urlTemplate":"https:\/\/transformiran.com\/sv\/?s={search_term_string}"},"query-input":{"@type":"PropertyValueSpecification","valueRequired":true,"valueName":"search_term_string"}}],"inLanguage":"sv-SE"},{"@type":"Organization","@id":"https:\/\/transformiran.com\/sv\/#organization","name":"Transform Iran","url":"https:\/\/transformiran.com\/sv\/","logo":{"@type":"ImageObject","inLanguage":"sv-SE","@id":"https:\/\/transformiran.com\/sv\/#\/schema\/logo\/image\/","url":"https:\/\/transformiran.com\/app\/uploads\/2022\/11\/logo_grey.jpg","contentUrl":"https:\/\/transformiran.com\/app\/uploads\/2022\/11\/logo_grey.jpg","width":528,"height":90,"caption":"Transform Iran"},"image":{"@id":"https:\/\/transformiran.com\/sv\/#\/schema\/logo\/image\/"},"sameAs":["https:\/\/www.facebook.com\/222MinistriesUSAInc","https:\/\/x.com\/222minint","https:\/\/www.instagram.com\/222ministriesinternational\/"]}]}},"campaignId":"","_links":{"self":[{"href":"https:\/\/transformiran.com\/sv\/wp-json\/wp\/v2\/pages\/13044","targetHints":{"allow":["GET"]}}],"collection":[{"href":"https:\/\/transformiran.com\/sv\/wp-json\/wp\/v2\/pages"}],"about":[{"href":"https:\/\/transformiran.com\/sv\/wp-json\/wp\/v2\/types\/page"}],"author":[{"embeddable":true,"href":"https:\/\/transformiran.com\/sv\/wp-json\/wp\/v2\/users\/4"}],"replies":[{"embeddable":true,"href":"https:\/\/transformiran.com\/sv\/wp-json\/wp\/v2\/comments?post=13044"}],"version-history":[{"count":3,"href":"https:\/\/transformiran.com\/sv\/wp-json\/wp\/v2\/pages\/13044\/revisions"}],"predecessor-version":[{"id":33467,"href":"https:\/\/transformiran.com\/sv\/wp-json\/wp\/v2\/pages\/13044\/revisions\/33467"}],"up":[{"embeddable":true,"href":"https:\/\/transformiran.com\/sv\/wp-json\/wp\/v2\/pages\/13029"}],"wp:attachment":[{"href":"https:\/\/transformiran.com\/sv\/wp-json\/wp\/v2\/media?parent=13044"}],"curies":[{"name":"wp","href":"https:\/\/api.w.org\/{rel}","templated":true}]}}