{"id":23636,"date":"2024-06-03T23:45:38","date_gmt":"2024-06-03T22:45:38","guid":{"rendered":"https:\/\/transformiran.com\/vart-arbete\/att-na-ut-till-barnen\/"},"modified":"2025-04-28T15:34:26","modified_gmt":"2025-04-28T14:34:26","slug":"att-na-ut-till-barnen","status":"publish","type":"page","link":"https:\/\/transformiran.com\/sv\/vart-arbete\/att-na-ut-till-barnen\/","title":{"rendered":"Att n\u00e5 ut till barnen"},"content":{"rendered":"\n<p><strong><em>&#8220;Jesus sade: &#8216;L\u00e5t de sm\u00e5 barnen komma till mig, och hindra dem inte, ty himmelriket tillh\u00f6r s\u00e5dana som dessa.'&#8221;<\/em><\/strong> Matteus 19:14<\/p>\n\n<p><\/p>\n\n<h2 class=\"wp-block-heading\">St\u00e4rka Irans n\u00e4sta generation<\/h2>\n\n<h3 class=\"wp-block-heading\">Vikten av att n\u00e5 ut till Irans barn<\/h3>\n\n<p><\/p>\n\n<p>Barnen i Iran st\u00e5r inf\u00f6r enorma utmaningar: f\u00f6rtryckande regimer, fattigdom, krig och en v\u00e4xande psykisk oh\u00e4lsa. M\u00e5nga uts\u00e4tts f\u00f6r vuxna som k\u00e4mpar med depression, \u00e5ngest eller missbruk &#8211; vilket g\u00f6r att de l\u00f6per stor risk att uts\u00e4ttas f\u00f6r trauma. Dessa barn befinner sig i en kritisk \u00e5lder, d\u00e4r de formar sin v\u00e4rldsbild, g\u00f6r val om sin framtid och uppt\u00e4cker sin identitet.  <\/p>\n\n<p><\/p>\n\n<blockquote class=\"wp-block-quote has-black-color has-text-color has-link-color wp-elements-4c4c3d10028116ea02ecfc04af6a0e43 is-layout-flow wp-block-quote-is-layout-flow\">\n<p class=\"has-black-color has-text-color has-link-color has-medium-font-size wp-elements-b614bd19b970f205e855e9c6e8dc74f7\">P\u00e5 Transform Iran \u00e4r vi dedikerade till att st\u00f6dja kristna barn i Iran genom att ge dem hopp, resurser och gemenskap f\u00f6r att hj\u00e4lpa dem att inte bara \u00f6verleva, utan ocks\u00e5 frodas. Vi ger dem m\u00f6jlighet att st\u00e5 starka i sin tro och med sj\u00e4lvf\u00f6rtroende omfamna sin identitet i Kristus. V\u00e5r vision \u00e4r att utrusta dem till att vara kraftfulla vittnen f\u00f6r sina kamrater och dela evangeliet med dem som finns runt omkring dem.  <\/p>\n<\/blockquote>\n\n<p><\/p>\n\n<h2 class=\"wp-block-heading\">Varf\u00f6r \u00e4r det s\u00e5 viktigt att n\u00e5 barnen i Iran?<\/h2>\n\n<p>Dessa barn \u00e4r Irans framtid. Det \u00e4r absolut n\u00f6dv\u00e4ndigt att vi n\u00e5r dem med evangeliets budskap medan de \u00e4r unga f\u00f6r att p\u00e5 ett effektivt s\u00e4tt n\u00e5 hela v\u00e5r nation f\u00f6r Kristus. Det \u00e4r i denna \u00e5lder som v\u00e4rldsbilder formas och det \u00e4r ocks\u00e5 i denna \u00e5lder som barn g\u00f6r val som p\u00e5verkar deras framtid och deras f\u00f6rst\u00e5else av sitt v\u00e4rde och sin identitet.<\/p>\n\n<p><\/p>\n\n<h3 class=\"wp-block-heading\">Farorna med falska l\u00e4ror och f\u00f6rtryck<\/h3>\n\n<p><\/p>\n\n<p>Regeringen i Iran l\u00e4r barnen att deras r\u00f6st inte spelar n\u00e5gon roll, att deras framtid kan och m\u00e5ste avg\u00f6ras av deras n\u00e4rmaste manliga sl\u00e4kting, att kvinnor ska t\u00e4ckas \u00f6ver, underordna sig m\u00e4n, behandlas som objekt, anv\u00e4ndas f\u00f6r n\u00f6jes skull och kasseras n\u00e4r de vill, och att barn som f\u00f6ds i misshandelsf\u00f6rh\u00e5llanden \u00e4r o\u00e4kta och mindre v\u00e4rdefulla f\u00f6r samh\u00e4llet.<\/p>\n\n<p><\/p>\n\n<p>Barn f\u00e5r l\u00e4ra sig en bild av Gud som \u00e4r of\u00f6ruts\u00e4gbar, som kan bli vred, som alltid ser till g\u00e4rningar (i st\u00e4llet f\u00f6r hj\u00e4rta), som kr\u00e4ver lydnad och \u00e4r beredd att straffa dem som sviker honom. De f\u00e5r l\u00e4ra sig att de inte f\u00e5r ifr\u00e5gas\u00e4tta Gud, att de m\u00e5ste v\u00e4rdera sina religi\u00f6sa rutiner och sin h\u00e4ngivenhet h\u00f6gre \u00e4n allt annat, att jihad \u00e4r hederv\u00e4rt och att judar och kristna m\u00e5ste elimineras.<\/p>\n\n<p><\/p>\n\n<p><a href=\"https:\/\/transformiran.com\/sv\/learn-sv\/utmaningar-som-iranska-barn-star-infor-idag\/\">L\u00e4s mer om de utmaningar som Irans barn st\u00e5r inf\u00f6r idag<\/a><\/p>\n\n<p><\/p>\n\n<p class=\"has-medium-font-size\"><strong>Under dessa sv\u00e5ra omst\u00e4ndigheter finns det ett akut behov av kristna gemenskaper som kan erbjuda st\u00f6d, uppmuntran och v\u00e4gledning.<\/strong><\/p>\n\n<figure class=\"wp-block-embed is-type-video is-provider-youtube wp-block-embed-youtube wp-embed-aspect-16-9 wp-has-aspect-ratio\"><div class=\"wp-block-embed__wrapper\">\n<iframe title=\"Bringing Hope to Iran&#039;s Children\" width=\"500\" height=\"281\" src=\"https:\/\/www.youtube.com\/embed\/UqlVFgh2xqQ?feature=oembed\" frameborder=\"0\" allow=\"accelerometer; autoplay; clipboard-write; encrypted-media; gyroscope; picture-in-picture; web-share\" referrerpolicy=\"strict-origin-when-cross-origin\" allowfullscreen><\/iframe>\n<\/div><\/figure>\n\n<blockquote class=\"wp-block-quote is-layout-flow wp-block-quote-is-layout-flow\">\n<p>Vi vill n\u00e5 dessa barn med hoppet om Jesus, ge dem kraft att \u00f6vervinna den dagliga f\u00f6rf\u00f6ljelsen och k\u00e4nna igen falska l\u00e4ror innan de sl\u00e5r rot. N\u00e4r vi skyddar dem fr\u00e5n skadliga v\u00e4rldsbilder och missuppfattningar om deras k\u00e4rleksfulla himmelske Fader kan de b\u00e4ttre f\u00f6rst\u00e5 budskapet om Kristus och sin identitet i honom.<\/p>\n<\/blockquote>\n\n<h2 class=\"wp-block-heading\">Hur n\u00e5r Transform Iran ut till barnen i Iran?<\/h2>\n\n<p><\/p>\n\n<p><\/p>\n\n<h3 class=\"wp-block-heading has-black-color has-text-color has-link-color wp-elements-eab7559b2095d96925d3e3c5bbee4c1b\">Anv\u00e4nda media f\u00f6r att n\u00e5 Irans barn med evangeliet<\/h3>\n\n<p><\/p>\n\n<p class=\"has-black-color has-text-color has-link-color wp-elements-b6b4b2ece41c55d620194dd32d10ec17\">Med hj\u00e4lp av s\u00e4rskilt framtagna medier och med st\u00f6d av utbildade barnpastorer kan vi se till att Irans barn h\u00f6r och f\u00f6rst\u00e5r evangeliets budskap och att de som tar till sig budskapet f\u00e5r undervisning och mentorskap s\u00e5 att de kan v\u00e4xa in i en meningsfull personlig tro p\u00e5 Jesus Kristus.<\/p>\n\n<p><\/p>\n\n<p><strong>Utveckla en nationell ikon: i<\/strong> mer \u00e4n 20 \u00e5r har Irans barn \u00e4lskat en fr\u00e4ck och nyfiken TV-docka som heter &#8220;Chera&#8221; (=Varf\u00f6r). Enligt Irans nationella TV-statistik har 10 miljoner barn tittat p\u00e5 Chera-program.<\/p>\n\n<p>Under 2014 gick producenten och dockspelaren f\u00f6r denna nationella ikon samman med Transform Iran och hj\u00e4lpte till att skapa en direkt respons: &#8220;Chonke&#8221; (=f\u00f6r att). Chonke anv\u00e4nder dockan Cheras ursprungliga r\u00f6st. Cirka 100 avsnitt skapades och har visats m\u00e5nga g\u00e5nger sedan dess, med \u00f6verv\u00e4ldigande positiv respons. Vi f\u00f6rbereder f\u00f6r n\u00e4rvarande en nylansering som inneb\u00e4r att den \u00e4lskade Chonke \u00f6verg\u00e5r till animation.<\/p>\n\n<div class=\"wp-block-columns is-layout-flex wp-container-core-columns-is-layout-9d6595d7 wp-block-columns-is-layout-flex\">\n<div class=\"wp-block-column is-layout-flow wp-block-column-is-layout-flow\">\n<figure class=\"wp-block-image size-large\"><img decoding=\"async\" width=\"1024\" height=\"790\" src=\"https:\/\/transformiran.com\/app\/uploads\/2024\/06\/222TV-Chonke-lite-1024x790.jpeg\" alt=\"Transform Iran's Chonke Puppet\" class=\"wp-image-23623\" srcset=\"https:\/\/transformiran.com\/app\/uploads\/2024\/06\/222TV-Chonke-lite-1024x790.jpeg 1024w, https:\/\/transformiran.com\/app\/uploads\/2024\/06\/222TV-Chonke-lite-300x231.jpeg 300w, https:\/\/transformiran.com\/app\/uploads\/2024\/06\/222TV-Chonke-lite-768x592.jpeg 768w, https:\/\/transformiran.com\/app\/uploads\/2024\/06\/222TV-Chonke-lite-1536x1185.jpeg 1536w, https:\/\/transformiran.com\/app\/uploads\/2024\/06\/222TV-Chonke-lite-2048x1579.jpeg 2048w\" sizes=\"(max-width: 1024px) 100vw, 1024px\" \/><figcaption class=\"wp-element-caption\">2014 Chonke marionett skapad av Transform Iran<\/figcaption><\/figure>\n<\/div>\n\n\n\n<div class=\"wp-block-column is-layout-flow wp-block-column-is-layout-flow\">\n<figure class=\"wp-block-image size-large\"><img decoding=\"async\" width=\"1024\" height=\"791\" src=\"https:\/\/transformiran.com\/app\/uploads\/2024\/11\/CheraChonke-website-homepage-Nov-2024-lite-1-1024x791.jpg\" alt=\"CheraChonke Hemsida\" class=\"wp-image-27060\" srcset=\"https:\/\/transformiran.com\/app\/uploads\/2024\/11\/CheraChonke-website-homepage-Nov-2024-lite-1-1024x791.jpg 1024w, https:\/\/transformiran.com\/app\/uploads\/2024\/11\/CheraChonke-website-homepage-Nov-2024-lite-1-300x232.jpg 300w, https:\/\/transformiran.com\/app\/uploads\/2024\/11\/CheraChonke-website-homepage-Nov-2024-lite-1-768x593.jpg 768w, https:\/\/transformiran.com\/app\/uploads\/2024\/11\/CheraChonke-website-homepage-Nov-2024-lite-1-1536x1186.jpg 1536w, https:\/\/transformiran.com\/app\/uploads\/2024\/11\/CheraChonke-website-homepage-Nov-2024-lite-1.jpg 1861w\" sizes=\"(max-width: 1024px) 100vw, 1024px\" \/><figcaption class=\"wp-element-caption\">Skr\u00e4ddarsydd kristen webbplats f\u00f6r iranska barn<\/figcaption><\/figure>\n<\/div>\n<\/div>\n\n<h3 class=\"wp-block-heading\">Interaktiva kristna resurser f\u00f6r iranska barn<\/h3>\n\n<p><\/p>\n\n<p><strong>Utveckla ett digitalt resurscenter:<\/strong> genom gener\u00f6sa investeringar fr\u00e5n strategiska partners har vi skapat en skr\u00e4ddarsydd webbplats f\u00f6r barn med en v\u00e4xande m\u00e4ngd resurser f\u00f6r f\u00f6r\u00e4ldrar, barnpastorer och l\u00e4rare, liksom evangeliepresentationer f\u00f6r barn, interaktiva spel, kristna TV- och ljudprogram f\u00f6r barn med mera. www. <a href=\"http:\/\/www.cherachonke.com\/\" target=\"_blank\" rel=\"noreferrer noopener\">cherachonke.com<\/a> \u00e4r ett banbrytande evangelisationsverktyg f\u00f6r barnen i Iran.  <\/p>\n\n<p><\/p>\n\n<h3 class=\"wp-block-heading has-black-color has-text-color has-link-color wp-elements-f4dec07d6b3bd2c87b80c999e90cad3b\">Upps\u00f6kande verksamhet i samh\u00e4llet och personligt st\u00f6d<\/h3>\n\n<p><\/p>\n\n<p>Genom en serie skr\u00e4ddarsydda veckoprogram (OCJ) f\u00f6rs kristna barn &#8211; och de som de n\u00e5r &#8211; samman f\u00f6r att bygga gemenskap, delta i l\u00e4rorika fritidsaktiviteter, l\u00e4ra sig mer om Jesus och v\u00e4xa i sin egen identitet och tro. Gemenskapen mellan j\u00e4mn\u00e5riga st\u00e4rker barnen i deras f\u00f6rst\u00e5else av evangeliet och i deras sj\u00e4lvf\u00f6rtroende n\u00e4r det g\u00e4ller evangelisation.   <\/p>\n\n<p><\/p>\n\n<p>Humanit\u00e4rt bist\u00e5nd tillgodoser deras fysiska behov, inklusive n\u00e4ringsriktiga m\u00e5ltider, vinterkl\u00e4der och personliga g\u00e5vor. B\u00f6n och andligt st\u00f6d ges till hela familjen. <\/p>\n\n<p><\/p>\n\n<blockquote class=\"wp-block-quote is-layout-flow wp-block-quote-is-layout-flow\">\n<p>Det h\u00e4r \u00e4r ett sp\u00e4nnande s\u00e4tt att ge barnen en m\u00f6jlighet att verkligen f\u00f6rst\u00e5 vem Jesus \u00e4r, vad han har gjort f\u00f6r dem och att m\u00f6ta honom personligen.<\/p>\n<\/blockquote>\n\n<p><\/p>\n\n<p>I slutna l\u00e4nder som Iran och Afghanistan g\u00f6r vi detta i mycket mindre grupper i hemmen, med noggrann h\u00e4nsyn till deras s\u00e4kerhet. H\u00e4r blir tillg\u00e5ngen till digitala medier av h\u00f6g kvalitet via <a href=\"http:\/\/www.cherachonke.com\" target=\"_blank\" rel=\"noreferrer noopener\">www.cherachonke.com<\/a> avg\u00f6rande. <\/p>\n\n<p><a href=\"https:\/\/transformiran.com\/sv\/vart-arbete\/operation-julgladje\/\">L\u00e4s mer om Operation Christmas Joy (OCJ)<\/a><\/p>\n\n<p><\/p>\n\n<h3 class=\"wp-block-heading has-black-color has-text-color has-link-color wp-elements-c74c4410c86bd3a3e049a1baf9889ab5\">Utbildning av barnpastorer och evangelister<\/h3>\n\n<p><\/p>\n\n<p>Transform Iran tillhandah\u00e5ller djupg\u00e5ende och personlig utbildning s\u00e5 att barnpastorer och evangelister kan fostras till att se till att evangeliets budskap presenteras f\u00f6r barn p\u00e5 ett s\u00e4tt som \u00e4r l\u00e4tt att ta till sig och som kommer att ber\u00f6ra deras hj\u00e4rtan.<\/p>\n\n<p><\/p>\n\n<div class=\"wp-block-group has-blue-background-color has-background\"><div class=\"wp-block-group__inner-container is-layout-constrained wp-block-group-is-layout-constrained\">\n<h2 class=\"wp-block-heading has-white-color has-text-color has-link-color wp-elements-4b06fed6a540181ae95eed03c84cb6c5\">Kan du hj\u00e4lpa till att ge kristna barn m\u00f6jlighet att \u00f6vervinna?<\/h2>\n\n\n\n<p>Barnen i Iran beh\u00f6ver v\u00e5r hj\u00e4lp f\u00f6r att \u00f6vervinna de utmaningar de st\u00e5r inf\u00f6r och f\u00f6r att st\u00e5 fast i sin tro. Ditt st\u00f6d kan g\u00f6ra skillnad i iranska barns liv, hj\u00e4lpa dem att bygga varaktiga relationer med Jesus och bli modiga vittnen f\u00f6r Kristus i sina samh\u00e4llen. <\/p>\n\n\n\n<div class=\"wp-block-buttons is-layout-flex wp-block-buttons-is-layout-flex\">\n<div class=\"wp-block-button\"><a class=\"wp-block-button__link wp-element-button\" href=\"https:\/\/transformiran.com\/sv\/donera\/\">Donera nu<\/a><\/div>\n<\/div>\n<\/div><\/div>\n\n<p><\/p>\n","protected":false},"excerpt":{"rendered":"<p>&#8220;Jesus sade: &#8216;L\u00e5t de sm\u00e5 barnen komma till mig, och hindra dem inte, ty himmelriket tillh\u00f6r s\u00e5dana som dessa.&#8217;&#8221; Matteus 19:14 St\u00e4rka Irans n\u00e4sta generation Vikten av att n\u00e5 ut till Irans barn Barnen i Iran st\u00e5r inf\u00f6r enorma utmaningar: f\u00f6rtryckande regimer, fattigdom, krig och en v\u00e4xande psykisk oh\u00e4lsa. M\u00e5nga uts\u00e4tts f\u00f6r vuxna som k\u00e4mpar [&hellip;]<\/p>\n","protected":false},"author":4,"featured_media":23447,"parent":13029,"menu_order":0,"comment_status":"closed","ping_status":"closed","template":"page-work.php","meta":{"_acf_changed":false,"give_campaign_id":0,"om_disable_all_campaigns":false,"_mi_skip_tracking":false,"footnotes":""},"class_list":["post-23636","page","type-page","status-publish","has-post-thumbnail","hentry"],"acf":[],"yoast_head":"<!-- This site is optimized with the Yoast SEO plugin v27.2 - https:\/\/yoast.com\/product\/yoast-seo-wordpress\/ -->\n<title>Att n\u00e5 ut till barnen - Transform Iran<\/title>\n<meta name=\"robots\" content=\"index, follow, max-snippet:-1, max-image-preview:large, max-video-preview:-1\" \/>\n<link rel=\"canonical\" href=\"https:\/\/transformiran.com\/sv\/vart-arbete\/att-na-ut-till-barnen\/\" \/>\n<meta property=\"og:locale\" content=\"sv_SE\" \/>\n<meta property=\"og:type\" content=\"article\" \/>\n<meta property=\"og:title\" content=\"Att n\u00e5 ut till barnen - Transform Iran\" \/>\n<meta property=\"og:description\" content=\"&#8220;Jesus sade: &#8216;L\u00e5t de sm\u00e5 barnen komma till mig, och hindra dem inte, ty himmelriket tillh\u00f6r s\u00e5dana som dessa.&#039;&#8221; Matteus 19:14 St\u00e4rka Irans n\u00e4sta generation Vikten av att n\u00e5 ut till Irans barn Barnen i Iran st\u00e5r inf\u00f6r enorma utmaningar: f\u00f6rtryckande regimer, fattigdom, krig och en v\u00e4xande psykisk oh\u00e4lsa. M\u00e5nga uts\u00e4tts f\u00f6r vuxna som k\u00e4mpar [&hellip;]\" \/>\n<meta property=\"og:url\" content=\"https:\/\/transformiran.com\/sv\/vart-arbete\/att-na-ut-till-barnen\/\" \/>\n<meta property=\"og:site_name\" content=\"Transform Iran\" \/>\n<meta property=\"article:publisher\" content=\"https:\/\/www.facebook.com\/222MinistriesUSAInc\" \/>\n<meta property=\"article:modified_time\" content=\"2025-04-28T14:34:26+00:00\" \/>\n<meta property=\"og:image\" content=\"https:\/\/transformiran.com\/app\/uploads\/2024\/06\/child-looking-up-landscape-scaled.jpg\" \/>\n\t<meta property=\"og:image:width\" content=\"3000\" \/>\n\t<meta property=\"og:image:height\" content=\"2369\" \/>\n\t<meta property=\"og:image:type\" content=\"image\/jpeg\" \/>\n<meta name=\"twitter:card\" content=\"summary_large_image\" \/>\n<meta name=\"twitter:site\" content=\"@222minint\" \/>\n<meta name=\"twitter:label1\" content=\"Est. reading time\" \/>\n\t<meta name=\"twitter:data1\" content=\"6 minutes\" \/>\n<script type=\"application\/ld+json\" class=\"yoast-schema-graph\">{\"@context\":\"https:\/\/schema.org\",\"@graph\":[{\"@type\":\"WebPage\",\"@id\":\"https:\/\/transformiran.com\/sv\/vart-arbete\/att-na-ut-till-barnen\/\",\"url\":\"https:\/\/transformiran.com\/sv\/vart-arbete\/att-na-ut-till-barnen\/\",\"name\":\"Att n\u00e5 ut till barnen - Transform Iran\",\"isPartOf\":{\"@id\":\"https:\/\/transformiran.com\/sv\/#website\"},\"primaryImageOfPage\":{\"@id\":\"https:\/\/transformiran.com\/sv\/vart-arbete\/att-na-ut-till-barnen\/#primaryimage\"},\"image\":{\"@id\":\"https:\/\/transformiran.com\/sv\/vart-arbete\/att-na-ut-till-barnen\/#primaryimage\"},\"thumbnailUrl\":\"https:\/\/transformiran.com\/app\/uploads\/2024\/06\/child-looking-up-landscape-scaled.jpg\",\"datePublished\":\"2024-06-03T22:45:38+00:00\",\"dateModified\":\"2025-04-28T14:34:26+00:00\",\"breadcrumb\":{\"@id\":\"https:\/\/transformiran.com\/sv\/vart-arbete\/att-na-ut-till-barnen\/#breadcrumb\"},\"inLanguage\":\"sv-SE\",\"potentialAction\":[{\"@type\":\"ReadAction\",\"target\":[\"https:\/\/transformiran.com\/sv\/vart-arbete\/att-na-ut-till-barnen\/\"]}]},{\"@type\":\"ImageObject\",\"inLanguage\":\"sv-SE\",\"@id\":\"https:\/\/transformiran.com\/sv\/vart-arbete\/att-na-ut-till-barnen\/#primaryimage\",\"url\":\"https:\/\/transformiran.com\/app\/uploads\/2024\/06\/child-looking-up-landscape-scaled.jpg\",\"contentUrl\":\"https:\/\/transformiran.com\/app\/uploads\/2024\/06\/child-looking-up-landscape-scaled.jpg\",\"width\":3000,\"height\":2369},{\"@type\":\"BreadcrumbList\",\"@id\":\"https:\/\/transformiran.com\/sv\/vart-arbete\/att-na-ut-till-barnen\/#breadcrumb\",\"itemListElement\":[{\"@type\":\"ListItem\",\"position\":1,\"name\":\"Home\",\"item\":\"https:\/\/transformiran.com\/sv\/home\/\"},{\"@type\":\"ListItem\",\"position\":2,\"name\":\"Our work\",\"item\":\"https:\/\/transformiran.com\/sv\/vart-arbete\/\"},{\"@type\":\"ListItem\",\"position\":3,\"name\":\"Att n\u00e5 ut till barnen\"}]},{\"@type\":\"WebSite\",\"@id\":\"https:\/\/transformiran.com\/sv\/#website\",\"url\":\"https:\/\/transformiran.com\/sv\/\",\"name\":\"Transform Iran\",\"description\":\"Bringing the love and power of Christ to Iran - and beyond\",\"publisher\":{\"@id\":\"https:\/\/transformiran.com\/sv\/#organization\"},\"potentialAction\":[{\"@type\":\"SearchAction\",\"target\":{\"@type\":\"EntryPoint\",\"urlTemplate\":\"https:\/\/transformiran.com\/sv\/?s={search_term_string}\"},\"query-input\":{\"@type\":\"PropertyValueSpecification\",\"valueRequired\":true,\"valueName\":\"search_term_string\"}}],\"inLanguage\":\"sv-SE\"},{\"@type\":\"Organization\",\"@id\":\"https:\/\/transformiran.com\/sv\/#organization\",\"name\":\"Transform Iran\",\"url\":\"https:\/\/transformiran.com\/sv\/\",\"logo\":{\"@type\":\"ImageObject\",\"inLanguage\":\"sv-SE\",\"@id\":\"https:\/\/transformiran.com\/sv\/#\/schema\/logo\/image\/\",\"url\":\"https:\/\/transformiran.com\/app\/uploads\/2022\/11\/logo_grey.jpg\",\"contentUrl\":\"https:\/\/transformiran.com\/app\/uploads\/2022\/11\/logo_grey.jpg\",\"width\":528,\"height\":90,\"caption\":\"Transform Iran\"},\"image\":{\"@id\":\"https:\/\/transformiran.com\/sv\/#\/schema\/logo\/image\/\"},\"sameAs\":[\"https:\/\/www.facebook.com\/222MinistriesUSAInc\",\"https:\/\/x.com\/222minint\",\"https:\/\/www.instagram.com\/222ministriesinternational\/\"]}]}<\/script>\n<!-- \/ Yoast SEO plugin. -->","yoast_head_json":{"title":"Att n\u00e5 ut till barnen - Transform Iran","robots":{"index":"index","follow":"follow","max-snippet":"max-snippet:-1","max-image-preview":"max-image-preview:large","max-video-preview":"max-video-preview:-1"},"canonical":"https:\/\/transformiran.com\/sv\/vart-arbete\/att-na-ut-till-barnen\/","og_locale":"sv_SE","og_type":"article","og_title":"Att n\u00e5 ut till barnen - Transform Iran","og_description":"&#8220;Jesus sade: &#8216;L\u00e5t de sm\u00e5 barnen komma till mig, och hindra dem inte, ty himmelriket tillh\u00f6r s\u00e5dana som dessa.'&#8221; Matteus 19:14 St\u00e4rka Irans n\u00e4sta generation Vikten av att n\u00e5 ut till Irans barn Barnen i Iran st\u00e5r inf\u00f6r enorma utmaningar: f\u00f6rtryckande regimer, fattigdom, krig och en v\u00e4xande psykisk oh\u00e4lsa. M\u00e5nga uts\u00e4tts f\u00f6r vuxna som k\u00e4mpar [&hellip;]","og_url":"https:\/\/transformiran.com\/sv\/vart-arbete\/att-na-ut-till-barnen\/","og_site_name":"Transform Iran","article_publisher":"https:\/\/www.facebook.com\/222MinistriesUSAInc","article_modified_time":"2025-04-28T14:34:26+00:00","og_image":[{"width":3000,"height":2369,"url":"https:\/\/transformiran.com\/app\/uploads\/2024\/06\/child-looking-up-landscape-scaled.jpg","type":"image\/jpeg"}],"twitter_card":"summary_large_image","twitter_site":"@222minint","twitter_misc":{"Est. reading time":"6 minutes"},"schema":{"@context":"https:\/\/schema.org","@graph":[{"@type":"WebPage","@id":"https:\/\/transformiran.com\/sv\/vart-arbete\/att-na-ut-till-barnen\/","url":"https:\/\/transformiran.com\/sv\/vart-arbete\/att-na-ut-till-barnen\/","name":"Att n\u00e5 ut till barnen - Transform Iran","isPartOf":{"@id":"https:\/\/transformiran.com\/sv\/#website"},"primaryImageOfPage":{"@id":"https:\/\/transformiran.com\/sv\/vart-arbete\/att-na-ut-till-barnen\/#primaryimage"},"image":{"@id":"https:\/\/transformiran.com\/sv\/vart-arbete\/att-na-ut-till-barnen\/#primaryimage"},"thumbnailUrl":"https:\/\/transformiran.com\/app\/uploads\/2024\/06\/child-looking-up-landscape-scaled.jpg","datePublished":"2024-06-03T22:45:38+00:00","dateModified":"2025-04-28T14:34:26+00:00","breadcrumb":{"@id":"https:\/\/transformiran.com\/sv\/vart-arbete\/att-na-ut-till-barnen\/#breadcrumb"},"inLanguage":"sv-SE","potentialAction":[{"@type":"ReadAction","target":["https:\/\/transformiran.com\/sv\/vart-arbete\/att-na-ut-till-barnen\/"]}]},{"@type":"ImageObject","inLanguage":"sv-SE","@id":"https:\/\/transformiran.com\/sv\/vart-arbete\/att-na-ut-till-barnen\/#primaryimage","url":"https:\/\/transformiran.com\/app\/uploads\/2024\/06\/child-looking-up-landscape-scaled.jpg","contentUrl":"https:\/\/transformiran.com\/app\/uploads\/2024\/06\/child-looking-up-landscape-scaled.jpg","width":3000,"height":2369},{"@type":"BreadcrumbList","@id":"https:\/\/transformiran.com\/sv\/vart-arbete\/att-na-ut-till-barnen\/#breadcrumb","itemListElement":[{"@type":"ListItem","position":1,"name":"Home","item":"https:\/\/transformiran.com\/sv\/home\/"},{"@type":"ListItem","position":2,"name":"Our work","item":"https:\/\/transformiran.com\/sv\/vart-arbete\/"},{"@type":"ListItem","position":3,"name":"Att n\u00e5 ut till barnen"}]},{"@type":"WebSite","@id":"https:\/\/transformiran.com\/sv\/#website","url":"https:\/\/transformiran.com\/sv\/","name":"Transform Iran","description":"Bringing the love and power of Christ to Iran - and beyond","publisher":{"@id":"https:\/\/transformiran.com\/sv\/#organization"},"potentialAction":[{"@type":"SearchAction","target":{"@type":"EntryPoint","urlTemplate":"https:\/\/transformiran.com\/sv\/?s={search_term_string}"},"query-input":{"@type":"PropertyValueSpecification","valueRequired":true,"valueName":"search_term_string"}}],"inLanguage":"sv-SE"},{"@type":"Organization","@id":"https:\/\/transformiran.com\/sv\/#organization","name":"Transform Iran","url":"https:\/\/transformiran.com\/sv\/","logo":{"@type":"ImageObject","inLanguage":"sv-SE","@id":"https:\/\/transformiran.com\/sv\/#\/schema\/logo\/image\/","url":"https:\/\/transformiran.com\/app\/uploads\/2022\/11\/logo_grey.jpg","contentUrl":"https:\/\/transformiran.com\/app\/uploads\/2022\/11\/logo_grey.jpg","width":528,"height":90,"caption":"Transform Iran"},"image":{"@id":"https:\/\/transformiran.com\/sv\/#\/schema\/logo\/image\/"},"sameAs":["https:\/\/www.facebook.com\/222MinistriesUSAInc","https:\/\/x.com\/222minint","https:\/\/www.instagram.com\/222ministriesinternational\/"]}]}},"campaignId":"","_links":{"self":[{"href":"https:\/\/transformiran.com\/sv\/wp-json\/wp\/v2\/pages\/23636","targetHints":{"allow":["GET"]}}],"collection":[{"href":"https:\/\/transformiran.com\/sv\/wp-json\/wp\/v2\/pages"}],"about":[{"href":"https:\/\/transformiran.com\/sv\/wp-json\/wp\/v2\/types\/page"}],"author":[{"embeddable":true,"href":"https:\/\/transformiran.com\/sv\/wp-json\/wp\/v2\/users\/4"}],"replies":[{"embeddable":true,"href":"https:\/\/transformiran.com\/sv\/wp-json\/wp\/v2\/comments?post=23636"}],"version-history":[{"count":0,"href":"https:\/\/transformiran.com\/sv\/wp-json\/wp\/v2\/pages\/23636\/revisions"}],"up":[{"embeddable":true,"href":"https:\/\/transformiran.com\/sv\/wp-json\/wp\/v2\/pages\/13029"}],"wp:featuredmedia":[{"embeddable":true,"href":"https:\/\/transformiran.com\/sv\/wp-json\/wp\/v2\/media\/23447"}],"wp:attachment":[{"href":"https:\/\/transformiran.com\/sv\/wp-json\/wp\/v2\/media?parent=23636"}],"curies":[{"name":"wp","href":"https:\/\/api.w.org\/{rel}","templated":true}]}}