{"id":26725,"date":"2024-11-08T02:32:46","date_gmt":"2024-11-08T02:32:46","guid":{"rendered":"https:\/\/transformiran.com\/denna-jul-sta-med-barnen-i-iran\/"},"modified":"2025-04-02T11:04:18","modified_gmt":"2025-04-02T10:04:18","slug":"denna-jul-sta-med-barnen-i-iran","status":"publish","type":"page","link":"https:\/\/transformiran.com\/sv\/denna-jul-sta-med-barnen-i-iran\/","title":{"rendered":"Denna jul: St\u00e5 med barnen i Iran"},"content":{"rendered":"\n<p><\/p>\n\n<p class=\"has-vivid-red-color has-text-color has-link-color has-medium-font-size wp-elements-a78716789a012aea1d895df67755e4e3\"><strong>Kan du t\u00e4nka p\u00e5 barnen i Iran n\u00e4r du ger pengar i \u00e5r?<\/strong><\/p>\n\n<p><\/p>\n\n<h2 class=\"wp-block-heading\"><strong>Behovet \u00e4r br\u00e5dskande. Det synbara resultatet \u00e4r evigt. <\/strong><\/h2>\n\n<p>Barnen i Iran st\u00e5r inf\u00f6r utmaningar som aldrig tidigare sk\u00e5dats. Fr\u00e5n f\u00f6rtryckande regimer till \u00f6kande fattigdom och krigets f\u00f6r\u00f6dande effekter, beh\u00f6ver dessa unga hj\u00e4rtan en grund av hopp och k\u00e4rlek. M\u00e5nga av dessa barn &#8211; b\u00e5de i Iran och som flyktingar i grannl\u00e4nderna &#8211; v\u00e4nder sig till Kristus och finner styrka i hans budskap. Men de beh\u00f6ver v\u00e5r hj\u00e4lp f\u00f6r att v\u00e4xa i sin tro och st\u00e5 starka inf\u00f6r motg\u00e5ngar.   <\/p>\n\n<p><\/p>\n\n<blockquote class=\"wp-block-quote is-layout-flow wp-block-quote-is-layout-flow\">\n<p>Varje morgon f\u00f6re skolan ber v\u00e5r son: &#8220;Jesus, skydda mig fr\u00e5n att bli slagen idag.<\/p>\n<\/blockquote>\n\n<div class=\"wp-block-group has-background\" style=\"background-color:#e9ebe9\"><div class=\"wp-block-group__inner-container is-layout-constrained wp-block-group-is-layout-constrained\">\n<h2 class=\"wp-block-heading\"><strong>Du kan g\u00f6ra en best\u00e5ende skillnad.<\/strong><\/h2>\n\n\n\n<p>Med ditt st\u00f6d kan vi f\u00f6rse iranska barn med de resurser, den kristna gemenskap och den v\u00e4gledning de beh\u00f6ver f\u00f6r att utvecklas. Tillsammans kan vi hj\u00e4lpa dem att st\u00e5 starka i sin tro och vittna f\u00f6r v\u00e4rlden runt omkring dem.   <mark style=\"background-color:rgba(0, 0, 0, 0)\" class=\"has-inline-color has-vivid-red-color\">Vill du hj\u00e4lpa oss att n\u00e5 v\u00e5rt m\u00e5l att n\u00e5 1.000 barn under denna givars\u00e4song?<\/mark><\/p>\n\n\n\n<div class=\"wp-block-buttons is-layout-flex wp-block-buttons-is-layout-flex\">\n<div class=\"wp-block-button\"><a class=\"wp-block-button__link has-white-color has-vivid-red-background-color has-text-color has-background has-link-color wp-element-button\" href=\"https:\/\/transformiran.com\/sv\/donera\/\"><strong>Donera nu<\/strong><\/a><\/div>\n<\/div>\n<\/div><\/div>\n\n<hr class=\"wp-block-separator has-alpha-channel-opacity\"\/>\n\n<h2 class=\"wp-block-heading\"><strong>Varf\u00f6r ditt st\u00f6d \u00e4r viktigt<\/strong><\/h2>\n\n<h4 class=\"wp-block-heading has-black-color has-text-color has-link-color wp-elements-3d560eb6c2a573518ec1c4a5025432a0\"><strong>Barnen i Iran st\u00e5r inf\u00f6r ofattbara utmaningar:<\/strong><\/h4>\n\n<p><\/p>\n\n<ul class=\"wp-block-list\">\n<li><strong>I Iran:<\/strong> De uts\u00e4tts f\u00f6r ett starkt tryck att anpassa sig till en statsdriven ideologi, d\u00e4r det \u00e4r obligatoriskt att studera islam. Men mitt under den tunga dagliga f\u00f6rf\u00f6ljelsen v\u00e4ljer m\u00e5nga att f\u00f6lja Kristus. De v\u00e4xer upp i en regim som begr\u00e4nsar deras frihet, deras r\u00f6st och till och med deras framtid. Utan hoppet om Kristus v\u00e4xer en generation upp med alarmerande frekvenser av missbruk, depression, \u00e5ngest och sj\u00e4lvmord.   <br\/><\/li>\n\n\n\n<li><strong>Som flyktingar:<\/strong> M\u00e5nga iranska barn har tvingats fly fr\u00e5n sina hem p\u00e5 grund av sina f\u00f6r\u00e4ldrars tro eller politiska \u00f6vertygelse. Som flyktingar lever de under desperata omst\u00e4ndigheter (begr\u00e4nsad tillg\u00e5ng till arbete eller sjukv\u00e5rd), under st\u00e4ndigt hot om deportation, \u00f6vergrepp och isolering. Dessa barn forts\u00e4tter att uts\u00e4ttas f\u00f6r f\u00f6rf\u00f6ljelse av kamrater och l\u00e4rare i skolan.  <\/li>\n<\/ul>\n\n<p><\/p>\n\n<blockquote class=\"wp-block-quote is-layout-flow wp-block-quote-is-layout-flow\">\n<p>Minsta lilla sak som kan vara ett irritationsmoment f\u00f6r andra elever eller l\u00e4rare f\u00e5r allvarliga fysiska konsekvenser f\u00f6r oss. Vi har mindre r\u00e4tt och m\u00f6jlighet att tala eller bidra i klassrummet; v\u00e5ra \u00e5sikter \u00e4r inte v\u00e4lkomna. L\u00e4rarna testar oss verkligen och f\u00f6rs\u00f6ker \u00f6verraska oss med sina fr\u00e5gor. Vi uts\u00e4tts f\u00f6r stora k\u00e4nslom\u00e4ssiga och mentala p\u00e5frestningar. Mitt i allt detta finns alltid r\u00e4dslan f\u00f6r en pl\u00f6tslig deportation. N\u00e5gra av v\u00e5ra v\u00e4nner har bokstavligen dragits ut ur klassrummet och tv\u00e5ngsf\u00f6rflyttats till ett l\u00e4ger utan sina familjer.     <\/p>\n<\/blockquote>\n\n<p><\/p>\n\n<h4 class=\"wp-block-heading has-black-color has-text-color has-link-color wp-elements-9cfa8c45b525e6a2d1c78f3aa77ec827\"><strong>I b\u00e5da sammanhangen \u00e4r kristen undervisning och st\u00f6d av avg\u00f6rande betydelse. Genom dina donationer kan vi tillhandah\u00e5lla: <\/strong><\/h4>\n\n<p><\/p>\n\n<ul class=\"wp-block-list\">\n<li><strong>Peer-to-peer-st\u00f6d<\/strong> som hj\u00e4lper barn att f\u00e5 kontakt med andra som delar deras tro<br\/><\/li>\n\n\n\n<li><strong>Bibelbaserat material<\/strong> som \u00e4r kulturellt relevant och engagerande<br\/><\/li>\n\n\n\n<li><strong>Digitala verktyg<\/strong> f\u00f6r att forts\u00e4tta sitt l\u00e4rande och bygga sin tro, \u00e4ven under utmanande omst\u00e4ndigheter<br\/><\/li>\n\n\n\n<li><strong>Humanit\u00e4rt bist\u00e5nd<\/strong> f\u00f6r att tillgodose deras omedelbara behov, inklusive varma vinterkl\u00e4der, hj\u00e4lp med att v\u00e4rma upp sina hus p\u00e5 vintern (m\u00e5nga familjer m\u00e5ste v\u00e4lja mellan att \u00e4ta eller v\u00e4rma upp) och regelbundna m\u00e5ltider<\/li>\n<\/ul>\n\n<p><\/p>\n\n<p class=\"has-vivid-red-color has-text-color has-link-color has-medium-font-size wp-elements-6c59c4547cacbacfdb1684a95152eb51\"><strong>Varje g\u00e5va hj\u00e4lper oss att ge hopp till dessa barn, se till att de inte \u00e4r ensamma och har resurser att v\u00e4xa i sin relation med Kristus.<\/strong><\/p>\n\n<p><\/p>\n\n<figure class=\"wp-block-embed is-type-video is-provider-youtube wp-block-embed-youtube wp-embed-aspect-16-9 wp-has-aspect-ratio\"><div class=\"wp-block-embed__wrapper\">\n<iframe title=\"\ud83c\udf84 Beaten at School for Celebrating Christmas?\" width=\"500\" height=\"281\" src=\"https:\/\/www.youtube.com\/embed\/U3MoPmF9HKw?feature=oembed\" frameborder=\"0\" allow=\"accelerometer; autoplay; clipboard-write; encrypted-media; gyroscope; picture-in-picture; web-share\" referrerpolicy=\"strict-origin-when-cross-origin\" allowfullscreen><\/iframe>\n<\/div><\/figure>\n\n<p><\/p>\n\n<p><\/p>\n\n<hr class=\"wp-block-separator has-alpha-channel-opacity\"\/>\n\n<div class=\"wp-block-group has-background\" style=\"background-color:#e9ebe9\"><div class=\"wp-block-group__inner-container is-layout-constrained wp-block-group-is-layout-constrained\">\n<h2 class=\"wp-block-heading has-black-color has-text-color has-link-color wp-elements-10bcc4c1f2d3c261b52fca7755fd687e\"><strong>Hur din donation ger synbara resultat<\/strong><\/h2>\n\n\n\n<ul class=\"wp-block-list\">\n<li><strong>7 USD<\/strong> &#8211; Ger en m\u00e5ltid till ett hungrigt barn<\/li>\n\n\n\n<li><strong>75 USD<\/strong> &#8211; Ger en g\u00e5va till ett beh\u00f6vande barn (inklusive vinterkl\u00e4der och personliga godsaker)<\/li>\n\n\n\n<li><strong>350 USD<\/strong> &#8211; Ger v\u00e4rme till ett hem under 3 m\u00e5nader p\u00e5 vintern<\/li>\n\n\n\n<li><strong>470 USD<\/strong> &#8211; Ger 6 veckors samh\u00e4llsst\u00f6d till en grupp p\u00e5 10 f\u00f6rdrivna barn\/flyktingbarn, inklusive rej\u00e4la m\u00e5ltider, kamratskap och fritidsaktiviteter  <\/li>\n\n\n\n<li><strong>800 USD<\/strong> &#8211; Ger ett 30-minuters skr\u00e4ddarsytt animerat TV-program f\u00f6r barn med kulturellt relevant bibliskt inneh\u00e5ll<\/li>\n\n\n\n<li><strong>1 500 USD<\/strong> &#8211; Ger 52 b\u00f6neevenemang varje vecka via AV-l\u00e4nk f\u00f6r alla f\u00f6rdrivna\/flyktingkristna barn i hela Turkiet<\/li>\n\n\n\n<li><strong>12 000 USD<\/strong> &#8211; Ger ett \u00e5r av regelbundet nytt inneh\u00e5ll om musik och konsthantverk f\u00f6r webbplatsen och f\u00f6r anv\u00e4ndning vid ut\u00e5triktade evenemang i Iran\/Afghanistan<\/li>\n<\/ul>\n\n\n\n<p><\/p>\n\n\n\n<p class=\"has-vivid-red-color has-text-color has-link-color has-medium-font-size wp-elements-db5432e46005f437d71f135b9d39b697\"><strong>Oavsett storlek har din donation kraften att f\u00f6rvandla liv.  <\/strong><\/p>\n\n\n\n<p class=\"has-black-color has-text-color has-link-color wp-elements-1181bb11a55370deeee4c81c7fc8f4de\"><strong>Med din hj\u00e4lp kommer dessa barn inte bara att v\u00e4xa i tro utan ocks\u00e5 bli n\u00e4sta generation av troende som st\u00e5r starka f\u00f6r Kristus.<\/strong><\/p>\n<\/div><\/div>\n\n<div class=\"wp-block-columns is-layout-flex wp-container-core-columns-is-layout-9d6595d7 wp-block-columns-is-layout-flex\">\n<div class=\"wp-block-column is-layout-flow wp-block-column-is-layout-flow\" style=\"flex-basis:25%\">\n<figure class=\"wp-block-image size-large\"><img decoding=\"async\" width=\"720\" height=\"960\" src=\"https:\/\/transformiran.com\/app\/uploads\/2024\/11\/OCJ-2024_10-10-edited.jpg\" alt=\"\" class=\"wp-image-26693\" srcset=\"https:\/\/transformiran.com\/app\/uploads\/2024\/11\/OCJ-2024_10-10-edited.jpg 720w, https:\/\/transformiran.com\/app\/uploads\/2024\/11\/OCJ-2024_10-10-edited-225x300.jpg 225w\" sizes=\"(max-width: 720px) 100vw, 720px\" \/><\/figure>\n<\/div>\n\n\n\n<div class=\"wp-block-column is-layout-flow wp-block-column-is-layout-flow\" style=\"flex-basis:50%\">\n<figure class=\"wp-block-image size-large\"><img decoding=\"async\" width=\"1280\" height=\"853\" src=\"https:\/\/transformiran.com\/app\/uploads\/2024\/11\/OCJ-2024_10-1-1-edited.jpg\" alt=\"\" class=\"wp-image-26707\" srcset=\"https:\/\/transformiran.com\/app\/uploads\/2024\/11\/OCJ-2024_10-1-1-edited.jpg 1280w, https:\/\/transformiran.com\/app\/uploads\/2024\/11\/OCJ-2024_10-1-1-edited-300x200.jpg 300w, https:\/\/transformiran.com\/app\/uploads\/2024\/11\/OCJ-2024_10-1-1-edited-1024x682.jpg 1024w, https:\/\/transformiran.com\/app\/uploads\/2024\/11\/OCJ-2024_10-1-1-edited-768x512.jpg 768w\" sizes=\"(max-width: 1280px) 100vw, 1280px\" \/><\/figure>\n<\/div>\n\n\n\n<div class=\"wp-block-column is-layout-flow wp-block-column-is-layout-flow\" style=\"flex-basis:25%\">\n<figure class=\"wp-block-image size-large\"><img decoding=\"async\" width=\"576\" height=\"768\" src=\"https:\/\/transformiran.com\/app\/uploads\/2024\/11\/OCJ-2024_10-9-edited.jpg\" alt=\"\" class=\"wp-image-26700\" srcset=\"https:\/\/transformiran.com\/app\/uploads\/2024\/11\/OCJ-2024_10-9-edited.jpg 576w, https:\/\/transformiran.com\/app\/uploads\/2024\/11\/OCJ-2024_10-9-edited-225x300.jpg 225w\" sizes=\"(max-width: 576px) 100vw, 576px\" \/><\/figure>\n<\/div>\n<\/div>\n\n<p class=\"has-black-color has-text-color has-link-color wp-elements-9ac00cf961d1ea846fe5a532228b76c6\"><\/p>\n\n<hr class=\"wp-block-separator has-alpha-channel-opacity\"\/>\n\n<h2 class=\"wp-block-heading\"><strong>Hj\u00e4lp oss att n\u00e5 ut till barnen i Iran<\/strong><\/h2>\n\n<p>De h\u00e4r barnen befinner sig i en kritisk \u00e5lder &#8211; en \u00e5lder d\u00e5 de formar sin v\u00e4rldsbild, g\u00f6r val om sin framtid och uppt\u00e4cker sin identitet. Tillsammans kan vi ge dem en trosgrund som kommer att p\u00e5verka dem under hela deras livstid. <\/p>\n\n<p><\/p>\n\n<p class=\"has-vivid-red-color has-text-color has-link-color has-medium-font-size wp-elements-44c162e508b5bbb828ed57c14a8a127d\"><strong>Kan du hj\u00e4lpa oss att ge dessa kristna iranska barn m\u00f6jlighet att st\u00e5 starka under denna julklappss\u00e4song?<\/strong><\/p>\n\n<div class=\"wp-block-buttons is-layout-flex wp-block-buttons-is-layout-flex\">\n<div class=\"wp-block-button\"><a class=\"wp-block-button__link has-white-color has-vivid-red-background-color has-text-color has-background has-link-color wp-element-button\" href=\"https:\/\/transformiran.com\/sv\/donera\/\"><strong>Donera nu<\/strong><\/a><\/div>\n<\/div>\n\n<p>Hj\u00e4lp till att ge dessa barn de verktyg de beh\u00f6ver f\u00f6r att v\u00e4xa i sin tro, bygga varaktiga relationer med andra troende och bli frimodiga vittnen f\u00f6r Kristus i sina samh\u00e4llen.<\/p>\n\n<p><\/p>\n\n<hr class=\"wp-block-separator has-alpha-channel-opacity\"\/>\n\n<div class=\"wp-block-columns has-background is-layout-flex wp-container-core-columns-is-layout-9d6595d7 wp-block-columns-is-layout-flex\" style=\"background-color:#e9ebe9\">\n<div class=\"wp-block-column is-layout-flow wp-block-column-is-layout-flow\" style=\"flex-basis:100%\">\n<div class=\"wp-block-group\"><div class=\"wp-block-group__inner-container is-layout-constrained wp-block-group-is-layout-constrained\">\n<h2 class=\"wp-block-heading\"><strong>Ditt st\u00f6d f\u00f6r\u00e4ndrar liv<\/strong><\/h2>\n\n\n\n<p>Transform Iran har \u00e5rtionden av erfarenhet av att n\u00e5 ut till muslimer som talar farsi och ge dem m\u00f6jlighet att leva ut sin tro under sv\u00e5ra omst\u00e4ndigheter. Nu fokuserar vi p\u00e5 n\u00e4sta generation &#8211; att se till att barn har tillg\u00e5ng till det st\u00f6d, den utbildning och den gemenskap de beh\u00f6ver f\u00f6r att v\u00e4xa i Kristus. <\/p>\n\n\n\n<p><\/p>\n\n\n\n<p class=\"has-text-color has-link-color has-medium-font-size wp-elements-04701fde2d7d80dd9b815dbde6f0b8fb\" style=\"color:#b38e44\"><strong>Varje g\u00e5va \u00e4r viktig. Varje barn spelar roll. <\/strong><\/p>\n\n\n\n<p><\/p>\n\n\n\n<p>Ditt st\u00f6d hj\u00e4lper oss att tillhandah\u00e5lla de resurser och det st\u00f6d som dessa barn desperat beh\u00f6ver f\u00f6r att st\u00e5 starka i sin tro.<\/p>\n\n\n\n<div class=\"wp-block-buttons is-layout-flex wp-block-buttons-is-layout-flex\">\n<div class=\"wp-block-button\"><a class=\"wp-block-button__link has-white-color has-vivid-red-background-color has-text-color has-background has-link-color wp-element-button\" href=\"https:\/\/transformiran.com\/sv\/donera\/\"><strong>Donera nu<\/strong><\/a><\/div>\n<\/div>\n\n\n\n<p class=\"has-vivid-red-color has-text-color has-link-color has-medium-font-size wp-elements-c4489b5f7d2bc5f4f061d1bc5349201b\"><strong>Hj\u00e4lp till att st\u00e4rka kristna iranska barn och bli en del av en r\u00f6relse som f\u00f6r\u00e4ndrar Irans framtid.<\/strong><\/p>\n\n\n\n<p><\/p>\n<\/div><\/div>\n<\/div>\n<\/div>\n\n<hr class=\"wp-block-separator has-alpha-channel-opacity\"\/>\n\n<h2 class=\"wp-block-heading\"><strong>Tack f\u00f6r din generositet<\/strong><\/h2>\n\n<p><strong>Med ditt st\u00f6d \u00e5stadkommer vi best\u00e5ende f\u00f6r\u00e4ndringar f\u00f6r barnen i Iran och de omgivande flyktingsamh\u00e4llena. Tillsammans kan vi skapa en generation av troende som st\u00e5r fast i sin tro och frimodigt delar med sig av Kristi k\u00e4rlek till v\u00e4rlden. <\/strong><\/p>\n\n<hr class=\"wp-block-separator has-alpha-channel-opacity\"\/>\n\n<p><\/p>\n\n<p><a href=\"https:\/\/transformiran.com\/sv\/vart-arbete\/att-na-ut-till-barnen\/\">L\u00e4r dig mer om v\u00e5rt arbete med att n\u00e5 ut till barnen i Iran<\/a><\/p>\n\n<p><\/p>\n","protected":false},"excerpt":{"rendered":"<p>Kan du t\u00e4nka p\u00e5 barnen i Iran n\u00e4r du ger pengar i \u00e5r? Behovet \u00e4r br\u00e5dskande. Det synbara resultatet \u00e4r evigt. Barnen i Iran st\u00e5r inf\u00f6r utmaningar som aldrig tidigare sk\u00e5dats. Fr\u00e5n f\u00f6rtryckande regimer till \u00f6kande fattigdom och krigets f\u00f6r\u00f6dande effekter, beh\u00f6ver dessa unga hj\u00e4rtan en grund av hopp och k\u00e4rlek. M\u00e5nga av dessa barn [&hellip;]<\/p>\n","protected":false},"author":6,"featured_media":26633,"parent":0,"menu_order":0,"comment_status":"closed","ping_status":"closed","template":"page-basic.php","meta":{"_acf_changed":false,"give_campaign_id":0,"om_disable_all_campaigns":false,"_mi_skip_tracking":false,"footnotes":""},"class_list":["post-26725","page","type-page","status-publish","has-post-thumbnail","hentry"],"acf":[],"yoast_head":"<!-- This site is optimized with the Yoast SEO plugin v27.2 - https:\/\/yoast.com\/product\/yoast-seo-wordpress\/ -->\n<title>Denna jul: St\u00e5 med barnen i Iran - Transform Iran<\/title>\n<meta name=\"robots\" content=\"index, follow, max-snippet:-1, max-image-preview:large, max-video-preview:-1\" \/>\n<link rel=\"canonical\" href=\"https:\/\/transformiran.com\/sv\/denna-jul-sta-med-barnen-i-iran\/\" \/>\n<meta property=\"og:locale\" content=\"sv_SE\" \/>\n<meta property=\"og:type\" content=\"article\" \/>\n<meta property=\"og:title\" content=\"Denna jul: St\u00e5 med barnen i Iran - Transform Iran\" \/>\n<meta property=\"og:description\" content=\"Kan du t\u00e4nka p\u00e5 barnen i Iran n\u00e4r du ger pengar i \u00e5r? Behovet \u00e4r br\u00e5dskande. Det synbara resultatet \u00e4r evigt. Barnen i Iran st\u00e5r inf\u00f6r utmaningar som aldrig tidigare sk\u00e5dats. Fr\u00e5n f\u00f6rtryckande regimer till \u00f6kande fattigdom och krigets f\u00f6r\u00f6dande effekter, beh\u00f6ver dessa unga hj\u00e4rtan en grund av hopp och k\u00e4rlek. M\u00e5nga av dessa barn [&hellip;]\" \/>\n<meta property=\"og:url\" content=\"https:\/\/transformiran.com\/sv\/denna-jul-sta-med-barnen-i-iran\/\" \/>\n<meta property=\"og:site_name\" content=\"Transform Iran\" \/>\n<meta property=\"article:publisher\" content=\"https:\/\/www.facebook.com\/222MinistriesUSAInc\" \/>\n<meta property=\"article:modified_time\" content=\"2025-04-02T10:04:18+00:00\" \/>\n<meta property=\"og:image\" content=\"https:\/\/transformiran.com\/app\/uploads\/2024\/11\/shutterstock_659053195-scaled.jpg\" \/>\n\t<meta property=\"og:image:width\" content=\"3000\" \/>\n\t<meta property=\"og:image:height\" content=\"2000\" \/>\n\t<meta property=\"og:image:type\" content=\"image\/jpeg\" \/>\n<meta name=\"twitter:card\" content=\"summary_large_image\" \/>\n<meta name=\"twitter:site\" content=\"@222minint\" \/>\n<meta name=\"twitter:label1\" content=\"Est. reading time\" \/>\n\t<meta name=\"twitter:data1\" content=\"6 minutes\" \/>\n<script type=\"application\/ld+json\" class=\"yoast-schema-graph\">{\"@context\":\"https:\/\/schema.org\",\"@graph\":[{\"@type\":\"WebPage\",\"@id\":\"https:\/\/transformiran.com\/sv\/denna-jul-sta-med-barnen-i-iran\/\",\"url\":\"https:\/\/transformiran.com\/sv\/denna-jul-sta-med-barnen-i-iran\/\",\"name\":\"Denna jul: St\u00e5 med barnen i Iran - Transform Iran\",\"isPartOf\":{\"@id\":\"https:\/\/transformiran.com\/sv\/#website\"},\"primaryImageOfPage\":{\"@id\":\"https:\/\/transformiran.com\/sv\/denna-jul-sta-med-barnen-i-iran\/#primaryimage\"},\"image\":{\"@id\":\"https:\/\/transformiran.com\/sv\/denna-jul-sta-med-barnen-i-iran\/#primaryimage\"},\"thumbnailUrl\":\"https:\/\/transformiran.com\/app\/uploads\/2024\/11\/shutterstock_659053195-scaled.jpg\",\"datePublished\":\"2024-11-08T02:32:46+00:00\",\"dateModified\":\"2025-04-02T10:04:18+00:00\",\"breadcrumb\":{\"@id\":\"https:\/\/transformiran.com\/sv\/denna-jul-sta-med-barnen-i-iran\/#breadcrumb\"},\"inLanguage\":\"sv-SE\",\"potentialAction\":[{\"@type\":\"ReadAction\",\"target\":[\"https:\/\/transformiran.com\/sv\/denna-jul-sta-med-barnen-i-iran\/\"]}]},{\"@type\":\"ImageObject\",\"inLanguage\":\"sv-SE\",\"@id\":\"https:\/\/transformiran.com\/sv\/denna-jul-sta-med-barnen-i-iran\/#primaryimage\",\"url\":\"https:\/\/transformiran.com\/app\/uploads\/2024\/11\/shutterstock_659053195-scaled.jpg\",\"contentUrl\":\"https:\/\/transformiran.com\/app\/uploads\/2024\/11\/shutterstock_659053195-scaled.jpg\",\"width\":3000,\"height\":2000},{\"@type\":\"BreadcrumbList\",\"@id\":\"https:\/\/transformiran.com\/sv\/denna-jul-sta-med-barnen-i-iran\/#breadcrumb\",\"itemListElement\":[{\"@type\":\"ListItem\",\"position\":1,\"name\":\"Home\",\"item\":\"https:\/\/transformiran.com\/sv\/home\/\"},{\"@type\":\"ListItem\",\"position\":2,\"name\":\"Denna jul: St\u00e5 med barnen i Iran\"}]},{\"@type\":\"WebSite\",\"@id\":\"https:\/\/transformiran.com\/sv\/#website\",\"url\":\"https:\/\/transformiran.com\/sv\/\",\"name\":\"Transform Iran\",\"description\":\"Bringing the love and power of Christ to Iran - and beyond\",\"publisher\":{\"@id\":\"https:\/\/transformiran.com\/sv\/#organization\"},\"potentialAction\":[{\"@type\":\"SearchAction\",\"target\":{\"@type\":\"EntryPoint\",\"urlTemplate\":\"https:\/\/transformiran.com\/sv\/?s={search_term_string}\"},\"query-input\":{\"@type\":\"PropertyValueSpecification\",\"valueRequired\":true,\"valueName\":\"search_term_string\"}}],\"inLanguage\":\"sv-SE\"},{\"@type\":\"Organization\",\"@id\":\"https:\/\/transformiran.com\/sv\/#organization\",\"name\":\"Transform Iran\",\"url\":\"https:\/\/transformiran.com\/sv\/\",\"logo\":{\"@type\":\"ImageObject\",\"inLanguage\":\"sv-SE\",\"@id\":\"https:\/\/transformiran.com\/sv\/#\/schema\/logo\/image\/\",\"url\":\"https:\/\/transformiran.com\/app\/uploads\/2022\/11\/logo_grey.jpg\",\"contentUrl\":\"https:\/\/transformiran.com\/app\/uploads\/2022\/11\/logo_grey.jpg\",\"width\":528,\"height\":90,\"caption\":\"Transform Iran\"},\"image\":{\"@id\":\"https:\/\/transformiran.com\/sv\/#\/schema\/logo\/image\/\"},\"sameAs\":[\"https:\/\/www.facebook.com\/222MinistriesUSAInc\",\"https:\/\/x.com\/222minint\",\"https:\/\/www.instagram.com\/222ministriesinternational\/\"]}]}<\/script>\n<!-- \/ Yoast SEO plugin. -->","yoast_head_json":{"title":"Denna jul: St\u00e5 med barnen i Iran - Transform Iran","robots":{"index":"index","follow":"follow","max-snippet":"max-snippet:-1","max-image-preview":"max-image-preview:large","max-video-preview":"max-video-preview:-1"},"canonical":"https:\/\/transformiran.com\/sv\/denna-jul-sta-med-barnen-i-iran\/","og_locale":"sv_SE","og_type":"article","og_title":"Denna jul: St\u00e5 med barnen i Iran - Transform Iran","og_description":"Kan du t\u00e4nka p\u00e5 barnen i Iran n\u00e4r du ger pengar i \u00e5r? Behovet \u00e4r br\u00e5dskande. Det synbara resultatet \u00e4r evigt. Barnen i Iran st\u00e5r inf\u00f6r utmaningar som aldrig tidigare sk\u00e5dats. Fr\u00e5n f\u00f6rtryckande regimer till \u00f6kande fattigdom och krigets f\u00f6r\u00f6dande effekter, beh\u00f6ver dessa unga hj\u00e4rtan en grund av hopp och k\u00e4rlek. M\u00e5nga av dessa barn [&hellip;]","og_url":"https:\/\/transformiran.com\/sv\/denna-jul-sta-med-barnen-i-iran\/","og_site_name":"Transform Iran","article_publisher":"https:\/\/www.facebook.com\/222MinistriesUSAInc","article_modified_time":"2025-04-02T10:04:18+00:00","og_image":[{"width":3000,"height":2000,"url":"https:\/\/transformiran.com\/app\/uploads\/2024\/11\/shutterstock_659053195-scaled.jpg","type":"image\/jpeg"}],"twitter_card":"summary_large_image","twitter_site":"@222minint","twitter_misc":{"Est. reading time":"6 minutes"},"schema":{"@context":"https:\/\/schema.org","@graph":[{"@type":"WebPage","@id":"https:\/\/transformiran.com\/sv\/denna-jul-sta-med-barnen-i-iran\/","url":"https:\/\/transformiran.com\/sv\/denna-jul-sta-med-barnen-i-iran\/","name":"Denna jul: St\u00e5 med barnen i Iran - Transform Iran","isPartOf":{"@id":"https:\/\/transformiran.com\/sv\/#website"},"primaryImageOfPage":{"@id":"https:\/\/transformiran.com\/sv\/denna-jul-sta-med-barnen-i-iran\/#primaryimage"},"image":{"@id":"https:\/\/transformiran.com\/sv\/denna-jul-sta-med-barnen-i-iran\/#primaryimage"},"thumbnailUrl":"https:\/\/transformiran.com\/app\/uploads\/2024\/11\/shutterstock_659053195-scaled.jpg","datePublished":"2024-11-08T02:32:46+00:00","dateModified":"2025-04-02T10:04:18+00:00","breadcrumb":{"@id":"https:\/\/transformiran.com\/sv\/denna-jul-sta-med-barnen-i-iran\/#breadcrumb"},"inLanguage":"sv-SE","potentialAction":[{"@type":"ReadAction","target":["https:\/\/transformiran.com\/sv\/denna-jul-sta-med-barnen-i-iran\/"]}]},{"@type":"ImageObject","inLanguage":"sv-SE","@id":"https:\/\/transformiran.com\/sv\/denna-jul-sta-med-barnen-i-iran\/#primaryimage","url":"https:\/\/transformiran.com\/app\/uploads\/2024\/11\/shutterstock_659053195-scaled.jpg","contentUrl":"https:\/\/transformiran.com\/app\/uploads\/2024\/11\/shutterstock_659053195-scaled.jpg","width":3000,"height":2000},{"@type":"BreadcrumbList","@id":"https:\/\/transformiran.com\/sv\/denna-jul-sta-med-barnen-i-iran\/#breadcrumb","itemListElement":[{"@type":"ListItem","position":1,"name":"Home","item":"https:\/\/transformiran.com\/sv\/home\/"},{"@type":"ListItem","position":2,"name":"Denna jul: St\u00e5 med barnen i Iran"}]},{"@type":"WebSite","@id":"https:\/\/transformiran.com\/sv\/#website","url":"https:\/\/transformiran.com\/sv\/","name":"Transform Iran","description":"Bringing the love and power of Christ to Iran - and beyond","publisher":{"@id":"https:\/\/transformiran.com\/sv\/#organization"},"potentialAction":[{"@type":"SearchAction","target":{"@type":"EntryPoint","urlTemplate":"https:\/\/transformiran.com\/sv\/?s={search_term_string}"},"query-input":{"@type":"PropertyValueSpecification","valueRequired":true,"valueName":"search_term_string"}}],"inLanguage":"sv-SE"},{"@type":"Organization","@id":"https:\/\/transformiran.com\/sv\/#organization","name":"Transform Iran","url":"https:\/\/transformiran.com\/sv\/","logo":{"@type":"ImageObject","inLanguage":"sv-SE","@id":"https:\/\/transformiran.com\/sv\/#\/schema\/logo\/image\/","url":"https:\/\/transformiran.com\/app\/uploads\/2022\/11\/logo_grey.jpg","contentUrl":"https:\/\/transformiran.com\/app\/uploads\/2022\/11\/logo_grey.jpg","width":528,"height":90,"caption":"Transform Iran"},"image":{"@id":"https:\/\/transformiran.com\/sv\/#\/schema\/logo\/image\/"},"sameAs":["https:\/\/www.facebook.com\/222MinistriesUSAInc","https:\/\/x.com\/222minint","https:\/\/www.instagram.com\/222ministriesinternational\/"]}]}},"campaignId":"","_links":{"self":[{"href":"https:\/\/transformiran.com\/sv\/wp-json\/wp\/v2\/pages\/26725","targetHints":{"allow":["GET"]}}],"collection":[{"href":"https:\/\/transformiran.com\/sv\/wp-json\/wp\/v2\/pages"}],"about":[{"href":"https:\/\/transformiran.com\/sv\/wp-json\/wp\/v2\/types\/page"}],"author":[{"embeddable":true,"href":"https:\/\/transformiran.com\/sv\/wp-json\/wp\/v2\/users\/6"}],"replies":[{"embeddable":true,"href":"https:\/\/transformiran.com\/sv\/wp-json\/wp\/v2\/comments?post=26725"}],"version-history":[{"count":0,"href":"https:\/\/transformiran.com\/sv\/wp-json\/wp\/v2\/pages\/26725\/revisions"}],"wp:featuredmedia":[{"embeddable":true,"href":"https:\/\/transformiran.com\/sv\/wp-json\/wp\/v2\/media\/26633"}],"wp:attachment":[{"href":"https:\/\/transformiran.com\/sv\/wp-json\/wp\/v2\/media?parent=26725"}],"curies":[{"name":"wp","href":"https:\/\/api.w.org\/{rel}","templated":true}]}}