{"id":32263,"date":"2025-08-29T15:11:17","date_gmt":"2025-08-29T14:11:17","guid":{"rendered":"https:\/\/transformiran.com\/?page_id=32263"},"modified":"2026-02-04T22:42:51","modified_gmt":"2026-02-04T22:42:51","slug":"leadership-development-2","status":"publish","type":"page","link":"https:\/\/transformiran.com\/sv\/vart-arbete\/leadership-development-2\/","title":{"rendered":"Kairos"},"content":{"rendered":"\n<p><\/p>\n\n<h2 class=\"wp-block-heading\">Att v\u00e4gleda iranier till tro och l\u00e4rjungaskap<\/h2>\n\n<p><\/p>\n\n<p><\/p>\n\n<p class=\"has-medium-font-size\"><a href=\"https:\/\/kairosai.nl\/\" target=\"_blank\" rel=\"noreferrer noopener\">Prova Kairos gratis idag!<\/a><\/p>\n\n<p><\/p>\n\n<p class=\"has-medium-font-size\">Kairos \u00e4r en banbrytande kristen AI som utvecklats av Transform Irans team av teologer, apologeter, mjukvaruingenj\u00f6rer och forskare. I ett av v\u00e4rldens mest extremt censurerade l\u00e4nder &#8211; d\u00e4r kristen kommunikation \u00e4r olaglig och b\u00e5de s\u00f6kare och troende riskerar trakasserier, f\u00e4ngelse eller v\u00e4rre &#8211; ger Kairos personlig v\u00e4gledning i realtid p\u00e5 biblisk grund. Det hj\u00e4lper dem att p\u00e5 ett s\u00e4kert och anonymt s\u00e4tt utforska tron, hitta svar om Gud och v\u00e4xa i Kristus, \u00e4ven d\u00e4r kyrkan \u00e4r under stark restriktion.    <\/p>\n\n<p><\/p>\n\n<h3 class=\"wp-block-heading\">Varf\u00f6r kristen AI \u00e4r viktigt<\/h3>\n\n<p><\/p>\n\n<p>I en milj\u00f6 med strikt censur s\u00f6ker Irans tekniskt kunniga befolkning i allt h\u00f6gre grad svar p\u00e5 n\u00e4tet om Gud och det andliga livet. Unga konvertiter k\u00e4mpar ofta f\u00f6r att hitta tillf\u00f6rlitlig v\u00e4gledning, samtidigt som s\u00f6kare l\u00e4mnas utan s\u00e4kra, tillg\u00e4ngliga svar. Traditionella ministry-resurser kan inte ensamma h\u00e5lla j\u00e4mna steg med efterfr\u00e5gan.  <\/p>\n\n<p><\/p>\n\n<p>Kairos tar itu med detta genom att erbjuda ett p\u00e5litligt, interaktivt digitalt verktyg f\u00f6r l\u00e4rjungaskap. Varje svar \u00e4r noggrant sammanst\u00e4llt fr\u00e5n Bibeln och strikt kontrollerade resurser, vilket s\u00e4kerst\u00e4ller teologisk integritet samtidigt som det pekar anv\u00e4ndarna till Jesus, b\u00f6n och den kristna gemenskapen. Det \u00e4r inte en ers\u00e4ttning f\u00f6r tro, urskiljning eller sj\u00e4lav\u00e5rd &#8211; det <strong>\u00e4r en s\u00e4ker, intelligent f\u00f6ljeslagare i l\u00e4rjungaskapet<\/strong>.  <\/p>\n\n<p><\/p>\n\n<blockquote class=\"wp-block-quote is-layout-flow wp-block-quote-is-layout-flow\">\n<p id=\"block-5ce8c84c-cf2c-4b2d-9034-85fc18ee2d3e\">Kairos \u00e4r ett <em>verktyg<\/em> som hj\u00e4lper till att v\u00e4gleda individer i den kristna tron. Det ers\u00e4tter inte deras tro, Guds ord, den Helige Andes r\u00f6st eller gemenskap; snarare \u00e4n att uppmuntra personen att \u00e5terv\u00e4nda till sj\u00e4lva plattformen, pekar det dem till Skriften, b\u00f6n och l\u00e4rjungaskap i verkliga livet. <\/p>\n<cite>Lana Silk, VD f\u00f6r Transform Iran<\/cite><\/blockquote>\n\n<p id=\"block-5ce8c84c-cf2c-4b2d-9034-85fc18ee2d3e\"><\/p>\n\n<figure class=\"wp-block-embed is-type-video is-provider-youtube wp-block-embed-youtube wp-embed-aspect-16-9 wp-has-aspect-ratio\"><div class=\"wp-block-embed__wrapper\">\n<iframe title=\"Kairos - The Power of Christian AI in Mission\" width=\"500\" height=\"281\" src=\"https:\/\/www.youtube.com\/embed\/QjDEkAI8h4Y?feature=oembed\" frameborder=\"0\" allow=\"accelerometer; autoplay; clipboard-write; encrypted-media; gyroscope; picture-in-picture; web-share\" referrerpolicy=\"strict-origin-when-cross-origin\" allowfullscreen><\/iframe>\n<\/div><figcaption class=\"wp-element-caption\">Vi presenterar Kairos: Banbrytande kristen AI<\/figcaption><\/figure>\n\n<p><\/p>\n\n<h3 class=\"wp-block-heading\">Hur Kairos fungerar: Interaktivt digitalt l\u00e4rjungaskap<\/h3>\n\n<p><\/p>\n\n<p class=\"has-blue-color has-text-color has-link-color wp-elements-3f26500501e5710a8d2a17a48ed0fc09\">Kairos p\u00e5skyndar l\u00e4rjungaskapet genom att erbjuda personlig v\u00e4gledning och interaktivt l\u00e4rande:<\/p>\n\n<p><\/p>\n\n<ul class=\"wp-block-list\">\n<li><strong>Svar i realtid:<\/strong> Anv\u00e4ndarna f\u00e5r omedelbara, bibliskt korrekta svar p\u00e5 fr\u00e5gor om kristendom, tro, b\u00f6n och andlig tillv\u00e4xt.<\/li>\n\n\n\n<li><strong>F\u00f6rst\u00e5else av sammanhanget:<\/strong> Kairos identifierar fr\u00e5gans k\u00e4rna och v\u00e4gleder anv\u00e4ndarna till relevant undervisning om evangeliet, vilket hj\u00e4lper dem att f\u00f6rdjupa sin tro.<\/li>\n\n\n\n<li><strong>S\u00e4kert och anonymt:<\/strong> Onlineinteraktioner \u00e4r s\u00e4kra och privata, vilket skyddar anv\u00e4ndare i mycket begr\u00e4nsade milj\u00f6er.<\/li>\n\n\n\n<li><strong>Global r\u00e4ckvidd:<\/strong> Finns p\u00e5 256 spr\u00e5k, inklusive farsi, arabiska, dari och tadzjikiska, med expansion till Irans etniska spr\u00e5k p\u00e5 g\u00e5ng.<\/li>\n\n\n\n<li><strong>M\u00e4nsklig tillsyn:<\/strong> Varje insats \u00f6vervakas av kristna teologer och apologeter f\u00f6r att uppr\u00e4tth\u00e5lla trov\u00e4rdighet, s\u00e4kerhet och pastoral lyh\u00f6rdhet.<\/li>\n\n\n\n<li><strong>Sj\u00e4lvf\u00f6rb\u00e4ttrande:<\/strong> Fr\u00e5gor som ligger utanf\u00f6r Kairos nuvarande databas flaggas f\u00f6r m\u00e4nsklig granskning och besvaras inom 48 timmar, vilket kontinuerligt ut\u00f6kar verktygets kunskap.<\/li>\n<\/ul>\n\n<figure class=\"wp-block-embed is-type-video is-provider-youtube wp-block-embed-youtube wp-embed-aspect-16-9 wp-has-aspect-ratio\"><div class=\"wp-block-embed__wrapper\">\n<iframe title=\"Kairos Christian AI: Real-Time Faith Guidance in Farsi &amp; 200+ Languages\" width=\"500\" height=\"281\" src=\"https:\/\/www.youtube.com\/embed\/6noqOdznRlc?feature=oembed\" frameborder=\"0\" allow=\"accelerometer; autoplay; clipboard-write; encrypted-media; gyroscope; picture-in-picture; web-share\" referrerpolicy=\"strict-origin-when-cross-origin\" allowfullscreen><\/iframe>\n<\/div><figcaption class=\"wp-element-caption\">Se ett exempel p\u00e5 en anv\u00e4ndarinteraktion i Kairos<\/figcaption><\/figure>\n\n<p><\/p>\n\n<p class=\"has-medium-font-size\"><a href=\"https:\/\/kairosai.nl\/\" target=\"_blank\" rel=\"noreferrer noopener\">Prova Kairos sj\u00e4lv!<\/a><\/p>\n\n<p><\/p>\n\n<h2 class=\"wp-block-heading\">Tro p\u00e5 arbetet: Synbara resultat<\/h2>\n\n<p><\/p>\n\n<p><strong>Kairos g\u00f6r l\u00e4rjungaskap<\/strong> <strong>tillg\u00e4ngligt, omedelbart och f\u00f6rvandlande f\u00f6r b\u00e5de s\u00f6kare och troende<\/strong>.<\/p>\n\n<p><\/p>\n\n<blockquote class=\"wp-block-quote is-layout-flow wp-block-quote-is-layout-flow\">\n<p>Jag k\u00e4nde mig s\u00e5 ensam och f\u00f6rvirrad \u00f6ver min tro. Kairos hj\u00e4lpte mig att f\u00f6rst\u00e5 Guds k\u00e4rlek och v\u00e4gledde mig till att be och lita p\u00e5 honom. Mitt hj\u00e4rta k\u00e4nns l\u00e4ttare och jag vet att jag inte \u00e4r ensam.  <\/p>\n<\/blockquote>\n\n<p><\/p>\n\n<blockquote class=\"wp-block-quote is-layout-flow wp-block-quote-is-layout-flow\">\n<p>Jag ville bara veta: Vem \u00e4r Jesus och varf\u00f6r \u00e4r han viktig? Genom Kairos fick jag tydliga svar, steg f\u00f6r steg, och jag kom i kontakt med undervisning och till och med m\u00e4nniskor som kunde hj\u00e4lpa mig att v\u00e4xa i tron p\u00e5 ett s\u00e4kert s\u00e4tt. <\/p>\n<\/blockquote>\n\n<p><\/p>\n\n<p><a href=\"https:\/\/transformiran.com\/sv\/nyhetsrum\/transform-iran-lanserar-saker-vpn-for-att-skydda-iranska-troendes-integritet-pa-natet-mission-network-news\/\">L\u00e4s om Transform Irans nya gratis, s\u00e4kra VPN f\u00f6r att skydda s\u00f6kare och troende i Iran<\/a><\/p>\n\n<p><\/p>\n\n<h2 class=\"wp-block-heading\">Fr\u00e5n nyfikenhet till kontakt<\/h2>\n\n<p><\/p>\n\n<p>Kairos kopplar samman anv\u00e4ndare med etablerade f\u00f6rsamlingsprogram och hj\u00e4lper dem att forts\u00e4tta sin trosresa i den verkliga v\u00e4rlden. Detta inkluderar: <\/p>\n\n<p><\/p>\n\n<ul class=\"wp-block-list\">\n<li><strong><a href=\"https:\/\/transformiran.com\/sv\/vart-arbete\/digital-kyrka\/\">Digital kyrka<\/a> och <a href=\"https:\/\/transformiran.com\/sv\/vart-arbete\/leadership-development\/\">bibelkurser online<\/a><\/strong> f\u00f6r fortl\u00f6pande och djupg\u00e5ende l\u00e4rjungaskap.<\/li>\n\n\n\n<li><strong><a href=\"https:\/\/transformiran.com\/sv\/vart-arbete\/church-planting\/\">St\u00f6d till f\u00f6rsamlingsplantering<\/a><\/strong> f\u00f6r framv\u00e4xande ledare i Iran och diasporan.<\/li>\n\n\n\n<li><strong><a href=\"https:\/\/transformiran.com\/sv\/vart-arbete\/persiens-parla\/\">Program f\u00f6r traumar\u00e5dgivning<\/a><\/strong> som Pearl, erbjuder l\u00e4kning och hopp f\u00f6r offer f\u00f6r trauma, missbruk och beroende.<\/li>\n\n\n\n<li><strong><a href=\"https:\/\/transformiran.com\/sv\/vart-arbete\/apologetiskt-centrum\/\">Apologetiska resurser<\/a><\/strong> genom Porpasokh, som svarar p\u00e5 djupa fr\u00e5gor om kristendomen.<\/li>\n<\/ul>\n\n<p><\/p>\n\n<p>Genom att l\u00e4nka digitala anv\u00e4ndare till betrodda, m\u00e4nskligt ledda ministerier s\u00e4kerst\u00e4ller Kairos att v\u00e4gledning online \u00f6vers\u00e4tts till andlig tillv\u00e4xt och gemenskap i den verkliga v\u00e4rlden.<\/p>\n\n<p><\/p>\n\n<blockquote class=\"wp-block-quote is-layout-flow wp-block-quote-is-layout-flow\">\n<p>Kairos \u00e4r ett p\u00e5litligt AI-verktyg med bibliskt st\u00f6d. Till skillnad fr\u00e5n generisk AI ger det svar som \u00e4r i linje med Guds ord och kopplar anv\u00e4ndare till betrodda ministry-resurser. Det \u00e4r ett s\u00e4kert, intelligent s\u00e4tt att hj\u00e4lpa troende och s\u00f6kare att v\u00e4xa i sin tro.  <\/p>\n<cite>Shahryar Tooraji, operativ chef f\u00f6r Transform Iran<\/cite><\/blockquote>\n\n<p><\/p>\n\n<div class=\"wp-block-columns is-layout-flex wp-container-core-columns-is-layout-9d6595d7 wp-block-columns-is-layout-flex\">\n<div class=\"wp-block-column is-layout-flow wp-block-column-is-layout-flow\">\n<figure class=\"wp-block-image size-large\"><img decoding=\"async\" width=\"1024\" height=\"791\" src=\"https:\/\/transformiran.com\/app\/uploads\/2025\/08\/Kairos-indoors-mobile-1024x791.png\" alt=\"\" class=\"wp-image-32495\" srcset=\"https:\/\/transformiran.com\/app\/uploads\/2025\/08\/Kairos-indoors-mobile-1024x791.png 1024w, https:\/\/transformiran.com\/app\/uploads\/2025\/08\/Kairos-indoors-mobile-300x232.png 300w, https:\/\/transformiran.com\/app\/uploads\/2025\/08\/Kairos-indoors-mobile-768x593.png 768w, https:\/\/transformiran.com\/app\/uploads\/2025\/08\/Kairos-indoors-mobile-1536x1187.png 1536w, https:\/\/transformiran.com\/app\/uploads\/2025\/08\/Kairos-indoors-mobile.png 2000w\" sizes=\"(max-width: 1024px) 100vw, 1024px\" \/><\/figure>\n<\/div>\n\n\n\n<div class=\"wp-block-column is-layout-flow wp-block-column-is-layout-flow\">\n<figure class=\"wp-block-image size-large\"><img decoding=\"async\" width=\"1024\" height=\"791\" src=\"https:\/\/transformiran.com\/app\/uploads\/2025\/08\/3-1024x791.png\" alt=\"\" class=\"wp-image-32455\" srcset=\"https:\/\/transformiran.com\/app\/uploads\/2025\/08\/3-1024x791.png 1024w, https:\/\/transformiran.com\/app\/uploads\/2025\/08\/3-300x232.png 300w, https:\/\/transformiran.com\/app\/uploads\/2025\/08\/3-768x593.png 768w, https:\/\/transformiran.com\/app\/uploads\/2025\/08\/3-1536x1187.png 1536w, https:\/\/transformiran.com\/app\/uploads\/2025\/08\/3.png 2000w\" sizes=\"(max-width: 1024px) 100vw, 1024px\" \/><\/figure>\n<\/div>\n<\/div>\n\n<p class=\"has-medium-font-size\">Kairos \u00e4r utformat f\u00f6r att f\u00f6ra anv\u00e4ndarna n\u00e4rmare Jesus genom att ge bibliskt grundade svar p\u00e5 trosfr\u00e5gor. V\u00e5rt uppdrag \u00e4r enkelt: att hj\u00e4lpa s\u00f6kare och troende att l\u00e4ra k\u00e4nna och uppleva Jesus personligen, i f\u00f6rtr\u00f6stan p\u00e5 att n\u00e4r de n\u00e4rmar sig honom kommer han att leda dem in i sin sanning (Joh 16:13). <\/p>\n\n<p><\/p>\n\n<div class=\"wp-block-group has-blue-background-color has-background\"><div class=\"wp-block-group__inner-container is-layout-constrained wp-block-group-is-layout-constrained\">\n<h2 class=\"wp-block-heading has-white-color has-text-color has-link-color wp-elements-4fa41d8a42ef71f16367dc66b68ef9c2\">\u00d6ppna v\u00e4gen f\u00f6r s\u00f6kare<\/h2>\n\n\n\n<p>Samarbeta med oss f\u00f6r att bygga Kairos-appen och r\u00f6sttekniken, f\u00f6r att g\u00f6ra sanningen \u00e4nnu mer tillg\u00e4nglig f\u00f6r muslimska s\u00f6kare!<\/p>\n\n\n\n<div class=\"wp-block-buttons is-layout-flex wp-block-buttons-is-layout-flex\">\n<div class=\"wp-block-button\"><a class=\"wp-block-button__link wp-element-button\" href=\"https:\/\/transformiran.com\/sv\/donera\/\">Hj\u00e4lp till att expandera Kairos<\/a><\/div>\n<\/div>\n<\/div><\/div>\n\n<p><\/p>\n\n<p><\/p>\n\n<p><\/p>\n\n<p><\/p>\n\n<p><\/p>\n\n<p><\/p>\n","protected":false},"excerpt":{"rendered":"<p>Att v\u00e4gleda iranier till tro och l\u00e4rjungaskap Prova Kairos gratis idag! Kairos \u00e4r en banbrytande kristen AI som utvecklats av Transform Irans team av teologer, apologeter, mjukvaruingenj\u00f6rer och forskare. I ett av v\u00e4rldens mest extremt censurerade l\u00e4nder &#8211; d\u00e4r kristen kommunikation \u00e4r olaglig och b\u00e5de s\u00f6kare och troende riskerar trakasserier, f\u00e4ngelse eller v\u00e4rre &#8211; ger [&hellip;]<\/p>\n","protected":false},"author":6,"featured_media":0,"parent":13029,"menu_order":0,"comment_status":"closed","ping_status":"closed","template":"page-work.php","meta":{"_acf_changed":false,"give_campaign_id":0,"om_disable_all_campaigns":false,"_mi_skip_tracking":false,"footnotes":""},"class_list":["post-32263","page","type-page","status-publish","hentry"],"acf":[],"yoast_head":"<!-- This site is optimized with the Yoast SEO plugin v27.3 - https:\/\/yoast.com\/product\/yoast-seo-wordpress\/ -->\n<title>Kairos - Transform Iran<\/title>\n<meta name=\"description\" content=\"Uppt\u00e4ck Kairos, en banbrytande kristen AI som \u00e4r utformad f\u00f6r troende och s\u00f6kare i underjorden. Genom att ge s\u00e4ker v\u00e4gledning i realtid p\u00e5 farsi och \u00f6ver 200 andra spr\u00e5k hj\u00e4lper den m\u00e4nniskor att utforska tron och v\u00e4xa i Kristus d\u00e4r kristen kommunikation \u00e4r begr\u00e4nsad.\" \/>\n<meta name=\"robots\" content=\"index, follow, max-snippet:-1, max-image-preview:large, max-video-preview:-1\" \/>\n<link rel=\"canonical\" href=\"https:\/\/transformiran.com\/sv\/vart-arbete\/leadership-development-2\/\" \/>\n<meta property=\"og:locale\" content=\"sv_SE\" \/>\n<meta property=\"og:type\" content=\"article\" \/>\n<meta property=\"og:title\" content=\"Kairos - Transform Iran\" \/>\n<meta property=\"og:description\" content=\"Uppt\u00e4ck Kairos, en banbrytande kristen AI som \u00e4r utformad f\u00f6r troende och s\u00f6kare i underjorden. Genom att ge s\u00e4ker v\u00e4gledning i realtid p\u00e5 farsi och \u00f6ver 200 andra spr\u00e5k hj\u00e4lper den m\u00e4nniskor att utforska tron och v\u00e4xa i Kristus d\u00e4r kristen kommunikation \u00e4r begr\u00e4nsad.\" \/>\n<meta property=\"og:url\" content=\"https:\/\/transformiran.com\/sv\/vart-arbete\/leadership-development-2\/\" \/>\n<meta property=\"og:site_name\" content=\"Transform Iran\" \/>\n<meta property=\"article:publisher\" content=\"https:\/\/www.facebook.com\/222MinistriesUSAInc\" \/>\n<meta property=\"article:modified_time\" content=\"2026-02-04T22:42:51+00:00\" \/>\n<meta property=\"og:image\" content=\"https:\/\/transformiran.com\/app\/uploads\/2025\/08\/Kairos-indoors-mobile.png\" \/>\n\t<meta property=\"og:image:width\" content=\"2000\" \/>\n\t<meta property=\"og:image:height\" content=\"1545\" \/>\n\t<meta property=\"og:image:type\" content=\"image\/png\" \/>\n<meta name=\"twitter:card\" content=\"summary_large_image\" \/>\n<meta name=\"twitter:site\" content=\"@222minint\" \/>\n<meta name=\"twitter:label1\" content=\"Est. reading time\" \/>\n\t<meta name=\"twitter:data1\" content=\"5 minutes\" \/>\n<script type=\"application\/ld+json\" class=\"yoast-schema-graph\">{\"@context\":\"https:\\\/\\\/schema.org\",\"@graph\":[{\"@type\":\"WebPage\",\"@id\":\"https:\\\/\\\/transformiran.com\\\/sv\\\/vart-arbete\\\/leadership-development-2\\\/\",\"url\":\"https:\\\/\\\/transformiran.com\\\/sv\\\/vart-arbete\\\/leadership-development-2\\\/\",\"name\":\"Kairos - Transform Iran\",\"isPartOf\":{\"@id\":\"https:\\\/\\\/transformiran.com\\\/sv\\\/#website\"},\"primaryImageOfPage\":{\"@id\":\"https:\\\/\\\/transformiran.com\\\/sv\\\/vart-arbete\\\/leadership-development-2\\\/#primaryimage\"},\"image\":{\"@id\":\"https:\\\/\\\/transformiran.com\\\/sv\\\/vart-arbete\\\/leadership-development-2\\\/#primaryimage\"},\"thumbnailUrl\":\"https:\\\/\\\/transformiran.com\\\/app\\\/uploads\\\/2025\\\/08\\\/Kairos-indoors-mobile-1024x791.png\",\"datePublished\":\"2025-08-29T14:11:17+00:00\",\"dateModified\":\"2026-02-04T22:42:51+00:00\",\"description\":\"Uppt\u00e4ck Kairos, en banbrytande kristen AI som \u00e4r utformad f\u00f6r troende och s\u00f6kare i underjorden. Genom att ge s\u00e4ker v\u00e4gledning i realtid p\u00e5 farsi och \u00f6ver 200 andra spr\u00e5k hj\u00e4lper den m\u00e4nniskor att utforska tron och v\u00e4xa i Kristus d\u00e4r kristen kommunikation \u00e4r begr\u00e4nsad.\",\"breadcrumb\":{\"@id\":\"https:\\\/\\\/transformiran.com\\\/sv\\\/vart-arbete\\\/leadership-development-2\\\/#breadcrumb\"},\"inLanguage\":\"sv-SE\",\"potentialAction\":[{\"@type\":\"ReadAction\",\"target\":[\"https:\\\/\\\/transformiran.com\\\/sv\\\/vart-arbete\\\/leadership-development-2\\\/\"]}]},{\"@type\":\"ImageObject\",\"inLanguage\":\"sv-SE\",\"@id\":\"https:\\\/\\\/transformiran.com\\\/sv\\\/vart-arbete\\\/leadership-development-2\\\/#primaryimage\",\"url\":\"https:\\\/\\\/transformiran.com\\\/app\\\/uploads\\\/2025\\\/08\\\/Kairos-indoors-mobile-1024x791.png\",\"contentUrl\":\"https:\\\/\\\/transformiran.com\\\/app\\\/uploads\\\/2025\\\/08\\\/Kairos-indoors-mobile-1024x791.png\"},{\"@type\":\"BreadcrumbList\",\"@id\":\"https:\\\/\\\/transformiran.com\\\/sv\\\/vart-arbete\\\/leadership-development-2\\\/#breadcrumb\",\"itemListElement\":[{\"@type\":\"ListItem\",\"position\":1,\"name\":\"Home\",\"item\":\"https:\\\/\\\/transformiran.com\\\/sv\\\/home\\\/\"},{\"@type\":\"ListItem\",\"position\":2,\"name\":\"Our work\",\"item\":\"https:\\\/\\\/transformiran.com\\\/sv\\\/vart-arbete\\\/\"},{\"@type\":\"ListItem\",\"position\":3,\"name\":\"Kairos\"}]},{\"@type\":\"WebSite\",\"@id\":\"https:\\\/\\\/transformiran.com\\\/sv\\\/#website\",\"url\":\"https:\\\/\\\/transformiran.com\\\/sv\\\/\",\"name\":\"Transform Iran\",\"description\":\"Bringing the love and power of Christ to Iran - and beyond\",\"publisher\":{\"@id\":\"https:\\\/\\\/transformiran.com\\\/sv\\\/#organization\"},\"potentialAction\":[{\"@type\":\"SearchAction\",\"target\":{\"@type\":\"EntryPoint\",\"urlTemplate\":\"https:\\\/\\\/transformiran.com\\\/sv\\\/?s={search_term_string}\"},\"query-input\":{\"@type\":\"PropertyValueSpecification\",\"valueRequired\":true,\"valueName\":\"search_term_string\"}}],\"inLanguage\":\"sv-SE\"},{\"@type\":\"Organization\",\"@id\":\"https:\\\/\\\/transformiran.com\\\/sv\\\/#organization\",\"name\":\"Transform Iran\",\"url\":\"https:\\\/\\\/transformiran.com\\\/sv\\\/\",\"logo\":{\"@type\":\"ImageObject\",\"inLanguage\":\"sv-SE\",\"@id\":\"https:\\\/\\\/transformiran.com\\\/sv\\\/#\\\/schema\\\/logo\\\/image\\\/\",\"url\":\"https:\\\/\\\/transformiran.com\\\/app\\\/uploads\\\/2022\\\/11\\\/logo_grey.jpg\",\"contentUrl\":\"https:\\\/\\\/transformiran.com\\\/app\\\/uploads\\\/2022\\\/11\\\/logo_grey.jpg\",\"width\":528,\"height\":90,\"caption\":\"Transform Iran\"},\"image\":{\"@id\":\"https:\\\/\\\/transformiran.com\\\/sv\\\/#\\\/schema\\\/logo\\\/image\\\/\"},\"sameAs\":[\"https:\\\/\\\/www.facebook.com\\\/222MinistriesUSAInc\",\"https:\\\/\\\/x.com\\\/222minint\",\"https:\\\/\\\/www.instagram.com\\\/222ministriesinternational\\\/\"]}]}<\/script>\n<!-- \/ Yoast SEO plugin. -->","yoast_head_json":{"title":"Kairos - Transform Iran","description":"Uppt\u00e4ck Kairos, en banbrytande kristen AI som \u00e4r utformad f\u00f6r troende och s\u00f6kare i underjorden. Genom att ge s\u00e4ker v\u00e4gledning i realtid p\u00e5 farsi och \u00f6ver 200 andra spr\u00e5k hj\u00e4lper den m\u00e4nniskor att utforska tron och v\u00e4xa i Kristus d\u00e4r kristen kommunikation \u00e4r begr\u00e4nsad.","robots":{"index":"index","follow":"follow","max-snippet":"max-snippet:-1","max-image-preview":"max-image-preview:large","max-video-preview":"max-video-preview:-1"},"canonical":"https:\/\/transformiran.com\/sv\/vart-arbete\/leadership-development-2\/","og_locale":"sv_SE","og_type":"article","og_title":"Kairos - Transform Iran","og_description":"Uppt\u00e4ck Kairos, en banbrytande kristen AI som \u00e4r utformad f\u00f6r troende och s\u00f6kare i underjorden. Genom att ge s\u00e4ker v\u00e4gledning i realtid p\u00e5 farsi och \u00f6ver 200 andra spr\u00e5k hj\u00e4lper den m\u00e4nniskor att utforska tron och v\u00e4xa i Kristus d\u00e4r kristen kommunikation \u00e4r begr\u00e4nsad.","og_url":"https:\/\/transformiran.com\/sv\/vart-arbete\/leadership-development-2\/","og_site_name":"Transform Iran","article_publisher":"https:\/\/www.facebook.com\/222MinistriesUSAInc","article_modified_time":"2026-02-04T22:42:51+00:00","og_image":[{"width":2000,"height":1545,"url":"https:\/\/transformiran.com\/app\/uploads\/2025\/08\/Kairos-indoors-mobile.png","type":"image\/png"}],"twitter_card":"summary_large_image","twitter_site":"@222minint","twitter_misc":{"Est. reading time":"5 minutes"},"schema":{"@context":"https:\/\/schema.org","@graph":[{"@type":"WebPage","@id":"https:\/\/transformiran.com\/sv\/vart-arbete\/leadership-development-2\/","url":"https:\/\/transformiran.com\/sv\/vart-arbete\/leadership-development-2\/","name":"Kairos - Transform Iran","isPartOf":{"@id":"https:\/\/transformiran.com\/sv\/#website"},"primaryImageOfPage":{"@id":"https:\/\/transformiran.com\/sv\/vart-arbete\/leadership-development-2\/#primaryimage"},"image":{"@id":"https:\/\/transformiran.com\/sv\/vart-arbete\/leadership-development-2\/#primaryimage"},"thumbnailUrl":"https:\/\/transformiran.com\/app\/uploads\/2025\/08\/Kairos-indoors-mobile-1024x791.png","datePublished":"2025-08-29T14:11:17+00:00","dateModified":"2026-02-04T22:42:51+00:00","description":"Uppt\u00e4ck Kairos, en banbrytande kristen AI som \u00e4r utformad f\u00f6r troende och s\u00f6kare i underjorden. Genom att ge s\u00e4ker v\u00e4gledning i realtid p\u00e5 farsi och \u00f6ver 200 andra spr\u00e5k hj\u00e4lper den m\u00e4nniskor att utforska tron och v\u00e4xa i Kristus d\u00e4r kristen kommunikation \u00e4r begr\u00e4nsad.","breadcrumb":{"@id":"https:\/\/transformiran.com\/sv\/vart-arbete\/leadership-development-2\/#breadcrumb"},"inLanguage":"sv-SE","potentialAction":[{"@type":"ReadAction","target":["https:\/\/transformiran.com\/sv\/vart-arbete\/leadership-development-2\/"]}]},{"@type":"ImageObject","inLanguage":"sv-SE","@id":"https:\/\/transformiran.com\/sv\/vart-arbete\/leadership-development-2\/#primaryimage","url":"https:\/\/transformiran.com\/app\/uploads\/2025\/08\/Kairos-indoors-mobile-1024x791.png","contentUrl":"https:\/\/transformiran.com\/app\/uploads\/2025\/08\/Kairos-indoors-mobile-1024x791.png"},{"@type":"BreadcrumbList","@id":"https:\/\/transformiran.com\/sv\/vart-arbete\/leadership-development-2\/#breadcrumb","itemListElement":[{"@type":"ListItem","position":1,"name":"Home","item":"https:\/\/transformiran.com\/sv\/home\/"},{"@type":"ListItem","position":2,"name":"Our work","item":"https:\/\/transformiran.com\/sv\/vart-arbete\/"},{"@type":"ListItem","position":3,"name":"Kairos"}]},{"@type":"WebSite","@id":"https:\/\/transformiran.com\/sv\/#website","url":"https:\/\/transformiran.com\/sv\/","name":"Transform Iran","description":"Bringing the love and power of Christ to Iran - and beyond","publisher":{"@id":"https:\/\/transformiran.com\/sv\/#organization"},"potentialAction":[{"@type":"SearchAction","target":{"@type":"EntryPoint","urlTemplate":"https:\/\/transformiran.com\/sv\/?s={search_term_string}"},"query-input":{"@type":"PropertyValueSpecification","valueRequired":true,"valueName":"search_term_string"}}],"inLanguage":"sv-SE"},{"@type":"Organization","@id":"https:\/\/transformiran.com\/sv\/#organization","name":"Transform Iran","url":"https:\/\/transformiran.com\/sv\/","logo":{"@type":"ImageObject","inLanguage":"sv-SE","@id":"https:\/\/transformiran.com\/sv\/#\/schema\/logo\/image\/","url":"https:\/\/transformiran.com\/app\/uploads\/2022\/11\/logo_grey.jpg","contentUrl":"https:\/\/transformiran.com\/app\/uploads\/2022\/11\/logo_grey.jpg","width":528,"height":90,"caption":"Transform Iran"},"image":{"@id":"https:\/\/transformiran.com\/sv\/#\/schema\/logo\/image\/"},"sameAs":["https:\/\/www.facebook.com\/222MinistriesUSAInc","https:\/\/x.com\/222minint","https:\/\/www.instagram.com\/222ministriesinternational\/"]}]}},"campaignId":"","_links":{"self":[{"href":"https:\/\/transformiran.com\/sv\/wp-json\/wp\/v2\/pages\/32263","targetHints":{"allow":["GET"]}}],"collection":[{"href":"https:\/\/transformiran.com\/sv\/wp-json\/wp\/v2\/pages"}],"about":[{"href":"https:\/\/transformiran.com\/sv\/wp-json\/wp\/v2\/types\/page"}],"author":[{"embeddable":true,"href":"https:\/\/transformiran.com\/sv\/wp-json\/wp\/v2\/users\/6"}],"replies":[{"embeddable":true,"href":"https:\/\/transformiran.com\/sv\/wp-json\/wp\/v2\/comments?post=32263"}],"version-history":[{"count":14,"href":"https:\/\/transformiran.com\/sv\/wp-json\/wp\/v2\/pages\/32263\/revisions"}],"predecessor-version":[{"id":35562,"href":"https:\/\/transformiran.com\/sv\/wp-json\/wp\/v2\/pages\/32263\/revisions\/35562"}],"up":[{"embeddable":true,"href":"https:\/\/transformiran.com\/sv\/wp-json\/wp\/v2\/pages\/13029"}],"wp:attachment":[{"href":"https:\/\/transformiran.com\/sv\/wp-json\/wp\/v2\/media?parent=32263"}],"curies":[{"name":"wp","href":"https:\/\/api.w.org\/{rel}","templated":true}]}}