{"id":35701,"date":"2026-02-06T15:07:52","date_gmt":"2026-02-06T15:07:52","guid":{"rendered":"https:\/\/transformiran.com\/?page_id=35701"},"modified":"2026-02-06T15:07:53","modified_gmt":"2026-02-06T15:07:53","slug":"pa-cykeln-till-iran-for-overfulla-kristna-2","status":"publish","type":"page","link":"https:\/\/transformiran.com\/sv\/pa-cykeln-till-iran-for-overfulla-kristna-2\/","title":{"rendered":"P\u00e5 cykeln till Iran f\u00f6r \u00f6verfulla kristna"},"content":{"rendered":"\n<p class=\"has-gold-color has-cream-background-color has-text-color has-background has-link-color has-medium-font-size wp-elements-548b9f3d5f5f2bd91a22973d49248aa2\"><\/p>\n\n\n\n<p><\/p>\n","protected":false},"excerpt":{"rendered":"","protected":false},"author":2,"featured_media":35375,"parent":0,"menu_order":0,"comment_status":"closed","ping_status":"closed","template":"","meta":{"_acf_changed":false,"give_campaign_id":0,"om_disable_all_campaigns":false,"_mi_skip_tracking":false,"footnotes":""},"class_list":["post-35701","page","type-page","status-publish","has-post-thumbnail","hentry"],"acf":[],"yoast_head":"<!-- This site is optimized with the Yoast SEO plugin v27.3 - https:\/\/yoast.com\/product\/yoast-seo-wordpress\/ -->\n<title>P\u00e5 cykeln till Iran f\u00f6r \u00f6verfulla kristna - Transform Iran<\/title>\n<meta name=\"description\" content=\"Cykel med Arotin till Iran och st\u00f6d till andra kristna. Bid, deel en stuur dringend hulp in deze crisis.\" \/>\n<meta name=\"robots\" content=\"index, follow, max-snippet:-1, max-image-preview:large, max-video-preview:-1\" \/>\n<link rel=\"canonical\" href=\"https:\/\/transformiran.com\/sv\/pa-cykeln-till-iran-for-overfulla-kristna-2\/\" \/>\n<meta property=\"og:locale\" content=\"sv_SE\" \/>\n<meta property=\"og:type\" content=\"article\" \/>\n<meta property=\"og:title\" content=\"P\u00e5 cykeln till Iran f\u00f6r \u00f6verfulla kristna - Transform Iran\" \/>\n<meta property=\"og:description\" content=\"Cykel med Arotin till Iran och st\u00f6d till andra kristna. Bid, deel en stuur dringend hulp in deze crisis.\" \/>\n<meta property=\"og:url\" content=\"https:\/\/transformiran.com\/sv\/pa-cykeln-till-iran-for-overfulla-kristna-2\/\" \/>\n<meta property=\"og:site_name\" content=\"Transform Iran\" \/>\n<meta property=\"article:publisher\" content=\"https:\/\/www.facebook.com\/222MinistriesUSAInc\" \/>\n<meta property=\"article:modified_time\" content=\"2026-02-06T15:07:53+00:00\" \/>\n<meta property=\"og:image\" content=\"https:\/\/transformiran.com\/app\/uploads\/2026\/02\/Aro01.jpeg\" \/>\n\t<meta property=\"og:image:width\" content=\"960\" \/>\n\t<meta property=\"og:image:height\" content=\"1280\" \/>\n\t<meta property=\"og:image:type\" content=\"image\/jpeg\" \/>\n<meta name=\"twitter:card\" content=\"summary_large_image\" \/>\n<meta name=\"twitter:site\" content=\"@222minint\" \/>\n<script type=\"application\/ld+json\" class=\"yoast-schema-graph\">{\"@context\":\"https:\\\/\\\/schema.org\",\"@graph\":[{\"@type\":\"WebPage\",\"@id\":\"https:\\\/\\\/transformiran.com\\\/sv\\\/pa-cykeln-till-iran-for-overfulla-kristna-2\\\/\",\"url\":\"https:\\\/\\\/transformiran.com\\\/sv\\\/pa-cykeln-till-iran-for-overfulla-kristna-2\\\/\",\"name\":\"P\u00e5 cykeln till Iran f\u00f6r \u00f6verfulla kristna - Transform Iran\",\"isPartOf\":{\"@id\":\"https:\\\/\\\/transformiran.com\\\/sv\\\/#website\"},\"primaryImageOfPage\":{\"@id\":\"https:\\\/\\\/transformiran.com\\\/sv\\\/pa-cykeln-till-iran-for-overfulla-kristna-2\\\/#primaryimage\"},\"image\":{\"@id\":\"https:\\\/\\\/transformiran.com\\\/sv\\\/pa-cykeln-till-iran-for-overfulla-kristna-2\\\/#primaryimage\"},\"thumbnailUrl\":\"https:\\\/\\\/transformiran.com\\\/app\\\/uploads\\\/2026\\\/02\\\/Aro01.jpeg\",\"datePublished\":\"2026-02-06T15:07:52+00:00\",\"dateModified\":\"2026-02-06T15:07:53+00:00\",\"description\":\"Cykel med Arotin till Iran och st\u00f6d till andra kristna. Bid, deel en stuur dringend hulp in deze crisis.\",\"breadcrumb\":{\"@id\":\"https:\\\/\\\/transformiran.com\\\/sv\\\/pa-cykeln-till-iran-for-overfulla-kristna-2\\\/#breadcrumb\"},\"inLanguage\":\"sv-SE\",\"potentialAction\":[{\"@type\":\"ReadAction\",\"target\":[\"https:\\\/\\\/transformiran.com\\\/sv\\\/pa-cykeln-till-iran-for-overfulla-kristna-2\\\/\"]}]},{\"@type\":\"ImageObject\",\"inLanguage\":\"sv-SE\",\"@id\":\"https:\\\/\\\/transformiran.com\\\/sv\\\/pa-cykeln-till-iran-for-overfulla-kristna-2\\\/#primaryimage\",\"url\":\"https:\\\/\\\/transformiran.com\\\/app\\\/uploads\\\/2026\\\/02\\\/Aro01.jpeg\",\"contentUrl\":\"https:\\\/\\\/transformiran.com\\\/app\\\/uploads\\\/2026\\\/02\\\/Aro01.jpeg\",\"width\":960,\"height\":1280},{\"@type\":\"BreadcrumbList\",\"@id\":\"https:\\\/\\\/transformiran.com\\\/sv\\\/pa-cykeln-till-iran-for-overfulla-kristna-2\\\/#breadcrumb\",\"itemListElement\":[{\"@type\":\"ListItem\",\"position\":1,\"name\":\"Home\",\"item\":\"https:\\\/\\\/transformiran.com\\\/sv\\\/home\\\/\"},{\"@type\":\"ListItem\",\"position\":2,\"name\":\"P\u00e5 cykeln till Iran f\u00f6r \u00f6verfulla kristna\"}]},{\"@type\":\"WebSite\",\"@id\":\"https:\\\/\\\/transformiran.com\\\/sv\\\/#website\",\"url\":\"https:\\\/\\\/transformiran.com\\\/sv\\\/\",\"name\":\"Transform Iran\",\"description\":\"Bringing the love and power of Christ to Iran - and beyond\",\"publisher\":{\"@id\":\"https:\\\/\\\/transformiran.com\\\/sv\\\/#organization\"},\"potentialAction\":[{\"@type\":\"SearchAction\",\"target\":{\"@type\":\"EntryPoint\",\"urlTemplate\":\"https:\\\/\\\/transformiran.com\\\/sv\\\/?s={search_term_string}\"},\"query-input\":{\"@type\":\"PropertyValueSpecification\",\"valueRequired\":true,\"valueName\":\"search_term_string\"}}],\"inLanguage\":\"sv-SE\"},{\"@type\":\"Organization\",\"@id\":\"https:\\\/\\\/transformiran.com\\\/sv\\\/#organization\",\"name\":\"Transform Iran\",\"url\":\"https:\\\/\\\/transformiran.com\\\/sv\\\/\",\"logo\":{\"@type\":\"ImageObject\",\"inLanguage\":\"sv-SE\",\"@id\":\"https:\\\/\\\/transformiran.com\\\/sv\\\/#\\\/schema\\\/logo\\\/image\\\/\",\"url\":\"https:\\\/\\\/transformiran.com\\\/app\\\/uploads\\\/2022\\\/11\\\/logo_grey.jpg\",\"contentUrl\":\"https:\\\/\\\/transformiran.com\\\/app\\\/uploads\\\/2022\\\/11\\\/logo_grey.jpg\",\"width\":528,\"height\":90,\"caption\":\"Transform Iran\"},\"image\":{\"@id\":\"https:\\\/\\\/transformiran.com\\\/sv\\\/#\\\/schema\\\/logo\\\/image\\\/\"},\"sameAs\":[\"https:\\\/\\\/www.facebook.com\\\/222MinistriesUSAInc\",\"https:\\\/\\\/x.com\\\/222minint\",\"https:\\\/\\\/www.instagram.com\\\/222ministriesinternational\\\/\"]}]}<\/script>\n<!-- \/ Yoast SEO plugin. -->","yoast_head_json":{"title":"P\u00e5 cykeln till Iran f\u00f6r \u00f6verfulla kristna - Transform Iran","description":"Cykel med Arotin till Iran och st\u00f6d till andra kristna. Bid, deel en stuur dringend hulp in deze crisis.","robots":{"index":"index","follow":"follow","max-snippet":"max-snippet:-1","max-image-preview":"max-image-preview:large","max-video-preview":"max-video-preview:-1"},"canonical":"https:\/\/transformiran.com\/sv\/pa-cykeln-till-iran-for-overfulla-kristna-2\/","og_locale":"sv_SE","og_type":"article","og_title":"P\u00e5 cykeln till Iran f\u00f6r \u00f6verfulla kristna - Transform Iran","og_description":"Cykel med Arotin till Iran och st\u00f6d till andra kristna. Bid, deel en stuur dringend hulp in deze crisis.","og_url":"https:\/\/transformiran.com\/sv\/pa-cykeln-till-iran-for-overfulla-kristna-2\/","og_site_name":"Transform Iran","article_publisher":"https:\/\/www.facebook.com\/222MinistriesUSAInc","article_modified_time":"2026-02-06T15:07:53+00:00","og_image":[{"width":960,"height":1280,"url":"https:\/\/transformiran.com\/app\/uploads\/2026\/02\/Aro01.jpeg","type":"image\/jpeg"}],"twitter_card":"summary_large_image","twitter_site":"@222minint","schema":{"@context":"https:\/\/schema.org","@graph":[{"@type":"WebPage","@id":"https:\/\/transformiran.com\/sv\/pa-cykeln-till-iran-for-overfulla-kristna-2\/","url":"https:\/\/transformiran.com\/sv\/pa-cykeln-till-iran-for-overfulla-kristna-2\/","name":"P\u00e5 cykeln till Iran f\u00f6r \u00f6verfulla kristna - Transform Iran","isPartOf":{"@id":"https:\/\/transformiran.com\/sv\/#website"},"primaryImageOfPage":{"@id":"https:\/\/transformiran.com\/sv\/pa-cykeln-till-iran-for-overfulla-kristna-2\/#primaryimage"},"image":{"@id":"https:\/\/transformiran.com\/sv\/pa-cykeln-till-iran-for-overfulla-kristna-2\/#primaryimage"},"thumbnailUrl":"https:\/\/transformiran.com\/app\/uploads\/2026\/02\/Aro01.jpeg","datePublished":"2026-02-06T15:07:52+00:00","dateModified":"2026-02-06T15:07:53+00:00","description":"Cykel med Arotin till Iran och st\u00f6d till andra kristna. Bid, deel en stuur dringend hulp in deze crisis.","breadcrumb":{"@id":"https:\/\/transformiran.com\/sv\/pa-cykeln-till-iran-for-overfulla-kristna-2\/#breadcrumb"},"inLanguage":"sv-SE","potentialAction":[{"@type":"ReadAction","target":["https:\/\/transformiran.com\/sv\/pa-cykeln-till-iran-for-overfulla-kristna-2\/"]}]},{"@type":"ImageObject","inLanguage":"sv-SE","@id":"https:\/\/transformiran.com\/sv\/pa-cykeln-till-iran-for-overfulla-kristna-2\/#primaryimage","url":"https:\/\/transformiran.com\/app\/uploads\/2026\/02\/Aro01.jpeg","contentUrl":"https:\/\/transformiran.com\/app\/uploads\/2026\/02\/Aro01.jpeg","width":960,"height":1280},{"@type":"BreadcrumbList","@id":"https:\/\/transformiran.com\/sv\/pa-cykeln-till-iran-for-overfulla-kristna-2\/#breadcrumb","itemListElement":[{"@type":"ListItem","position":1,"name":"Home","item":"https:\/\/transformiran.com\/sv\/home\/"},{"@type":"ListItem","position":2,"name":"P\u00e5 cykeln till Iran f\u00f6r \u00f6verfulla kristna"}]},{"@type":"WebSite","@id":"https:\/\/transformiran.com\/sv\/#website","url":"https:\/\/transformiran.com\/sv\/","name":"Transform Iran","description":"Bringing the love and power of Christ to Iran - and beyond","publisher":{"@id":"https:\/\/transformiran.com\/sv\/#organization"},"potentialAction":[{"@type":"SearchAction","target":{"@type":"EntryPoint","urlTemplate":"https:\/\/transformiran.com\/sv\/?s={search_term_string}"},"query-input":{"@type":"PropertyValueSpecification","valueRequired":true,"valueName":"search_term_string"}}],"inLanguage":"sv-SE"},{"@type":"Organization","@id":"https:\/\/transformiran.com\/sv\/#organization","name":"Transform Iran","url":"https:\/\/transformiran.com\/sv\/","logo":{"@type":"ImageObject","inLanguage":"sv-SE","@id":"https:\/\/transformiran.com\/sv\/#\/schema\/logo\/image\/","url":"https:\/\/transformiran.com\/app\/uploads\/2022\/11\/logo_grey.jpg","contentUrl":"https:\/\/transformiran.com\/app\/uploads\/2022\/11\/logo_grey.jpg","width":528,"height":90,"caption":"Transform Iran"},"image":{"@id":"https:\/\/transformiran.com\/sv\/#\/schema\/logo\/image\/"},"sameAs":["https:\/\/www.facebook.com\/222MinistriesUSAInc","https:\/\/x.com\/222minint","https:\/\/www.instagram.com\/222ministriesinternational\/"]}]}},"campaignId":"","_links":{"self":[{"href":"https:\/\/transformiran.com\/sv\/wp-json\/wp\/v2\/pages\/35701","targetHints":{"allow":["GET"]}}],"collection":[{"href":"https:\/\/transformiran.com\/sv\/wp-json\/wp\/v2\/pages"}],"about":[{"href":"https:\/\/transformiran.com\/sv\/wp-json\/wp\/v2\/types\/page"}],"author":[{"embeddable":true,"href":"https:\/\/transformiran.com\/sv\/wp-json\/wp\/v2\/users\/2"}],"replies":[{"embeddable":true,"href":"https:\/\/transformiran.com\/sv\/wp-json\/wp\/v2\/comments?post=35701"}],"version-history":[{"count":1,"href":"https:\/\/transformiran.com\/sv\/wp-json\/wp\/v2\/pages\/35701\/revisions"}],"predecessor-version":[{"id":35707,"href":"https:\/\/transformiran.com\/sv\/wp-json\/wp\/v2\/pages\/35701\/revisions\/35707"}],"wp:featuredmedia":[{"embeddable":true,"href":"https:\/\/transformiran.com\/sv\/wp-json\/wp\/v2\/media\/35375"}],"wp:attachment":[{"href":"https:\/\/transformiran.com\/sv\/wp-json\/wp\/v2\/media?parent=35701"}],"curies":[{"name":"wp","href":"https:\/\/api.w.org\/{rel}","templated":true}]}}